{"id":10338,"date":"2021-06-11T05:04:20","date_gmt":"2021-06-11T10:04:20","guid":{"rendered":"https:\/\/www.mmhpc.com\/?page_id=10338"},"modified":"2025-04-24T10:25:16","modified_gmt":"2025-04-24T15:25:16","slug":"ana-valenzuela","status":"publish","type":"page","link":"https:\/\/www.mmhpc.com\/es\/attorney-profiles\/ana-valenzuela\/","title":{"rendered":"Ana Valenzuela"},"content":{"rendered":"<p>Ana Valenzuela se uni\u00f3 a Minsky, McCormick &amp; Hallagan, P.C. en 2021 como abogada asociada. La pr\u00e1ctica de Ana se centra en la defensa de la deportaci\u00f3n en el tribunal de inmigraci\u00f3n y la <a href=\"https:\/\/www.mmhpc.com\/es\/immigration-law\/family-based-immigration-and-citizenship\/\">inmigraci\u00f3n basada en la familia<\/a>, incluidas las peticiones basadas en la familia, las exenciones, los <a href=\"https:\/\/www.mmhpc.com\/es\/immigration-law\/consular-processing-and-adjustment-of-status\/\">ajustes de estatus<\/a> y la naturalizaci\u00f3n. Su pr\u00e1ctica tambi\u00e9n incluye asilo, visas U y autopeticiones VAWA.<\/p>\n<p>Ana ha ejercido la abogac\u00eda de inmigraci\u00f3n en el \u00e1rea de Chicago desde 2015. Antes de unirse a Minsky, McCormick &amp; Hallagan, P.C., Ana fue abogada supervisora \u200b\u200bdel Proyecto de Defensa Legal para Inmigrantes del Centro Nacional de Justicia para Inmigrantes, donde supervisaba un equipo de abogados y asistentes legales. Tambi\u00e9n supervis\u00f3 el Servicio de Asistencia T\u00e9cnica del Tribunal de Inmigraci\u00f3n.<\/p>\n<p>Ana recibi\u00f3 una licenciatura en Ciencias Pol\u00edticas y Estudios Internacionales de la Universidad Northwestern. Mientras estaba en la facultad de derecho, Ana fue pasante del Proyecto de Inmigraci\u00f3n de LAF y externa del Proyecto de Detenci\u00f3n de Adultos del NIJC. Tambi\u00e9n fue presidenta de la Sociedad para el Derecho de Asilo e Inmigraci\u00f3n (SAIL). Ana fue voluntaria durante una semana en el Proyecto de Representaci\u00f3n Pro Bono de Asilo del Sur de Texas (ProBAR) en Harlingen, Texas.<\/p>\n<p>Ana es miembro activo del Cap\u00edtulo de Chicago de la Asociaci\u00f3n Estadounidense de Abogados de Inmigraci\u00f3n y fue nombrada Estrella en Ascenso en Inmigraci\u00f3n por la Revista Super Lawyers en 2024. Ana trabaj\u00f3 anteriormente en nuestra firma como asistente legal de 2006 a 2012.<\/p>\n","protected":false},"excerpt":{"rendered":"<p>Ana Valenzuela se uni\u00f3 a Minsky, McCormick &amp; Hallagan, P.C. en 2021 como abogada asociada. La pr\u00e1ctica de Ana se centra en la defensa de la deportaci\u00f3n en el tribunal de inmigraci\u00f3n y la inmigraci\u00f3n basada en la familia, incluidas las peticiones basadas en la familia, las exenciones, los ajustes de estatus y la naturalizaci\u00f3n. &hellip; <\/p>\n<p class=\"link-more\"><a href=\"https:\/\/www.mmhpc.com\/es\/attorney-profiles\/ana-valenzuela\/\" class=\"more-link\">Seguir leyendo<span class=\"screen-reader-text\"> \u00abAna Valenzuela\u00bb<\/span><\/a><\/p>\n","protected":false},"author":36,"featured_media":16952,"parent":7505,"menu_order":6,"comment_status":"closed","ping_status":"closed","template":"template-parts\/single-profile-page.php","meta":{"_acf_changed":false,"_oasis_is_in_workflow":0,"_oasis_original":0,"_oasis_task_priority":"","footnotes":""},"class_list":["post-10338","page","type-page","status-publish","has-post-thumbnail","hentry","entry"],"acf":[],"_links":{"self":[{"href":"https:\/\/www.mmhpc.com\/es\/wp-json\/wp\/v2\/pages\/10338","targetHints":{"allow":["GET"]}}],"collection":[{"href":"https:\/\/www.mmhpc.com\/es\/wp-json\/wp\/v2\/pages"}],"about":[{"href":"https:\/\/www.mmhpc.com\/es\/wp-json\/wp\/v2\/types\/page"}],"author":[{"embeddable":true,"href":"https:\/\/www.mmhpc.com\/es\/wp-json\/wp\/v2\/users\/36"}],"replies":[{"embeddable":true,"href":"https:\/\/www.mmhpc.com\/es\/wp-json\/wp\/v2\/comments?post=10338"}],"version-history":[{"count":21,"href":"https:\/\/www.mmhpc.com\/es\/wp-json\/wp\/v2\/pages\/10338\/revisions"}],"predecessor-version":[{"id":16841,"href":"https:\/\/www.mmhpc.com\/es\/wp-json\/wp\/v2\/pages\/10338\/revisions\/16841"}],"up":[{"embeddable":true,"href":"https:\/\/www.mmhpc.com\/es\/wp-json\/wp\/v2\/pages\/7505"}],"wp:featuredmedia":[{"embeddable":true,"href":"https:\/\/www.mmhpc.com\/es\/wp-json\/wp\/v2\/media\/16952"}],"wp:attachment":[{"href":"https:\/\/www.mmhpc.com\/es\/wp-json\/wp\/v2\/media?parent=10338"}],"curies":[{"name":"wp","href":"https:\/\/api.w.org\/{rel}","templated":true}]}}