{"id":10846,"date":"2021-09-03T02:45:22","date_gmt":"2021-09-03T07:45:22","guid":{"rendered":"https:\/\/www.mmhpc.com\/attorney-profiles\/grace-parsons-2\/"},"modified":"2025-05-05T13:00:11","modified_gmt":"2025-05-05T18:00:11","slug":"grace-parsons","status":"publish","type":"page","link":"https:\/\/www.mmhpc.com\/es\/attorney-profiles\/grace-parsons\/","title":{"rendered":"Grace Parsons"},"content":{"rendered":"<p>Grace Parsons se uni\u00f3 a Minsky, McCormick, &amp; Hallagan, P.C. en 2021 como abogada asociada. La pr\u00e1ctica de Grace se centra en casos familiares y defensa de deportaci\u00f3n. Su pr\u00e1ctica tambi\u00e9n incluye casos de ciudadan\u00eda y humanitarios, como solicitudes de asilo, visas U y VAWA. Antes de unirse a Minsky, McCormick, &amp; Hallagan, Grace adquiri\u00f3 experiencia como abogada asociada de inmigraci\u00f3n en otro bufete de abogados del \u00e1rea de Chicago. Antes de eso, trabaj\u00f3 durante varios a\u00f1os como asistente legal, trabajando principalmente en casos de defensa de deportaci\u00f3n ante el Tribunal de Inmigraci\u00f3n de Chicago. En la facultad de derecho, Grace fue vicepresidenta de la Asociaci\u00f3n de Estudiantes de Derecho de Inmigraci\u00f3n y editora de art\u00edculos para el Arizona Journal of International &amp; Comparative Law. Pas\u00f3 un tiempo trabajando con la Oficina del Defensor P\u00fablico Federal en Tucson y fue voluntaria en organizaciones sin fines de lucro que sirven a la comunidad inmigrante en la regi\u00f3n fronteriza. Recibi\u00f3 m\u00faltiples premios CALI Excellence for the Future por obtener la calificaci\u00f3n m\u00e1s alta en cuatro de sus cursos de la facultad de derecho.<\/p>\n","protected":false},"excerpt":{"rendered":"<p>Grace Parsons se uni\u00f3 a Minsky, McCormick, &amp; Hallagan, P.C. en 2021 como abogada asociada. La pr\u00e1ctica de Grace se centra en casos familiares y defensa de deportaci\u00f3n. Su pr\u00e1ctica tambi\u00e9n incluye casos de ciudadan\u00eda y humanitarios, como solicitudes de asilo, visas U y VAWA. Antes de unirse a Minsky, McCormick, &amp; Hallagan, Grace adquiri\u00f3 &hellip; <\/p>\n<p class=\"link-more\"><a href=\"https:\/\/www.mmhpc.com\/es\/attorney-profiles\/grace-parsons\/\" class=\"more-link\">Seguir leyendo<span class=\"screen-reader-text\"> \u00abGrace Parsons\u00bb<\/span><\/a><\/p>\n","protected":false},"author":38,"featured_media":16952,"parent":7505,"menu_order":12,"comment_status":"closed","ping_status":"closed","template":"template-parts\/single-profile-page.php","meta":{"_acf_changed":false,"_oasis_is_in_workflow":0,"_oasis_original":0,"_oasis_task_priority":"","footnotes":""},"class_list":["post-10846","page","type-page","status-publish","has-post-thumbnail","hentry","entry"],"acf":[],"_links":{"self":[{"href":"https:\/\/www.mmhpc.com\/es\/wp-json\/wp\/v2\/pages\/10846","targetHints":{"allow":["GET"]}}],"collection":[{"href":"https:\/\/www.mmhpc.com\/es\/wp-json\/wp\/v2\/pages"}],"about":[{"href":"https:\/\/www.mmhpc.com\/es\/wp-json\/wp\/v2\/types\/page"}],"author":[{"embeddable":true,"href":"https:\/\/www.mmhpc.com\/es\/wp-json\/wp\/v2\/users\/38"}],"replies":[{"embeddable":true,"href":"https:\/\/www.mmhpc.com\/es\/wp-json\/wp\/v2\/comments?post=10846"}],"version-history":[{"count":16,"href":"https:\/\/www.mmhpc.com\/es\/wp-json\/wp\/v2\/pages\/10846\/revisions"}],"predecessor-version":[{"id":16480,"href":"https:\/\/www.mmhpc.com\/es\/wp-json\/wp\/v2\/pages\/10846\/revisions\/16480"}],"up":[{"embeddable":true,"href":"https:\/\/www.mmhpc.com\/es\/wp-json\/wp\/v2\/pages\/7505"}],"wp:featuredmedia":[{"embeddable":true,"href":"https:\/\/www.mmhpc.com\/es\/wp-json\/wp\/v2\/media\/16952"}],"wp:attachment":[{"href":"https:\/\/www.mmhpc.com\/es\/wp-json\/wp\/v2\/media?parent=10846"}],"curies":[{"name":"wp","href":"https:\/\/api.w.org\/{rel}","templated":true}]}}