{"id":10901,"date":"2021-09-22T02:02:00","date_gmt":"2021-09-22T07:02:00","guid":{"rendered":"https:\/\/www.mmhpc.com\/attorney-profiles\/courtney-wachal\/"},"modified":"2024-12-03T07:04:02","modified_gmt":"2024-12-03T13:04:02","slug":"courtney-wachal","status":"publish","type":"page","link":"https:\/\/www.mmhpc.com\/es\/attorney-profiles\/courtney-wachal\/","title":{"rendered":"Courtney Wachal"},"content":{"rendered":"<p>Courtney Wachal se uni\u00f3 a Minsky McCormick and Hallagan P.C. en 2021 como abogada asociada. La pr\u00e1ctica de Courtney se centra en la inmigraci\u00f3n basada en el empleo con experiencia espec\u00edfica en habilidades extraordinarias y exenciones de inter\u00e9s nacional para visas de no inmigrantes e inmigrantes. Antes de unirse a Minsky, McCormick &amp; Hallagan, PC, Courtney trabaj\u00f3 como abogada asociada de inmigraci\u00f3n en la oficina de Chicago de una firma de inmigraci\u00f3n basada en el empleo donde manej\u00f3 visas O-1 y peticiones I-140, espec\u00edficamente Exenci\u00f3n de Inter\u00e9s Nacional (NIW), EB-1A habilidad extraordinaria e investigador destacado EB-1B. Durante la facultad de derecho, Courtney particip\u00f3 en proyectos pro bono a trav\u00e9s de Church World Service, donde ayud\u00f3 a evaluar a los clientes que solicitaban la ciudadan\u00eda. Mientras estaba en la facultad de derecho, Courtney trabaj\u00f3 como pasante en el Servicio de Ciudadan\u00eda e Inmigraci\u00f3n de los Estados Unidos (USCIS) en la Divisi\u00f3n de Inmigraci\u00f3n Familiar y Protecci\u00f3n de V\u00edctimas, donde ayud\u00f3 a redactar memorandos de pol\u00edticas y a trabajar en una pol\u00edtica para visas U, T y de Inmigrantes Juveniles Especiales (SIJ).<\/p>\n","protected":false},"excerpt":{"rendered":"<p>Courtney Wachal se uni\u00f3 a Minsky McCormick and Hallagan P.C. en 2021 como abogada asociada. La pr\u00e1ctica de Courtney se centra en la inmigraci\u00f3n basada en el empleo con experiencia espec\u00edfica en habilidades extraordinarias y exenciones de inter\u00e9s nacional para visas de no inmigrantes e inmigrantes. Antes de unirse a Minsky, McCormick &amp; Hallagan, PC, &hellip; <\/p>\n<p class=\"link-more\"><a href=\"https:\/\/www.mmhpc.com\/es\/attorney-profiles\/courtney-wachal\/\" class=\"more-link\">Seguir leyendo<span class=\"screen-reader-text\"> \u00abCourtney Wachal\u00bb<\/span><\/a><\/p>\n","protected":false},"author":15,"featured_media":16952,"parent":7505,"menu_order":10,"comment_status":"closed","ping_status":"closed","template":"template-parts\/single-profile-page.php","meta":{"_acf_changed":false,"_oasis_is_in_workflow":0,"_oasis_original":0,"_oasis_task_priority":"","footnotes":""},"class_list":["post-10901","page","type-page","status-publish","has-post-thumbnail","hentry","entry"],"acf":[],"_links":{"self":[{"href":"https:\/\/www.mmhpc.com\/es\/wp-json\/wp\/v2\/pages\/10901","targetHints":{"allow":["GET"]}}],"collection":[{"href":"https:\/\/www.mmhpc.com\/es\/wp-json\/wp\/v2\/pages"}],"about":[{"href":"https:\/\/www.mmhpc.com\/es\/wp-json\/wp\/v2\/types\/page"}],"author":[{"embeddable":true,"href":"https:\/\/www.mmhpc.com\/es\/wp-json\/wp\/v2\/users\/15"}],"replies":[{"embeddable":true,"href":"https:\/\/www.mmhpc.com\/es\/wp-json\/wp\/v2\/comments?post=10901"}],"version-history":[{"count":19,"href":"https:\/\/www.mmhpc.com\/es\/wp-json\/wp\/v2\/pages\/10901\/revisions"}],"predecessor-version":[{"id":16479,"href":"https:\/\/www.mmhpc.com\/es\/wp-json\/wp\/v2\/pages\/10901\/revisions\/16479"}],"up":[{"embeddable":true,"href":"https:\/\/www.mmhpc.com\/es\/wp-json\/wp\/v2\/pages\/7505"}],"wp:featuredmedia":[{"embeddable":true,"href":"https:\/\/www.mmhpc.com\/es\/wp-json\/wp\/v2\/media\/16952"}],"wp:attachment":[{"href":"https:\/\/www.mmhpc.com\/es\/wp-json\/wp\/v2\/media?parent=10901"}],"curies":[{"name":"wp","href":"https:\/\/api.w.org\/{rel}","templated":true}]}}