{"id":12020,"date":"2022-12-14T23:23:21","date_gmt":"2022-12-15T05:23:21","guid":{"rendered":"https:\/\/www.mmhpc.com\/?page_id=12020"},"modified":"2024-12-03T07:03:27","modified_gmt":"2024-12-03T13:03:27","slug":"amanda-rizzo","status":"publish","type":"page","link":"https:\/\/www.mmhpc.com\/es\/attorney-profiles\/amanda-rizzo\/","title":{"rendered":"Amanda Rizzo"},"content":{"rendered":"<p>Amanda se uni\u00f3 a Minsky, McCormick &amp; Hallagan en 2022 y enfoca su pr\u00e1ctica en servicios legales familiares, procesamiento consular, naturalizaci\u00f3n, ayuda humanitaria, peticiones de capacidad extraordinaria y litigios federales. Trabaja en el campo legal de inmigraci\u00f3n desde 2011.<\/p>\n<p>Antes de unirse a MMH, Amanda ejerci\u00f3 la inmigraci\u00f3n basada en el empleo, as\u00ed como la defensa de la deportaci\u00f3n. Represent\u00f3 a empleadores de todo tipo, desde peque\u00f1as empresas locales hasta corporaciones internacionales multimillonarias, en la obtenci\u00f3n de visas de no inmigrante, certificaciones PERM y tarjetas verdes para sus empleados. Tambi\u00e9n ejerci\u00f3 ante el Tribunal de Inmigraci\u00f3n y la Junta de Apelaciones de Inmigraci\u00f3n en una variedad de casos de defensa de deportaci\u00f3n, incluidos asilo, cancelaci\u00f3n de deportaci\u00f3n y ajuste de estatus. Gracias a su amplia experiencia, Amanda puede asesorar de manera integral a sus clientes en m\u00faltiples aspectos de la ley de inmigraci\u00f3n.<\/p>\n<p>A Amanda le apasiona especialmente su pr\u00e1ctica con m\u00fasicos de capacidad extraordinaria, logrando cambios de estatus de F-1 a O-1B y peticiones EB-1A. Amanda tambi\u00e9n apoya a sus clientes en casos de demora de inmigraci\u00f3n en tribunales federales, incluidas las apelaciones de denegaciones de naturalizaci\u00f3n.<\/p>\n<p>Con amplios conocimientos sobre ayuda humanitaria compleja, Amanda aboga por sus clientes que fueron v\u00edctimas de delitos, trata, abuso laboral y violencia dom\u00e9stica para que busquen ayuda y seguridad en los Estados Unidos.<\/p>\n","protected":false},"excerpt":{"rendered":"<p>Amanda se uni\u00f3 a Minsky, McCormick &amp; Hallagan en 2022 y enfoca su pr\u00e1ctica en servicios legales familiares, procesamiento consular, naturalizaci\u00f3n, ayuda humanitaria, peticiones de capacidad extraordinaria y litigios federales. Trabaja en el campo legal de inmigraci\u00f3n desde 2011. Antes de unirse a MMH, Amanda ejerci\u00f3 la inmigraci\u00f3n basada en el empleo, as\u00ed como la &hellip; <\/p>\n<p class=\"link-more\"><a href=\"https:\/\/www.mmhpc.com\/es\/attorney-profiles\/amanda-rizzo\/\" class=\"more-link\">Seguir leyendo<span class=\"screen-reader-text\"> \u00abAmanda Rizzo\u00bb<\/span><\/a><\/p>\n","protected":false},"author":38,"featured_media":16952,"parent":7505,"menu_order":8,"comment_status":"closed","ping_status":"closed","template":"template-parts\/single-profile-page.php","meta":{"_acf_changed":false,"_oasis_is_in_workflow":0,"_oasis_original":0,"_oasis_task_priority":"","footnotes":""},"class_list":["post-12020","page","type-page","status-publish","has-post-thumbnail","hentry","entry"],"acf":[],"_links":{"self":[{"href":"https:\/\/www.mmhpc.com\/es\/wp-json\/wp\/v2\/pages\/12020","targetHints":{"allow":["GET"]}}],"collection":[{"href":"https:\/\/www.mmhpc.com\/es\/wp-json\/wp\/v2\/pages"}],"about":[{"href":"https:\/\/www.mmhpc.com\/es\/wp-json\/wp\/v2\/types\/page"}],"author":[{"embeddable":true,"href":"https:\/\/www.mmhpc.com\/es\/wp-json\/wp\/v2\/users\/38"}],"replies":[{"embeddable":true,"href":"https:\/\/www.mmhpc.com\/es\/wp-json\/wp\/v2\/comments?post=12020"}],"version-history":[{"count":26,"href":"https:\/\/www.mmhpc.com\/es\/wp-json\/wp\/v2\/pages\/12020\/revisions"}],"predecessor-version":[{"id":16477,"href":"https:\/\/www.mmhpc.com\/es\/wp-json\/wp\/v2\/pages\/12020\/revisions\/16477"}],"up":[{"embeddable":true,"href":"https:\/\/www.mmhpc.com\/es\/wp-json\/wp\/v2\/pages\/7505"}],"wp:featuredmedia":[{"embeddable":true,"href":"https:\/\/www.mmhpc.com\/es\/wp-json\/wp\/v2\/media\/16952"}],"wp:attachment":[{"href":"https:\/\/www.mmhpc.com\/es\/wp-json\/wp\/v2\/media?parent=12020"}],"curies":[{"name":"wp","href":"https:\/\/api.w.org\/{rel}","templated":true}]}}