{"id":16783,"date":"2025-04-23T11:07:46","date_gmt":"2025-04-23T16:07:46","guid":{"rendered":"https:\/\/www.mmhpc.com\/?page_id=16783"},"modified":"2025-04-24T00:58:24","modified_gmt":"2025-04-24T05:58:24","slug":"proceso-en-el-tribunal-de-inmigracion","status":"publish","type":"page","link":"https:\/\/www.mmhpc.com\/es\/proceso-en-el-tribunal-de-inmigracion\/","title":{"rendered":"Proceso en el Tribunal de Inmigraci\u00f3n"},"content":{"rendered":"<h1>Proceso en el Tribunal de Inmigraci\u00f3n<\/h1>\n<p>Enfrentarse a un tribunal de inmigraci\u00f3n puede ser intimidante, especialmente para quienes enfrentan un proceso de deportaci\u00f3n. En Minsky McCormick &amp; Hallagan, P.C., contamos con d\u00e9cadas de experiencia y un profundo compromiso para brindar asesoramiento legal en cada paso. Nuestro equipo se asegura de que nuestros clientes comprendan y aborden con \u00e9xito las complejidades de la ley de inmigraci\u00f3n.<\/p>\n<h2 id=\"spitm1\">1. Recibir una Notificaci\u00f3n de Comparecencia<\/h2>\n<p>El proceso suele comenzar con la emisi\u00f3n de una Notificaci\u00f3n de Comparecencia (NTA) por parte del Departamento de Seguridad Nacional, que marca el inicio del proceso de deportaci\u00f3n. Este documento describe los cargos en su contra.<\/p>\n<h2 id=\"spitm2\">2. Programar una Consulta<\/h2>\n<p>Un paso crucial es programar una consulta con nuestros abogados de inmigraci\u00f3n expertos. Revisamos su situaci\u00f3n exhaustivamente, asegur\u00e1ndonos de que est\u00e9 completamente informado sobre sus derechos y opciones.<\/p>\n<h2 id=\"spitm3\">3. Estrategia<\/h2>\n<p>Nuestro equipo es experto en identificar posibles defensas y recursos disponibles, lo que le permite tomar decisiones informadas sobre la estrategia de su caso.<\/p>\n<h2 id=\"spitm4\">4. Preparaci\u00f3n para las Audiencias<\/h2>\n<p>La preparaci\u00f3n es clave para una defensa exitosa. Recopilamos meticulosamente las pruebas y los documentos que respaldan su caso, aprovechando nuestra experiencia para presentar su caso de manera favorable. Nuestro bufete le ayuda a obtener declaraciones juradas, testimonios periciales y otras pruebas cruciales, esenciales durante las audiencias.<\/p>\n<h2 id=\"spitm5\">5. Audiencia Preliminar<\/h2>\n<p>La audiencia preliminar es un paso procesal en el que comparecer\u00e1 ante un juez. Nuestros abogados lo representar\u00e1n, garantizando el cumplimiento de todos los requisitos procesales y la protecci\u00f3n de sus derechos. Le ayudamos a articular su estrategia de defensa de forma clara y eficaz, sentando las bases para su audiencia.<\/p>\n<h2 id=\"spitm6\">6. Preparaci\u00f3n para la Audiencia Individual<\/h2>\n<p>Para preparar la audiencia individual, nuestro equipo revisa minuciosamente todas las pruebas recopiladas y formula una estrategia de defensa a su medida. Nuestros abogados lo preparan para posibles interrogatorios y se aseguran de que se sienta c\u00f3modo con el proceso. Nos enorgullecemos de brindarle asesor\u00eda legal atenta y comprensiva durante esta fase cr\u00edtica.<\/p>\n<h2 id=\"spitm7\">7. Audiencia Individual<\/h2>\n<p>Durante la audiencia individual, el juez de inmigraci\u00f3n examina los m\u00e9ritos de su caso. Nuestros abogados con amplia experiencia lo representan con firmeza, presentando sus pruebas y argumentos con claridad. Nos enfocamos en destacar los puntos fuertes de su caso y abordar cualquier discrepancia de manera eficaz.<\/p>\n<h2 id=\"spitm8\">8. Decisi\u00f3n y Apelaciones<\/h2>\n<p>Tras la audiencia, el juez emitir\u00e1 una decisi\u00f3n. Sea favorable o no, Minsky McCormick &amp; Hallagan estar\u00e1 a su lado. Si la decisi\u00f3n es desfavorable, nuestro equipo est\u00e1 preparado para ayudarle a presentar una apelaci\u00f3n, aprovechando nuestro amplio conocimiento en derecho migratorio para obtener el mejor resultado posible.<\/p>\n<h2 id=\"spitm9\">Programe su Consulta<\/h2>\n<p>En Minsky McCormick &amp; Hallagan, P.C., nos esforzamos por brindar representaci\u00f3n legal y apoyo excepcionales durante todo el proceso judicial de inmigraci\u00f3n. Comprendemos los altos riesgos que implica y ayudamos a nuestros clientes a lograr resultados exitosos. Con un legado de excelencia en derecho migratorio, nuestra firma es su socio de confianza para abordar estas complejas cuestiones legales. Cont\u00e1ctenos para programar una consulta.<\/p>\n","protected":false},"excerpt":{"rendered":"<p>Proceso en el Tribunal de Inmigraci\u00f3n Enfrentarse a un tribunal de inmigraci\u00f3n puede ser intimidante, especialmente para quienes enfrentan un proceso de deportaci\u00f3n. En Minsky McCormick &amp; Hallagan, P.C., contamos con d\u00e9cadas de experiencia y un profundo compromiso para brindar asesoramiento legal en cada paso. Nuestro equipo se asegura de que nuestros clientes comprendan y &hellip; <\/p>\n<p class=\"link-more\"><a href=\"https:\/\/www.mmhpc.com\/es\/proceso-en-el-tribunal-de-inmigracion\/\" class=\"more-link\">Seguir leyendo<span class=\"screen-reader-text\"> \u00abProceso en el Tribunal de Inmigraci\u00f3n\u00bb<\/span><\/a><\/p>\n","protected":false},"author":38,"featured_media":16919,"parent":0,"menu_order":0,"comment_status":"closed","ping_status":"closed","template":"","meta":{"_acf_changed":false,"_oasis_is_in_workflow":0,"_oasis_original":0,"_oasis_task_priority":"","footnotes":""},"class_list":["post-16783","page","type-page","status-publish","has-post-thumbnail","hentry","entry"],"acf":[],"_links":{"self":[{"href":"https:\/\/www.mmhpc.com\/es\/wp-json\/wp\/v2\/pages\/16783","targetHints":{"allow":["GET"]}}],"collection":[{"href":"https:\/\/www.mmhpc.com\/es\/wp-json\/wp\/v2\/pages"}],"about":[{"href":"https:\/\/www.mmhpc.com\/es\/wp-json\/wp\/v2\/types\/page"}],"author":[{"embeddable":true,"href":"https:\/\/www.mmhpc.com\/es\/wp-json\/wp\/v2\/users\/38"}],"replies":[{"embeddable":true,"href":"https:\/\/www.mmhpc.com\/es\/wp-json\/wp\/v2\/comments?post=16783"}],"version-history":[{"count":2,"href":"https:\/\/www.mmhpc.com\/es\/wp-json\/wp\/v2\/pages\/16783\/revisions"}],"predecessor-version":[{"id":16825,"href":"https:\/\/www.mmhpc.com\/es\/wp-json\/wp\/v2\/pages\/16783\/revisions\/16825"}],"wp:featuredmedia":[{"embeddable":true,"href":"https:\/\/www.mmhpc.com\/es\/wp-json\/wp\/v2\/media\/16919"}],"wp:attachment":[{"href":"https:\/\/www.mmhpc.com\/es\/wp-json\/wp\/v2\/media?parent=16783"}],"curies":[{"name":"wp","href":"https:\/\/api.w.org\/{rel}","templated":true}]}}