{"id":16797,"date":"2025-04-25T01:29:41","date_gmt":"2025-04-25T06:29:41","guid":{"rendered":"https:\/\/www.mmhpc.com\/?page_id=16797"},"modified":"2025-04-25T01:29:41","modified_gmt":"2025-04-25T06:29:41","slug":"azyl-i-pomoc-humanitarna","status":"publish","type":"page","link":"https:\/\/www.mmhpc.com\/es\/immigration-law\/azyl-i-pomoc-humanitarna\/","title":{"rendered":"Azyl i pomoc humanitarna"},"content":{"rendered":"<h1>Adwokaci ds. azylu i pomocy humanitarnej w Chicago<\/h1>\n<h2>Azyl i pomoc humanitarna: opcje imigracyjne dla najbardziej nara\u017conych w USA<\/h2>\n<p>Azyl jest dost\u0119pny dla os\u00f3b nieb\u0119d\u0105cych obywatelami Stan\u00f3w Zjednoczonych, kt\u00f3re w przesz\u0142o\u015bci do\u015bwiadczy\u0142y prze\u015bladowa\u0144 lub obawiaj\u0105 si\u0119 przysz\u0142ej krzywdy ze wzgl\u0119du na jedn\u0105 z pi\u0119ciu chronionych cech: ras\u0119, religi\u0119, narodowo\u015b\u0107, przynale\u017cno\u015b\u0107 do okre\u015blonej grupy spo\u0142ecznej lub pogl\u0105dy polityczne. Azyl nie jest dost\u0119pny dla os\u00f3b uciekaj\u0105cych przed og\u00f3ln\u0105 przemoc\u0105 w swoim kraju lub z\u0142ym otoczeniem ekonomicznym.<\/p>\n<p>Osoby spoza Stan\u00f3w Zjednoczonych mog\u0105 ubiega\u0107 si\u0119 o wizy uchod\u017acze, je\u015bli zostan\u0105 skierowane przez U.S. Refugee Admissions Program.<\/p>\n<h2>Afirmative Asyly przed Asylum Office of U.S. Citizenship and Immigration Services<\/h2>\n<p>Wnioskodawcy musz\u0105 z\u0142o\u017cy\u0107 wniosek o azyl w ci\u0105gu jednego roku od wjazdu do Stan\u00f3w Zjednoczonych. Ma\u0142\u017conek i dziecko poni\u017cej 21 roku \u017cycia w Stanach Zjednoczonych mog\u0105 zosta\u0107 uwzgl\u0119dnieni we wniosku jako wnioskodawcy pochodni.<\/p>\n<p>Osoba ubiegaj\u0105ca si\u0119 o azyl musi by\u0107 przygotowana na udowodnienie krzywdy, kt\u00f3rej dozna\u0142a w kraju swojego obywatelstwa. Dokumentacja dokumentacji medycznej, raport\u00f3w policyjnych, akt s\u0105dowych lub zezna\u0144 naocznych \u015bwiadk\u00f3w jest cz\u0119sto kluczowa dla potwierdzenia historii samego wnioskodawcy. Alternatywnie, je\u015bli wnioskodawca nie dozna\u0142 krzywdy w przesz\u0142o\u015bci, mo\u017ce udowodni\u0107, \u017ce obawia si\u0119 przysz\u0142ej krzywdy na podstawie udowodnionych warunk\u00f3w krajowych przez mi\u0119dzynarodowe organizacje pomocowe, wiarygodnego dziennikarstwa, raport\u00f3w Departamentu Stanu USA i innych bada\u0144.<\/p>\n<p>Jednym z najwa\u017cniejszych aspekt\u00f3w udanego wniosku o azyl jest dow\u00f3d zwi\u0105zku lub zwi\u0105zku mi\u0119dzy obawian\u0105 krzywd\u0105 a chronionym terytorium wnioskodawcy. Tak wi\u0119c prze\u015bladowca musia\u0142 skrzywdzi\u0107 lub usi\u0142owa\u0107 skrzywdzi\u0107 wnioskodawc\u0119 ze wzgl\u0119du na status wnioskodawcy w chronionym terytorium. Ponownie, pi\u0119\u0107 chronionych teren\u00f3w to:<\/p>\n<ul>\n<li>Rasa<\/li>\n<li>Religia<\/li>\n<li>Narodowo\u015b\u0107<\/li>\n<li>Przynale\u017cno\u015b\u0107 do okre\u015blonej grupy spo\u0142ecznej<\/li>\n<li>Pogl\u0105dy polityczne<\/li>\n<\/ul>\n<p>Po z\u0142o\u017ceniu wniosku wnioskodawca jest zazwyczaj planowany na rozmow\u0119 kwalifikacyjn\u0105 w Biurze ds. Azylu. Jest to formalne przes\u0142uchanie wnioskodawcy dotycz\u0105ce zasadno\u015bci jego wniosku. Je\u015bli wniosek zostanie zatwierdzony, wnioskodawca i jego pokrewni cz\u0142onkowie rodziny otrzymuj\u0105 status azylanta na czas nieokre\u015blony; nie ma wyga\u015bni\u0119cia. Zatwierdzeni azylanci mog\u0105 r\u00f3wnie\u017c z\u0142o\u017cy\u0107 wniosek o wizy dla swoich ma\u0142\u017conk\u00f3w lub dzieci za granic\u0105 i umo\u017cliwi\u0107 im bezpieczny i legalny wjazd do USA jako azylanci. Je\u015bli urz\u0105d nie zatwierdzi wniosku, wnioskodawca jest kierowany do S\u0105du Imigracyjnego, gdzie mo\u017ce odnowi\u0107 sw\u00f3j wniosek.<\/p>\n<h2>Obrona w sprawie azylu przed S\u0105dem Imigracyjnym<\/h2>\n<p>Wnioskodawcy o azyl, kt\u00f3rzy s\u0105 ju\u017c w trakcie post\u0119powania deportacyjnego przed S\u0105dem Imigracyjnym, sk\u0142adaj\u0105 wnioski obronne o azyl bezpo\u015brednio do S\u0119dziego Imigracyjnego lub urz\u0119dnika s\u0105dowego. Roczny termin sk\u0142adania wniosk\u00f3w dotyczy r\u00f3wnie\u017c wniosk\u00f3w obronnych. Je\u015bli pierwsza rozprawa s\u0105dowa wnioskodawcy przypada po tym rocznym terminie, nie mo\u017ce on czeka\u0107 na z\u0142o\u017cenie wniosku na rozprawie. Musi z\u0142o\u017cy\u0107 wniosek w okienku urz\u0119dnika s\u0105dowego przed rozpraw\u0105.<\/p>\n<p>Ta sama procedura, kt\u00f3ra zosta\u0142a wyja\u015bniona powy\u017cej w celu udowodnienia sprawy w biurze ds. azylu, ma zastosowanie do wniosk\u00f3w o azyl przed S\u0105dem Imigracyjnym.<\/p>\n<h2>Inne formy pomocy humanitarnej<\/h2>\n<p>Je\u015bli cudzoziemiec nie kwalifikuje si\u0119 do zielonej karty ze wzgl\u0119du na rodzin\u0119 lub zatrudnienie, nasi prawnicy sprawdz\u0105 potencjalnych klient\u00f3w pod k\u0105tem wszelkich form pomocy humanitarnej. Nasi pracownicy s\u0105 \u015bwiadomi traumy i wra\u017cliwi na potrzeby naszych klient\u00f3w, kt\u00f3rzy prze\u017cyli.<\/p>\n<h5>Wiza U<\/h5>\n<ul>\n<li>Dla ofiar kwalifikuj\u0105cych si\u0119 przest\u0119pstw, kt\u00f3re wsp\u00f3\u0142pracowa\u0142y z organami \u015bcigania (policj\u0105, \u015bledczymi, prokuratur\u0105, s\u0105dem itp.) w zwi\u0105zku z przest\u0119pstwem.<\/li>\n<li>Je\u015bli zostanie zatwierdzona, ta wiza oferuje \u015bcie\u017ck\u0119 do uzyskania zielonej karty.<\/li>\n<\/ul>\n<h5>VAWA<\/h5>\n<ul>\n<li>Ustawa o przemocy wobec kobiet stworzy\u0142a t\u0119 petycj\u0119, aby cudzoziemiec, kt\u00f3ry by\u0142 ofiar\u0105 przemocy ze strony obywatela USA lub sta\u0142ego rezydenta, m\u00f3g\u0142 samodzielnie z\u0142o\u017cy\u0107 petycj\u0119 o zielon\u0105 kart\u0119. Wnioskodawcy nie musz\u0105 opuszcza\u0107 swojego zwi\u0105zku i mog\u0105 z\u0142o\u017cy\u0107 petycj\u0119 prywatnie bez wiedzy cz\u0142onka rodziny, kt\u00f3ry ich zn\u0119ca\u0142 si\u0119 nad nimi.<\/li>\n<\/ul>\n<h5>TPS<\/h5>\n<ul>\n<li>Tymczasowy status chroniony jest dost\u0119pny dla obywateli wybranych kraj\u00f3w wyznaczonych przez Departament Bezpiecze\u0144stwa Krajowego USA ze wzgl\u0119du na niebezpieczne warunki uniemo\u017cliwiaj\u0105ce im bezpieczny powr\u00f3t do domu. Wojna domowa i kl\u0119ski \u017cywio\u0142owe, takie jak huragany lub trz\u0119sienia ziemi, s\u0105 cz\u0119sto podstaw\u0105 do otrzymania oznaczenia.<\/li>\n<li>Status TPS nie oferuje niezale\u017cnej \u015bcie\u017cki do uzyskania zielonej karty, ale przyznaje wnioskodawcy legalny status w Stanach Zjednoczonych. Wielu posiadaczy TPS p\u00f3\u017aniej ubiega si\u0119 o zielone karty poprzez rodzin\u0119 lub zatrudnienie.<\/li>\n<\/ul>\n<h5>DACA<\/h5>\n<ul>\n<li>Odroczone dzia\u0142anie w przypadku przybycia w dzieci\u0144stwie jest zazwyczaj przeznaczone dla os\u00f3b nieb\u0119d\u0105cych obywatelami, kt\u00f3re przyby\u0142y do \u200b\u200bStan\u00f3w Zjednoczonych jako dzieci i mieszka\u0142y tutaj od 15 czerwca 2007 r. Niestety program zosta\u0142 zawieszony dla nowych pocz\u0105tkowych wniosk\u00f3w od 2016 r.<\/li>\n<li>Odnowienia wcze\u015bniej zatwierdzonego DACA s\u0105 nadal akceptowane.<\/li>\n<li>Wielu naszych klient\u00f3w z DACA ubiega si\u0119 o zielone karty poprzez rodzin\u0119 lub zatrudnienie.<\/li>\n<\/ul>\n<h5>Wiza T<\/h5>\n<ul>\n<li>Ofiary pracy ludzkiej i handlu lud\u017ami w celach seksualnych mog\u0105 ubiega\u0107 si\u0119 o t\u0119 wiz\u0119, nawet je\u015bli handel mia\u0142 miejsce wiele lat temu. Ci\u0119\u017ckie nadu\u017cycia w pracy mog\u0105 osi\u0105gn\u0105\u0107 poziom handlu lud\u017ami, a nawet powa\u017cna przemoc domowa mo\u017ce kwalifikowa\u0107 si\u0119 jako handel lud\u017ami w celach seksualnych.<\/li>\n<li>W przypadku zatwierdzenia wiza ta otwiera drog\u0119 do zielonej karty.<\/li>\n<\/ul>\n<h5>Specjalny status imigranta nieletniego (SIJS)<\/h5>\n<ul>\n<li>Je\u015bli dziecko jest zaniedbywane, porzucane lub wykorzystywane przez jednego lub oboje rodzic\u00f3w, opiekun lub rodzic dziecka mo\u017ce ubiega\u0107 si\u0119 o nakaz opieki w s\u0105dzie rodzinnym stanu. Po formalnym orzeczeniu s\u0105du stanowego dziecko mo\u017ce samodzielnie z\u0142o\u017cy\u0107 petycj\u0119 o SIJS.<\/li>\n<li>W przypadku zatwierdzenia wiza ta otwiera drog\u0119 do zielonej karty.<\/li>\n<\/ul>\n<h5>Programy zwolnienia warunkowego<\/h5>\n<ul>\n<li>Zwolnienie warunkowe to zgodne z prawem pozwolenie na wjazd do Stan\u00f3w Zjednoczonych udzielone przed podr\u00f3\u017c\u0105 osoby nieb\u0119d\u0105cej obywatelem.<\/li>\n<li>Zwolnienie warunkowe ze wzgl\u0119d\u00f3w humanitarnych jest dost\u0119pne w pilnych przypadkach, cz\u0119sto wi\u0105\u017c\u0105cych si\u0119 z nieuchronn\u0105 krzywd\u0105. Niekt\u00f3re przyk\u0142ady obejmuj\u0105 leczenie, donacj\u0119 organ\u00f3w, \u0142\u0105czenie rodzin, opiek\u0119 nad chorym krewnym w Stanach Zjednoczonych lub udzia\u0142 w pogrzebie.<\/li>\n<li>Programy zwolnienia warunkowego s\u0105 dost\u0119pne dla obywateli Ukrainy, Kuby, Haiti, Nikaragui i Wenezueli, kt\u00f3rzy przebywaj\u0105 poza Stanami Zjednoczonymi. Dost\u0119pne jest zezwolenie na prac\u0119.<\/li>\n<\/ul>\n","protected":false},"excerpt":{"rendered":"<p>Adwokaci ds. azylu i pomocy humanitarnej w Chicago Azyl i pomoc humanitarna: opcje imigracyjne dla najbardziej nara\u017conych w USA Azyl jest dost\u0119pny dla os\u00f3b nieb\u0119d\u0105cych obywatelami Stan\u00f3w Zjednoczonych, kt\u00f3re w przesz\u0142o\u015bci do\u015bwiadczy\u0142y prze\u015bladowa\u0144 lub obawiaj\u0105 si\u0119 przysz\u0142ej krzywdy ze wzgl\u0119du na jedn\u0105 z pi\u0119ciu chronionych cech: ras\u0119, religi\u0119, narodowo\u015b\u0107, przynale\u017cno\u015b\u0107 do okre\u015blonej grupy spo\u0142ecznej lub &hellip; <\/p>\n<p class=\"link-more\"><a href=\"https:\/\/www.mmhpc.com\/es\/immigration-law\/azyl-i-pomoc-humanitarna\/\" class=\"more-link\">Seguir leyendo<span class=\"screen-reader-text\"> \u00abAzyl i pomoc humanitarna\u00bb<\/span><\/a><\/p>\n","protected":false},"author":38,"featured_media":16955,"parent":7513,"menu_order":0,"comment_status":"closed","ping_status":"closed","template":"","meta":{"_acf_changed":false,"_oasis_is_in_workflow":0,"_oasis_original":0,"_oasis_task_priority":"","footnotes":""},"class_list":["post-16797","page","type-page","status-publish","has-post-thumbnail","hentry","entry"],"acf":[],"_links":{"self":[{"href":"https:\/\/www.mmhpc.com\/es\/wp-json\/wp\/v2\/pages\/16797","targetHints":{"allow":["GET"]}}],"collection":[{"href":"https:\/\/www.mmhpc.com\/es\/wp-json\/wp\/v2\/pages"}],"about":[{"href":"https:\/\/www.mmhpc.com\/es\/wp-json\/wp\/v2\/types\/page"}],"author":[{"embeddable":true,"href":"https:\/\/www.mmhpc.com\/es\/wp-json\/wp\/v2\/users\/38"}],"replies":[{"embeddable":true,"href":"https:\/\/www.mmhpc.com\/es\/wp-json\/wp\/v2\/comments?post=16797"}],"version-history":[{"count":1,"href":"https:\/\/www.mmhpc.com\/es\/wp-json\/wp\/v2\/pages\/16797\/revisions"}],"predecessor-version":[{"id":16906,"href":"https:\/\/www.mmhpc.com\/es\/wp-json\/wp\/v2\/pages\/16797\/revisions\/16906"}],"up":[{"embeddable":true,"href":"https:\/\/www.mmhpc.com\/es\/wp-json\/wp\/v2\/pages\/7513"}],"wp:featuredmedia":[{"embeddable":true,"href":"https:\/\/www.mmhpc.com\/es\/wp-json\/wp\/v2\/media\/16955"}],"wp:attachment":[{"href":"https:\/\/www.mmhpc.com\/es\/wp-json\/wp\/v2\/media?parent=16797"}],"curies":[{"name":"wp","href":"https:\/\/api.w.org\/{rel}","templated":true}]}}