{"id":16803,"date":"2025-04-23T11:39:45","date_gmt":"2025-04-23T16:39:45","guid":{"rendered":"https:\/\/www.mmhpc.com\/?page_id=16803"},"modified":"2025-04-23T11:39:45","modified_gmt":"2025-04-23T16:39:45","slug":"exencion-por-habilidad-extraordinaria-e-interes-nacional","status":"publish","type":"page","link":"https:\/\/www.mmhpc.com\/es\/immigration-law\/exencion-por-habilidad-extraordinaria-e-interes-nacional\/","title":{"rendered":"Exenci\u00f3n por Habilidad Extraordinaria e Inter\u00e9s Nacional"},"content":{"rendered":"<h1>Si usted es extraordinario o su trabajo tiene importancia nacional para EE. UU., nuestros abogados de inmigraci\u00f3n en Chicago pueden ayudarle.<\/h1>\n<h2>\u00bfQu\u00e9 es la visa de inmigrante por habilidades extraordinarias?<\/h2>\n<p>La visa de inmigrante por habilidades extraordinarias (EB-1A) es una subcategor\u00eda de la clasificaci\u00f3n de primera preferencia basada en el empleo (EB-1) para una petici\u00f3n de inmigrante. La EB-1A est\u00e1 disponible para personas con habilidades extraordinarias en ciencias, artes, educaci\u00f3n, negocios o deportes, demostradas por un reconocimiento nacional o internacional sostenido y reconocidas en el campo mediante una amplia documentaci\u00f3n. Adem\u00e1s, la persona no solo debe tener un historial comprobado de habilidades extraordinarias, sino que tambi\u00e9n debe demostrar un plan para trabajar en Estados Unidos en su campo de habilidades extraordinarias y demostrar que su trabajo beneficiar\u00e1 sustancialmente al pa\u00eds.<\/p>\n<h2>\u00bfQui\u00e9n califica para la visa de inmigrante por habilidades extraordinarias?<\/h2>\n<p>La petici\u00f3n de inmigrante EB-1A requiere que la persona tenga habilidades extraordinarias en los campos de ciencias, artes, educaci\u00f3n, negocios o deportes. Una capacidad extraordinaria significa que el individuo ha alcanzado un nivel de experiencia que demuestra que forma parte de un porcentaje muy peque\u00f1o de personas que han llegado a la cima de su campo. Para calificar, el solicitante debe haber recibido un premio importante de reconocimiento internacional (por ejemplo, el Premio Nobel o el Premio Pulitzer) o cumplir al menos tres de los siguientes criterios:<\/p>\n<p>\u2022 Haber recibido premios o galardones de reconocimiento nacional o internacional por su excelencia en el campo.<br \/>\n\u2022 Pertenecer a asociaciones del campo que exijan logros sobresalientes de sus miembros, seg\u00fan la opini\u00f3n de expertos nacionales o internacionales reconocidos en sus campos.<br \/>\n\u2022 Material publicado en publicaciones profesionales o comerciales importantes, o en los principales medios de comunicaci\u00f3n, sobre el solicitante o su trabajo.<br \/>\n\u2022 Participaci\u00f3n en un panel o individualmente como juez del trabajo de otros en el campo.<br \/>\n\u2022 Contribuciones cient\u00edficas, acad\u00e9micas o empresariales originales de gran relevancia en el campo.<br \/>\n\u2022 Autor\u00eda de art\u00edculos acad\u00e9micos en el campo, en revistas profesionales u otros medios importantes.<br \/>\n\u2022 Evidencia de que su trabajo ha sido exhibido en exposiciones o muestras art\u00edsticas.<br \/>\n\u2022 Evidencia de que desempe\u00f1a un papel destacado o crucial en organizaciones o instituciones con una reputaci\u00f3n distinguida.<br \/>\n\u2022 Recibir un salario elevado u otra remuneraci\u00f3n por servicios.<br \/>\n\u2022 Evidencia de sus \u00e9xitos comerciales en el sector. Artes<\/p>\n<h2>\u00bfQu\u00e9 es una Exenci\u00f3n por Inter\u00e9s Nacional?<\/h2>\n<p>Una Exenci\u00f3n por Inter\u00e9s Nacional (NIW) es una subcategor\u00eda de la clasificaci\u00f3n de segunda preferencia basada en el empleo (EB-2) para una petici\u00f3n de inmigrante. El prop\u00f3sito de una petici\u00f3n NIW es permitir que una persona obtenga una tarjeta de residencia permanente sin necesidad de una certificaci\u00f3n laboral del Departamento de Trabajo ni del patrocinio de un empleador estadounidense. Dado que la NIW no requiere una certificaci\u00f3n laboral, puede solicitarse por cuenta propia y no requiere una oferta de trabajo.<\/p>\n<h2>\u00bfC\u00f3mo s\u00e9 si soy elegible?<\/h2>\n<p>Primero debe cumplir uno de los siguientes requisitos para la clasificaci\u00f3n de segunda preferencia basada en el empleo (EB-2) para una petici\u00f3n de inmigrante. Los requisitos incluyen:<\/p>\n<p>\u2022 Contar con evidencia de un t\u00edtulo avanzado O<br \/>\n\u2022 Demostrar una capacidad excepcional en ciencias, artes o negocios.<\/p>\n<p>Luego, debe demostrar que cumple con los criterios para la NIW (Exenci\u00f3n por Inter\u00e9s Nacional). Estos criterios incluyen lo siguiente:<\/p>\n<p>\u2022 Su proyecto propuesto tiene m\u00e9rito sustancial e importancia nacional. \u2022 Est\u00e1 bien posicionado para impulsar el proyecto propuesto; y<br \/>\n\u2022 Ser\u00eda beneficioso para EE. UU. eximir el requisito de certificaci\u00f3n laboral\/oferta de empleo.<\/p>\n<p>Minsky, McCormick &amp; Hallagan cuenta con d\u00e9cadas de experiencia en derecho migratorio. Si considera que podr\u00eda calificar para una petici\u00f3n de inmigrante con capacidades extraordinarias o una exenci\u00f3n por inter\u00e9s nacional, est\u00e1 en el lugar correcto. \u00a1Nuestros abogados de inmigraci\u00f3n especializados en derecho laboral pueden ayudarle! No dude en llamarnos al (312) 427-6163 o cont\u00e1ctenos en l\u00ednea. Nuestra oficina est\u00e1 ubicada en el centro de Chicago.<\/p>\n","protected":false},"excerpt":{"rendered":"<p>Si usted es extraordinario o su trabajo tiene importancia nacional para EE. UU., nuestros abogados de inmigraci\u00f3n en Chicago pueden ayudarle. \u00bfQu\u00e9 es la visa de inmigrante por habilidades extraordinarias? La visa de inmigrante por habilidades extraordinarias (EB-1A) es una subcategor\u00eda de la clasificaci\u00f3n de primera preferencia basada en el empleo (EB-1) para una petici\u00f3n &hellip; <\/p>\n<p class=\"link-more\"><a href=\"https:\/\/www.mmhpc.com\/es\/immigration-law\/exencion-por-habilidad-extraordinaria-e-interes-nacional\/\" class=\"more-link\">Seguir leyendo<span class=\"screen-reader-text\"> \u00abExenci\u00f3n por Habilidad Extraordinaria e Inter\u00e9s Nacional\u00bb<\/span><\/a><\/p>\n","protected":false},"author":38,"featured_media":16958,"parent":7513,"menu_order":0,"comment_status":"closed","ping_status":"closed","template":"","meta":{"_acf_changed":false,"_oasis_is_in_workflow":0,"_oasis_original":0,"_oasis_task_priority":"","footnotes":""},"class_list":["post-16803","page","type-page","status-publish","has-post-thumbnail","hentry","entry"],"acf":[],"_links":{"self":[{"href":"https:\/\/www.mmhpc.com\/es\/wp-json\/wp\/v2\/pages\/16803","targetHints":{"allow":["GET"]}}],"collection":[{"href":"https:\/\/www.mmhpc.com\/es\/wp-json\/wp\/v2\/pages"}],"about":[{"href":"https:\/\/www.mmhpc.com\/es\/wp-json\/wp\/v2\/types\/page"}],"author":[{"embeddable":true,"href":"https:\/\/www.mmhpc.com\/es\/wp-json\/wp\/v2\/users\/38"}],"replies":[{"embeddable":true,"href":"https:\/\/www.mmhpc.com\/es\/wp-json\/wp\/v2\/comments?post=16803"}],"version-history":[{"count":1,"href":"https:\/\/www.mmhpc.com\/es\/wp-json\/wp\/v2\/pages\/16803\/revisions"}],"predecessor-version":[{"id":16805,"href":"https:\/\/www.mmhpc.com\/es\/wp-json\/wp\/v2\/pages\/16803\/revisions\/16805"}],"up":[{"embeddable":true,"href":"https:\/\/www.mmhpc.com\/es\/wp-json\/wp\/v2\/pages\/7513"}],"wp:featuredmedia":[{"embeddable":true,"href":"https:\/\/www.mmhpc.com\/es\/wp-json\/wp\/v2\/media\/16958"}],"wp:attachment":[{"href":"https:\/\/www.mmhpc.com\/es\/wp-json\/wp\/v2\/media?parent=16803"}],"curies":[{"name":"wp","href":"https:\/\/api.w.org\/{rel}","templated":true}]}}