{"id":16807,"date":"2025-04-23T11:42:40","date_gmt":"2025-04-23T16:42:40","guid":{"rendered":"https:\/\/www.mmhpc.com\/?page_id=16807"},"modified":"2025-04-23T11:42:40","modified_gmt":"2025-04-23T16:42:40","slug":"litigios-federales-y-retrasos-en-materia-de-inmigracion","status":"publish","type":"page","link":"https:\/\/www.mmhpc.com\/es\/immigration-law\/litigios-federales-y-retrasos-en-materia-de-inmigracion\/","title":{"rendered":"Litigios federales y retrasos en materia de inmigraci\u00f3n"},"content":{"rendered":"<h1>Abogados de Litigios Federales y Retrasos en Inmigraci\u00f3n en Chicago<\/h1>\n<h2>Mi caso lleva a\u00f1os retrasado; \u00bfqu\u00e9 puedo hacer?<\/h2>\n<p>Esta es una pregunta frecuente en nuestras consultas. En ocasiones, las solicitudes parecen estar estancadas en el sistema de inmigraci\u00f3n estadounidense, con a\u00f1os de espera e interminables consultas, cartas, citas de InfoPass e incluso apoyo de enlace con el Congreso. Un solicitante de beneficios de inmigraci\u00f3n que est\u00e9 experimentando un retraso importante en su caso debido a la falta de decisi\u00f3n del gobierno podr\u00eda demandar al Servicio de Ciudadan\u00eda e Inmigraci\u00f3n de Estados Unidos (USCIS). Esta demanda busca obligar a la agencia a actuar y se presenta ante un tribunal federal de distrito. Estas demandas se presentan de conformidad con la Ley Mandamus o la Ley de Procedimientos Administrativos (APA). Los solicitantes del Formulario I-130, de la tarjeta de residencia permanente (Green Card), de asilo, de naturalizaci\u00f3n y otros pueden recurrir a esta acci\u00f3n para exigir una respuesta del USCIS.<\/p>\n<h2>Reglas especiales para la naturalizaci\u00f3n<\/h2>\n<p>Los solicitantes de naturalizaci\u00f3n tienen derecho a una decisi\u00f3n sobre su solicitud dentro de los 120 d\u00edas posteriores a su entrevista. Si no se emite una decisi\u00f3n para esa fecha, el solicitante puede demandar al USCIS en un tribunal federal de distrito, transfiriendo el caso a un juez federal para una decisi\u00f3n final.<\/p>\n<p>Si un solicitante de naturalizaci\u00f3n no es citado a una entrevista, a\u00fan puede demandar para obtener una decisi\u00f3n, como se describe anteriormente.<\/p>\n<p>Es posible apelar una solicitud de naturalizaci\u00f3n denegada en un tribunal federal de distrito. Si el solicitante ya present\u00f3 el Formulario N-336 para una audiencia sobre la solicitud denegada, y el USCIS contin\u00faa deneg\u00e1ndola, puede demandar al USCIS en un tribunal federal. Esto transfiere el caso a un juez federal para una decisi\u00f3n final.<\/p>\n","protected":false},"excerpt":{"rendered":"<p>Abogados de Litigios Federales y Retrasos en Inmigraci\u00f3n en Chicago Mi caso lleva a\u00f1os retrasado; \u00bfqu\u00e9 puedo hacer? Esta es una pregunta frecuente en nuestras consultas. En ocasiones, las solicitudes parecen estar estancadas en el sistema de inmigraci\u00f3n estadounidense, con a\u00f1os de espera e interminables consultas, cartas, citas de InfoPass e incluso apoyo de enlace &hellip; <\/p>\n<p class=\"link-more\"><a href=\"https:\/\/www.mmhpc.com\/es\/immigration-law\/litigios-federales-y-retrasos-en-materia-de-inmigracion\/\" class=\"more-link\">Seguir leyendo<span class=\"screen-reader-text\"> \u00abLitigios federales y retrasos en materia de inmigraci\u00f3n\u00bb<\/span><\/a><\/p>\n","protected":false},"author":38,"featured_media":16961,"parent":7513,"menu_order":0,"comment_status":"closed","ping_status":"closed","template":"","meta":{"_acf_changed":false,"_oasis_is_in_workflow":0,"_oasis_original":0,"_oasis_task_priority":"","footnotes":""},"class_list":["post-16807","page","type-page","status-publish","has-post-thumbnail","hentry","entry"],"acf":[],"_links":{"self":[{"href":"https:\/\/www.mmhpc.com\/es\/wp-json\/wp\/v2\/pages\/16807","targetHints":{"allow":["GET"]}}],"collection":[{"href":"https:\/\/www.mmhpc.com\/es\/wp-json\/wp\/v2\/pages"}],"about":[{"href":"https:\/\/www.mmhpc.com\/es\/wp-json\/wp\/v2\/types\/page"}],"author":[{"embeddable":true,"href":"https:\/\/www.mmhpc.com\/es\/wp-json\/wp\/v2\/users\/38"}],"replies":[{"embeddable":true,"href":"https:\/\/www.mmhpc.com\/es\/wp-json\/wp\/v2\/comments?post=16807"}],"version-history":[{"count":1,"href":"https:\/\/www.mmhpc.com\/es\/wp-json\/wp\/v2\/pages\/16807\/revisions"}],"predecessor-version":[{"id":16809,"href":"https:\/\/www.mmhpc.com\/es\/wp-json\/wp\/v2\/pages\/16807\/revisions\/16809"}],"up":[{"embeddable":true,"href":"https:\/\/www.mmhpc.com\/es\/wp-json\/wp\/v2\/pages\/7513"}],"wp:featuredmedia":[{"embeddable":true,"href":"https:\/\/www.mmhpc.com\/es\/wp-json\/wp\/v2\/media\/16961"}],"wp:attachment":[{"href":"https:\/\/www.mmhpc.com\/es\/wp-json\/wp\/v2\/media?parent=16807"}],"curies":[{"name":"wp","href":"https:\/\/api.w.org\/{rel}","templated":true}]}}