{"id":7481,"date":"2011-05-16T17:24:39","date_gmt":"2011-05-16T21:24:39","guid":{"rendered":"https:\/\/www.mmhpc.com\/firm-overview\/"},"modified":"2024-11-14T15:08:29","modified_gmt":"2024-11-14T21:08:29","slug":"firm-overview","status":"publish","type":"page","link":"https:\/\/www.mmhpc.com\/es\/firm-overview\/","title":{"rendered":"Descripci\u00f3n del Despacho"},"content":{"rendered":"<h1>Ayudamos a los inmigrantes<\/h1>\n<p>Fortaleciendo a Estados Unidos, un inmigrante a la vez Desde su fundaci\u00f3n en 1975, Minsky, McCormick &amp; Hallagan, P.C. se ha centrado exclusivamente en las leyes de inmigraci\u00f3n y nacionalidad de Estados Unidos. En el siempre cambiante campo de la <a href=\"https:\/\/www.mmhpc.com\/es\/immigration-law\/\">ley de inmigraci\u00f3n<\/a>, nuestra firma de abogados de Chicago ayuda continuamente a reunir seres queridos y tambi\u00e9n representa una variedad de clientes comerciales, desde peque\u00f1os empleadores locales hasta corporaciones multinacionales. Nuestra misi\u00f3n es fortalecer a Estados Unidos caso por caso. Eso significa tratar a cada cliente con cuidado y respeto sin importar el tama\u00f1o del caso, o si representamos a un individuo, una familia, una peque\u00f1a empresa o una compa\u00f1\u00eda Fortune 500. A medida que las leyes de inmigraci\u00f3n cambian r\u00e1pidamente en el clima pol\u00edtico actual de alto riesgo, somos los profesionales que los clientes quieren de su lado.<\/p>\n<h2>La ley de inmigraci\u00f3n es nuestro \u00fanico enfoque<\/h2>\n<p>En Minsky, McCormick &amp; Hallagan, P.C., la ley de inmigraci\u00f3n es nuestro \u00fanico enfoque. Desde nuestra fundaci\u00f3n en 1975, nos hemos dedicado exclusivamente a las leyes de inmigraci\u00f3n y nacionalidad de los Estados Unidos. Nuestro equipo de abogados experimentados est\u00e1 comprometido a brindar servicios legales de alta calidad en todas las \u00e1reas de la ley de inmigraci\u00f3n, incluida la ciudadan\u00eda, la residencia permanente, las visas de trabajo temporal, el asilo y la ayuda humanitaria, la defensa de deportaci\u00f3n y el cumplimiento del empleador. Nos enorgullecemos de nuestro profundo conocimiento de las complejidades de las leyes de inmigraci\u00f3n y de nuestra capacidad para navegar en su panorama en constante cambio para lograr los mejores resultados para nuestros clientes. Debido a que la inmigraci\u00f3n es nuestro \u00fanico enfoque, podemos encargarnos de los casos m\u00e1s complejos. Nuestros abogados son reconocidos por sus pares y la industria como l\u00edderes en el campo de la ley de inmigraci\u00f3n.<\/p>\n<h2>Nuestros abogados de inmigraci\u00f3n son profesionales altamente calificados<\/h2>\n<p>En Minsky, McCormick &amp; Hallagan, P.C., nuestros abogados de inmigraci\u00f3n son profesionales altamente calificados que aportan d\u00e9cadas de experiencia a la pr\u00e1ctica de las leyes de inmigraci\u00f3n y ciudadan\u00eda de los Estados Unidos. Nos enorgullecemos de nuestra capacidad para navegar las complejidades de las leyes de inmigraci\u00f3n y lograr los mejores resultados para nuestros clientes.<\/p>\n<p>Premios y cargos destacados ocupados por Nuestros Abogados<\/p>\n<ul>\n<li>Ex presidente nacional de la Asociaci\u00f3n Estadounidense de Abogados de Inmigraci\u00f3n (AILA)<\/li>\n<li>Ex presidente de la Fundaci\u00f3n Estadounidense de Derecho de Inmigraci\u00f3n (ahora Consejo Estadounidense de Inmigraci\u00f3n)<\/li>\n<li>Qui\u00e9n es qui\u00e9n internacional de los abogados de inmigraci\u00f3n corporativa<\/li>\n<li>Qui\u00e9n es qui\u00e9n L\u00edderes del Pensamiento Legal \u2013 Inmigraci\u00f3n Corporativa<\/li>\n<li>Los mejores abogados de Estados Unidos de Woodward\/White en la ley de inmigraci\u00f3n<\/li>\n<li>Registro de abogados destacados del Colegio de Abogados de Martindale-Hubbell (calificaci\u00f3n AV \u201cDe muy alta a preeminente\u201d)<\/li>\n<li>Illinois Super Lawyer (5% de los mejores abogados)<\/li>\n<li>S\u00faper abogado de Illinois, estrella en ascenso (2,5 % de los mejores abogados menores de 40 a\u00f1os)<\/li>\n<li>Abogados l\u00edderes \u2013 Inmigraci\u00f3n laboral<\/li>\n<li>Abogadas l\u00edderes: las 50 mejores abogadas de negocios de Illinois<\/li>\n<li>Abogado de inmigraci\u00f3n del a\u00f1o en Chicago de Best Lawyers<\/li>\n<li>Presidente de la Asociaci\u00f3n Federal de Abogados, Cap\u00edtulo de Chicago<\/li>\n<li>Profesor Adjunto de Derecho de Inmigraci\u00f3n<\/li>\n<li>Miembro de la Junta Directiva, Centro Joven para los Derechos de los Ni\u00f1os Inmigrantes<\/li>\n<li>Los mejores abogados de Estados Unidos \u2013 Ley de inmigraci\u00f3n<\/li>\n<li>Los 40 abogados menores de 40 a\u00f1os del Chicago Daily Law Bulletin en Chicago<\/li>\n<li>Miembros del comit\u00e9 de enlace de AILA para varias agencias de inmigraci\u00f3n, incluidas USCIS, CBP, ICE, EOIR, etc.<\/li>\n<\/ul>\n<h2>Minsky, McCormick &amp; Hallagan le ofrece: (Convierta esto en un t\u00edtulo separado, en negrita)<\/h2>\n<ul>\n<li><strong>Abogados reconocidos por sus pares y la industria como l\u00edderes en el campo de la ley de inmigraci\u00f3n<\/strong><\/li>\n<li><strong>La profunda experiencia de una gran firma, pero la atenci\u00f3n y el cuidado de una peque\u00f1a firma<\/strong><\/li>\n<li><strong>Portal online para gestionar y comunicarse virtualmente con clientes de todo el mundo<\/strong><\/li>\n<li><strong>Estructura de tarifas fijas, que proporciona a los clientes m\u00e1s previsibilidad<\/strong><\/li>\n<\/ul>\n<h2>Busque hoy el consejo de nuestro bufete de abogados de inmigraci\u00f3n de Chicago<\/h2>\n<p>Minsky, McCormick y Hallagan, P.C. cuenta con abogados de inmigraci\u00f3n con experiencia listos para ayudar. Recordamos que los inmigrantes hicieron grande a este pa\u00eds y nos dedicamos a la causa. Atendemos a clientes en Chicago, todo Estados Unidos y aquellos de todo el mundo que sue\u00f1an con venir a los Estados Unidos.<\/p>\n","protected":false},"excerpt":{"rendered":"<p>Ayudamos a los inmigrantes Fortaleciendo a Estados Unidos, un inmigrante a la vez Desde su fundaci\u00f3n en 1975, Minsky, McCormick &amp; Hallagan, P.C. se ha centrado exclusivamente en las leyes de inmigraci\u00f3n y nacionalidad de Estados Unidos. En el siempre cambiante campo de la ley de inmigraci\u00f3n, nuestra firma de abogados de Chicago ayuda continuamente &hellip; <\/p>\n<p class=\"link-more\"><a href=\"https:\/\/www.mmhpc.com\/es\/firm-overview\/\" class=\"more-link\">Seguir leyendo<span class=\"screen-reader-text\"> \u00abDescripci\u00f3n del Despacho\u00bb<\/span><\/a><\/p>\n","protected":false},"author":15,"featured_media":14762,"parent":0,"menu_order":1,"comment_status":"closed","ping_status":"closed","template":"","meta":{"_acf_changed":false,"_oasis_is_in_workflow":0,"_oasis_original":0,"_oasis_task_priority":"","footnotes":""},"class_list":["post-7481","page","type-page","status-publish","has-post-thumbnail","hentry","entry"],"acf":[],"_links":{"self":[{"href":"https:\/\/www.mmhpc.com\/es\/wp-json\/wp\/v2\/pages\/7481","targetHints":{"allow":["GET"]}}],"collection":[{"href":"https:\/\/www.mmhpc.com\/es\/wp-json\/wp\/v2\/pages"}],"about":[{"href":"https:\/\/www.mmhpc.com\/es\/wp-json\/wp\/v2\/types\/page"}],"author":[{"embeddable":true,"href":"https:\/\/www.mmhpc.com\/es\/wp-json\/wp\/v2\/users\/15"}],"replies":[{"embeddable":true,"href":"https:\/\/www.mmhpc.com\/es\/wp-json\/wp\/v2\/comments?post=7481"}],"version-history":[{"count":9,"href":"https:\/\/www.mmhpc.com\/es\/wp-json\/wp\/v2\/pages\/7481\/revisions"}],"predecessor-version":[{"id":15005,"href":"https:\/\/www.mmhpc.com\/es\/wp-json\/wp\/v2\/pages\/7481\/revisions\/15005"}],"wp:featuredmedia":[{"embeddable":true,"href":"https:\/\/www.mmhpc.com\/es\/wp-json\/wp\/v2\/media\/14762"}],"wp:attachment":[{"href":"https:\/\/www.mmhpc.com\/es\/wp-json\/wp\/v2\/media?parent=7481"}],"curies":[{"name":"wp","href":"https:\/\/api.w.org\/{rel}","templated":true}]}}