{"id":7518,"date":"2012-09-14T14:23:54","date_gmt":"2012-09-14T18:23:54","guid":{"rendered":"https:\/\/www.mmhpc.com\/immigration-law\/family-based-immigration-and-citizenship\/"},"modified":"2025-09-08T04:15:00","modified_gmt":"2025-09-08T09:15:00","slug":"family-based-immigration-and-citizenship","status":"publish","type":"page","link":"https:\/\/www.mmhpc.com\/es\/immigration-law\/family-based-immigration-and-citizenship\/","title":{"rendered":"Inmigraci\u00f3n familiar"},"content":{"rendered":"<h1>Inmigraci\u00f3n Familiar<\/h1>\n<h2>Nuestros profesionales abogados de inmigraci\u00f3n re\u00fanen familias<\/h2>\n<p><a href=\"https:\/\/www.mmhpc.com\/es\/attorney-profiles\/\">Minsky, McCormick &amp; Hallagan, P.C.<\/a> asiste a ciudadanos estadounidenses y residentes legales permanentes que desean que los miembros de su familia tengan las mismas oportunidades que ellos &#8211; la oportunidad de vivir en los Estados Unidos. Podemos ayudarlos a traerlos a los Estados Unidos o ayudarlos a quedarse aqu\u00ed. Nuestros abogados de inmigraci\u00f3n tienen la amplia experiencia para reunir a sus seres queridos.<\/p>\n<h2>Nuestros abogados de inmigraci\u00f3n familiar tienen la experiencia que usted necesita<\/h2>\n<p>La Ley Federal de Inmigraci\u00f3n y Nacionalidad dicta una ley de inmigraci\u00f3n basada en la familia, que permite un n\u00famero ilimitado de visas para familiares inmediatos, pero establece l\u00edmites a las visas otorgadas a otros miembros de la familia.<\/p>\n<p>Bajo la ley, familiares inmediatos incluye:<\/p>\n<ul>\n<li style=\"font-weight: 400;\"><span style=\"font-weight: 400;\">El c\u00f3nyuge de un ciudadano<\/span><\/li>\n<li style=\"font-weight: 400;\"><span style=\"font-weight: 400;\">Un hijo soltero de un ciudadano menor de 21 a\u00f1os <\/span><\/li>\n<li style=\"font-weight: 400;\"><span style=\"font-weight: 400;\">Un hu\u00e9rfano o un ni\u00f1o que un ciudadano adopta antes del 16\u00ba cumplea\u00f1os del ni\u00f1o<\/span><\/li>\n<li style=\"font-weight: 400;\"><span style=\"font-weight: 400;\">Padres de un ciudadano mayor de 21 a\u00f1os<\/span><\/li>\n<\/ul>\n<p><span style=\"font-weight: 400;\">Los inmigrantes de preferencia familiar tienen l\u00edmites num\u00e9ricos. Estos l\u00edmites se establecen cada a\u00f1o fiscal.<\/span><\/p>\n<p>Los inmigrantes de preferencia familiar se clasifican en las siguientes categor\u00edas:<\/p>\n<ol>\n<li style=\"font-weight: 400;\"><span style=\"font-weight: 400;\">Los hijos e hijas solteros(as) menores 21 a\u00f1os de ciudadanos estadounidenses tuvieron un l\u00edmite de 23.400 visas en 2012<\/span><\/li>\n<li style=\"font-weight: 400;\"><span style=\"font-weight: 400;\">Las esposas, los hijos menoresde 21 a\u00f1os y los hijos e hijas solteros mayores de 21 a\u00f1os de residentes permanentes legales tuvieron un l\u00edmite de 114.200 en 2012. Al menos el 75 por ciento se destina a c\u00f3nyuges e hijos. El resto va a hijos e hijas solteros de residentes legales permanentes.<\/span><\/li>\n<li style=\"font-weight: 400;\"><span style=\"font-weight: 400;\">Los hijos e hijas casados de ciudadanos estadounidenses, y sus c\u00f3nyuges e hijos, tuvieron un l\u00edmite de 23.400 en 2012.<\/span><\/li>\n<li style=\"font-weight: 400;\"><span style=\"font-weight: 400;\">Los hermanos y hermanas de ciudadanos estadounidenses, con sus c\u00f3nyuges e hijos menores de edad, si los ciudadanos estadounidenses tienen al menos 21 a\u00f1os de edad, tuvieron un l\u00edmite de 65.000 visas en 2012.<\/span><\/li>\n<\/ol>\n<p>De acuerdo con el <a href=\"http:\/\/travel.state.gov\/visa\/immigrants\/types\/types_1306.html#1\" target=\"_blank\" rel=\"noopener noreferrer\">Departamento de Estado de Estados Unidos<\/a>, si hay m\u00e1s solicitantes calificados que visas de inmigraci\u00f3n disponibles, las visas de inmigraci\u00f3n disponibles se emiten en el orden cronol\u00f3gico en que se presentaron las solicitudes. Esta fecha de presentaci\u00f3n se llama fecha de prioridad, y las visas de inmigrante no se emitir\u00e1n al solicitante hasta que se alcance esa fecha.<\/p>\n<p>Ese per\u00edodo de espera puede ser de varios a\u00f1os o m\u00e1s. Cuando el tiempo es esencial, necesitara ayuda de abogados de inmigraci\u00f3n con experiencia. Minsky, McCormick &amp; Hallagan localizado en Chicago, Illinois, puede ayudarlo a elaborar una estrategia para enfrentar estos retrasos.<\/p>\n<h2>Llame a nuestros abogados de inmigraci\u00f3n familiar para que lo ayuden a reunir a su familia<\/h2>\n<p>La ley de inmigraci\u00f3n es el \u00fanico enfoque de nuestros abogados de inmigraci\u00f3n. <span style=\"font-weight: 400;\">Minsky, McCormick &amp; Hallagan, P.C. tiene el conocimiento para ayudarlo a archivar documentos y archivarlos correctamente.<\/span> Podemos crear una estrategia con usted para encontrar las soluciones correctas a sus problemas. Ll\u00e1menos al (312) 427-6163 o <a title=\"Contact Us\" href=\"https:\/\/www.mmhpc.com\/es\/contact-us\/\">cont\u00e1ctenos en l\u00ednea<\/a>. Nuestra oficina est\u00e1 ubicada en el centro de Chicago.<\/p>\n","protected":false},"excerpt":{"rendered":"<p>Inmigraci\u00f3n Familiar Nuestros profesionales abogados de inmigraci\u00f3n re\u00fanen familias Minsky, McCormick &amp; Hallagan, P.C. asiste a ciudadanos estadounidenses y residentes legales permanentes que desean que los miembros de su familia tengan las mismas oportunidades que ellos &#8211; la oportunidad de vivir en los Estados Unidos. Podemos ayudarlos a traerlos a los Estados Unidos o ayudarlos &hellip; <\/p>\n<p class=\"link-more\"><a href=\"https:\/\/www.mmhpc.com\/es\/immigration-law\/family-based-immigration-and-citizenship\/\" class=\"more-link\">Seguir leyendo<span class=\"screen-reader-text\"> \u00abInmigraci\u00f3n familiar\u00bb<\/span><\/a><\/p>\n","protected":false},"author":15,"featured_media":14818,"parent":7513,"menu_order":4100,"comment_status":"closed","ping_status":"closed","template":"","meta":{"_acf_changed":false,"_oasis_is_in_workflow":0,"_oasis_original":0,"_oasis_task_priority":"","footnotes":""},"class_list":["post-7518","page","type-page","status-publish","has-post-thumbnail","hentry","entry"],"acf":[],"_links":{"self":[{"href":"https:\/\/www.mmhpc.com\/es\/wp-json\/wp\/v2\/pages\/7518","targetHints":{"allow":["GET"]}}],"collection":[{"href":"https:\/\/www.mmhpc.com\/es\/wp-json\/wp\/v2\/pages"}],"about":[{"href":"https:\/\/www.mmhpc.com\/es\/wp-json\/wp\/v2\/types\/page"}],"author":[{"embeddable":true,"href":"https:\/\/www.mmhpc.com\/es\/wp-json\/wp\/v2\/users\/15"}],"replies":[{"embeddable":true,"href":"https:\/\/www.mmhpc.com\/es\/wp-json\/wp\/v2\/comments?post=7518"}],"version-history":[{"count":8,"href":"https:\/\/www.mmhpc.com\/es\/wp-json\/wp\/v2\/pages\/7518\/revisions"}],"predecessor-version":[{"id":17260,"href":"https:\/\/www.mmhpc.com\/es\/wp-json\/wp\/v2\/pages\/7518\/revisions\/17260"}],"up":[{"embeddable":true,"href":"https:\/\/www.mmhpc.com\/es\/wp-json\/wp\/v2\/pages\/7513"}],"wp:featuredmedia":[{"embeddable":true,"href":"https:\/\/www.mmhpc.com\/es\/wp-json\/wp\/v2\/media\/14818"}],"wp:attachment":[{"href":"https:\/\/www.mmhpc.com\/es\/wp-json\/wp\/v2\/media?parent=7518"}],"curies":[{"name":"wp","href":"https:\/\/api.w.org\/{rel}","templated":true}]}}