{"id":7523,"date":"2012-09-14T14:25:54","date_gmt":"2012-09-14T18:25:54","guid":{"rendered":"https:\/\/www.mmhpc.com\/immigration-law\/labor-certification-perm\/"},"modified":"2024-11-14T15:12:21","modified_gmt":"2024-11-14T21:12:21","slug":"labor-certification-perm","status":"publish","type":"page","link":"https:\/\/www.mmhpc.com\/es\/immigration-law\/labor-certification-perm\/","title":{"rendered":"PERM (Certificaci\u00f3n Laboral)"},"content":{"rendered":"<h1>Nuestra oficina de inmigraci\u00f3n le puede ayudar con la certificaci\u00f3n laboral<\/h1>\n<h2>Encuentre un abogado de PERM con el conocimiento que necesita<\/h2>\n<p>Los empleadores que buscan patrocinar a un ciudadano extranjero para la residencia permanente en los Estados Unidos tienen que superar obst\u00e1culos espec\u00edficos antes de convertirse en un residente permanente. Entre estos obst\u00e1culos est\u00e1 el hecho de probar el mercado de trabajo para garantizar que no haya trabajadores calificados de los Estados Unidos disponibles para el puesto del nacional extranjero. El empleador puede entonces solicitar la certificaci\u00f3n del Departamento de Trabajo de los Estados Unidos.<\/p>\n<p>Un abogado de certificaci\u00f3n laboral en nuestra oficina <a href=\"https:\/\/www.mmhpc.com\/es\/firm-overview\/\">Minsky, McCormick &amp; Hallagan, P.C.<\/a> puede ayudarte con este proceso exitosamente.<\/p>\n<h2>Un abogado especializado en PERM est\u00e1 listo para ayudar a las empresas<\/h2>\n<p>La certificaci\u00f3n, seg\u00fan lo establecido por los <a href=\"http:\/\/www.uscis.gov\/portal\/site\/uscis\/menuitem.eb1d4c2a3e5b9ac89243c6a7543f6d1a\/?vgnextoid=cdfd2f8b69583210VgnVCM100000082ca60aRCRD&amp;vgnextchannel=cdfd2f8b69583210VgnVCM100000082ca60aRCRD\" target=\"_blank\" rel=\"noopener noreferrer\">Servicios de Ciudadan\u00eda e Inmigraci\u00f3n de los Estados Unidos<\/a>, verifica que:<\/p>\n<ul>\n<li>No hay suficientes trabajadores de Estados Unidos disponibles, calificados y dispuesto para cubrir el puesto que se ofrece al salario prevaleciente.<\/li>\n<li>La contrataci\u00f3n de un trabajador extranjero no afectar\u00e1 adversamente los salarios y las condiciones de trabajo de los trabajadores de Estados Unidos empleados de manera similar.<\/li>\n<\/ul>\n<p>Depende del empleador para probar al Departamento de Trabajo de los Estados Unidos que no ha contratado trabajadores con menos experiencia o capacitaci\u00f3n para el mismo puesto. El empleador debe al menos pagar lo que se considera el salario prevaleciente para el \u00e1rea de empleo. Las calificaciones del trabajo deben ajustarse a lo que generalmente se requiere para esa ocupaci\u00f3n, a menos que el empleador pueda demostrar que existe alguna necesidad que haga que sean necesarios m\u00e1s requisitos laborales restrictivos.<\/p>\n<p>Las cinco principales ocupaciones que recibieron certificaci\u00f3n entre el 1 de octubre de 2011 y el 8 de julio de 2012 fueron:<\/p>\n<ul>\n<li>Computadora \/ Matem\u00e1ticas<\/li>\n<li>Arquitect\u00f3nica \/ Ingenier\u00eda<\/li>\n<li>Administraci\u00f3n<\/li>\n<li>Negocios \/ Financieros<\/li>\n<li>Profesionales de salud y t\u00e9cnicos<\/li>\n<\/ul>\n<p>Las cinco principales industrias en las que se otorg\u00f3 la certificaci\u00f3n durante el mismo per\u00edodo fueron:<\/p>\n<ul>\n<li>Relacionado a tecnolog\u00eda<\/li>\n<li>Fabricaci\u00f3n<\/li>\n<li>Informaci\u00f3n, medios, telecomunicaciones<\/li>\n<li>Educaci\u00f3n<\/li>\n<li>Finanzas y seguros<\/li>\n<\/ul>\n<p>Para solicitar la certificaci\u00f3n, el empleador debe completar una Solicitud de Certificaci\u00f3n de Empleo Permanente o <a href=\"http:\/\/www.foreignlaborcert.doleta.gov\/pdf\/9089form.pdf\" target=\"_blank\" rel=\"noopener noreferrer\">ETA Formulario 9089.<\/a><\/p>\n<p>Nuestros abogados especializados en PERM trabajan con el empleador para elaborar una descripci\u00f3n de trabajo adecuada y satisfacer los complejos requisitos de contrataci\u00f3n. Tambi\u00e9n podemos responder a las auditor\u00edas o aplicaciones del Departamento de Trabajo. Ponga el conocimiento de nuestros abogados PERM para que trabajen para usted.<\/p>\n<h2>Llame a un abogado de certificaci\u00f3n laboral hoy<\/h2>\n<p>Minsky, McCormick &amp; Hallagan creen que la inmigraci\u00f3n fortalece a Estados Unidos. Los trabajadores inmigrantes construyeron nuestra naci\u00f3n, y nuestra oficina de inmigraci\u00f3n en Chicago, IL, se dedica a apoyar a los reci\u00e9n llegados a nuestro pa\u00eds.<\/p>\n<p>Nuestros <a href=\"https:\/\/www.mmhpc.com\/es\/immigration-law\/\">abogados de inmigraci\u00f3n en Chicago<\/a> tienen el conocimiento para guiarlo a trav\u00e9s de este complejo proceso. Somos l\u00edderes reconocidos en el campo de la ley de inmigraci\u00f3n. Ll\u00e1menos al (312) 427-6163 o <a title=\"Contact Us\" href=\"https:\/\/www.mmhpc.com\/es\/contact-us\/\">cont\u00e1ctenos en l\u00ednea<\/a>. Nuestra oficina est\u00e1 ubicada en el centro de Chicago.<\/p>\n","protected":false},"excerpt":{"rendered":"<p>Nuestra oficina de inmigraci\u00f3n le puede ayudar con la certificaci\u00f3n laboral Encuentre un abogado de PERM con el conocimiento que necesita Los empleadores que buscan patrocinar a un ciudadano extranjero para la residencia permanente en los Estados Unidos tienen que superar obst\u00e1culos espec\u00edficos antes de convertirse en un residente permanente. Entre estos obst\u00e1culos est\u00e1 el &hellip; <\/p>\n<p class=\"link-more\"><a href=\"https:\/\/www.mmhpc.com\/es\/immigration-law\/labor-certification-perm\/\" class=\"more-link\">Seguir leyendo<span class=\"screen-reader-text\"> \u00abPERM (Certificaci\u00f3n Laboral)\u00bb<\/span><\/a><\/p>\n","protected":false},"author":15,"featured_media":14823,"parent":7513,"menu_order":4200,"comment_status":"closed","ping_status":"closed","template":"","meta":{"_acf_changed":false,"_oasis_is_in_workflow":0,"_oasis_original":0,"_oasis_task_priority":"","footnotes":""},"class_list":["post-7523","page","type-page","status-publish","has-post-thumbnail","hentry","entry"],"acf":[],"_links":{"self":[{"href":"https:\/\/www.mmhpc.com\/es\/wp-json\/wp\/v2\/pages\/7523","targetHints":{"allow":["GET"]}}],"collection":[{"href":"https:\/\/www.mmhpc.com\/es\/wp-json\/wp\/v2\/pages"}],"about":[{"href":"https:\/\/www.mmhpc.com\/es\/wp-json\/wp\/v2\/types\/page"}],"author":[{"embeddable":true,"href":"https:\/\/www.mmhpc.com\/es\/wp-json\/wp\/v2\/users\/15"}],"replies":[{"embeddable":true,"href":"https:\/\/www.mmhpc.com\/es\/wp-json\/wp\/v2\/comments?post=7523"}],"version-history":[{"count":6,"href":"https:\/\/www.mmhpc.com\/es\/wp-json\/wp\/v2\/pages\/7523\/revisions"}],"predecessor-version":[{"id":15018,"href":"https:\/\/www.mmhpc.com\/es\/wp-json\/wp\/v2\/pages\/7523\/revisions\/15018"}],"up":[{"embeddable":true,"href":"https:\/\/www.mmhpc.com\/es\/wp-json\/wp\/v2\/pages\/7513"}],"wp:featuredmedia":[{"embeddable":true,"href":"https:\/\/www.mmhpc.com\/es\/wp-json\/wp\/v2\/media\/14823"}],"wp:attachment":[{"href":"https:\/\/www.mmhpc.com\/es\/wp-json\/wp\/v2\/media?parent=7523"}],"curies":[{"name":"wp","href":"https:\/\/api.w.org\/{rel}","templated":true}]}}