{"id":7529,"date":"2012-09-14T14:26:59","date_gmt":"2012-09-14T18:26:59","guid":{"rendered":"https:\/\/www.mmhpc.com\/immigration-law\/international-workforce-issues\/"},"modified":"2024-11-14T15:13:12","modified_gmt":"2024-11-14T21:13:12","slug":"international-workforce-issues","status":"publish","type":"page","link":"https:\/\/www.mmhpc.com\/es\/immigration-law\/international-workforce-issues\/","title":{"rendered":"Inversionistas y Empresarios"},"content":{"rendered":"<h1>Los Abogados de Inmigraci\u00f3n son Creyentes en una Fuerza Laboral Global<\/h1>\n<h2>Un abogado de inmigraci\u00f3n le ayudara a fortalecer su empresa<\/h2>\n<p>El mundo de los negocios de hoy es cada vez m\u00e1s global, eso significa que los trabajadores de las empresas a menudo tienen que serlo tambi\u00e9n.<\/p>\n<p>Mantenerse al d\u00eda con la demanda mundial actual presenta desaf\u00edos para las empresas, que incluyen el cumplimiento de las <a href=\"https:\/\/www.mmhpc.com\/es\/immigration-law\/\">normas de inmigraci\u00f3n<\/a> mientras env\u00edan a sus empleados al exterior. Podr\u00eda significar reasignar a un empleado que busca la residencia permanente en los Estados Unidos para trabajar en otro lugar.<\/p>\n<p><a href=\"https:\/\/www.mmhpc.com\/es\">Minsky, McCormick &amp; Hallagan, P.C.<\/a> puede ayudar a asegurar que los empleados no pierdan ese reconocimiento tan duramente ganado como residentes permanentes mientras cumplen con las demandas laborales.<\/p>\n<h2>Nuestros abogados de inmigraci\u00f3n pueden ayudar a traer a sus trabajadores a casa<\/h2>\n<p>Puede llevar a\u00f1os convertirse en residente legal permanente de los Estados Unidos. Esa residencia permanente puede perderse por razones que incluyen el <em>abandono<\/em> o per\u00edodos prolongados de viaje al extranjero, incluso si se trata de una asignaci\u00f3n de trabajo. Los inmigrantes que enfrentan la revocaci\u00f3n de sus tarjetas de residencia pueden tener que comparecer ante un tribunal de inmigraci\u00f3n que decidir\u00e1 si pueden permanecer como residentes permanentes.<\/p>\n<p><a href=\"http:\/\/www.uscis.gov\/portal\/site\/uscis\/menuitem.eb1d4c2a3e5b9ac89243c6a7543f6d1a\/?vgnextoid=3f443a4107083210VgnVCM100000082ca60aRCRD&amp;vgnextchannel=3f443a4107083210VgnVCM100000082ca60aRCRD\" target=\"_blank\" rel=\"noopener noreferrer\">El Servicio de Ciudadan\u00eda e Inmigraci\u00f3n de los Estados Unidos<\/a> (USCIS, por sus siglas en ingl\u00e9s) declara que permanecer fuera de los Estados Unidos por m\u00e1s de un a\u00f1o sin obtener un permiso de reingreso o una visa de residente que regresa a casa puede llevar a una conclusi\u00f3n de abandono. Lo mismo ocurre con la permanencia fuera de los Estados Unidos por m\u00e1s de dos a\u00f1os despu\u00e9s de recibir un permiso de reingreso o no obtener una visa de residente que regresa. Sin embargo, establece que cualquier duraci\u00f3n de la ausencia, incluso menos de un a\u00f1o, puede conducir a un hallazgo de abandono.<\/p>\n<p>Quedarse fuera de los Estados Unidos durante un a\u00f1o significa que un residente permanente no puede usar una tarjeta verde para regresar. Un permiso de reingreso permite que un residente permanente o condicional regrese a los Estados Unidos desde el extranjero sin tener que obtener una visa de residente que regresa de la Embajada de los Estados Unidos o un consulado. El departamento de USCIS establece que un residente permanente o condicional debe solicitar un permiso de reingreso si planea estar fuera de los Estados Unidos por m\u00e1s de un a\u00f1o.<\/p>\n<p>Otras formas de demostrar v\u00ednculos con los Estados Unidos incluyen poseer una propiedad, tener un banco o cuenta de ahorros y tener familiares que viven en los Estados Unidos.<\/p>\n<p>Nuestros <a href=\"https:\/\/www.mmhpc.com\/es\/immigration-law\/naturalization\/\">abogados de inmigraci\u00f3n<\/a> pueden ayudarlo a buscar los documentos necesarios y reunir las pruebas de que planea regresar.<\/p>\n<h2>Abogados de inmigraci\u00f3n dirigen a los trabajadores hacia la ciudadan\u00eda<\/h2>\n<p>Las ausencias prolongadas tambi\u00e9n pueden generar problemas para un residente permanente que busque la ciudadan\u00eda.<\/p>\n<p>Seg\u00fan el departamento de <a href=\"http:\/\/www.uscis.gov\/portal\/site\/uscis\/menuitem.eb1d4c2a3e5b9ac89243c6a7543f6d1a\/?vgnextoid=399faf4c0adb4210VgnVCM100000082ca60aRCRD&amp;vgnextchannel=399faf4c0adb4210VgnVCM100000082ca60aRCRD\" target=\"_blank\" rel=\"noopener noreferrer\">USCIS<\/a>, los solicitantes deben residir aqu\u00ed continuamente durante cinco a\u00f1os antes de poder solicitar la ciudadan\u00eda. Un c\u00f3nyuge de un ciudadano de Estados Unidos debe de residir en los Estados Unidos durante tres a\u00f1os.<\/p>\n<p>Permanecer fuera de los Estados Unidos durante seis meses a un a\u00f1o puede interrumpir este proceso a menos que el solicitante pueda probar que la residencia no fue abandonada.<\/p>\n<p>Las formas de demostrar que la residencia no fue abandonada, establecidas por <a href=\"http:\/\/www.uscis.gov\/ilink\/docView\/SLB\/HTML\/SLB\/0-0-0-1\/0-0-0-11185\/0-0-0-30650\/0-0-0-30706.html\" target=\"_blank\" rel=\"noopener noreferrer\">USCIS<\/a>, incluyen:<\/p>\n<ul>\n<li>El solicitante no termin\u00f3 el empleo en los Estados Unidos<\/li>\n<li>La familia inmediata del solicitante permaneci\u00f3<\/li>\n<li>El solicitante retuvo el acceso a la casa del residente en los Estados Unidos.<\/li>\n<li>El solicitante no obtuvo empleo mientras se encontraba fuera del pa\u00eds<\/li>\n<\/ul>\n<p>Si un solicitante est\u00e1 fuera de los Estados Unidos por m\u00e1s de un a\u00f1o, eso interrumpir\u00e1 lo que se considera continuidad de residencia y significar\u00e1 que el residente permanente debe comenzar de nuevo.<\/p>\n<h2>Un abogado de inmigraci\u00f3n te asesorara para queusted invierta en Am\u00e9rica<\/h2>\n<p>Un inversionista que busca iniciar un negocio en los Estados Unidos tiene varias opciones. Las compa\u00f1\u00edas extranjeras existentes que deseen enviar personal clave a los Estados Unidos pueden abrir una nueva oficina o filial a trav\u00e9s de una nueva oficina L o una solicitud de transferencia intra-compa\u00f1\u00eda o, si existe el tratado requerido, a trav\u00e9s de un tratado E-1 o visa de inversionista E-2. Estas visas de no inmigrante le permiten a la compa\u00f1\u00eda enviar individuos de capacidad ejecutiva, gerencial, supervisora o de conocimiento especializado o con conocimiento esencial a los Estados Unidos temporalmente.<\/p>\n<h2>Llame a nuestros abogados de inmigraci\u00f3n hoy<\/h2>\n<p>Nuestros abogados de inmigraci\u00f3n en Chicago son profesionales en el campo y tienen el conocimiento para ayudarlo a cumplir con la ley. Consulte con Minsky, McCormick &amp; Hallagan, P.C. para crear estrategias sobre c\u00f3mo puede probar sus v\u00ednculos con los Estados Unidos y armar cualquier papeleo necesario. Llame a un abogado de inmigraci\u00f3n en Chicago, IL al (312) 427-163 o <a title=\"Contact Us\" href=\"https:\/\/www.mmhpc.com\/es\/contact-us\/\">cont\u00e1ctenos en l\u00ednea<\/a>. Nuestra oficina est\u00e1 ubicada en el centro de Chicago.<\/p>\n","protected":false},"excerpt":{"rendered":"<p>Los Abogados de Inmigraci\u00f3n son Creyentes en una Fuerza Laboral Global Un abogado de inmigraci\u00f3n le ayudara a fortalecer su empresa El mundo de los negocios de hoy es cada vez m\u00e1s global, eso significa que los trabajadores de las empresas a menudo tienen que serlo tambi\u00e9n. Mantenerse al d\u00eda con la demanda mundial actual &hellip; <\/p>\n<p class=\"link-more\"><a href=\"https:\/\/www.mmhpc.com\/es\/immigration-law\/international-workforce-issues\/\" class=\"more-link\">Seguir leyendo<span class=\"screen-reader-text\"> \u00abInversionistas y Empresarios\u00bb<\/span><\/a><\/p>\n","protected":false},"author":15,"featured_media":14828,"parent":7513,"menu_order":4300,"comment_status":"closed","ping_status":"closed","template":"","meta":{"_acf_changed":false,"_oasis_is_in_workflow":0,"_oasis_original":0,"_oasis_task_priority":"","footnotes":""},"class_list":["post-7529","page","type-page","status-publish","has-post-thumbnail","hentry","entry"],"acf":[],"_links":{"self":[{"href":"https:\/\/www.mmhpc.com\/es\/wp-json\/wp\/v2\/pages\/7529","targetHints":{"allow":["GET"]}}],"collection":[{"href":"https:\/\/www.mmhpc.com\/es\/wp-json\/wp\/v2\/pages"}],"about":[{"href":"https:\/\/www.mmhpc.com\/es\/wp-json\/wp\/v2\/types\/page"}],"author":[{"embeddable":true,"href":"https:\/\/www.mmhpc.com\/es\/wp-json\/wp\/v2\/users\/15"}],"replies":[{"embeddable":true,"href":"https:\/\/www.mmhpc.com\/es\/wp-json\/wp\/v2\/comments?post=7529"}],"version-history":[{"count":8,"href":"https:\/\/www.mmhpc.com\/es\/wp-json\/wp\/v2\/pages\/7529\/revisions"}],"predecessor-version":[{"id":15023,"href":"https:\/\/www.mmhpc.com\/es\/wp-json\/wp\/v2\/pages\/7529\/revisions\/15023"}],"up":[{"embeddable":true,"href":"https:\/\/www.mmhpc.com\/es\/wp-json\/wp\/v2\/pages\/7513"}],"wp:featuredmedia":[{"embeddable":true,"href":"https:\/\/www.mmhpc.com\/es\/wp-json\/wp\/v2\/media\/14828"}],"wp:attachment":[{"href":"https:\/\/www.mmhpc.com\/es\/wp-json\/wp\/v2\/media?parent=7529"}],"curies":[{"name":"wp","href":"https:\/\/api.w.org\/{rel}","templated":true}]}}