{"id":7533,"date":"2012-09-14T14:23:14","date_gmt":"2012-09-14T18:23:14","guid":{"rendered":"https:\/\/www.mmhpc.com\/immigration-law\/non-immigrant-visas\/"},"modified":"2024-11-14T15:13:54","modified_gmt":"2024-11-14T21:13:54","slug":"non-immigrant-visas","status":"publish","type":"page","link":"https:\/\/www.mmhpc.com\/es\/immigration-law\/non-immigrant-visas\/","title":{"rendered":"H-1B y Otras Visas de No Inmigrante"},"content":{"rendered":"<h1>\u00bfCu\u00e1l es la visa H-1B?<\/h1>\n<p>La visa H-1B es una visa de no inmigrante que permite a los empleadores de Los Estados Unidos a emplear temporalmente trabajadores extranjeros en una ocupaci\u00f3n especializada. Si bien la visa H-1B es el principal medio por el cual los empleadores contratan a ciudadanos extranjeros en puestos profesionales, no es la \u00fanica visa de trabajo temporal disponible.<\/p>\n<h2>\u00bfQui\u00e9n califica para un H-1B?<\/h2>\n<p>Para presentar una petici\u00f3n H-1B para un trabajador nacional extranjero, un empleador generalmente debe mostrar lo siguiente:<\/p>\n<ul>\n<li>Que la petici\u00f3n es para un trabajador extranjero en una ocupaci\u00f3n especializada que requiere un t\u00edtulo de licenciatura o superior como el requisito de ingreso m\u00ednimo normal para el puesto;<\/li>\n<li>Que el requisito de t\u00edtulo es com\u00fan para la industria o que el trabajo es tan complejo \/ \u00fanico que solo puede realizarlo un individuo con un t\u00edtulo;<\/li>\n<li>Que el empleador normalmente requiere un t\u00edtulo o su equivalente para el puesto;<\/li>\n<li>Que la naturaleza de los deberes es tan especializada y compleja que el conocimiento requerido para realizar los deberes generalmente se asocia con el logro de un t\u00edtulo de licenciatura o superior;<\/li>\n<li>Que el beneficiario nacional extranjero haya completado el grado requerido o posea experiencia evaluada profesionalmente para ser equivalente al t\u00edtulo requerido.<\/li>\n<\/ul>\n<h2>\u00bfCu\u00e1l es el l\u00edmite?<\/h2>\n<p>El Congreso ha limitado el n\u00famero de peticiones H-1B que pueden ser aceptadas cada a\u00f1o (\u00abel l\u00edmite H-1B\u00bb). Las peticiones de temas de l\u00edmite incluyen nuevas peticiones presentadas para personas que actualmente no est\u00e1n en el estatus H-1B. Los siguientes tipos de peticiones H-1B no est\u00e1n sujetos al l\u00edmite:<\/p>\n<ol>\n<li>Peticiones para extender la cantidad de tiempo que un trabajador actual H-1B puede permanecer en los Estados Unidos;<\/li>\n<li>Peticiones de cambiar los t\u00e9rminos de empleo para los trabajadores actuales H-1B;<\/li>\n<li>Peticiones para permitir que los trabajadores H-1B actuales cambien de empleador;<\/li>\n<li>Peticiones para permitir que los trabajadores actuales H-1B trabajen simult\u00e1neamente en una segunda posici\u00f3n H-1B.<\/li>\n<\/ol>\n<p>Adem\u00e1s, ciertos tipos de peticiones H-1B para nuevos empleos no est\u00e1n sujetos al l\u00edmite H-1B. Estos incluyen peticiones presentadas para trabajadores H-1B que est\u00e1n empleados en una instituci\u00f3n de educaci\u00f3n superior o sus entidades afiliadas u organizaciones sin fines de lucro afines o una organizaci\u00f3n de investigaci\u00f3n sin fines de lucro, o una organizaci\u00f3n de investigaci\u00f3n del gobierno.<\/p>\n<h2>Otras visas de trabajo temporal y no inmigrante<\/h2>\n<p>Dependiendo de su situaci\u00f3n, la visa H-1B puede que no sea la m\u00e1s adecuada para su caso. Tambi\u00e9n podemos ayudar con muchos de los otros <a href=\"https:\/\/www.mmhpc.com\/es\/immigration-law\/employment-based-immigration\/\">tipos de visas de no inmigrante para el trabajo temporal<\/a>, que incluyen, las siguientes:<\/p>\n<ul>\n<li>Visas de visitante y de negocios B-1 \/ B-2<\/li>\n<li>Visas L-1 para personas trasladadas dentro de la empresa<\/li>\n<li>Visas de intercambio y capacitaci\u00f3n J-1<\/li>\n<li>Visas O-1 para aquellos con habilidades extraordinarias<\/li>\n<li>Visas R-1 para trabajadores religiosos<\/li>\n<li>La lista contin\u00faa\u2026<\/li>\n<\/ul>\n<p><a href=\"https:\/\/www.mmhpc.com\/es\/firm-overview\/\">Minsky, McCormick &amp; Hallagan<\/a> tiene d\u00e9cadas de experiencia en leyes de inmigraci\u00f3n. Si tiene preguntas sobre qu\u00e9 tipo de visa de no inmigrante se ajusta mejor a su caso, no dude en llamarnos al (312) 427-6163 o <a title=\"Contact Us\" href=\"https:\/\/www.mmhpc.com\/es\/contact-us\/\">cont\u00e1ctenos en l\u00ednea<\/a>. Nuestra oficina est\u00e1 ubicada en el centro de Chicago.<\/p>\n","protected":false},"excerpt":{"rendered":"<p>\u00bfCu\u00e1l es la visa H-1B? La visa H-1B es una visa de no inmigrante que permite a los empleadores de Los Estados Unidos a emplear temporalmente trabajadores extranjeros en una ocupaci\u00f3n especializada. Si bien la visa H-1B es el principal medio por el cual los empleadores contratan a ciudadanos extranjeros en puestos profesionales, no es &hellip; <\/p>\n<p class=\"link-more\"><a href=\"https:\/\/www.mmhpc.com\/es\/immigration-law\/non-immigrant-visas\/\" class=\"more-link\">Seguir leyendo<span class=\"screen-reader-text\"> \u00abH-1B y Otras Visas de No Inmigrante\u00bb<\/span><\/a><\/p>\n","protected":false},"author":15,"featured_media":14832,"parent":7513,"menu_order":4400,"comment_status":"closed","ping_status":"closed","template":"","meta":{"_acf_changed":false,"_oasis_is_in_workflow":0,"_oasis_original":0,"_oasis_task_priority":"","footnotes":""},"class_list":["post-7533","page","type-page","status-publish","has-post-thumbnail","hentry","entry"],"acf":[],"_links":{"self":[{"href":"https:\/\/www.mmhpc.com\/es\/wp-json\/wp\/v2\/pages\/7533","targetHints":{"allow":["GET"]}}],"collection":[{"href":"https:\/\/www.mmhpc.com\/es\/wp-json\/wp\/v2\/pages"}],"about":[{"href":"https:\/\/www.mmhpc.com\/es\/wp-json\/wp\/v2\/types\/page"}],"author":[{"embeddable":true,"href":"https:\/\/www.mmhpc.com\/es\/wp-json\/wp\/v2\/users\/15"}],"replies":[{"embeddable":true,"href":"https:\/\/www.mmhpc.com\/es\/wp-json\/wp\/v2\/comments?post=7533"}],"version-history":[{"count":5,"href":"https:\/\/www.mmhpc.com\/es\/wp-json\/wp\/v2\/pages\/7533\/revisions"}],"predecessor-version":[{"id":8055,"href":"https:\/\/www.mmhpc.com\/es\/wp-json\/wp\/v2\/pages\/7533\/revisions\/8055"}],"up":[{"embeddable":true,"href":"https:\/\/www.mmhpc.com\/es\/wp-json\/wp\/v2\/pages\/7513"}],"wp:featuredmedia":[{"embeddable":true,"href":"https:\/\/www.mmhpc.com\/es\/wp-json\/wp\/v2\/media\/14832"}],"wp:attachment":[{"href":"https:\/\/www.mmhpc.com\/es\/wp-json\/wp\/v2\/media?parent=7533"}],"curies":[{"name":"wp","href":"https:\/\/api.w.org\/{rel}","templated":true}]}}