{"id":7542,"date":"2012-09-14T14:24:30","date_gmt":"2012-09-14T18:24:30","guid":{"rendered":"https:\/\/www.mmhpc.com\/immigration-law\/removal-defense\/"},"modified":"2024-11-14T15:15:43","modified_gmt":"2024-11-14T21:15:43","slug":"removal-defense","status":"publish","type":"page","link":"https:\/\/www.mmhpc.com\/es\/immigration-law\/removal-defense\/","title":{"rendered":"Defensa de Deportaci\u00f3n y Expulsi\u00f3n"},"content":{"rendered":"<h1>Abogados experimentados en deportaci\u00f3n est\u00e1n a su lado<\/h1>\n<h2>Abogados de deportaci\u00f3n conocen la ley<\/h2>\n<p>Se estima que 11 a 12 millones de personas est\u00e1n en violaci\u00f3n de la Ley de Inmigraci\u00f3n y Nacionalidad y podr\u00edan enfrentar la expulsi\u00f3n, conocida anteriormente como deportaci\u00f3n. Hay una serie de razones por las cuales un residente permanente legal puede enfrentar la expulsi\u00f3n.<\/p>\n<p><a href=\"https:\/\/www.mmhpc.com\/es\/firm-overview\/\">Minsky, McCormick &amp; Hallagan, P.C.<\/a> ofrece abogados expertos en deportaci\u00f3n que pueden representar a los inmigrantes que se enfrentan a la expulsi\u00f3n, incluyendo a los detenidos antes de una audiencia. Somos los abogados que usted desea a su lado en una audiencia de fianza.<\/p>\n<h2>Primero hable con nuestros abogados especializados en deportaci\u00f3n<\/h2>\n<p>La Ley de Inmigraci\u00f3n y Nacionalidad puede ser extremadamente extricta cuando los residentes permanentes legales violan las leyes penales. Algunas de las razones m\u00e1s comunes por la cual una persona puede enfrentar una deportaci\u00f3n son las siguientes:<\/p>\n<ul>\n<li>Fraude matrimonial<\/li>\n<li>Incumplimiento de los t\u00e9rminos de una visa (por ejemplo, trabajar sin autorizaci\u00f3n)<\/li>\n<li>Sobrepasar el tiempo de visita<\/li>\n<li>Un arresto, un cargo, o una convicci\u00f3n de un crimen<\/li>\n<li>Violar una orden de protecci\u00f3n<\/li>\n<li>Proporcionar informaci\u00f3n o documentaci\u00f3n falsa en una solicitud de inmigraci\u00f3n<\/li>\n<\/ul>\n<p>Los procedimientos de deportaci\u00f3n se inician mediante la emisi\u00f3n de un <a href=\"https:\/\/www.uscis.gov\/news\/news-releases\/uscis-updates-notice-appear-policy-guidance-support-dhs-enforcement-priorities\" target=\"_blank\" rel=\"noopener noreferrer\">aviso de comparecencia (NTA por sus siglas en ingles)<\/a> que describen los motivos por los cuales la persona debe ser expulsada de los Estados Unidos, sepa que la remoci\u00f3n no es inminente, el proceso puede demorar meses o hasta a\u00f1os en algunos casos se puede tener derecho a defender su caso. <a href=\"https:\/\/www.mmhpc.com\/es\/attorney-profiles\/\">Los abogados de deportaci\u00f3n<\/a> en Minsky, McCormick and Hallagan, P,C. han ayudado a innumerable personas a combatir con \u00e9xito los procedimientos de expulsi\u00f3n y conservar su residencia y vivir en este pa\u00eds de una manera permanente. Usted puede ser representado por un abogado, el gobierno no le pagara, ni le proporcionara un abogado.<\/p>\n<p>Alguna de las defensas m\u00e1s comunes disponibles en los procedimientos de deportaci\u00f3n son las siguientes:<\/p>\n<ul>\n<li>Las personas pueden solicitar la <a href=\"https:\/\/www.mmhpc.com\/es\/immigration-law\/family-based-immigration-and-citizenship\/\">residencia permanente atreves de un miembro de la familia<\/a>, su empleador, como v\u00edctima de un delito (Visa U), violencia domestica (VAWA) o alguna otra forma por las cuales usted sea elegible.<\/li>\n<li>Las personas que han vivido en los Estados Unidos durante un cierto periodo de tiempo y cumplen con otros requisitos (por ejemplo, buen car\u00e1cter moral) pueden ser elegibles para la \u201cCancelaci\u00f3n de la Expulsi\u00f3n o deportaci\u00f3n\u201d<\/li>\n<li>Las personas que temen regresar a su pa\u00eds de origen tambi\u00e9n pueden ser elegibles para la protecci\u00f3n en virtud de la convenci\u00f3n contra la tortura (CAT por sus siglas en ingles), asilo o la retenci\u00f3n de la expulsi\u00f3n<\/li>\n<li>En raras circunstancias, un individuo puede ser ciudadano de los Estados Unidos y terminar sus procedimientos de expulsi\u00f3n haciendo que el gobierno reconozca su ciudadan\u00eda.<\/li>\n<\/ul>\n<h2>Nuestros abogados de inmigraci\u00f3n tienen la experiencia que usted necesita<\/h2>\n<p>Minsky, McCormick &amp; Hallagan, P.C. ha estado defendiendo a los inmigrantes en los procedimientos deportaci\u00f3n desde 1975. La ley de inmigraci\u00f3n es bastante compleja y est\u00e1 en constante evoluci\u00f3n. Somos abogados conocidos por nuestra preparaci\u00f3n exhaustiva y nuestra firme defensa en las audiencias y apelaciones de deportaci\u00f3n. Ll\u00e1menos al (312) 427-6163 o <a href=\"https:\/\/www.mmhpc.com\/es\/contact-us\/\">cont\u00e1ctenos en l\u00ednea.<\/a> Nuestra oficina se encuentra en el centro de Chicago.<\/p>\n","protected":false},"excerpt":{"rendered":"<p>Abogados experimentados en deportaci\u00f3n est\u00e1n a su lado Abogados de deportaci\u00f3n conocen la ley Se estima que 11 a 12 millones de personas est\u00e1n en violaci\u00f3n de la Ley de Inmigraci\u00f3n y Nacionalidad y podr\u00edan enfrentar la expulsi\u00f3n, conocida anteriormente como deportaci\u00f3n. Hay una serie de razones por las cuales un residente permanente legal puede &hellip; <\/p>\n<p class=\"link-more\"><a href=\"https:\/\/www.mmhpc.com\/es\/immigration-law\/removal-defense\/\" class=\"more-link\">Seguir leyendo<span class=\"screen-reader-text\"> \u00abDefensa de Deportaci\u00f3n y Expulsi\u00f3n\u00bb<\/span><\/a><\/p>\n","protected":false},"author":15,"featured_media":14842,"parent":7513,"menu_order":4600,"comment_status":"closed","ping_status":"closed","template":"","meta":{"_acf_changed":false,"_oasis_is_in_workflow":0,"_oasis_original":0,"_oasis_task_priority":"","footnotes":""},"class_list":["post-7542","page","type-page","status-publish","has-post-thumbnail","hentry","entry"],"acf":[],"_links":{"self":[{"href":"https:\/\/www.mmhpc.com\/es\/wp-json\/wp\/v2\/pages\/7542","targetHints":{"allow":["GET"]}}],"collection":[{"href":"https:\/\/www.mmhpc.com\/es\/wp-json\/wp\/v2\/pages"}],"about":[{"href":"https:\/\/www.mmhpc.com\/es\/wp-json\/wp\/v2\/types\/page"}],"author":[{"embeddable":true,"href":"https:\/\/www.mmhpc.com\/es\/wp-json\/wp\/v2\/users\/15"}],"replies":[{"embeddable":true,"href":"https:\/\/www.mmhpc.com\/es\/wp-json\/wp\/v2\/comments?post=7542"}],"version-history":[{"count":7,"href":"https:\/\/www.mmhpc.com\/es\/wp-json\/wp\/v2\/pages\/7542\/revisions"}],"predecessor-version":[{"id":15028,"href":"https:\/\/www.mmhpc.com\/es\/wp-json\/wp\/v2\/pages\/7542\/revisions\/15028"}],"up":[{"embeddable":true,"href":"https:\/\/www.mmhpc.com\/es\/wp-json\/wp\/v2\/pages\/7513"}],"wp:featuredmedia":[{"embeddable":true,"href":"https:\/\/www.mmhpc.com\/es\/wp-json\/wp\/v2\/media\/14842"}],"wp:attachment":[{"href":"https:\/\/www.mmhpc.com\/es\/wp-json\/wp\/v2\/media?parent=7542"}],"curies":[{"name":"wp","href":"https:\/\/api.w.org\/{rel}","templated":true}]}}