{"id":7560,"date":"2012-10-11T11:38:32","date_gmt":"2012-10-11T15:38:32","guid":{"rendered":"https:\/\/www.mmhpc.com\/immigration-law\/consular-processing-and-adjustment-of-status\/"},"modified":"2024-11-14T15:18:00","modified_gmt":"2024-11-14T21:18:00","slug":"consular-processing-and-adjustment-of-status","status":"publish","type":"page","link":"https:\/\/www.mmhpc.com\/es\/immigration-law\/consular-processing-and-adjustment-of-status\/","title":{"rendered":"Proceso Consular y Ajuste de Estatus"},"content":{"rendered":"<h1>Los abogados de inmigraci\u00f3n pueden ayudarlo a trav\u00e9s del proceso consular<\/h1>\n<p>El proceso de inmigraci\u00f3n en los Estados Unidos puede ser complejo. Y esto es especialmente cierto para las personas fuera del pa\u00eds que intentan ingresar. Procesar solicitudes de inmigraci\u00f3n y de ajuste de estatus para individuos fuera de los Estados Unidos puede requerir la coordinaci\u00f3n entre varias agencias y departamentos y un patrocinador ciudadano o residente permanente. Durante casi 40 a\u00f1os, nuestros abogados han estado ayudando a personas de todo el mundo a inmigrar legalmente a los Estados Unidos o convertirse en residentes permanentes. Entendemos c\u00f3mo funciona el proceso y podemos ayudar a las personas a procesar sus peticiones de manera r\u00e1pida y eficiente.<\/p>\n<h2>Nuestros abogados de inmigraci\u00f3n pueden ayudar a completar o acelerar el proceso consular<\/h2>\n<p>Para las personas que ya est\u00e1n en los Estados Unidos buscando alterar o extender sus visas o ajustar su estado a residente permanente, el punto de contacto principal del gobierno es generalmente el Servicio de Ciudadan\u00eda e Inmigraci\u00f3n de los Estados Unidos que es USCIS (por sus siglas en ingl\u00e9s) o el Departamento de Seguridad Nacional. Pero si se encuentra fuera de los Estados Unidos, el proceso es muy diferente. All\u00ed, debe de tratar principalmente con un consulado o embajada de los Estados unidos y realizar tr\u00e1mites consulares para obtener la residencia permanente o la admisi\u00f3n de visas.<\/p>\n<p>Para navegar de manera efectiva el <a href=\"http:\/\/www.uscis.gov\/portal\/site\/uscis\/menuitem.eb1d4c2a3e5b9ac89243c6a7543f6d1a\/?vgnextoid=62280a5659083210VgnVCM100000082ca60aRCRD&amp;vgnextchannel=62280a5659083210VgnVCM100000082ca60aRCRD\" target=\"_blank\" rel=\"noopener noreferrer\">procesamiento consular<\/a>, debe ser miembro de una categor\u00eda de inmigrante elegible y presentar la documentaci\u00f3n correspondiente para esa categor\u00eda. Las peticiones m\u00e1s comunes son para la inmigraci\u00f3n basada en la familia y el <a href=\"https:\/\/www.mmhpc.com\/es\/immigration-law\/employment-based-immigration\/\">empleo<\/a>. Los refugiados, los que solicitan asilo, las clases especiales de inmigrantes y otros beneficiarios de los programas humanitarios tambi\u00e9n pueden presentar una petici\u00f3n de inmigraci\u00f3n. Un <a href=\"https:\/\/www.mmhpc.com\/es\/immigration-law\/employment-based-immigration\/\">abogado en nuestro<\/a> despacho puede ayudarlo a comprender los requisitos para su clase de inmigrantes en particular y ayudarlo a recopilar y archivar la documentaci\u00f3n requerida. Obtener su aplicaci\u00f3n correctamente la primera vez puede acelerar el proceso.<\/p>\n<h2>Nuestros abogados de inmigraci\u00f3n pueden ayudarlo a coordinar con su patrocinador dentro de los Estados Unidos.<\/h2>\n<p>Varios tipos de procesamiento consular, incluyendo la inmigraci\u00f3n basada en la familia y el empleo, requieren que el solicitante se coordine con un patrocinador. Por lo general, este es un miembro de la familia que ya es ciudadano o residente permanente o un empleador que opera en los Estados Unidos. Su patrocinador debe presentar cierta documentaci\u00f3n con USCIS para la inmigraci\u00f3n basada en el empleo, tambi\u00e9n se puede solicitar al posible empleador que presente documentos ante el Departamento de Trabajo de los Estados Unidos.<\/p>\n<h2>Nuestros abogados han estado guiando clientes a trav\u00e9s del proceso consular desde 1975<\/h2>\n<p>Minsky, McCormick &amp; Hallagan, PC ha ayudado a personas de todo el mundo a abordar problemas de inmigraci\u00f3n desde 1975. Llamea nuestra oficina de Chicago, Illinois al (312) 427-6163 o <a title=\"Contact Us\" href=\"https:\/\/www.mmhpc.com\/es\/contact-us\/\">cont\u00e1ctenos en l\u00ednea<\/a> para discutir su problema de inmigraci\u00f3n con un abogado experimentado y dedicado.<\/p>\n","protected":false},"excerpt":{"rendered":"<p>Los abogados de inmigraci\u00f3n pueden ayudarlo a trav\u00e9s del proceso consular El proceso de inmigraci\u00f3n en los Estados Unidos puede ser complejo. Y esto es especialmente cierto para las personas fuera del pa\u00eds que intentan ingresar. Procesar solicitudes de inmigraci\u00f3n y de ajuste de estatus para individuos fuera de los Estados Unidos puede requerir la &hellip; <\/p>\n<p class=\"link-more\"><a href=\"https:\/\/www.mmhpc.com\/es\/immigration-law\/consular-processing-and-adjustment-of-status\/\" class=\"more-link\">Seguir leyendo<span class=\"screen-reader-text\"> \u00abProceso Consular y Ajuste de Estatus\u00bb<\/span><\/a><\/p>\n","protected":false},"author":15,"featured_media":14855,"parent":7513,"menu_order":4900,"comment_status":"closed","ping_status":"closed","template":"","meta":{"_acf_changed":false,"_oasis_is_in_workflow":0,"_oasis_original":0,"_oasis_task_priority":"","footnotes":""},"class_list":["post-7560","page","type-page","status-publish","has-post-thumbnail","hentry","entry"],"acf":[],"_links":{"self":[{"href":"https:\/\/www.mmhpc.com\/es\/wp-json\/wp\/v2\/pages\/7560","targetHints":{"allow":["GET"]}}],"collection":[{"href":"https:\/\/www.mmhpc.com\/es\/wp-json\/wp\/v2\/pages"}],"about":[{"href":"https:\/\/www.mmhpc.com\/es\/wp-json\/wp\/v2\/types\/page"}],"author":[{"embeddable":true,"href":"https:\/\/www.mmhpc.com\/es\/wp-json\/wp\/v2\/users\/15"}],"replies":[{"embeddable":true,"href":"https:\/\/www.mmhpc.com\/es\/wp-json\/wp\/v2\/comments?post=7560"}],"version-history":[{"count":7,"href":"https:\/\/www.mmhpc.com\/es\/wp-json\/wp\/v2\/pages\/7560\/revisions"}],"predecessor-version":[{"id":15039,"href":"https:\/\/www.mmhpc.com\/es\/wp-json\/wp\/v2\/pages\/7560\/revisions\/15039"}],"up":[{"embeddable":true,"href":"https:\/\/www.mmhpc.com\/es\/wp-json\/wp\/v2\/pages\/7513"}],"wp:featuredmedia":[{"embeddable":true,"href":"https:\/\/www.mmhpc.com\/es\/wp-json\/wp\/v2\/media\/14855"}],"wp:attachment":[{"href":"https:\/\/www.mmhpc.com\/es\/wp-json\/wp\/v2\/media?parent=7560"}],"curies":[{"name":"wp","href":"https:\/\/api.w.org\/{rel}","templated":true}]}}