{"id":7566,"date":"2012-10-11T11:39:48","date_gmt":"2012-10-11T15:39:48","guid":{"rendered":"https:\/\/www.mmhpc.com\/immigration-law\/deferred-action-and-dreamers\/"},"modified":"2024-11-14T15:18:42","modified_gmt":"2024-11-14T21:18:42","slug":"deferred-action-and-dreamers","status":"publish","type":"page","link":"https:\/\/www.mmhpc.com\/es\/immigration-law\/deferred-action-and-dreamers\/","title":{"rendered":"Acci\u00f3n diferida y so\u00f1adores (DREAMERS)"},"content":{"rendered":"<h1>Los abogados de inmigraci\u00f3n pueden ayudar a los so\u00f1adores con la acci\u00f3n diferida<\/h1>\n<p>Si ingres\u00f3 ilegalmente a los Estados Unidos cuando era ni\u00f1o, probablemente haya vivido con el temor de ser descubierto y deportado. Adem\u00e1s, probablemente le negaron el acceso a muchas oportunidades debido a este temor y su falta de documentaci\u00f3n. Afortunadamente, los recientes desarrollos legales han dado a las personas en esta situaci\u00f3n una opci\u00f3n para escapar del miedo constante a la <a href=\"https:\/\/www.mmhpc.com\/es\/immigration-law\/removal-defense\/\">deportaci\u00f3n<\/a> y obtener la documentaci\u00f3n necesaria para acceder a servicios y oportunidades que otros dan por sentado. Desde 1975, los abogados de Minsky, McCormick &amp; Hallagan, PC han ayudado a innumerables personas a navegar el proceso de inmigraci\u00f3n a Chicago. Estamos informados de las \u00faltimas actualizaciones de la pol\u00edtica de inmigraci\u00f3n y estamos listos para ayudar a aquellos que califiquen a aprovechar estos beneficios de inmigraci\u00f3n.<\/p>\n<h2>DREAM Act en Chicago<\/h2>\n<p>La Ley de Desarrollo, Alivio y Educaci\u00f3n para Menores Extranjeros (DREAM) es una propuesta de legislaci\u00f3n que otorgar\u00eda estatus legal a miles de individuos calificados. Se aplica a aquellos que ingresaron al pa\u00eds ilegalmente cuando eran ni\u00f1os peque\u00f1os, pero que han vivido aqu\u00ed continuamente durante al menos cinco a\u00f1os y han mantenido un buen car\u00e1cter durante ese tiempo.<\/p>\n<p>Desafortunadamente, si bien el DREAM Act fue propuesto hace a\u00f1os, el Congreso a\u00fan no lo ha aprobado. Para abordar este problema, el gobierno de Obama anunci\u00f3 recientemente el programa de \u00abacci\u00f3n diferida\u00bb. Este programa hace que la protecci\u00f3n renovable de dos a\u00f1os frente a la deportaci\u00f3n est\u00e9 disponible para muchas personas que calificar\u00edan seg\u00fan la Ley DREAM. Los inmigrantes de Chicago en esta categor\u00eda pueden aprovechar este programa presentando una solicitud ante los Servicios de Ciudadan\u00eda e Inmigraci\u00f3n de los Estados Unidos (USCIS).<\/p>\n<p>Para calificar, debe cumplir con los siguientes requisitos:<\/p>\n<ul>\n<li>Ser menor de 31 a\u00f1os a partir del 15 de junio de 2012<\/li>\n<li>Demostrar que ingres\u00f3 al pa\u00eds cuando era menor de 16 a\u00f1os<\/li>\n<li>demostrar que vivi\u00f3 en el pa\u00eds continuamente durante al menos cinco a\u00f1os<\/li>\n<li>Demostrar que est\u00e1 en este momento u obtuvo su diploma de escuela secundaria o equivalencia, o sirvi\u00f3 en el ej\u00e9rcito<\/li>\n<\/ul>\n<p>Adem\u00e1s, no debe haber sido condenado por un delito grave o ciertos delitos menores. Aquellos que hubieran calificado bajo el DREAM Act pueden solicitar una acci\u00f3n diferida presentando el <a href=\"http:\/\/www.uscis.gov\/portal\/site\/uscis\/menuitem.5af9bb95919f35e66f614176543f6d1a\/?vgnextoid=05faf6c546129310VgnVCM100000082ca60aRCRD&amp;vgnextchannel=db029c7755cb9010VgnVCM10000045f3d6a1RCRD\" target=\"_blank\" rel=\"noopener noreferrer\">Formulario I-821D<\/a> ante el USCIS. Nuestros <a href=\"https:\/\/www.mmhpc.com\/es\/attorney-profiles\/\">abogados especializados en el DREAM Act<\/a> pueden ayudarlo a entender los pros y los contras del programa de acci\u00f3n diferida. Tambi\u00e9n lo ayudaran a presentar la documentaci\u00f3n correcta y completa para que su solicitud sea procesada r\u00e1pidamente.<\/p>\n<h2>Si est\u00e1 interesado en este proceso de inmigraci\u00f3n, cont\u00e1ctenos hoy<\/h2>\n<p>La firma de abogados de Minsky, McCormick &amp; Hallagan, PC, ha pasado casi 40 a\u00f1os ayudando a individuos y familias a enfrentar todos los problemas de inmigraci\u00f3n, desde los m\u00e1s simples hasta los m\u00e1s complejos. Nuestros abogados con experiencia pueden ayudarlo a entender el proceso, reunir los documentos necesarios y enviar los formularios requeridos. Llame a nuestra oficina de Chicago, Illinois al (312) 427-6163 o <a title=\"Contact Us\" href=\"https:\/\/www.mmhpc.com\/es\/contact-us\/\">cont\u00e1ctenos en l\u00ednea<\/a> para discutir su problema de inmigraci\u00f3n con un abogado experimentado y dedicado.<\/p>\n","protected":false},"excerpt":{"rendered":"<p>Los abogados de inmigraci\u00f3n pueden ayudar a los so\u00f1adores con la acci\u00f3n diferida Si ingres\u00f3 ilegalmente a los Estados Unidos cuando era ni\u00f1o, probablemente haya vivido con el temor de ser descubierto y deportado. Adem\u00e1s, probablemente le negaron el acceso a muchas oportunidades debido a este temor y su falta de documentaci\u00f3n. Afortunadamente, los recientes &hellip; <\/p>\n<p class=\"link-more\"><a href=\"https:\/\/www.mmhpc.com\/es\/immigration-law\/deferred-action-and-dreamers\/\" class=\"more-link\">Seguir leyendo<span class=\"screen-reader-text\"> \u00abAcci\u00f3n diferida y so\u00f1adores (DREAMERS)\u00bb<\/span><\/a><\/p>\n","protected":false},"author":15,"featured_media":14860,"parent":7513,"menu_order":5000,"comment_status":"closed","ping_status":"closed","template":"","meta":{"_acf_changed":false,"_oasis_is_in_workflow":0,"_oasis_original":0,"_oasis_task_priority":"","footnotes":""},"class_list":["post-7566","page","type-page","status-publish","has-post-thumbnail","hentry","entry"],"acf":[],"_links":{"self":[{"href":"https:\/\/www.mmhpc.com\/es\/wp-json\/wp\/v2\/pages\/7566","targetHints":{"allow":["GET"]}}],"collection":[{"href":"https:\/\/www.mmhpc.com\/es\/wp-json\/wp\/v2\/pages"}],"about":[{"href":"https:\/\/www.mmhpc.com\/es\/wp-json\/wp\/v2\/types\/page"}],"author":[{"embeddable":true,"href":"https:\/\/www.mmhpc.com\/es\/wp-json\/wp\/v2\/users\/15"}],"replies":[{"embeddable":true,"href":"https:\/\/www.mmhpc.com\/es\/wp-json\/wp\/v2\/comments?post=7566"}],"version-history":[{"count":6,"href":"https:\/\/www.mmhpc.com\/es\/wp-json\/wp\/v2\/pages\/7566\/revisions"}],"predecessor-version":[{"id":15041,"href":"https:\/\/www.mmhpc.com\/es\/wp-json\/wp\/v2\/pages\/7566\/revisions\/15041"}],"up":[{"embeddable":true,"href":"https:\/\/www.mmhpc.com\/es\/wp-json\/wp\/v2\/pages\/7513"}],"wp:featuredmedia":[{"embeddable":true,"href":"https:\/\/www.mmhpc.com\/es\/wp-json\/wp\/v2\/media\/14860"}],"wp:attachment":[{"href":"https:\/\/www.mmhpc.com\/es\/wp-json\/wp\/v2\/media?parent=7566"}],"curies":[{"name":"wp","href":"https:\/\/api.w.org\/{rel}","templated":true}]}}