{"id":7571,"date":"2012-10-11T11:41:05","date_gmt":"2012-10-11T15:41:05","guid":{"rendered":"https:\/\/www.mmhpc.com\/immigration-law\/employment-based-immigration\/"},"modified":"2024-11-14T15:19:20","modified_gmt":"2024-11-14T21:19:20","slug":"employment-based-immigration","status":"publish","type":"page","link":"https:\/\/www.mmhpc.com\/es\/immigration-law\/employment-based-immigration\/","title":{"rendered":"Inmigraci\u00f3n Basada en el Empleo"},"content":{"rendered":"<h1>Inmigraci\u00f3n basada en el empleo<\/h1>\n<p>Trabajar en los Estados Unidos ofrece muchas oportunidades para personas talentosas y trabajadoras del extranjero. La inmigraci\u00f3n basada en el empleo tambi\u00e9n permite a las empresas en los Estados Unidos recurrir a un grupo m\u00e1s amplio de talentos para encontrar los empleados que mejor se ajustan a sus necesidades. Pero la inmigraci\u00f3n basada en el empleo tambi\u00e9n puede ser complicada, y requiere la coordinaci\u00f3n del empleador, el empleado y varias agencias gubernamentales. Si no se env\u00edan los formularios adecuados, la documentaci\u00f3n y las tarifas pueden retrasar seriamente el proceso. Y en un negocio acelerado, este tipo de retrasos son inaceptables. Es por eso que los empleadores y posibles empleados recurren a los <a href=\"https:\/\/www.mmhpc.com\/es\/attorney-profiles\/\">abogados de inmigraci\u00f3n<\/a> experimentados de nuestro despacho para ayudarlos a navegar el proceso de inmigraci\u00f3n basada en el empleo.<\/p>\n<h2>Nuestros abogados de inmigraci\u00f3n pueden ayudarlo con asuntos relacionados con su visa de trabajo<\/h2>\n<p>Una vez que haya recibido una oferta de trabajo para un puesto en los Estados Unidos, el siguiente paso es obtener una visa de empleo. Las visas permanentes de empleo en Chicago y en todo Estados Unidos se dividen en <a href=\"http:\/\/www.uscis.gov\/portal\/site\/uscis\/menuitem.eb1d4c2a3e5b9ac89243c6a7543f6d1a\/?vgnextoid=cdfd2f8b69583210VgnVCM100000082ca60aRCRD&amp;vgnextchannel=cdfd2f8b69583210VgnVCM100000082ca60aRCRD\" target=\"_blank\" rel=\"noopener noreferrer\">cinco categor\u00edas de preferencia<\/a>. El proceso para obtener su visa es diferente dependiendo de su categor\u00eda de preferencia. Por ejemplo, los solicitantes de visas EB-1, reservadas para personas con habilidades extraordinarias o destacadas y ejecutivos multinacionales, pueden presentar una petici\u00f3n en su propio nombre y no necesitan obtener una <a href=\"https:\/\/www.mmhpc.com\/es\/immigration-law\/labor-certification-perm\/\">certificaci\u00f3n laboral<\/a> del Departamento de Trabajo.<\/p>\n<p>Los tipos m\u00e1s comunes en esta categor\u00eda son, EB-2 a EB-4, requieren que el futuro empleador presente una petici\u00f3n en nombre del trabajador extranjero. El empleador tambi\u00e9n debe obtener la certificaci\u00f3n del Departamento de Trabajo de que no hay suficientes trabajadores en los Estados Unidos que puedan y desean a cubrir el puesto y que la contrataci\u00f3n de un trabajador extranjero no afecte negativamente los salarios y las condiciones de trabajo de los trabajadores estadounidenses en situaciones similares. Cada tipo de solicitud tambi\u00e9n debe contener documentaci\u00f3n de la educaci\u00f3n y experiencia del solicitante para corroborar su inclusi\u00f3n en ese grupo de preferencia.<\/p>\n<p>Con casi 40 a\u00f1os de experiencia en asuntos de leyes de inmigraci\u00f3n, los <a href=\"https:\/\/www.mmhpc.com\/es\/firm-overview\/\">abogados<\/a> en nuestro despacho entienden c\u00f3mo funciona el proceso de visa de empleo. Sabemos c\u00f3mo evitar errores comunes y trampas que pueden retrasar el procesamiento. Ayudamos a empleadores y posibles empleados a obtener sus aplicaciones correctamente a la primera vez. Nuestros abogados y personal de apoyo lo ayudan a obtener la documentaci\u00f3n adecuada y a completar los formularios necesarios para procesar su petici\u00f3n de manera adecuada.<\/p>\n<h2>Cont\u00e1ctanos hoy si est\u00e1s interesado en contratar un ciudadano extranjero o si est\u00e1s interesado en adquirir una visa de empleo en los Estados Unidos.<\/h2>\n<p>Los abogados de Minsky, McCormick &amp; Hallagan, PC tienen experiencia con los diversos tipos de visas de empleo. Desde 1975, hemos ayudado a los empleadores de los Estados Unidos y a los extranjeros que aspiran en trabajar dentro los Estados Unidos a navegar este complejo proceso. Llame a nuestra oficina en Chicago, Illinois al (312) 427-6163 o <a title=\"Contact Us\" href=\"https:\/\/www.mmhpc.com\/es\/contact-us\/\" target=\"_blank\" rel=\"noopener noreferrer\">cont\u00e1ctenos en l\u00ednea<\/a> para discutir su problema de inmigraci\u00f3n con un abogado experimentado y dedicado.<\/p>\n","protected":false},"excerpt":{"rendered":"<p>Inmigraci\u00f3n basada en el empleo Trabajar en los Estados Unidos ofrece muchas oportunidades para personas talentosas y trabajadoras del extranjero. La inmigraci\u00f3n basada en el empleo tambi\u00e9n permite a las empresas en los Estados Unidos recurrir a un grupo m\u00e1s amplio de talentos para encontrar los empleados que mejor se ajustan a sus necesidades. Pero &hellip; <\/p>\n<p class=\"link-more\"><a href=\"https:\/\/www.mmhpc.com\/es\/immigration-law\/employment-based-immigration\/\" class=\"more-link\">Seguir leyendo<span class=\"screen-reader-text\"> \u00abInmigraci\u00f3n Basada en el Empleo\u00bb<\/span><\/a><\/p>\n","protected":false},"author":15,"featured_media":14865,"parent":7513,"menu_order":5100,"comment_status":"closed","ping_status":"closed","template":"","meta":{"_acf_changed":false,"_oasis_is_in_workflow":0,"_oasis_original":0,"_oasis_task_priority":"","footnotes":""},"class_list":["post-7571","page","type-page","status-publish","has-post-thumbnail","hentry","entry"],"acf":[],"_links":{"self":[{"href":"https:\/\/www.mmhpc.com\/es\/wp-json\/wp\/v2\/pages\/7571","targetHints":{"allow":["GET"]}}],"collection":[{"href":"https:\/\/www.mmhpc.com\/es\/wp-json\/wp\/v2\/pages"}],"about":[{"href":"https:\/\/www.mmhpc.com\/es\/wp-json\/wp\/v2\/types\/page"}],"author":[{"embeddable":true,"href":"https:\/\/www.mmhpc.com\/es\/wp-json\/wp\/v2\/users\/15"}],"replies":[{"embeddable":true,"href":"https:\/\/www.mmhpc.com\/es\/wp-json\/wp\/v2\/comments?post=7571"}],"version-history":[{"count":6,"href":"https:\/\/www.mmhpc.com\/es\/wp-json\/wp\/v2\/pages\/7571\/revisions"}],"predecessor-version":[{"id":15043,"href":"https:\/\/www.mmhpc.com\/es\/wp-json\/wp\/v2\/pages\/7571\/revisions\/15043"}],"up":[{"embeddable":true,"href":"https:\/\/www.mmhpc.com\/es\/wp-json\/wp\/v2\/pages\/7513"}],"wp:featuredmedia":[{"embeddable":true,"href":"https:\/\/www.mmhpc.com\/es\/wp-json\/wp\/v2\/media\/14865"}],"wp:attachment":[{"href":"https:\/\/www.mmhpc.com\/es\/wp-json\/wp\/v2\/media?parent=7571"}],"curies":[{"name":"wp","href":"https:\/\/api.w.org\/{rel}","templated":true}]}}