{"id":7579,"date":"2011-05-16T17:27:53","date_gmt":"2011-05-16T22:27:53","guid":{"rendered":"https:\/\/www.mmhpc.com\/contact-us\/"},"modified":"2026-04-15T15:05:54","modified_gmt":"2026-04-15T20:05:54","slug":"contact-us","status":"publish","type":"page","link":"https:\/\/www.mmhpc.com\/es\/contact-us\/","title":{"rendered":"Cont\u00e1ctenos"},"content":{"rendered":"<div class=\"contact-pg-cnt\">\n<h2 class=\"help\"><strong>\u00a1Empecemos!<\/strong>Nosotras ayudamos a los inmigrantes<\/h2>\n<div class=\"immigration-btm-cnt-lst\">\n<div class=\"container\">\n<div class=\"immigration-btm-cnt\">\n<div class=\"left-cnt\"><img loading=\"lazy\" decoding=\"async\" src=\"https:\/\/www.mmhpc.com\/wp-content\/uploads\/contact1.png\" alt=\"cnt-lft-img\" width=\"900\" height=\"555\" title=\"\"><\/div>\n<div class=\"left-mobile-cnt\"><img loading=\"lazy\" decoding=\"async\" src=\"https:\/\/www.mmhpc.com\/wp-content\/uploads\/contact2.png\" alt=\"cont-mobile-left-img\" width=\"875\" height=\"577\" title=\"\"><\/div>\n<div class=\"rit-cnt\">\n<h5>Listo para iniciar su inmigraci\u00f3n<br \/>\n\u00bfviajar con nosotros?<\/h5>\n<h2>Programe su<br \/>\nCita<\/h2>\n<div class=\"cnt-book-btn\"><a class=\"cmn-btn\" href=\"https:\/\/app.acuityscheduling.com\/schedule\/8592356f\" target=\"_blank\" rel=\"noopener\">Reserva ahora<\/a><\/div>\n<\/div>\n<\/div>\n<\/div>\n<\/div>\n<div class=\"cont-form-sec-lst\">\n<div class=\"container\">\n<div class=\"cont-form-sec\">\n<h2>Contacta con nosotras hoy<\/h2>\n<p>Nuestra oficina se comunicar\u00e1 con usted para programar una consulta con uno de nuestros abogados. Tenga en cuenta que se aplicar\u00e1 una tarifa de consulta.<\/p>\n<script>\nvar gform;gform||(document.addEventListener(\"gform_main_scripts_loaded\",function(){gform.scriptsLoaded=!0}),document.addEventListener(\"gform\/theme\/scripts_loaded\",function(){gform.themeScriptsLoaded=!0}),window.addEventListener(\"DOMContentLoaded\",function(){gform.domLoaded=!0}),gform={domLoaded:!1,scriptsLoaded:!1,themeScriptsLoaded:!1,isFormEditor:()=>\"function\"==typeof InitializeEditor,callIfLoaded:function(o){return!(!gform.domLoaded||!gform.scriptsLoaded||!gform.themeScriptsLoaded&&!gform.isFormEditor()||(gform.isFormEditor()&&console.warn(\"The use of gform.initializeOnLoaded() is deprecated in the form editor context and will be removed in Gravity Forms 3.1.\"),o(),0))},initializeOnLoaded:function(o){gform.callIfLoaded(o)||(document.addEventListener(\"gform_main_scripts_loaded\",()=>{gform.scriptsLoaded=!0,gform.callIfLoaded(o)}),document.addEventListener(\"gform\/theme\/scripts_loaded\",()=>{gform.themeScriptsLoaded=!0,gform.callIfLoaded(o)}),window.addEventListener(\"DOMContentLoaded\",()=>{gform.domLoaded=!0,gform.callIfLoaded(o)}))},hooks:{action:{},filter:{}},addAction:function(o,r,e,t){gform.addHook(\"action\",o,r,e,t)},addFilter:function(o,r,e,t){gform.addHook(\"filter\",o,r,e,t)},doAction:function(o){gform.doHook(\"action\",o,arguments)},applyFilters:function(o){return gform.doHook(\"filter\",o,arguments)},removeAction:function(o,r){gform.removeHook(\"action\",o,r)},removeFilter:function(o,r,e){gform.removeHook(\"filter\",o,r,e)},addHook:function(o,r,e,t,n){null==gform.hooks[o][r]&&(gform.hooks[o][r]=[]);var d=gform.hooks[o][r];null==n&&(n=r+\"_\"+d.length),gform.hooks[o][r].push({tag:n,callable:e,priority:t=null==t?10:t})},doHook:function(r,o,e){var t;if(e=Array.prototype.slice.call(e,1),null!=gform.hooks[r][o]&&((o=gform.hooks[r][o]).sort(function(o,r){return o.priority-r.priority}),o.forEach(function(o){\"function\"!=typeof(t=o.callable)&&(t=window[t]),\"action\"==r?t.apply(null,e):e[0]=t.apply(null,e)})),\"filter\"==r)return e[0]},removeHook:function(o,r,t,n){var e;null!=gform.hooks[o][r]&&(e=(e=gform.hooks[o][r]).filter(function(o,r,e){return!!(null!=n&&n!=o.tag||null!=t&&t!=o.priority)}),gform.hooks[o][r]=e)}});\n<\/script>\n\n                <div class='gf_browser_gecko gform_wrapper gform_legacy_markup_wrapper gform-theme--no-framework' data-form-theme='legacy' data-form-index='0' id='gform_wrapper_15' ><div id='gf_15' class='gform_anchor' tabindex='-1'><\/div><form method='post' enctype='multipart\/form-data' target='gform_ajax_frame_15' id='gform_15'  action='\/es\/wp-json\/wp\/v2\/pages\/7579#gf_15' data-formid='15' novalidate autocomplete=\"password\"> \r\n <input type='hidden' class='gforms-pum' value='{\"closepopup\":false,\"closedelay\":0,\"openpopup\":false,\"openpopup_id\":0}' \/>\n                        <div class='gform-body gform_body'><ul id='gform_fields_15' class='gform_fields top_label form_sublabel_below description_below validation_below'><li id=\"field_15_14\" class=\"gfield gfield--type-honeypot gform_validation_container field_sublabel_below gfield--has-description field_description_below field_validation_below gfield_visibility_visible\"  ><label class='gfield_label gform-field-label' for='input_15_14'>Phone<\/label><div class='ginput_container'><input autocomplete=\"password\"  name='input_14' id='input_15_14' type='text' value='' autocomplete='new-password'\/><\/div><div class='gfield_description' id='gfield_description_15_14'>Este campo es un campo de validaci\u00f3n y debe quedar sin cambios.<\/div><\/li><\/ul><fieldset class=\"gfieldset gform_fieldset_begin gform_fieldset left-fields\"><legend class=\"gfieldset-legend\">Left Fields<\/legend><ul class=\"gform_fields top_label form_sublabel_below description_below validation_below\"><li id=\"field_15_1\" class=\"gfield gfield--type-text gfield--input-type-text ctpgfrm-fname inrfrm-fname gfield_contains_required field_sublabel_below gfield--no-description field_description_below field_validation_below gfield_visibility_visible\"  ><label class='gfield_label gform-field-label' for='input_15_1'>Nombre de pila...<span class=\"gfield_required\"><span class=\"gfield_required gfield_required_asterisk\">*<\/span><\/span><\/label><div class='ginput_container ginput_container_text'><input autocomplete=\"password\"  name='input_1' id='input_15_1' type='text' value='' class='medium'    placeholder='Nombre de pila...' aria-required=\"true\" aria-invalid=\"false\"   \/><\/div><\/li><li id=\"field_15_4\" class=\"gfield gfield--type-text gfield--input-type-text ctpgfrm-lname inrfrm-lname gfield_contains_required field_sublabel_below gfield--no-description field_description_below field_validation_below gfield_visibility_visible\"  ><label class='gfield_label gform-field-label' for='input_15_4'>Apellido...<span class=\"gfield_required\"><span class=\"gfield_required gfield_required_asterisk\">*<\/span><\/span><\/label><div class='ginput_container ginput_container_text'><input autocomplete=\"password\"  name='input_4' id='input_15_4' type='text' value='' class='medium'    placeholder='Apellido...' aria-required=\"true\" aria-invalid=\"false\"   \/><\/div><\/li><\/ul><\/fieldset><fieldset class=\"gfieldset gform_fieldset_begin gform_fieldset middle-fields\"><legend class=\"gfieldset-legend\">Middle Fields<\/legend><ul class=\"gform_fields top_label form_sublabel_below description_below validation_below\"><li id=\"field_15_7\" class=\"gfield gfield--type-email gfield--input-type-email ctpgfrm-email inrfrm-email gfield_contains_required field_sublabel_below gfield--no-description field_description_below field_validation_below gfield_visibility_visible\"  ><label class='gfield_label gform-field-label' for='input_15_7'>Correo electr\u00f3nico...<span class=\"gfield_required\"><span class=\"gfield_required gfield_required_asterisk\">*<\/span><\/span><\/label><div class='ginput_container ginput_container_email'>\n                            <input autocomplete=\"password\"  name='input_7' id='input_15_7' type='email' value='' class='medium'   placeholder='Correo electr\u00f3nico...' aria-required=\"true\" aria-invalid=\"false\"  \/>\n                        <\/div><\/li><li id=\"field_15_8\" class=\"gfield gfield--type-phone gfield--input-type-phone ctpgfrm-phone inrfrm-phone gfield_contains_required field_sublabel_below gfield--no-description field_description_below field_validation_below gfield_visibility_visible\"  ><label class='gfield_label gform-field-label' for='input_15_8'>N\u00famero de tel\u00e9fono...<span class=\"gfield_required\"><span class=\"gfield_required gfield_required_asterisk\">*<\/span><\/span><\/label><div class='ginput_container ginput_container_phone'><input autocomplete=\"password\"  name='input_8' id='input_15_8' type='tel' value='' class='medium'  placeholder='N\u00famero de tel\u00e9fono...' aria-required=\"true\" aria-invalid=\"false\"   \/><\/div><\/li><\/ul><\/fieldset><fieldset class=\"gfieldset gform_fieldset_begin gform_fieldset right-fields\"><legend class=\"gfieldset-legend\">Right Fields<\/legend><ul class=\"gform_fields top_label form_sublabel_below description_below validation_below\"><li id=\"field_15_13\" class=\"gfield gfield--type-select gfield--input-type-select gfield--width-full requested field_sublabel_below gfield--no-description field_description_below field_validation_below gfield_visibility_visible\"  ><label class='gfield_label gform-field-label' for='input_15_13'>Abogado solicitado<\/label><div class='ginput_container ginput_container_select'><select name='input_13' id='input_15_13' class='large gfield_select'     aria-invalid=\"false\" ><option value='' selected='selected' class='gf_placeholder'>Abogado solicitado<\/option><option value='Beata Leja' >Beata Leja<\/option><option value='James Hallagan' >James Hallagan<\/option><option value='Tahreem Kalam' >Tahreem Kalam<\/option><option value='Aaron Lawee' >Aaron Lawee<\/option><option value='Ana Valenzuela' >Ana Valenzuela<\/option><option value='Anna Buskila' >Anna Buskila<\/option><option value='Amanda Rizzo' >Amanda Rizzo<\/option><option value='Chandni Shah' >Chandni Shah<\/option><option value='Courtney Wachal' >Courtney Wachal<\/option><option value='Grace Parsons' >Grace Parsons<\/option><option value='JuanCamilo Parrado' >JuanCamilo Parrado<\/option><option value='Robert Carpenter' >Robert Carpenter<\/option><\/select><\/div><\/li><li id=\"field_15_11\" class=\"gfield gfield--type-textarea gfield--input-type-textarea ctpgfrm-mesg inrfrm-mesg message gfield_contains_required field_sublabel_below gfield--no-description field_description_below field_validation_below gfield_visibility_visible\"  ><label class='gfield_label gform-field-label' for='input_15_11'>Mensaje...<span class=\"gfield_required\"><span class=\"gfield_required gfield_required_asterisk\">*<\/span><\/span><\/label><div class='ginput_container ginput_container_textarea'><textarea autocomplete=\"password\"  name='input_11' id='input_15_11' class='textarea medium'    placeholder='Mensaje...' aria-required=\"true\" aria-invalid=\"false\"   rows='10' cols='50'><\/textarea><\/div><\/li><\/ul><\/fieldset><\/div>\n        <div class='gform-footer gform_footer top_label'> <input type='submit' id='gform_submit_button_15' class='gform_button button' onclick='gform.submission.handleButtonClick(this);' data-submission-type='submit' value='Enviar mi solicitud'  \/> <input type='hidden' name='gform_ajax' value='form_id=15&amp;title=&amp;description=&amp;tabindex=0&amp;theme=legacy&amp;styles=[]&amp;hash=c8534ac002701767dc2563e7b04efb42' \/>\n            <input type='hidden' class='gform_hidden' name='gform_submission_method' data-js='gform_submission_method_15' value='iframe' \/>\n            <input type='hidden' class='gform_hidden' name='gform_theme' data-js='gform_theme_15' id='gform_theme_15' value='legacy' \/>\n            <input type='hidden' class='gform_hidden' name='gform_style_settings' data-js='gform_style_settings_15' id='gform_style_settings_15' value='[]' \/>\n            <input type='hidden' class='gform_hidden' name='is_submit_15' value='1' \/>\n            <input type='hidden' class='gform_hidden' name='gform_submit' value='15' \/>\n            \n            <input type='hidden' class='gform_hidden' name='gform_currency' data-currency='USD' value='gfMGDULVv1FrfLzODBVKRcm179enJorDLoPjOB0YIjAgoHlprUzib1qd0RoHqyrOLbzfm5O7\/kDz9ofKGhUbpcL8fUGDBGEPNooiyurD1AWgMss=' \/>\n            <input type='hidden' class='gform_hidden' name='gform_unique_id' value='' \/>\n            <input type='hidden' class='gform_hidden' name='state_15' value='WyJ7XCIxM1wiOltcIjdhZTkxNmJiM2NmNDUyMzc4ZjhmNjQ1NTI2MzYxNTRmXCIsXCJhYTYzMThhNTdiNmZiMjQzYTY1Yzc0ODAyNmVjZTVmOFwiLFwiYmUyNDBlY2I5YjNiYTg5NTc5M2ZmZDllOTAxZWY2YmVcIixcIjQ0OGE3NWMwMzY3YTJmNzU4YTQwMjMyZjQ3ZDRkMjhmXCIsXCIwMDkzMTE1MjMwOWYxNzVjZWRmYTgwZjY5YzhmMWFkZFwiLFwiMWEyZmNiYjkxYjU2MWZmMzM5ZmUzMjgyNTMyZTk5YzdcIixcIjUzYTJiZjliZTk2MjU5Yjc0ZjM3Y2I3YjI0NzhmODQxXCIsXCI5NDg1ZTg0ZTA3YWFkYzlhODUzNzVjMzliZmY3OWQ3NFwiLFwiOTM5NzAxMTE2OWFlOTVhNmM4ZjMwYzJhNTZjZmE2YzFcIixcIjJhMTE2NDM0OTAzZWNkZTNlZDJmOTE4MzZkMTM4MzJkXCIsXCI5NjM5ZDNmMWFjNGJlYmRmYWZhYjhjYzRhYmQwZjRlOFwiLFwiZDVlOWRhYmVjNWZlOWQ3MGFhZWVjZDdkY2M2ZTRkMjFcIl19IiwiNTY4MGQwZGRlMDJkZTUzODdlNGI0YTIxMzQ5ZWJhYWMiXQ==' \/>\n            <input type='hidden' autocomplete='off' class='gform_hidden' name='gform_target_page_number_15' id='gform_target_page_number_15' value='0' \/>\n            <input type='hidden' autocomplete='off' class='gform_hidden' name='gform_source_page_number_15' id='gform_source_page_number_15' value='1' \/>\n            <input type='hidden' name='gform_field_values' value='' \/>\n            \n        <\/div>\n                        <input type=\"hidden\" id=\"ct_checkjs_6f2268bd1d3d3ebaabb04d6b5d099425\" name=\"ct_checkjs\" value=\"0\" \/><script >setTimeout(function(){var ct_input_name = \"ct_checkjs_6f2268bd1d3d3ebaabb04d6b5d099425\";if (document.getElementById(ct_input_name) !== null) {var ct_input_value = document.getElementById(ct_input_name).value;document.getElementById(ct_input_name).value = document.getElementById(ct_input_name).value.replace(ct_input_value, '7cc11d1ae4189c92b9e8fef1b354554fe31ac872bb04792720798cdd7a863b2a');}}, 1000);<\/script><input\n                    class=\"apbct_special_field apbct_email_id__gravity_form\"\n                    name=\"apbct__email_id__gravity_form\"\n                    aria-label=\"apbct__label_id__gravity_form\"\n                    type=\"text\" size=\"30\" maxlength=\"200\" autocomplete=\"off\"\n                    value=\"\"\n                \/><\/form>\n                        <\/div>\n\t\t                <iframe style='display:none;width:0px;height:0px;' src='about:blank' name='gform_ajax_frame_15' id='gform_ajax_frame_15' title='Este iframe contiene la l\u00f3gica necesaria para gestionar formularios con ajax activado.'><\/iframe>\n\t\t                <script>\ngform.initializeOnLoaded( function() {gformInitSpinner( 15, 'https:\/\/www.mmhpc.com\/wp-content\/plugins\/gravityforms\/images\/spinner.svg', true );jQuery('#gform_ajax_frame_15').on('load',function(){var contents = jQuery(this).contents().find('*').html();var is_postback = contents.indexOf('GF_AJAX_POSTBACK') >= 0;if(!is_postback){return;}var form_content = jQuery(this).contents().find('#gform_wrapper_15');var is_confirmation = jQuery(this).contents().find('#gform_confirmation_wrapper_15').length > 0;var is_redirect = contents.indexOf('gformRedirect(){') >= 0;var is_form = form_content.length > 0 && ! is_redirect && ! is_confirmation;var mt = parseInt(jQuery('html').css('margin-top'), 10) + parseInt(jQuery('body').css('margin-top'), 10) + 100;if(is_form){jQuery('#gform_wrapper_15').html(form_content.html());if(form_content.hasClass('gform_validation_error')){jQuery('#gform_wrapper_15').addClass('gform_validation_error');} else {jQuery('#gform_wrapper_15').removeClass('gform_validation_error');}setTimeout( function() { \/* delay the scroll by 50 milliseconds to fix a bug in chrome *\/ jQuery(document).scrollTop(jQuery('#gform_wrapper_15').offset().top - mt); }, 50 );if(window['gformInitDatepicker']) {gformInitDatepicker();}if(window['gformInitPriceFields']) {gformInitPriceFields();}var current_page = jQuery('#gform_source_page_number_15').val();gformInitSpinner( 15, 'https:\/\/www.mmhpc.com\/wp-content\/plugins\/gravityforms\/images\/spinner.svg', true );jQuery(document).trigger('gform_page_loaded', [15, current_page]);window['gf_submitting_15'] = false;}else if(!is_redirect){var confirmation_content = jQuery(this).contents().find('.GF_AJAX_POSTBACK').html();if(!confirmation_content){confirmation_content = contents;}jQuery('#gform_wrapper_15').replaceWith(confirmation_content);jQuery(document).scrollTop(jQuery('#gf_15').offset().top - mt);jQuery(document).trigger('gform_confirmation_loaded', [15]);window['gf_submitting_15'] = false;wp.a11y.speak(jQuery('#gform_confirmation_message_15').text());}else{jQuery('#gform_15').append(contents);if(window['gformRedirect']) {gformRedirect();}}jQuery(document).trigger(\"gform_pre_post_render\", [{ formId: \"15\", currentPage: \"current_page\", abort: function() { this.preventDefault(); } }]);        if (event && event.defaultPrevented) {                return;        }        const gformWrapperDiv = document.getElementById( \"gform_wrapper_15\" );        if ( gformWrapperDiv ) {            const visibilitySpan = document.createElement( \"span\" );            visibilitySpan.id = \"gform_visibility_test_15\";            gformWrapperDiv.insertAdjacentElement( \"afterend\", visibilitySpan );        }        const visibilityTestDiv = document.getElementById( \"gform_visibility_test_15\" );        let postRenderFired = false;        function triggerPostRender() {            if ( postRenderFired ) {                return;            }            postRenderFired = true;            gform.core.triggerPostRenderEvents( 15, current_page );            if ( visibilityTestDiv ) {                visibilityTestDiv.parentNode.removeChild( visibilityTestDiv );            }        }        function debounce( func, wait, immediate ) {            var timeout;            return function() {                var context = this, args = arguments;                var later = function() {                    timeout = null;                    if ( !immediate ) func.apply( context, args );                };                var callNow = immediate && !timeout;                clearTimeout( timeout );                timeout = setTimeout( later, wait );                if ( callNow ) func.apply( context, args );            };        }        const debouncedTriggerPostRender = debounce( function() {            triggerPostRender();        }, 200 );        if ( visibilityTestDiv && visibilityTestDiv.offsetParent === null ) {            const observer = new MutationObserver( ( mutations ) => {                mutations.forEach( ( mutation ) => {                    if ( mutation.type === 'attributes' && visibilityTestDiv.offsetParent !== null ) {                        debouncedTriggerPostRender();                        observer.disconnect();                    }                });            });            observer.observe( document.body, {                attributes: true,                childList: false,                subtree: true,                attributeFilter: [ 'style', 'class' ],            });        } else {            triggerPostRender();        }    } );} );\n<\/script>\n\n<\/div>\n<div class=\"cont-info\">\n<h5>Informaci\u00f3n del contacto<\/h5>\n<div class=\"cnt-info-lst\">\n<div class=\"cnt-info-itm location\"><a href=\"https:\/\/maps.app.goo.gl\/ZzqiipLQvpEMBshZ9\" target=\"_blank\" rel=\"noopener\">104 S. Michigan Ave.,<br \/>\nSuite 800, Chicago, IL 60603<\/a><\/div>\n<div class=\"cnt-info-itm phone\">\n<h6>Tel\u00e9fono<\/h6>\n<p><a href=\"tel:3124276163\">(312) 427-6163<\/a><\/p>\n<\/div>\n<div class=\"cnt-info-itm fax\">\n<h6>Fax<\/h6>\n<p>(312) 427-6513<\/p>\n<\/div>\n<\/div>\n<\/div>\n<\/div>\n<\/div>\n<\/div>\n","protected":false},"excerpt":{"rendered":"<p>\u00a1Empecemos!Nosotras ayudamos a los inmigrantes Listo para iniciar su inmigraci\u00f3n \u00bfviajar con nosotros? Programe su Cita Reserva ahora Contacta con nosotras hoy Nuestra oficina se comunicar\u00e1 con usted para programar una consulta con uno de nuestros abogados. Tenga en cuenta que se aplicar\u00e1 una tarifa de consulta. Informaci\u00f3n del contacto 104 S. Michigan Ave., Suite &hellip; <\/p>\n<p class=\"link-more\"><a href=\"https:\/\/www.mmhpc.com\/es\/contact-us\/\" class=\"more-link\">Seguir leyendo<span class=\"screen-reader-text\"> \u00abCont\u00e1ctenos\u00bb<\/span><\/a><\/p>\n","protected":false},"author":15,"featured_media":14869,"parent":0,"menu_order":5,"comment_status":"closed","ping_status":"closed","template":"template-parts\/contact-page.php","meta":{"_acf_changed":false,"_oasis_is_in_workflow":0,"_oasis_original":0,"_oasis_task_priority":"","footnotes":""},"class_list":["post-7579","page","type-page","status-publish","has-post-thumbnail","hentry","entry"],"acf":[],"_links":{"self":[{"href":"https:\/\/www.mmhpc.com\/es\/wp-json\/wp\/v2\/pages\/7579","targetHints":{"allow":["GET"]}}],"collection":[{"href":"https:\/\/www.mmhpc.com\/es\/wp-json\/wp\/v2\/pages"}],"about":[{"href":"https:\/\/www.mmhpc.com\/es\/wp-json\/wp\/v2\/types\/page"}],"author":[{"embeddable":true,"href":"https:\/\/www.mmhpc.com\/es\/wp-json\/wp\/v2\/users\/15"}],"replies":[{"embeddable":true,"href":"https:\/\/www.mmhpc.com\/es\/wp-json\/wp\/v2\/comments?post=7579"}],"version-history":[{"count":16,"href":"https:\/\/www.mmhpc.com\/es\/wp-json\/wp\/v2\/pages\/7579\/revisions"}],"predecessor-version":[{"id":17707,"href":"https:\/\/www.mmhpc.com\/es\/wp-json\/wp\/v2\/pages\/7579\/revisions\/17707"}],"wp:featuredmedia":[{"embeddable":true,"href":"https:\/\/www.mmhpc.com\/es\/wp-json\/wp\/v2\/media\/14869"}],"wp:attachment":[{"href":"https:\/\/www.mmhpc.com\/es\/wp-json\/wp\/v2\/media?parent=7579"}],"curies":[{"name":"wp","href":"https:\/\/api.w.org\/{rel}","templated":true}]}}