{"id":7584,"date":"2012-11-16T12:10:37","date_gmt":"2012-11-16T17:10:37","guid":{"rendered":"https:\/\/www.mmhpc.com\/client-center\/"},"modified":"2024-11-15T10:53:09","modified_gmt":"2024-11-15T16:53:09","slug":"client-center","status":"publish","type":"page","link":"https:\/\/www.mmhpc.com\/es\/client-center\/","title":{"rendered":"Inicio de Sesi\u00f3n para Cliente Actual"},"content":{"rendered":"<form action=\"https:\/\/ww4.welcomeclient.com\/4DCGI\/Web_SLogin\" method=\"post\" name=\"FormName\" target=\"_top\">\n<table border=\"0\" cellspacing=\"2\" cellpadding=\"0\">\n<tbody>\n<tr>\n<td align=\"right\">Nombre de Usuario<\/td>\n<td width=\"10\" height=\"60\"><\/td>\n<td><input maxlength=\"50\" name=\"web_Login_Str\" size=\"20\" type=\"text\" \/><\/td>\n<\/tr>\n<tr>\n<td align=\"right\">Contrase\u00f1a:<\/td>\n<td width=\"10\" height=\"60\"><\/td>\n<td><input maxlength=\"50\" name=\"web_Password_str\" size=\"20\" type=\"password\" \/><\/td>\n<\/tr>\n<tr>\n<td><\/td>\n<td width=\"10\"><\/td>\n<td align=\"right\"><input name=\"Iniciar Sesi\u00f3n\" type=\"submit\" value=\"Iniciar Sesi\u00f3n\" \/><\/td>\n<\/tr>\n<\/tbody>\n<\/table>\n<\/form>\n<p><a href=\"https:\/\/ww4.welcomeclient.com\/\" target=\"_blank\" rel=\"noopener noreferrer\">Olvid\u00e9 Mi Contrase\u00f1a<\/a><\/p>\n","protected":false},"excerpt":{"rendered":"<p>Nombre de Usuario Contrase\u00f1a: Olvid\u00e9 Mi Contrase\u00f1a<\/p>\n","protected":false},"author":15,"featured_media":14892,"parent":0,"menu_order":6,"comment_status":"closed","ping_status":"closed","template":"template-parts\/width-page.php","meta":{"_acf_changed":false,"_oasis_is_in_workflow":0,"_oasis_original":0,"_oasis_task_priority":"","footnotes":""},"class_list":["post-7584","page","type-page","status-publish","has-post-thumbnail","hentry","entry"],"acf":[],"_links":{"self":[{"href":"https:\/\/www.mmhpc.com\/es\/wp-json\/wp\/v2\/pages\/7584","targetHints":{"allow":["GET"]}}],"collection":[{"href":"https:\/\/www.mmhpc.com\/es\/wp-json\/wp\/v2\/pages"}],"about":[{"href":"https:\/\/www.mmhpc.com\/es\/wp-json\/wp\/v2\/types\/page"}],"author":[{"embeddable":true,"href":"https:\/\/www.mmhpc.com\/es\/wp-json\/wp\/v2\/users\/15"}],"replies":[{"embeddable":true,"href":"https:\/\/www.mmhpc.com\/es\/wp-json\/wp\/v2\/comments?post=7584"}],"version-history":[{"count":6,"href":"https:\/\/www.mmhpc.com\/es\/wp-json\/wp\/v2\/pages\/7584\/revisions"}],"predecessor-version":[{"id":15358,"href":"https:\/\/www.mmhpc.com\/es\/wp-json\/wp\/v2\/pages\/7584\/revisions\/15358"}],"wp:featuredmedia":[{"embeddable":true,"href":"https:\/\/www.mmhpc.com\/es\/wp-json\/wp\/v2\/media\/14892"}],"wp:attachment":[{"href":"https:\/\/www.mmhpc.com\/es\/wp-json\/wp\/v2\/media?parent=7584"}],"curies":[{"name":"wp","href":"https:\/\/api.w.org\/{rel}","templated":true}]}}