{"id":7599,"date":"2018-11-17T06:20:33","date_gmt":"2018-11-17T12:20:33","guid":{"rendered":"https:\/\/www.mmhpc.com\/practice-areas\/"},"modified":"2025-05-06T09:49:47","modified_gmt":"2025-05-06T14:49:47","slug":"practice-areas","status":"publish","type":"page","link":"https:\/\/www.mmhpc.com\/es\/practice-areas\/","title":{"rendered":"\u00c1reas de Pr\u00e1ctica"},"content":{"rendered":"<h1>\u00c1reas de Pr\u00e1ctica<\/h1>\n<div class=\"innr-prctc-sec-lst\">\n<div class=\"innr-prctc-sec-itm\">\n<h5>Asilo y ayuda humanitaria<\/h5>\n<div class=\"hvr-lnk\"><a href=\"#\">Asilo y ayuda humanitaria<\/a><\/div>\n<\/div>\n<div class=\"innr-prctc-sec-itm\">\n<h5>H-1B y otras visas de trabajo temporal<\/h5>\n<div class=\"hvr-lnk\"><a href=\"https:\/\/www.mmhpc.com\/es\/immigration-law\/non-immigrant-visas\/\">H-1B y otras visas de trabajo temporal<\/a><\/div>\n<\/div>\n<div class=\"innr-prctc-sec-itm\">\n<h5>Capacidad Extraordinaria y Exenci\u00f3n por Inter\u00e9s Nacional<\/h5>\n<div class=\"hvr-lnk\"><a href=\"#\">Capacidad Extraordinaria y Exenci\u00f3n por Inter\u00e9s Nacional<\/a><\/div>\n<\/div>\n<div class=\"innr-prctc-sec-itm\">\n<h5>Cumplimiento del empleador y del I-9<\/h5>\n<div class=\"hvr-lnk\"><a href=\"https:\/\/www.mmhpc.com\/es\/immigration-law\/employer-compliance\/\">Cumplimiento del empleador y del I-9<\/a><\/div>\n<\/div>\n<div class=\"innr-prctc-sec-itm\">\n<h5>Tarjeta Verde a trav\u00e9s de procesamiento consular o ajuste de estatus<\/h5>\n<div class=\"hvr-lnk\"><a href=\"https:\/\/www.mmhpc.com\/es\/immigration-law\/consular-processing-and-adjustment-of-status\/\">Tarjeta Verde a trav\u00e9s de procesamiento consular o ajuste de estatus<\/a><\/div>\n<\/div>\n<div class=\"innr-prctc-sec-itm\">\n<h5>Inmigraci\u00f3n basada en la familia<\/h5>\n<div class=\"hvr-lnk\"><a href=\"https:\/\/www.mmhpc.com\/es\/immigration-law\/family-based-immigration-and-citizenship\/\">Inmigraci\u00f3n basada en la familia<\/a><\/div>\n<\/div>\n<div class=\"innr-prctc-sec-itm\">\n<h5>PERM (Certificaci\u00f3n Laboral)<\/h5>\n<div class=\"hvr-lnk\"><a href=\"https:\/\/www.mmhpc.com\/es\/immigration-law\/labor-certification-perm\/\">PERM (Certificaci\u00f3n Laboral)<\/a><\/div>\n<\/div>\n<div class=\"innr-prctc-sec-itm\">\n<h5>Inversores y Emprendedores<\/h5>\n<div class=\"hvr-lnk\"><a href=\"https:\/\/www.mmhpc.com\/es\/immigration-law\/international-workforce-issues\/\">Inversores y Emprendedores<\/a><\/div>\n<\/div>\n<div class=\"innr-prctc-sec-itm\">\n<h5>Exenciones de inadmisibilidad<\/h5>\n<div class=\"hvr-lnk\"><a href=\"https:\/\/www.mmhpc.com\/es\/immigration-law\/non-immigrant-immigrant-waivers\/\">Exenciones de inadmisibilidad<\/a><\/div>\n<\/div>\n<div class=\"innr-prctc-sec-itm\">\n<h5>Defensa de deportaci\u00f3n y deportaci\u00f3n<\/h5>\n<div class=\"hvr-lnk\"><a href=\"https:\/\/www.mmhpc.com\/es\/immigration-law\/removal-defense\/\">Defensa de deportaci\u00f3n y deportaci\u00f3n<\/a><\/div>\n<\/div>\n<div class=\"innr-prctc-sec-itm\">\n<h5>Ciudadan\u00eda y Naturalizaci\u00f3n<\/h5>\n<div class=\"hvr-lnk\"><a href=\"https:\/\/www.mmhpc.com\/es\/immigration-law\/naturalization\/\">Ciudadan\u00eda y Naturalizaci\u00f3n<\/a><\/div>\n<\/div>\n<div class=\"innr-prctc-sec-itm\">\n<h5>Acci\u00f3n diferida y so\u00f1adores (DREAMERS)<\/h5>\n<div class=\"hvr-lnk\"><a href=\"https:\/\/www.mmhpc.com\/es\/immigration-law\/deferred-action-and-dreamers\/\">Acci\u00f3n diferida y so\u00f1adoras<\/a><\/div>\n<\/div>\n<div class=\"innr-prctc-sec-itm\">\n<h5>Inmigraci\u00f3n basada en el empleo<\/h5>\n<div class=\"hvr-lnk\"><a href=\"https:\/\/www.mmhpc.com\/es\/immigration-law\/employment-based-immigration\/\">Inmigraci\u00f3n basada en el empleo<\/a><\/div>\n<\/div>\n<div class=\"innr-prctc-sec-itm\">\n<h5>Litigios federales y retrasos en inmigraci\u00f3n<\/h5>\n<div class=\"hvr-lnk\"><a href=\"#\">Litigios federales y retrasos en inmigraci\u00f3n<\/a><\/div>\n<\/div>\n<\/div>\n<h3>Idioma hablado:<\/h3>\n<ul class=\"language-spoken\">\n<li>Inglesa<\/li>\n<li>Espa\u00f1ola<\/li>\n<li>Polaca<\/li>\n<li>Urdu<\/li>\n<li>Hindi<\/li>\n<li>Gujarati<\/li>\n<li>Rusa<\/li>\n<li>Ucrania<\/li>\n<li>Francesa<\/li>\n<li>Italiana<\/li>\n<\/ul>\n","protected":false},"excerpt":{"rendered":"<p>\u00c1reas de Pr\u00e1ctica Asilo y ayuda humanitaria Asilo y ayuda humanitaria H-1B y otras visas de trabajo temporal H-1B y otras visas de trabajo temporal Capacidad Extraordinaria y Exenci\u00f3n por Inter\u00e9s Nacional Capacidad Extraordinaria y Exenci\u00f3n por Inter\u00e9s Nacional Cumplimiento del empleador y del I-9 Cumplimiento del empleador y del I-9 Tarjeta Verde a trav\u00e9s &hellip; <\/p>\n<p class=\"link-more\"><a href=\"https:\/\/www.mmhpc.com\/es\/practice-areas\/\" class=\"more-link\">Seguir leyendo<span class=\"screen-reader-text\"> \u00ab\u00c1reas de Pr\u00e1ctica\u00bb<\/span><\/a><\/p>\n","protected":false},"author":15,"featured_media":14756,"parent":0,"menu_order":0,"comment_status":"closed","ping_status":"closed","template":"template-parts\/practice area-pages.php","meta":{"_acf_changed":false,"_oasis_is_in_workflow":0,"_oasis_original":0,"_oasis_task_priority":"","footnotes":""},"class_list":["post-7599","page","type-page","status-publish","has-post-thumbnail","hentry","entry"],"acf":[],"_links":{"self":[{"href":"https:\/\/www.mmhpc.com\/es\/wp-json\/wp\/v2\/pages\/7599","targetHints":{"allow":["GET"]}}],"collection":[{"href":"https:\/\/www.mmhpc.com\/es\/wp-json\/wp\/v2\/pages"}],"about":[{"href":"https:\/\/www.mmhpc.com\/es\/wp-json\/wp\/v2\/types\/page"}],"author":[{"embeddable":true,"href":"https:\/\/www.mmhpc.com\/es\/wp-json\/wp\/v2\/users\/15"}],"replies":[{"embeddable":true,"href":"https:\/\/www.mmhpc.com\/es\/wp-json\/wp\/v2\/comments?post=7599"}],"version-history":[{"count":11,"href":"https:\/\/www.mmhpc.com\/es\/wp-json\/wp\/v2\/pages\/7599\/revisions"}],"predecessor-version":[{"id":17051,"href":"https:\/\/www.mmhpc.com\/es\/wp-json\/wp\/v2\/pages\/7599\/revisions\/17051"}],"wp:featuredmedia":[{"embeddable":true,"href":"https:\/\/www.mmhpc.com\/es\/wp-json\/wp\/v2\/media\/14756"}],"wp:attachment":[{"href":"https:\/\/www.mmhpc.com\/es\/wp-json\/wp\/v2\/media?parent=7599"}],"curies":[{"name":"wp","href":"https:\/\/api.w.org\/{rel}","templated":true}]}}