{"id":7663,"date":"2018-07-20T08:57:32","date_gmt":"2018-07-20T13:57:32","guid":{"rendered":"https:\/\/www.mmhpc.com\/attorney-profiles\/anna-buskila\/"},"modified":"2024-12-03T07:03:03","modified_gmt":"2024-12-03T13:03:03","slug":"anna-buskila","status":"publish","type":"page","link":"https:\/\/www.mmhpc.com\/es\/attorney-profiles\/anna-buskila\/","title":{"rendered":"Anna Buskila"},"content":{"rendered":"<p>Anna es una abogada senior con amplia experiencia en inmigraci\u00f3n basada en el empleo y la familia, con especial experiencia en casos de tarjeta verde a trav\u00e9s del proceso de certificaci\u00f3n laboral PERM. Tambi\u00e9n maneja una variedad de visas de trabajo temporales, incluidas las visas H-1B, L-1A, L-1B, TN y O-1. Los clientes de Anna provienen de una amplia gama de industrias, que incluyen seguros, tecnolog\u00eda de la informaci\u00f3n, desarrollo de software, procesamiento de datos, finanzas, comercio, arquitectura, negocios, fabricaci\u00f3n, automotriz, construcci\u00f3n, transporte, atenci\u00f3n domiciliaria y m\u00e1s.<\/p>\n<p>Adem\u00e1s de su trabajo en casos basados \u200b\u200ben el empleo, a Anna le apasiona la inmigraci\u00f3n basada en la familia, ayudando a los clientes con el ajuste de estatus a trav\u00e9s del patrocinio familiar y visas de prometido. Es una defensora dedicada de sus clientes, que aporta un profundo conocimiento de las complejidades de la ley de inmigraci\u00f3n de EE. UU. a cada caso. Habiendo inmigrado de Bielorrusia a la edad de 21 a\u00f1os, la trayectoria personal de Anna le proporciona una perspectiva y una empat\u00eda \u00fanicas, lo que la ayuda a guiar a los clientes a trav\u00e9s de sus propios procesos de inmigraci\u00f3n con cuidado y comprensi\u00f3n. Anna habla ruso con fluidez y es receptiva en ucraniano y polaco.<\/p>\n<p>Seleccionada para su inclusi\u00f3n en <a href=\"https:\/\/profiles.superlawyers.com\/illinois\/chicago\/lawyer\/anna-buskila\/dbfab987-bfb6-4401-b233-9a1c01e30f97.html?_gl=1*1kqdrc3*_gcl_au*MTEwNTQ3MjExMC4xNzI4MzI2NjY1\" target=\"_blank\" rel=\"noopener\">Illinois Super Lawyers\u00ae &#8211; Rising Stars Edition<\/a> para 2023\/2024\/2025 (Inmigraci\u00f3n), Anna ha ganado reconocimiento por su compromiso con la excelencia en el campo. Es miembro activa del Cap\u00edtulo de Chicago de la Asociaci\u00f3n Estadounidense de Abogados de Inmigraci\u00f3n (AILA), donde forma parte del Comit\u00e9 del Secretario de Estado de Illinois.<\/p>\n<p>Ya sea que represente a individuos o empresas, a Anna le apasiona ayudar a sus clientes a lograr sus objetivos de inmigraci\u00f3n y asegurar su futuro en los Estados Unidos.<\/p>\n","protected":false},"excerpt":{"rendered":"<p>Anna es una abogada senior con amplia experiencia en inmigraci\u00f3n basada en el empleo y la familia, con especial experiencia en casos de tarjeta verde a trav\u00e9s del proceso de certificaci\u00f3n laboral PERM. Tambi\u00e9n maneja una variedad de visas de trabajo temporales, incluidas las visas H-1B, L-1A, L-1B, TN y O-1. Los clientes de Anna &hellip; <\/p>\n<p class=\"link-more\"><a href=\"https:\/\/www.mmhpc.com\/es\/attorney-profiles\/anna-buskila\/\" class=\"more-link\">Seguir leyendo<span class=\"screen-reader-text\"> \u00abAnna Buskila\u00bb<\/span><\/a><\/p>\n","protected":false},"author":15,"featured_media":14404,"parent":7505,"menu_order":7,"comment_status":"closed","ping_status":"closed","template":"template-parts\/single-profile-page.php","meta":{"_acf_changed":false,"_oasis_is_in_workflow":0,"_oasis_original":0,"_oasis_task_priority":"","footnotes":""},"class_list":["post-7663","page","type-page","status-publish","has-post-thumbnail","hentry","entry"],"acf":[],"_links":{"self":[{"href":"https:\/\/www.mmhpc.com\/es\/wp-json\/wp\/v2\/pages\/7663","targetHints":{"allow":["GET"]}}],"collection":[{"href":"https:\/\/www.mmhpc.com\/es\/wp-json\/wp\/v2\/pages"}],"about":[{"href":"https:\/\/www.mmhpc.com\/es\/wp-json\/wp\/v2\/types\/page"}],"author":[{"embeddable":true,"href":"https:\/\/www.mmhpc.com\/es\/wp-json\/wp\/v2\/users\/15"}],"replies":[{"embeddable":true,"href":"https:\/\/www.mmhpc.com\/es\/wp-json\/wp\/v2\/comments?post=7663"}],"version-history":[{"count":28,"href":"https:\/\/www.mmhpc.com\/es\/wp-json\/wp\/v2\/pages\/7663\/revisions"}],"predecessor-version":[{"id":16476,"href":"https:\/\/www.mmhpc.com\/es\/wp-json\/wp\/v2\/pages\/7663\/revisions\/16476"}],"up":[{"embeddable":true,"href":"https:\/\/www.mmhpc.com\/es\/wp-json\/wp\/v2\/pages\/7505"}],"wp:featuredmedia":[{"embeddable":true,"href":"https:\/\/www.mmhpc.com\/es\/wp-json\/wp\/v2\/media\/14404"}],"wp:attachment":[{"href":"https:\/\/www.mmhpc.com\/es\/wp-json\/wp\/v2\/media?parent=7663"}],"curies":[{"name":"wp","href":"https:\/\/api.w.org\/{rel}","templated":true}]}}