{"id":7667,"date":"2018-07-20T09:05:13","date_gmt":"2018-07-20T14:05:13","guid":{"rendered":"https:\/\/www.mmhpc.com\/attorney-profiles\/chandni-shah\/"},"modified":"2024-12-03T07:03:42","modified_gmt":"2024-12-03T13:03:42","slug":"chandni-shah","status":"publish","type":"page","link":"https:\/\/www.mmhpc.com\/es\/attorney-profiles\/chandni-shah\/","title":{"rendered":"Chandni Shah"},"content":{"rendered":"<p>Chandni Shah ha sido abogada asociada de Minsky, McCormick y Hallagan, P.C. desde 2018. Su pr\u00e1ctica se centra principalmente en la <a href=\"https:\/\/www.mmhpc.com\/es\/immigration-law\/employment-based-immigration\/\">inmigraci\u00f3n basada en el empleo<\/a>, con especial experiencia en visas de no inmigrantes y el proceso de tarjeta verde basada en el empleo. Antes de unirse a nuestra firma, Chandni trabaj\u00f3 como abogada contratada para una empresa de atenci\u00f3n m\u00e9dica digital. Chandni trabaja como voluntaria como defensora de los ni\u00f1os en el Centro para los Derechos de los Ni\u00f1os Inmigrantes. Chandni tambi\u00e9n trabaj\u00f3 como voluntaria en el Centro Indoamericano en su cl\u00ednica legal pro-bono, donde asesor\u00f3 a miembros de la comunidad en varios asuntos, incluida la <a href=\"https:\/\/www.mmhpc.com\/es\/immigration-law\/\">inmigraci\u00f3n<\/a>. Durante sus estudios de derecho, Chandni se desempe\u00f1\u00f3 como vicepresidenta de la Coalici\u00f3n por los Derechos de los Inmigrantes y tambi\u00e9n fue voluntaria del Instituto de Investigaci\u00f3n y Pol\u00edticas de los Estados Unidos de Asia Meridional (SAAPRI), donde abord\u00f3 diversos problemas que enfrentan los inmigrantes del sur de Asia en el \u00e1rea metropolitana de Chicago.<\/p>\n<p>Chandni se gradu\u00f3 de la Universidad Loyola en Chicago en 2016, donde fue miembro del equipo de tribunales simulados de la ABA. La historia de inmigraci\u00f3n de su propia familia la inspir\u00f3 a ayudar a los dem\u00e1s.<\/p>\n","protected":false},"excerpt":{"rendered":"<p>Chandni Shah ha sido abogada asociada de Minsky, McCormick y Hallagan, P.C. desde 2018. Su pr\u00e1ctica se centra principalmente en la inmigraci\u00f3n basada en el empleo, con especial experiencia en visas de no inmigrantes y el proceso de tarjeta verde basada en el empleo. Antes de unirse a nuestra firma, Chandni trabaj\u00f3 como abogada contratada &hellip; <\/p>\n<p class=\"link-more\"><a href=\"https:\/\/www.mmhpc.com\/es\/attorney-profiles\/chandni-shah\/\" class=\"more-link\">Seguir leyendo<span class=\"screen-reader-text\"> \u00abChandni Shah\u00bb<\/span><\/a><\/p>\n","protected":false},"author":15,"featured_media":14404,"parent":7505,"menu_order":9,"comment_status":"closed","ping_status":"closed","template":"template-parts\/single-profile-page.php","meta":{"_acf_changed":false,"_oasis_is_in_workflow":0,"_oasis_original":0,"_oasis_task_priority":"","footnotes":""},"class_list":["post-7667","page","type-page","status-publish","has-post-thumbnail","hentry","entry"],"acf":[],"_links":{"self":[{"href":"https:\/\/www.mmhpc.com\/es\/wp-json\/wp\/v2\/pages\/7667","targetHints":{"allow":["GET"]}}],"collection":[{"href":"https:\/\/www.mmhpc.com\/es\/wp-json\/wp\/v2\/pages"}],"about":[{"href":"https:\/\/www.mmhpc.com\/es\/wp-json\/wp\/v2\/types\/page"}],"author":[{"embeddable":true,"href":"https:\/\/www.mmhpc.com\/es\/wp-json\/wp\/v2\/users\/15"}],"replies":[{"embeddable":true,"href":"https:\/\/www.mmhpc.com\/es\/wp-json\/wp\/v2\/comments?post=7667"}],"version-history":[{"count":22,"href":"https:\/\/www.mmhpc.com\/es\/wp-json\/wp\/v2\/pages\/7667\/revisions"}],"predecessor-version":[{"id":16478,"href":"https:\/\/www.mmhpc.com\/es\/wp-json\/wp\/v2\/pages\/7667\/revisions\/16478"}],"up":[{"embeddable":true,"href":"https:\/\/www.mmhpc.com\/es\/wp-json\/wp\/v2\/pages\/7505"}],"wp:featuredmedia":[{"embeddable":true,"href":"https:\/\/www.mmhpc.com\/es\/wp-json\/wp\/v2\/media\/14404"}],"wp:attachment":[{"href":"https:\/\/www.mmhpc.com\/es\/wp-json\/wp\/v2\/media?parent=7667"}],"curies":[{"name":"wp","href":"https:\/\/api.w.org\/{rel}","templated":true}]}}