{"id":7671,"date":"2017-06-27T17:57:14","date_gmt":"2017-06-27T22:57:14","guid":{"rendered":"https:\/\/www.mmhpc.com\/attorney-profiles\/robert-vinikoor\/"},"modified":"2024-12-03T07:04:47","modified_gmt":"2024-12-03T13:04:47","slug":"robert-vinikoor","status":"publish","type":"page","link":"https:\/\/www.mmhpc.com\/es\/attorney-profiles\/robert-vinikoor\/","title":{"rendered":"Hon. Robert Vinikoor (Ret.)"},"content":{"rendered":"<p>El juez Robert Vinikoor se uni\u00f3 al bufete de abogados Minsky, McCormick &amp; Hallagan, P.C., en 2017 despu\u00e9s de desempe\u00f1arse durante m\u00e1s de 30 a\u00f1os como juez de inmigraci\u00f3n.<\/p>\n<p>El juez Vinikoor fue designado juez de inmigraci\u00f3n en enero de 1984. Durante su largo mandato en el tribunal de inmigraci\u00f3n, el juez Vinikoor ha sido autor de numerosos casos que sentaron precedentes y que abarcan temas como delitos que involucran depravaci\u00f3n moral, delitos graves agravados, fraudes cometidos en el momento de la entrada y\/o ajuste y <a href=\"https:\/\/www.mmhpc.com\/immigration-law\/naturalization\/\">reclamos de ciudadan\u00eda estadounidense<\/a>. Las decisiones del juez Vinikoor ayudaron a definir los l\u00edmites de edad para los beneficiarios de K-4 que buscan un ajuste de estatus, el uso de la Secci\u00f3n 245(i) para <a href=\"https:\/\/www.mmhpc.com\/immigration-law\/non-immigrant-immigrant-waivers\/\">renunciar a la inadmisibilidad<\/a> y el alcance de numerosas exenciones discrecionales. Varias opiniones publicadas han abordado el an\u00e1lisis experto del juez Vinikoor en casos que involucran la carga de la prueba, el fraude matrimonial y la evidencia de la Secci\u00f3n 216(c)(4). Durante los \u00faltimos 30 a\u00f1os, el juez Vinikoor ha escuchado evidencia en casos de asilo de todo el mundo. Sus decisiones han llevado a una mejor comprensi\u00f3n del alcance y la evidencia necesaria para calificar como \u00abrefugiado\u00bb seg\u00fan la Ley de Inmigraci\u00f3n y Nacionalidad. Al retirarse del tribunal, fue el segundo juez de inmigraci\u00f3n m\u00e1s antiguo del pa\u00eds.<\/p>\n<p>Antes de convertirse en juez de inmigraci\u00f3n, fue seleccionado en el marco del Programa de Honores del Departamento de Justicia y comenz\u00f3 a trabajar en el Departamento en 1976 como abogado de nacionalidad en el antiguo Servicio de Inmigraci\u00f3n y Naturalizaci\u00f3n en Miami, Florida. De 1978 a 1982, tambi\u00e9n se desempe\u00f1\u00f3 como abogado litigante en Chicago. En 1984, fue nombrado fiscal adjunto especial de los Estados Unidos en la Fiscal\u00eda de los Estados Unidos en Chicago.<\/p>\n<p>El juez Vinikoor ha sido un conferenciante frecuente y orador invitado sobre numerosos temas de inmigraci\u00f3n en reuniones de asociaciones de abogados, seminarios de educaci\u00f3n legal continua y programas de facultades de derecho. El juez Vinikoor tambi\u00e9n ense\u00f1\u00f3 a nuevos jueces en el National Judicial College en Reno, Nevada. Se desempe\u00f1\u00f3 como profesor adjunto de 2000 a 2020 en la Facultad de Derecho de la Universidad Loyola de Chicago, ense\u00f1ando derecho de inmigraci\u00f3n.<\/p>\n","protected":false},"excerpt":{"rendered":"<p>El juez Robert Vinikoor se uni\u00f3 al bufete de abogados Minsky, McCormick &amp; Hallagan, P.C., en 2017 despu\u00e9s de desempe\u00f1arse durante m\u00e1s de 30 a\u00f1os como juez de inmigraci\u00f3n. El juez Vinikoor fue designado juez de inmigraci\u00f3n en enero de 1984. Durante su largo mandato en el tribunal de inmigraci\u00f3n, el juez Vinikoor ha sido &hellip; <\/p>\n<p class=\"link-more\"><a href=\"https:\/\/www.mmhpc.com\/es\/attorney-profiles\/robert-vinikoor\/\" class=\"more-link\">Seguir leyendo<span class=\"screen-reader-text\"> \u00abHon. Robert Vinikoor (Ret.)\u00bb<\/span><\/a><\/p>\n","protected":false},"author":15,"featured_media":14404,"parent":7505,"menu_order":14,"comment_status":"closed","ping_status":"closed","template":"template-parts\/single-profile-page.php","meta":{"_acf_changed":false,"_oasis_is_in_workflow":0,"_oasis_original":0,"_oasis_task_priority":"","footnotes":""},"class_list":["post-7671","page","type-page","status-publish","has-post-thumbnail","hentry","entry"],"acf":[],"_links":{"self":[{"href":"https:\/\/www.mmhpc.com\/es\/wp-json\/wp\/v2\/pages\/7671","targetHints":{"allow":["GET"]}}],"collection":[{"href":"https:\/\/www.mmhpc.com\/es\/wp-json\/wp\/v2\/pages"}],"about":[{"href":"https:\/\/www.mmhpc.com\/es\/wp-json\/wp\/v2\/types\/page"}],"author":[{"embeddable":true,"href":"https:\/\/www.mmhpc.com\/es\/wp-json\/wp\/v2\/users\/15"}],"replies":[{"embeddable":true,"href":"https:\/\/www.mmhpc.com\/es\/wp-json\/wp\/v2\/comments?post=7671"}],"version-history":[{"count":25,"href":"https:\/\/www.mmhpc.com\/es\/wp-json\/wp\/v2\/pages\/7671\/revisions"}],"predecessor-version":[{"id":16481,"href":"https:\/\/www.mmhpc.com\/es\/wp-json\/wp\/v2\/pages\/7671\/revisions\/16481"}],"up":[{"embeddable":true,"href":"https:\/\/www.mmhpc.com\/es\/wp-json\/wp\/v2\/pages\/7505"}],"wp:featuredmedia":[{"embeddable":true,"href":"https:\/\/www.mmhpc.com\/es\/wp-json\/wp\/v2\/media\/14404"}],"wp:attachment":[{"href":"https:\/\/www.mmhpc.com\/es\/wp-json\/wp\/v2\/media?parent=7671"}],"curies":[{"name":"wp","href":"https:\/\/api.w.org\/{rel}","templated":true}]}}