{"id":7679,"date":"2012-09-26T15:06:33","date_gmt":"2012-09-26T19:06:33","guid":{"rendered":"https:\/\/www.mmhpc.com\/attorney-profiles\/margaret-h-mccormick\/"},"modified":"2025-06-26T15:27:30","modified_gmt":"2025-06-26T20:27:30","slug":"margaret-h-mccormick","status":"publish","type":"page","link":"https:\/\/www.mmhpc.com\/es\/attorney-profiles\/margaret-h-mccormick\/","title":{"rendered":"Margaret H. (Peggy) McCormick"},"content":{"rendered":"<p>Margaret H. \u201cPeggy\u201d McCormick es directora del bufete de abogados de inmigraci\u00f3n Minsky, McCormick &amp; Hallagan, P.C. en Chicago. Peggy ha limitado su pr\u00e1ctica exclusivamente al campo de la ley de inmigraci\u00f3n y nacionalidad desde 1978. Sus \u00e1reas de enfoque incluyen <a href=\"https:\/\/www.mmhpc.com\/es\/immigration-law\/employment-based-immigration\/\">inmigraci\u00f3n basada en el empleo<\/a>, empresarios e inversores, cuestiones de ciudadan\u00eda global, cumplimiento de las leyes en el lugar de trabajo, <a href=\"https:\/\/www.mmhpc.com\/es\/immigration-law\/employer-compliance\/\">auditor\u00edas I-9<\/a> y cumplimiento de las leyes de inmigraci\u00f3n por parte de los empleadores.<\/p>\n<p>Peggy ha sido calificada en el nivel m\u00e1s alto por numerosas publicaciones prestigiosas que eval\u00faan a los profesionales, entre ellas: Woodward\/White\u2019s Best Lawyers in America en la categor\u00eda de Ley de inmigraci\u00f3n desde 1992; Miembro del Who\u2019s Who internacional de los profesionales desde 1995; del Who\u2019s Who internacional de los abogados de inmigraci\u00f3n corporativa desde 1997; y <a href=\"https:\/\/www.martindale.com\/chicago\/illinois\/margaret-hallagan-mccormick-930151-a\/\" target=\"_blank\" rel=\"noopener\">Martindale-Hubbell Bar Register of Preeminent Lawyers (calificaci\u00f3n AV \u201cMuy alta a preeminente\u201d desde 1988).<\/a> Todos los a\u00f1os desde 2005, ha sido nombrada SuperLawyer de Illinois (el 5 % superior de los abogados) y es miembro del Consejo Asesor de la Leading Lawyers Network de Illinois en las secciones de empleo e inmigraci\u00f3n individual (el 1 % superior de los abogados). Leading Lawyers la ha nombrado una de las 50 mejores abogadas de negocios de Illinois.<\/p>\n<p>En 2014, la Facultad de Derecho de la Universidad DePaul la nombr\u00f3 Alumni Honoree 2014 por su destacado servicio a la profesi\u00f3n. Peggy tambi\u00e9n fue nombrada Abogada de Inmigraci\u00f3n del A\u00f1o 2013 de Chicago por Best Lawyers.<\/p>\n<p>Peggy ha testificado en el Congreso de los EE. UU. y ha comparecido como testigo experta en procedimientos judiciales sobre una variedad de cuestiones relacionadas con la inmigraci\u00f3n.<\/p>\n","protected":false},"excerpt":{"rendered":"<p>Margaret H. \u201cPeggy\u201d McCormick es directora del bufete de abogados de inmigraci\u00f3n Minsky, McCormick &amp; Hallagan, P.C. en Chicago. Peggy ha limitado su pr\u00e1ctica exclusivamente al campo de la ley de inmigraci\u00f3n y nacionalidad desde 1978. Sus \u00e1reas de enfoque incluyen inmigraci\u00f3n basada en el empleo, empresarios e inversores, cuestiones de ciudadan\u00eda global, cumplimiento de &hellip; <\/p>\n<p class=\"link-more\"><a href=\"https:\/\/www.mmhpc.com\/es\/attorney-profiles\/margaret-h-mccormick\/\" class=\"more-link\">Seguir leyendo<span class=\"screen-reader-text\"> \u00abMargaret H. (Peggy) McCormick\u00bb<\/span><\/a><\/p>\n","protected":false},"author":15,"featured_media":14404,"parent":7505,"menu_order":3,"comment_status":"closed","ping_status":"closed","template":"template-parts\/single-profile-page.php","meta":{"_acf_changed":false,"_oasis_is_in_workflow":0,"_oasis_original":0,"_oasis_task_priority":"","footnotes":""},"class_list":["post-7679","page","type-page","status-publish","has-post-thumbnail","hentry","entry"],"acf":[],"_links":{"self":[{"href":"https:\/\/www.mmhpc.com\/es\/wp-json\/wp\/v2\/pages\/7679","targetHints":{"allow":["GET"]}}],"collection":[{"href":"https:\/\/www.mmhpc.com\/es\/wp-json\/wp\/v2\/pages"}],"about":[{"href":"https:\/\/www.mmhpc.com\/es\/wp-json\/wp\/v2\/types\/page"}],"author":[{"embeddable":true,"href":"https:\/\/www.mmhpc.com\/es\/wp-json\/wp\/v2\/users\/15"}],"replies":[{"embeddable":true,"href":"https:\/\/www.mmhpc.com\/es\/wp-json\/wp\/v2\/comments?post=7679"}],"version-history":[{"count":27,"href":"https:\/\/www.mmhpc.com\/es\/wp-json\/wp\/v2\/pages\/7679\/revisions"}],"predecessor-version":[{"id":17124,"href":"https:\/\/www.mmhpc.com\/es\/wp-json\/wp\/v2\/pages\/7679\/revisions\/17124"}],"up":[{"embeddable":true,"href":"https:\/\/www.mmhpc.com\/es\/wp-json\/wp\/v2\/pages\/7505"}],"wp:featuredmedia":[{"embeddable":true,"href":"https:\/\/www.mmhpc.com\/es\/wp-json\/wp\/v2\/media\/14404"}],"wp:attachment":[{"href":"https:\/\/www.mmhpc.com\/es\/wp-json\/wp\/v2\/media?parent=7679"}],"curies":[{"name":"wp","href":"https:\/\/api.w.org\/{rel}","templated":true}]}}