{"id":7686,"date":"2014-08-01T15:17:00","date_gmt":"2014-08-01T19:17:00","guid":{"rendered":"https:\/\/www.mmhpc.com\/attorney-profiles\/tahreem-kalam\/"},"modified":"2024-12-03T07:02:02","modified_gmt":"2024-12-03T13:02:02","slug":"tahreem-kalam","status":"publish","type":"page","link":"https:\/\/www.mmhpc.com\/es\/attorney-profiles\/tahreem-kalam\/","title":{"rendered":"Tahreem Kalam"},"content":{"rendered":"<p>Tahreem Kalam se uni\u00f3 a Minsky McCormick y Hallagan P.C. en 2014 como abogado asociado y ahora se desempe\u00f1a como socio principal. La revista Super Lawyers la ha nombrado <a href=\"https:\/\/profiles.superlawyers.com\/illinois\/chicago\/lawyer\/tahreem-kalam\/bef95261-f09a-4748-a1fb-fff3babf16b9.html\" target=\"_blank\" rel=\"noopener\">Rising Star in Immigration por la revista Super Lawyers<\/a> todos los a\u00f1os desde 2017 y ha sido galardonada con el premio <a href=\"https:\/\/www.bestlawyers.com\/lawyers\/tahreem-kalam\/377498\" target=\"_blank\" rel=\"noopener\"><em>Best Lawyers: Ones to Watch<\/em><\/a> desde 2024. Forma parte de destacados comit\u00e9s de AILA Chicago, como enlace con la Oficina de Aduanas y Patrulla Fronteriza de EE. UU.<\/p>\n<p>La pr\u00e1ctica de Tahreem se centra en todos los aspectos de la ley de inmigraci\u00f3n con una especializaci\u00f3n en <a href=\"https:\/\/www.mmhpc.com\/immigration-law\/employment-based-immigration\/\">ley de inmigraci\u00f3n basada en el empleo<\/a>. Tahreem es experta en <a href=\"https:\/\/www.mmhpc.com\/immigration-law\/non-immigrant-visas\/\">peticiones de visas de trabajo para no inmigrantes, como las visas H-1B<\/a>, las visas de transferencia entre empresas L-1, las visas de trabajo TN para ciudadanos canadienses y mexicanos, y las tarjetas verdes basadas en el empleo, incluido el proceso de certificaci\u00f3n laboral PERM y las tarjetas verdes EB-1 para gerentes o ejecutivos. Trabaja con una variedad de clientes comerciales, desde peque\u00f1os empleadores locales hasta corporaciones multinacionales de Fortune 500 en una variedad de industrias, que incluyen tecnolog\u00eda, atenci\u00f3n m\u00e9dica, fabricaci\u00f3n, finanzas, ingenier\u00eda y arquitectura. Tiene una importante experiencia trabajando con profesionales de TI, actuarios, contadores, arquitectos y ejecutivos de alto nivel. Su pr\u00e1ctica tambi\u00e9n cubre a trabajadores religiosos bajo la categor\u00eda de visa R-1, que van desde sacerdotes, imanes y monjas, y la inmigraci\u00f3n basada en la familia, incluidas las tarjetas verdes basadas en el matrimonio y las solicitudes de <a href=\"https:\/\/www.mmhpc.com\/immigration-law\/naturalization\/\">ciudadan\u00eda<\/a> y naturalizaci\u00f3n.<\/p>\n<p>Tahreem se esfuerza por brindarles a sus clientes una excelente comunicaci\u00f3n y respuestas r\u00e1pidas, al mismo tiempo que garantiza el caso m\u00e1s s\u00f3lido posible. Habiendo pasado por el proceso de inmigraci\u00f3n ella misma, Tahreem puede relacionarse de manera \u00fanica con las necesidades e inquietudes de los clientes y comprende las oportunidades que cambian la vida que vienen con el proceso de inmigraci\u00f3n de EE. UU. para las personas y sus familias para las generaciones venideras.<\/p>\n<p>Antes de unirse a MMHPC, Tahreem ejerci\u00f3 la ley de inmigraci\u00f3n individual y familiar en otra firma local de Chicago. Durante su tiempo en la facultad de derecho, Tahreem trabaj\u00f3 para un bufete de abogados de familia de Chicago y fue secretaria del Tribunal de Circuito del Condado de Cook en la Divisi\u00f3n de Relaciones Dom\u00e9sticas y la Divisi\u00f3n de Canciller\u00eda. Tahreem tambi\u00e9n ofreci\u00f3 su tiempo como voluntaria para asesorar y dar clases particulares a ni\u00f1as adolescentes refugiadas para guiarlas en la adaptaci\u00f3n a su nueva vida en los Estados Unidos.<\/p>\n<p>Tahreem es miembro de la Asociaci\u00f3n Estadounidense de Abogados de Inmigraci\u00f3n (AILA). Se gradu\u00f3 de la Facultad de Derecho de la Universidad DePaul en 2013.<\/p>\n","protected":false},"excerpt":{"rendered":"<p>Tahreem Kalam se uni\u00f3 a Minsky McCormick y Hallagan P.C. en 2014 como abogado asociado y ahora se desempe\u00f1a como socio principal. La revista Super Lawyers la ha nombrado Rising Star in Immigration por la revista Super Lawyers todos los a\u00f1os desde 2017 y ha sido galardonada con el premio Best Lawyers: Ones to Watch &hellip; <\/p>\n<p class=\"link-more\"><a href=\"https:\/\/www.mmhpc.com\/es\/attorney-profiles\/tahreem-kalam\/\" class=\"more-link\">Seguir leyendo<span class=\"screen-reader-text\"> \u00abTahreem Kalam\u00bb<\/span><\/a><\/p>\n","protected":false},"author":15,"featured_media":14404,"parent":7505,"menu_order":4,"comment_status":"closed","ping_status":"closed","template":"template-parts\/single-profile-page.php","meta":{"_acf_changed":false,"_oasis_is_in_workflow":0,"_oasis_original":0,"_oasis_task_priority":"","footnotes":""},"class_list":["post-7686","page","type-page","status-publish","has-post-thumbnail","hentry","entry"],"acf":[],"_links":{"self":[{"href":"https:\/\/www.mmhpc.com\/es\/wp-json\/wp\/v2\/pages\/7686","targetHints":{"allow":["GET"]}}],"collection":[{"href":"https:\/\/www.mmhpc.com\/es\/wp-json\/wp\/v2\/pages"}],"about":[{"href":"https:\/\/www.mmhpc.com\/es\/wp-json\/wp\/v2\/types\/page"}],"author":[{"embeddable":true,"href":"https:\/\/www.mmhpc.com\/es\/wp-json\/wp\/v2\/users\/15"}],"replies":[{"embeddable":true,"href":"https:\/\/www.mmhpc.com\/es\/wp-json\/wp\/v2\/comments?post=7686"}],"version-history":[{"count":30,"href":"https:\/\/www.mmhpc.com\/es\/wp-json\/wp\/v2\/pages\/7686\/revisions"}],"predecessor-version":[{"id":16473,"href":"https:\/\/www.mmhpc.com\/es\/wp-json\/wp\/v2\/pages\/7686\/revisions\/16473"}],"up":[{"embeddable":true,"href":"https:\/\/www.mmhpc.com\/es\/wp-json\/wp\/v2\/pages\/7505"}],"wp:featuredmedia":[{"embeddable":true,"href":"https:\/\/www.mmhpc.com\/es\/wp-json\/wp\/v2\/media\/14404"}],"wp:attachment":[{"href":"https:\/\/www.mmhpc.com\/es\/wp-json\/wp\/v2\/media?parent=7686"}],"curies":[{"name":"wp","href":"https:\/\/api.w.org\/{rel}","templated":true}]}}