{"id":7693,"date":"2012-10-15T10:51:45","date_gmt":"2012-10-15T14:51:45","guid":{"rendered":"https:\/\/www.mmhpc.com\/attorney-profiles\/james-hallagan\/"},"modified":"2024-12-03T07:01:15","modified_gmt":"2024-12-03T13:01:15","slug":"james-hallagan","status":"publish","type":"page","link":"https:\/\/www.mmhpc.com\/es\/attorney-profiles\/james-hallagan\/","title":{"rendered":"James Hallagan"},"content":{"rendered":"<p>James \u201cJim\u201d Hallagan ha sido el abogado principal del bufete Minsky, McCormick &amp; Hallagan, P.C. desde 1980, y ha concentrado su pr\u00e1ctica en casos de inmigraci\u00f3n basados en la familia, naturalizaci\u00f3n, <a href=\"https:\/\/www.mmhpc.com\/es\/immigration-law\/removal-defense\/\">defensa de deportaci\u00f3n<\/a> y apelaciones. A fines de la d\u00e9cada de 1980, dirigi\u00f3 el programa del bufete para obtener amnist\u00eda para sus clientes bajo la Ley de Reforma y Control de la Inmigraci\u00f3n (IRCA). Jim tiene una gran clientela hispana y trabaja extensamente con una variedad de otros grupos \u00e9tnicos. Ha representado exitosamente a clientes ante el Tribunal de Apelaciones del S\u00e9ptimo Circuito y la Oficina Ejecutiva de Revisi\u00f3n de Casos de Inmigraci\u00f3n (EOIR). Jim es egresado de la Facultad de Derecho de la Universidad DePaul y de la Universidad de Illinois en Chicago. Habla espa\u00f1ol con fluidez.<\/p>\n","protected":false},"excerpt":{"rendered":"<p>James \u201cJim\u201d Hallagan ha sido el abogado principal del bufete Minsky, McCormick &amp; Hallagan, P.C. desde 1980, y ha concentrado su pr\u00e1ctica en casos de inmigraci\u00f3n basados en la familia, naturalizaci\u00f3n, defensa de deportaci\u00f3n y apelaciones. A fines de la d\u00e9cada de 1980, dirigi\u00f3 el programa del bufete para obtener amnist\u00eda para sus clientes bajo &hellip; <\/p>\n<p class=\"link-more\"><a href=\"https:\/\/www.mmhpc.com\/es\/attorney-profiles\/james-hallagan\/\" class=\"more-link\">Seguir leyendo<span class=\"screen-reader-text\"> \u00abJames Hallagan\u00bb<\/span><\/a><\/p>\n","protected":false},"author":15,"featured_media":14404,"parent":7505,"menu_order":2,"comment_status":"closed","ping_status":"closed","template":"template-parts\/single-profile-page.php","meta":{"_acf_changed":false,"_oasis_is_in_workflow":0,"_oasis_original":0,"_oasis_task_priority":"","footnotes":""},"class_list":["post-7693","page","type-page","status-publish","has-post-thumbnail","hentry","entry"],"acf":[],"_links":{"self":[{"href":"https:\/\/www.mmhpc.com\/es\/wp-json\/wp\/v2\/pages\/7693","targetHints":{"allow":["GET"]}}],"collection":[{"href":"https:\/\/www.mmhpc.com\/es\/wp-json\/wp\/v2\/pages"}],"about":[{"href":"https:\/\/www.mmhpc.com\/es\/wp-json\/wp\/v2\/types\/page"}],"author":[{"embeddable":true,"href":"https:\/\/www.mmhpc.com\/es\/wp-json\/wp\/v2\/users\/15"}],"replies":[{"embeddable":true,"href":"https:\/\/www.mmhpc.com\/es\/wp-json\/wp\/v2\/comments?post=7693"}],"version-history":[{"count":34,"href":"https:\/\/www.mmhpc.com\/es\/wp-json\/wp\/v2\/pages\/7693\/revisions"}],"predecessor-version":[{"id":16471,"href":"https:\/\/www.mmhpc.com\/es\/wp-json\/wp\/v2\/pages\/7693\/revisions\/16471"}],"up":[{"embeddable":true,"href":"https:\/\/www.mmhpc.com\/es\/wp-json\/wp\/v2\/pages\/7505"}],"wp:featuredmedia":[{"embeddable":true,"href":"https:\/\/www.mmhpc.com\/es\/wp-json\/wp\/v2\/media\/14404"}],"wp:attachment":[{"href":"https:\/\/www.mmhpc.com\/es\/wp-json\/wp\/v2\/media?parent=7693"}],"curies":[{"name":"wp","href":"https:\/\/api.w.org\/{rel}","templated":true}]}}