{"id":8468,"date":"2019-09-17T04:45:18","date_gmt":"2019-09-17T09:45:18","guid":{"rendered":"https:\/\/www.mmhpc.com\/attorney-profiles\/aaron-lawee\/"},"modified":"2026-02-17T14:55:25","modified_gmt":"2026-02-17T20:55:25","slug":"aaron-lawee","status":"publish","type":"page","link":"https:\/\/www.mmhpc.com\/es\/attorney-profiles\/aaron-lawee\/","title":{"rendered":"Aaron Lawee"},"content":{"rendered":"<p>Aaron Lawee es socio y se uni\u00f3 a Minsky, McCormick &amp; Hallagan, P.C en 2019. Su pr\u00e1ctica se centra en la defensa de la deportaci\u00f3n y la inmigraci\u00f3n basada en la familia, incluidas las peticiones basadas en la familia, las exenciones, los ajustes de estatus y las solicitudes de naturalizaci\u00f3n. Su pr\u00e1ctica tambi\u00e9n incluye asilo, visas U y auto-peticiones VAWA. Aaron ha ejercido la abogac\u00eda de inmigraci\u00f3n en el \u00e1rea de Chicago desde 2011. Es un miembro activo del cap\u00edtulo de Chicago de la Asociaci\u00f3n Estadounidense de Abogados de Inmigraci\u00f3n (AILA) y ha sido nombrado Estrella en Ascenso en Inmigraci\u00f3n por la revista Super Lawyers de 2017 a 2023.<\/p>\n<p>Aaron desarroll\u00f3 una pasi\u00f3n por la ley de inmigraci\u00f3n en su primer a\u00f1o de la facultad de derecho y ha estado trabajando para comunidades inmigrantes desde entonces. Habla espa\u00f1ol con fluidez, ha pasado tiempo en varios pa\u00edses sudamericanos y ha trabajado constantemente en comunidades de habla hispana desde 2008.<\/p>\n","protected":false},"excerpt":{"rendered":"<p>Aaron Lawee es socio y se uni\u00f3 a Minsky, McCormick &amp; Hallagan, P.C en 2019. Su pr\u00e1ctica se centra en la defensa de la deportaci\u00f3n y la inmigraci\u00f3n basada en la familia, incluidas las peticiones basadas en la familia, las exenciones, los ajustes de estatus y las solicitudes de naturalizaci\u00f3n. Su pr\u00e1ctica tambi\u00e9n incluye asilo, &hellip; <\/p>\n<p class=\"link-more\"><a href=\"https:\/\/www.mmhpc.com\/es\/attorney-profiles\/aaron-lawee\/\" class=\"more-link\">Seguir leyendo<span class=\"screen-reader-text\"> \u00abAaron Lawee\u00bb<\/span><\/a><\/p>\n","protected":false},"author":15,"featured_media":16952,"parent":7505,"menu_order":5,"comment_status":"closed","ping_status":"closed","template":"template-parts\/single-profile-page.php","meta":{"_acf_changed":false,"_oasis_is_in_workflow":0,"_oasis_original":0,"_oasis_task_priority":"","footnotes":""},"class_list":["post-8468","page","type-page","status-publish","has-post-thumbnail","hentry","entry"],"acf":[],"_links":{"self":[{"href":"https:\/\/www.mmhpc.com\/es\/wp-json\/wp\/v2\/pages\/8468","targetHints":{"allow":["GET"]}}],"collection":[{"href":"https:\/\/www.mmhpc.com\/es\/wp-json\/wp\/v2\/pages"}],"about":[{"href":"https:\/\/www.mmhpc.com\/es\/wp-json\/wp\/v2\/types\/page"}],"author":[{"embeddable":true,"href":"https:\/\/www.mmhpc.com\/es\/wp-json\/wp\/v2\/users\/15"}],"replies":[{"embeddable":true,"href":"https:\/\/www.mmhpc.com\/es\/wp-json\/wp\/v2\/comments?post=8468"}],"version-history":[{"count":32,"href":"https:\/\/www.mmhpc.com\/es\/wp-json\/wp\/v2\/pages\/8468\/revisions"}],"predecessor-version":[{"id":17599,"href":"https:\/\/www.mmhpc.com\/es\/wp-json\/wp\/v2\/pages\/8468\/revisions\/17599"}],"up":[{"embeddable":true,"href":"https:\/\/www.mmhpc.com\/es\/wp-json\/wp\/v2\/pages\/7505"}],"wp:featuredmedia":[{"embeddable":true,"href":"https:\/\/www.mmhpc.com\/es\/wp-json\/wp\/v2\/media\/16952"}],"wp:attachment":[{"href":"https:\/\/www.mmhpc.com\/es\/wp-json\/wp\/v2\/media?parent=8468"}],"curies":[{"name":"wp","href":"https:\/\/api.w.org\/{rel}","templated":true}]}}