{"id":9933,"date":"2011-05-16T17:28:23","date_gmt":"2011-05-16T21:28:23","guid":{"rendered":"https:\/\/www.mmhpc.com\/thank-you\/"},"modified":"2024-11-14T15:21:21","modified_gmt":"2024-11-14T21:21:21","slug":"thank-you","status":"publish","type":"page","link":"https:\/\/www.mmhpc.com\/es\/thank-you\/","title":{"rendered":"Gracias"},"content":{"rendered":"<h1>Gracias<\/h1>\n<p>Gracias por su inter\u00e9s en nuestra firma. Un miembro de nuestro personal se comunicar\u00e1 con usted en breve. Tambi\u00e9n puede llamar a nuestra oficina al (312) 427-6163.<\/p>\n","protected":false},"excerpt":{"rendered":"<p>Gracias Gracias por su inter\u00e9s en nuestra firma. Un miembro de nuestro personal se comunicar\u00e1 con usted en breve. Tambi\u00e9n puede llamar a nuestra oficina al (312) 427-6163.<\/p>\n","protected":false},"author":15,"featured_media":14903,"parent":0,"menu_order":8,"comment_status":"closed","ping_status":"closed","template":"","meta":{"_acf_changed":false,"_oasis_is_in_workflow":0,"_oasis_original":0,"_oasis_task_priority":"","footnotes":""},"class_list":["post-9933","page","type-page","status-publish","has-post-thumbnail","hentry","entry"],"acf":[],"_links":{"self":[{"href":"https:\/\/www.mmhpc.com\/es\/wp-json\/wp\/v2\/pages\/9933","targetHints":{"allow":["GET"]}}],"collection":[{"href":"https:\/\/www.mmhpc.com\/es\/wp-json\/wp\/v2\/pages"}],"about":[{"href":"https:\/\/www.mmhpc.com\/es\/wp-json\/wp\/v2\/types\/page"}],"author":[{"embeddable":true,"href":"https:\/\/www.mmhpc.com\/es\/wp-json\/wp\/v2\/users\/15"}],"replies":[{"embeddable":true,"href":"https:\/\/www.mmhpc.com\/es\/wp-json\/wp\/v2\/comments?post=9933"}],"version-history":[{"count":3,"href":"https:\/\/www.mmhpc.com\/es\/wp-json\/wp\/v2\/pages\/9933\/revisions"}],"predecessor-version":[{"id":15048,"href":"https:\/\/www.mmhpc.com\/es\/wp-json\/wp\/v2\/pages\/9933\/revisions\/15048"}],"wp:featuredmedia":[{"embeddable":true,"href":"https:\/\/www.mmhpc.com\/es\/wp-json\/wp\/v2\/media\/14903"}],"wp:attachment":[{"href":"https:\/\/www.mmhpc.com\/es\/wp-json\/wp\/v2\/media?parent=9933"}],"curies":[{"name":"wp","href":"https:\/\/api.w.org\/{rel}","templated":true}]}}