{"id":10341,"date":"2021-06-11T04:53:20","date_gmt":"2021-06-11T09:53:20","guid":{"rendered":"https:\/\/www.mmhpc.com\/attorney-profiles\/ana-valenzuela\/"},"modified":"2025-04-24T10:25:32","modified_gmt":"2025-04-24T15:25:32","slug":"ana-valenzuela","status":"publish","type":"page","link":"https:\/\/www.mmhpc.com\/pl\/attorney-profiles\/ana-valenzuela\/","title":{"rendered":"Ana Valenzuela"},"content":{"rendered":"<p>Ana Valenzuela do\u0142\u0105czy\u0142a do Minsky, McCormick &amp; Hallagan, P.C. w 2021 r. jako prawnik pomocniczy. Praktyka Any koncentruje si\u0119 na obronie deportacyjnej w s\u0105dzie imigracyjnym i <a href=\"https:\/\/www.mmhpc.com\/pl\/immigration-law\/family-based-immigration-and-citizenship\/\">imigracji opartej na rodzinie<\/a>, w tym petycjach opartych na rodzinie, zrzeczeniach, <a href=\"https:\/\/www.mmhpc.com\/pl\/immigration-law\/consular-processing-and-adjustment-of-status\/\">dostosowaniach statusu<\/a> i naturalizacji. Jej praktyka obejmuje r\u00f3wnie\u017c azyl, wizy U i samodzielne petycje VAWA.<\/p>\n<p>Ana zajmuje si\u0119 prawem imigracyjnym w rejonie Chicago od 2015 roku. Przed do\u0142\u0105czeniem do Minsky, McCormick &amp; Hallagan, P.C., Ana by\u0142a nadzoruj\u0105cym prawnikiem w Immigrant Legal Defense Project w National Immigrant Justice Center, nadzoruj\u0105c zesp\u00f3\u0142 prawnik\u00f3w i asystent\u00f3w prawnych. Nadzorowa\u0142a r\u00f3wnie\u017c Immigration Court Helpdesk.<\/p>\n<p>Ana uzyska\u0142a tytu\u0142 licencjata z nauk politycznych i studi\u00f3w mi\u0119dzynarodowych na Northwestern University. Podczas studi\u00f3w prawniczych Ana by\u0142a sta\u017cystk\u0105 w LAF\u2019s Immigration Project i sta\u017cystk\u0105 w Adult Detention Project w NIJC. By\u0142a r\u00f3wnie\u017c prezesem Society for Asylum and Immigration Law (SAIL). Ana by\u0142a wolontariuszk\u0105 przez tydzie\u0144 w South Texas Pro Bono Asylum Representation Project (ProBAR) w Harlingen w Teksasie.<\/p>\n<p>Ana jest aktywn\u0105 cz\u0142onkini\u0105 oddzia\u0142u w Chicago Ameryka\u0144skiego Stowarzyszenia Prawnik\u00f3w Imigracyjnych i w 2024 r. otrzyma\u0142a tytu\u0142 Wschodz\u0105cej Gwiazdy w dziedzinie imigracji przyznany przez magazyn Super Lawyers. Wcze\u015bniej, w latach 2006\u20132012, Ana pracowa\u0142a w naszej firmie jako asystentka prawna.<\/p>\n","protected":false},"excerpt":{"rendered":"<p>Ana Valenzuela do\u0142\u0105czy\u0142a do Minsky, McCormick &amp; Hallagan, P.C. w 2021 r. jako prawnik pomocniczy. Praktyka Any koncentruje si\u0119 na obronie deportacyjnej w s\u0105dzie imigracyjnym i imigracji opartej na rodzinie, w tym petycjach opartych na rodzinie, zrzeczeniach, dostosowaniach statusu i naturalizacji. Jej praktyka obejmuje r\u00f3wnie\u017c azyl, wizy U i samodzielne petycje VAWA. Ana zajmuje si\u0119 &hellip; <\/p>\n<p class=\"link-more\"><a href=\"https:\/\/www.mmhpc.com\/pl\/attorney-profiles\/ana-valenzuela\/\" class=\"more-link\">Czytaj dalej<span class=\"screen-reader-text\"> \u201eAna Valenzuela\u201d<\/span><\/a><\/p>\n","protected":false},"author":36,"featured_media":16951,"parent":7745,"menu_order":6,"comment_status":"closed","ping_status":"closed","template":"template-parts\/single-profile-page.php","meta":{"_acf_changed":false,"_oasis_is_in_workflow":0,"_oasis_original":0,"_oasis_task_priority":"","footnotes":""},"class_list":["post-10341","page","type-page","status-publish","has-post-thumbnail","hentry","entry"],"acf":[],"_links":{"self":[{"href":"https:\/\/www.mmhpc.com\/pl\/wp-json\/wp\/v2\/pages\/10341","targetHints":{"allow":["GET"]}}],"collection":[{"href":"https:\/\/www.mmhpc.com\/pl\/wp-json\/wp\/v2\/pages"}],"about":[{"href":"https:\/\/www.mmhpc.com\/pl\/wp-json\/wp\/v2\/types\/page"}],"author":[{"embeddable":true,"href":"https:\/\/www.mmhpc.com\/pl\/wp-json\/wp\/v2\/users\/36"}],"replies":[{"embeddable":true,"href":"https:\/\/www.mmhpc.com\/pl\/wp-json\/wp\/v2\/comments?post=10341"}],"version-history":[{"count":25,"href":"https:\/\/www.mmhpc.com\/pl\/wp-json\/wp\/v2\/pages\/10341\/revisions"}],"predecessor-version":[{"id":16488,"href":"https:\/\/www.mmhpc.com\/pl\/wp-json\/wp\/v2\/pages\/10341\/revisions\/16488"}],"up":[{"embeddable":true,"href":"https:\/\/www.mmhpc.com\/pl\/wp-json\/wp\/v2\/pages\/7745"}],"wp:featuredmedia":[{"embeddable":true,"href":"https:\/\/www.mmhpc.com\/pl\/wp-json\/wp\/v2\/media\/16951"}],"wp:attachment":[{"href":"https:\/\/www.mmhpc.com\/pl\/wp-json\/wp\/v2\/media?parent=10341"}],"curies":[{"name":"wp","href":"https:\/\/api.w.org\/{rel}","templated":true}]}}