{"id":10819,"date":"2021-09-03T02:54:43","date_gmt":"2021-09-03T07:54:43","guid":{"rendered":"https:\/\/www.mmhpc.com\/?page_id=10819"},"modified":"2025-04-24T10:26:50","modified_gmt":"2025-04-24T15:26:50","slug":"grace-parsons","status":"publish","type":"page","link":"https:\/\/www.mmhpc.com\/pl\/attorney-profiles\/grace-parsons\/","title":{"rendered":"Grace Parsons"},"content":{"rendered":"<p>Grace Parsons do\u0142\u0105czy\u0142a do Minsky, McCormick &amp; Hallagan, P.C. w 2021 r. jako prawnik pomocniczy. Praktyka Grace koncentruje si\u0119 na sprawach rodzinnych i obronie deportacyjnej. Jej praktyka obejmuje r\u00f3wnie\u017c sprawy dotycz\u0105ce obywatelstwa i sprawy humanitarne, takie jak azyl, wizy U i wnioski VAWA. Przed do\u0142\u0105czeniem do Minsky, McCormick &amp; Hallagan, Grace zdoby\u0142a do\u015bwiadczenie jako prawnik pomocniczy ds. imigracji w innej kancelarii prawnej w Chicago. Wcze\u015bniej przez kilka lat pracowa\u0142a jako asystentka prawna, zajmuj\u0105c si\u0119 g\u0142\u00f3wnie sprawami obrony deportacyjnej przed S\u0105dem Imigracyjnym w Chicago. Na studiach prawniczych Grace by\u0142a wiceprezesem Stowarzyszenia Student\u00f3w Prawa Imigracyjnego i redaktorem artyku\u0142\u00f3w w Arizona Journal of International &amp; Comparative Law. Sp\u0119dzi\u0142a troch\u0119 czasu, pracuj\u0105c w Federal Public Defender\u2019s Office w Tucson i by\u0142a wolontariuszk\u0105 w organizacjach non-profit s\u0142u\u017c\u0105cych spo\u0142eczno\u015bci imigrant\u00f3w w regionie przygranicznym. Otrzyma\u0142a wiele nagr\u00f3d CALI Excellence for the Future Awards za uzyskanie najwy\u017cszej oceny z czterech kurs\u00f3w na studiach prawniczych.<\/p>\n","protected":false},"excerpt":{"rendered":"<p>Grace Parsons do\u0142\u0105czy\u0142a do Minsky, McCormick &amp; Hallagan, P.C. w 2021 r. jako prawnik pomocniczy. Praktyka Grace koncentruje si\u0119 na sprawach rodzinnych i obronie deportacyjnej. Jej praktyka obejmuje r\u00f3wnie\u017c sprawy dotycz\u0105ce obywatelstwa i sprawy humanitarne, takie jak azyl, wizy U i wnioski VAWA. Przed do\u0142\u0105czeniem do Minsky, McCormick &amp; Hallagan, Grace zdoby\u0142a do\u015bwiadczenie jako prawnik &hellip; <\/p>\n<p class=\"link-more\"><a href=\"https:\/\/www.mmhpc.com\/pl\/attorney-profiles\/grace-parsons\/\" class=\"more-link\">Czytaj dalej<span class=\"screen-reader-text\"> \u201eGrace Parsons\u201d<\/span><\/a><\/p>\n","protected":false},"author":38,"featured_media":16951,"parent":7745,"menu_order":12,"comment_status":"closed","ping_status":"closed","template":"template-parts\/single-profile-page.php","meta":{"_acf_changed":false,"_oasis_is_in_workflow":0,"_oasis_original":0,"_oasis_task_priority":"","footnotes":""},"class_list":["post-10819","page","type-page","status-publish","has-post-thumbnail","hentry","entry"],"acf":[],"_links":{"self":[{"href":"https:\/\/www.mmhpc.com\/pl\/wp-json\/wp\/v2\/pages\/10819","targetHints":{"allow":["GET"]}}],"collection":[{"href":"https:\/\/www.mmhpc.com\/pl\/wp-json\/wp\/v2\/pages"}],"about":[{"href":"https:\/\/www.mmhpc.com\/pl\/wp-json\/wp\/v2\/types\/page"}],"author":[{"embeddable":true,"href":"https:\/\/www.mmhpc.com\/pl\/wp-json\/wp\/v2\/users\/38"}],"replies":[{"embeddable":true,"href":"https:\/\/www.mmhpc.com\/pl\/wp-json\/wp\/v2\/comments?post=10819"}],"version-history":[{"count":17,"href":"https:\/\/www.mmhpc.com\/pl\/wp-json\/wp\/v2\/pages\/10819\/revisions"}],"predecessor-version":[{"id":16493,"href":"https:\/\/www.mmhpc.com\/pl\/wp-json\/wp\/v2\/pages\/10819\/revisions\/16493"}],"up":[{"embeddable":true,"href":"https:\/\/www.mmhpc.com\/pl\/wp-json\/wp\/v2\/pages\/7745"}],"wp:featuredmedia":[{"embeddable":true,"href":"https:\/\/www.mmhpc.com\/pl\/wp-json\/wp\/v2\/media\/16951"}],"wp:attachment":[{"href":"https:\/\/www.mmhpc.com\/pl\/wp-json\/wp\/v2\/media?parent=10819"}],"curies":[{"name":"wp","href":"https:\/\/api.w.org\/{rel}","templated":true}]}}