{"id":10905,"date":"2021-09-22T02:02:00","date_gmt":"2021-09-22T07:02:00","guid":{"rendered":"https:\/\/www.mmhpc.com\/attorney-profiles\/courtney-wachal\/"},"modified":"2024-12-03T07:10:41","modified_gmt":"2024-12-03T13:10:41","slug":"courtney-wachal","status":"publish","type":"page","link":"https:\/\/www.mmhpc.com\/pl\/attorney-profiles\/courtney-wachal\/","title":{"rendered":"Courtney Wachal"},"content":{"rendered":"<p>Courtney Wachal do\u0142\u0105czy\u0142a do Minsky McCormick and Hallagan P.C. w 2021 r. jako prawnik pomocniczy. Praktyka Courtney koncentruje si\u0119 na imigracji opartej na zatrudnieniu, ze szczeg\u00f3lnym do\u015bwiadczeniem w zakresie nadzwyczajnych zdolno\u015bci i zwolnie\u0144 z tytu\u0142u interesu narodowego, wiz nieimigracyjnych i imigracyjnych. Przed do\u0142\u0105czeniem do Minsky, McCormick &amp; Hallagan, PC, Courtney pracowa\u0142a jako prawnik pomocniczy ds. imigracji w biurze firmy imigracyjnej opartej na zatrudnieniu w Chicago, gdzie zajmowa\u0142a si\u0119 wizami O-1 i petycjami I-140, w szczeg\u00f3lno\u015bci zwolnieniem z tytu\u0142u interesu narodowego (NIW), EB-1A nadzwyczajnymi zdolno\u015bciami i EB-1B wybitnym badaczem. Podczas studi\u00f3w prawniczych Courtney uczestniczy\u0142a w projektach pro bono w ramach Church World Service, gdzie pomaga\u0142a w przesiewie klient\u00f3w ubiegaj\u0105cych si\u0119 o obywatelstwo. Podczas studi\u00f3w prawniczych Courtney odbywa\u0142a sta\u017c w U.S. Citizenship &amp; Immigration Services (USCIS) w Wydziale Imigracji Rodzinnej i Ochrony Ofiar, gdzie pomaga\u0142a w opracowywaniu notatek dotycz\u0105cych polityki i pracowa\u0142a nad polityk\u0105 dotycz\u0105c\u0105 wiz U, T i specjalnych wiz imigracyjnych dla nieletnich (SIJ).<\/p>\n","protected":false},"excerpt":{"rendered":"<p>Courtney Wachal do\u0142\u0105czy\u0142a do Minsky McCormick and Hallagan P.C. w 2021 r. jako prawnik pomocniczy. Praktyka Courtney koncentruje si\u0119 na imigracji opartej na zatrudnieniu, ze szczeg\u00f3lnym do\u015bwiadczeniem w zakresie nadzwyczajnych zdolno\u015bci i zwolnie\u0144 z tytu\u0142u interesu narodowego, wiz nieimigracyjnych i imigracyjnych. Przed do\u0142\u0105czeniem do Minsky, McCormick &amp; Hallagan, PC, Courtney pracowa\u0142a jako prawnik pomocniczy ds. &hellip; <\/p>\n<p class=\"link-more\"><a href=\"https:\/\/www.mmhpc.com\/pl\/attorney-profiles\/courtney-wachal\/\" class=\"more-link\">Czytaj dalej<span class=\"screen-reader-text\"> \u201eCourtney Wachal\u201d<\/span><\/a><\/p>\n","protected":false},"author":15,"featured_media":16951,"parent":7745,"menu_order":10,"comment_status":"closed","ping_status":"closed","template":"template-parts\/single-profile-page.php","meta":{"_acf_changed":false,"_oasis_is_in_workflow":0,"_oasis_original":0,"_oasis_task_priority":"","footnotes":""},"class_list":["post-10905","page","type-page","status-publish","has-post-thumbnail","hentry","entry"],"acf":[],"_links":{"self":[{"href":"https:\/\/www.mmhpc.com\/pl\/wp-json\/wp\/v2\/pages\/10905","targetHints":{"allow":["GET"]}}],"collection":[{"href":"https:\/\/www.mmhpc.com\/pl\/wp-json\/wp\/v2\/pages"}],"about":[{"href":"https:\/\/www.mmhpc.com\/pl\/wp-json\/wp\/v2\/types\/page"}],"author":[{"embeddable":true,"href":"https:\/\/www.mmhpc.com\/pl\/wp-json\/wp\/v2\/users\/15"}],"replies":[{"embeddable":true,"href":"https:\/\/www.mmhpc.com\/pl\/wp-json\/wp\/v2\/comments?post=10905"}],"version-history":[{"count":17,"href":"https:\/\/www.mmhpc.com\/pl\/wp-json\/wp\/v2\/pages\/10905\/revisions"}],"predecessor-version":[{"id":16492,"href":"https:\/\/www.mmhpc.com\/pl\/wp-json\/wp\/v2\/pages\/10905\/revisions\/16492"}],"up":[{"embeddable":true,"href":"https:\/\/www.mmhpc.com\/pl\/wp-json\/wp\/v2\/pages\/7745"}],"wp:featuredmedia":[{"embeddable":true,"href":"https:\/\/www.mmhpc.com\/pl\/wp-json\/wp\/v2\/media\/16951"}],"wp:attachment":[{"href":"https:\/\/www.mmhpc.com\/pl\/wp-json\/wp\/v2\/media?parent=10905"}],"curies":[{"name":"wp","href":"https:\/\/api.w.org\/{rel}","templated":true}]}}