{"id":12023,"date":"2022-12-15T00:36:30","date_gmt":"2022-12-15T06:36:30","guid":{"rendered":"https:\/\/www.mmhpc.com\/?page_id=12023"},"modified":"2024-12-03T07:10:02","modified_gmt":"2024-12-03T13:10:02","slug":"amanda-rizzo","status":"publish","type":"page","link":"https:\/\/www.mmhpc.com\/pl\/attorney-profiles\/amanda-rizzo\/","title":{"rendered":"Amanda Rizzo"},"content":{"rendered":"<p>Amanda do\u0142\u0105czy\u0142a do Minsky, McCormick &amp; Hallagan w 2022 roku i koncentruje swoj\u0105 praktyk\u0119 na us\u0142ugach prawnych dla rodzin, przetwarzaniu konsularnym, naturalizacji, pomocy humanitarnej, petycjach o nadzwyczajne zdolno\u015bci i sporach s\u0105dowych na szczeblu federalnym. Pracuje w dziedzinie prawa imigracyjnego od 2011 roku.<\/p>\n<p>Przed do\u0142\u0105czeniem do MMH Amanda zajmowa\u0142a si\u0119 imigracj\u0105 opart\u0105 na zatrudnieniu, a tak\u017ce obron\u0105 przed deportacj\u0105. Reprezentowa\u0142a pracodawc\u00f3w wszelkiego rodzaju, od ma\u0142ych lokalnych firm po mi\u0119dzynarodowe korporacje warte wiele miliard\u00f3w dolar\u00f3w, w uzyskiwaniu wiz nieimigracyjnych, certyfikat\u00f3w PERM i zielonych kart dla swoich pracownik\u00f3w. Praktykowa\u0142a r\u00f3wnie\u017c przed S\u0105dem Imigracyjnym i Rad\u0105 Apelacyjn\u0105 ds. Imigracji w r\u00f3\u017cnych sprawach dotycz\u0105cych obrony przed deportacj\u0105, w tym azylu, anulowania deportacji i zmiany statusu. Dzi\u0119ki swojemu szerokiemu do\u015bwiadczeniu Amanda jest w stanie kompleksowo doradza\u0107 swoim klientom w wielu aspektach prawa imigracyjnego.<\/p>\n<p>Amanda jest szczeg\u00f3lnie pasjonatk\u0105 swojej praktyki z muzykami o nadzwyczajnych zdolno\u015bciach, uzyskuj\u0105c zmiany statusu F-1 na O-1B i petycje EB-1A. Amanda wspiera r\u00f3wnie\u017c swoich klient\u00f3w w sprawach op\u00f3\u017anie\u0144 imigracyjnych w s\u0105dzie federalnym, w tym w apelacjach od decyzji o odmowie naturalizacji.<\/p>\n<p>Amanda, maj\u0105ca wiedz\u0119 na temat z\u0142o\u017conej pomocy humanitarnej, wyst\u0119puje w imieniu swoich klient\u00f3w, kt\u00f3rzy padli ofiar\u0105 przest\u0119pstwa, handlu lud\u017ami, nadu\u017cy\u0107 w pracy i przemocy domowej, aby uzyska\u0107 ulg\u0119 i bezpiecze\u0144stwo w Stanach Zjednoczonych.<\/p>\n","protected":false},"excerpt":{"rendered":"<p>Amanda do\u0142\u0105czy\u0142a do Minsky, McCormick &amp; Hallagan w 2022 roku i koncentruje swoj\u0105 praktyk\u0119 na us\u0142ugach prawnych dla rodzin, przetwarzaniu konsularnym, naturalizacji, pomocy humanitarnej, petycjach o nadzwyczajne zdolno\u015bci i sporach s\u0105dowych na szczeblu federalnym. Pracuje w dziedzinie prawa imigracyjnego od 2011 roku. Przed do\u0142\u0105czeniem do MMH Amanda zajmowa\u0142a si\u0119 imigracj\u0105 opart\u0105 na zatrudnieniu, a tak\u017ce &hellip; <\/p>\n<p class=\"link-more\"><a href=\"https:\/\/www.mmhpc.com\/pl\/attorney-profiles\/amanda-rizzo\/\" class=\"more-link\">Czytaj dalej<span class=\"screen-reader-text\"> \u201eAmanda Rizzo\u201d<\/span><\/a><\/p>\n","protected":false},"author":38,"featured_media":16951,"parent":7745,"menu_order":8,"comment_status":"closed","ping_status":"closed","template":"template-parts\/single-profile-page.php","meta":{"_acf_changed":false,"_oasis_is_in_workflow":0,"_oasis_original":0,"_oasis_task_priority":"","footnotes":""},"class_list":["post-12023","page","type-page","status-publish","has-post-thumbnail","hentry","entry"],"acf":[],"_links":{"self":[{"href":"https:\/\/www.mmhpc.com\/pl\/wp-json\/wp\/v2\/pages\/12023","targetHints":{"allow":["GET"]}}],"collection":[{"href":"https:\/\/www.mmhpc.com\/pl\/wp-json\/wp\/v2\/pages"}],"about":[{"href":"https:\/\/www.mmhpc.com\/pl\/wp-json\/wp\/v2\/types\/page"}],"author":[{"embeddable":true,"href":"https:\/\/www.mmhpc.com\/pl\/wp-json\/wp\/v2\/users\/38"}],"replies":[{"embeddable":true,"href":"https:\/\/www.mmhpc.com\/pl\/wp-json\/wp\/v2\/comments?post=12023"}],"version-history":[{"count":21,"href":"https:\/\/www.mmhpc.com\/pl\/wp-json\/wp\/v2\/pages\/12023\/revisions"}],"predecessor-version":[{"id":16490,"href":"https:\/\/www.mmhpc.com\/pl\/wp-json\/wp\/v2\/pages\/12023\/revisions\/16490"}],"up":[{"embeddable":true,"href":"https:\/\/www.mmhpc.com\/pl\/wp-json\/wp\/v2\/pages\/7745"}],"wp:featuredmedia":[{"embeddable":true,"href":"https:\/\/www.mmhpc.com\/pl\/wp-json\/wp\/v2\/media\/16951"}],"wp:attachment":[{"href":"https:\/\/www.mmhpc.com\/pl\/wp-json\/wp\/v2\/media?parent=12023"}],"curies":[{"name":"wp","href":"https:\/\/api.w.org\/{rel}","templated":true}]}}