{"id":16772,"date":"2025-04-23T10:54:41","date_gmt":"2025-04-23T15:54:41","guid":{"rendered":"https:\/\/www.mmhpc.com\/?page_id=16772"},"modified":"2025-04-24T01:03:26","modified_gmt":"2025-04-24T06:03:26","slug":"proces-przetwarzania-konsularnego","status":"publish","type":"page","link":"https:\/\/www.mmhpc.com\/pl\/proces-przetwarzania-konsularnego\/","title":{"rendered":"Proces przetwarzania konsularnego"},"content":{"rendered":"<h1>Proces przetwarzania konsularnego<\/h1>\n<p>W Minsky, McCormick &amp; Hallagan, P.C. jeste\u015bmy gotowi przeprowadzi\u0107 Ci\u0119 przez zawi\u0142o\u015bci procesu przetwarzania konsularnego, kluczowej \u015bcie\u017cki dla os\u00f3b mieszkaj\u0105cych poza Stanami Zjednoczonymi, kt\u00f3re chc\u0105 uzyska\u0107 legalny sta\u0142y pobyt. Dzi\u0119ki prawie czterdziestoletniemu do\u015bwiadczeniu nasz do\u015bwiadczony zesp\u00f3\u0142 zapewnia wyj\u0105tkowe doradztwo prawne osobom i rodzinom poruszaj\u0105cym si\u0119 po tej skomplikowanej procedurze imigracyjnej.<br \/>\n<h2\">Zrozumienie przetwarzania konsularnego<\/h2>\n<p>Przetwarzanie konsularne jest kluczowym krokiem dla wielu imigrant\u00f3w. Obejmuje ono z\u0142o\u017cenie wniosku o wiz\u0119 imigracyjn\u0105 w konsulacie lub ambasadzie USA w Twoim kraju ojczystym. Proces ten wymaga skrupulatnego przygotowania i dog\u0142\u0119bnego zrozumienia prawa imigracyjnego USA, a w obu tych obszarach nasza firma si\u0119 wyr\u00f3\u017cnia.<\/p>\n<h2 id=\"spitm1\">1. Wst\u0119pna konsultacja<\/h2>\n<p>Podr\u00f3\u017c rozpoczyna si\u0119 od kompleksowej konsultacji z naszymi do\u015bwiadczonymi prawnikami ds. imigracji. Podczas tej sesji ocenimy Twoj\u0105 sytuacj\u0119 i ustalimy, czy przetwarzanie konsularne jest dla Ciebie najlepsz\u0105 opcj\u0105. Je\u015bli tak, om\u00f3wimy wymagania i dokumenty potrzebne do kontynuowania Twojej sprawy.<\/p>\n<h2 id=\"spitm2\">2. Okre\u015blenie kwalifikowalno\u015bci<\/h2>\n<p>Starannie oceniamy Tw\u00f3j przypadek, aby okre\u015bli\u0107 kwalifikowalno\u015b\u0107 na podstawie Twoich konkretnych okoliczno\u015bci, czy to sponsorowanie oparte na rodzinie, czy mo\u017cliwo\u015bci zatrudnienia. Nasza wiedza gwarantuje, \u017ce rozumiesz swoje opcje i potencjalne wyniki.<\/p>\n<h2 id=\"spitm3\">3. Koordynacja ze sponsorami z USA<\/h2>\n<p>Dla wielu wnioskodawc\u00f3w posiadanie sponsora z USA jest niezb\u0119dne, niezale\u017cnie od tego, czy jest to cz\u0142onek rodziny, czy pracodawca. Nasza firma u\u0142atwia bezproblemow\u0105 komunikacj\u0119 i koordynacj\u0119 mi\u0119dzy Tob\u0105 a Twoim sponsorem, zapewniaj\u0105c, \u017ce wszystkie niezb\u0119dne petycje, takie jak formularz I-130 lub I-140, s\u0105 dok\u0142adnie przygotowane i z\u0142o\u017cone w Urz\u0119dzie ds. Obywatelstwa i Imigracji Stan\u00f3w Zjednoczonych (USCIS).<\/p>\n<h2 id=\"spitm4\">4. Przygotowanie dokumentacji<\/h2>\n<p>W\u0142a\u015bciwa dokumentacja jest podstaw\u0105 udanego wniosku o przetwarzanie konsularne. Zapewniamy szczeg\u00f3\u0142owe wskaz\u00f3wki dotycz\u0105ce gromadzenia niezb\u0119dnych dokument\u00f3w, takich jak akty urodzenia, akty ma\u0142\u017ce\u0144stwa, akta policyjne i sprawozdania finansowe. Nasz dok\u0142adny proces przegl\u0105du zapewnia, \u017ce \u200b\u200bka\u017cdy dow\u00f3d popiera Twoj\u0105 spraw\u0119, minimalizuj\u0105c ryzyko op\u00f3\u017anie\u0144 lub odm\u00f3w.<\/p>\n<h2 id=\"spitm5\">5. Sk\u0142adanie petycji imigracyjnej<\/h2>\n<p>Po skompletowaniu wymaganych dokument\u00f3w pomagamy w z\u0142o\u017ceniu petycji imigracyjnej w USCIS. Nasz zesp\u00f3\u0142 prawny skrupulatnie sprawdza wszystkie formularze, aby zapewni\u0107 zgodno\u015b\u0107 z normami prawnymi, przyspieszaj\u0105c proces zatwierdzania i przygotowuj\u0105c grunt pod kolejne kroki.<\/p>\n<h2 id=\"spitm6\">6. Przetwarzanie w Krajowym Centrum Wizowym<\/h2>\n<p>Po zatwierdzeniu przez USCIS Twoja sprawa jest przekazywana do Krajowego Centrum Wizowego (NVC), kt\u00f3re zajmuje si\u0119 wst\u0119pnym przetwarzaniem wniosk\u00f3w o wizy imigracyjne. Pomagamy Ci w uiszczeniu op\u0142at i z\u0142o\u017ceniu dodatkowych dokument\u00f3w wymaganych przez NVC.<\/p>\n<h2 id=\"spitm7\">7. Przygotowanie do rozmowy kwalifikacyjnej<\/h2>\n<p>Krytycznym elementem przetwarzania konsularnego jest rozmowa kwalifikacyjna w konsulacie lub ambasadzie USA. Nasi prawnicy zapewniaj\u0105 dok\u0142adne przygotowanie do rozmowy kwalifikacyjnej, udzielaj\u0105c wskaz\u00f3wek, jak skutecznie przedstawi\u0107 swoj\u0105 spraw\u0119. Doradzamy w sprawie potencjalnych pyta\u0144 i pomagamy rozwia\u0107 wszelkie w\u0105tpliwo\u015bci, zapewniaj\u0105c pewno\u015b\u0107 siebie i dobre przygotowanie.<\/p>\n<h2 id=\"spitm8\">8. Wydawanie wiz i wjazd do USA<\/h2>\n<p>Po zatwierdzeniu wizy kontynuujemy nasze wsparcie. Zapewniamy instrukcje dotycz\u0105ce odbioru pakietu wizowego i przygotowania si\u0119 do legalnego wjazdu do Stan\u00f3w Zjednoczonych. Nasz zesp\u00f3\u0142 pozostaje dost\u0119pny, aby pom\u00f3c w rozwi\u0105zywaniu wszelkich problem\u00f3w, kt\u00f3re mog\u0105 pojawi\u0107 si\u0119 podczas Twojej zmiany.<\/p>\n<h2 id=\"spitm9\">Dlaczego warto wybra\u0107 Minsky, McCormick &amp; Hallagan, P.C.?<\/h2>\n<p>Nasza firma wyr\u00f3\u017cnia si\u0119 dzi\u0119ki naszemu niezachwianemu oddaniu sukcesowi klienta i naszemu bogatemu do\u015bwiadczeniu w prawie imigracyjnym w USA. Od 1975 roku jeste\u015bmy zaufanym partnerem dla niezliczonej liczby klient\u00f3w, oferuj\u0105c spersonalizowane strategie i niezachwiane wsparcie. Wierzymy w transformacyjn\u0105 moc imigracji i jeste\u015bmy zaszczyceni, \u017ce mo\u017cemy pom\u00f3c Ci uczyni\u0107 Ameryk\u0119 swoim domem.<\/p>\n<p>Skontaktuj si\u0119 z nami ju\u017c dzi\u015b, aby rozpocz\u0105\u0107 swoj\u0105 podr\u00f3\u017c imigracyjn\u0105 z pewno\u015bci\u0105, \u017ce masz u boku wiod\u0105c\u0105 kancelari\u0119 prawn\u0105. Nasi do\u015bwiadczeni prawnicy s\u0105 tutaj, aby wspiera\u0107 Ci\u0119 na ka\u017cdym kroku, zapewniaj\u0105c p\u0142ynne przetwarzanie konsularne.<\/p>\n","protected":false},"excerpt":{"rendered":"<p>Proces przetwarzania konsularnego W Minsky, McCormick &amp; Hallagan, P.C. jeste\u015bmy gotowi przeprowadzi\u0107 Ci\u0119 przez zawi\u0142o\u015bci procesu przetwarzania konsularnego, kluczowej \u015bcie\u017cki dla os\u00f3b mieszkaj\u0105cych poza Stanami Zjednoczonymi, kt\u00f3re chc\u0105 uzyska\u0107 legalny sta\u0142y pobyt. Dzi\u0119ki prawie czterdziestoletniemu do\u015bwiadczeniu nasz do\u015bwiadczony zesp\u00f3\u0142 zapewnia wyj\u0105tkowe doradztwo prawne osobom i rodzinom poruszaj\u0105cym si\u0119 po tej skomplikowanej procedurze imigracyjnej.<\/p>\n","protected":false},"author":38,"featured_media":16912,"parent":0,"menu_order":0,"comment_status":"closed","ping_status":"closed","template":"","meta":{"_acf_changed":false,"_oasis_is_in_workflow":0,"_oasis_original":0,"_oasis_task_priority":"","footnotes":""},"class_list":["post-16772","page","type-page","status-publish","has-post-thumbnail","hentry","entry"],"acf":[],"_links":{"self":[{"href":"https:\/\/www.mmhpc.com\/pl\/wp-json\/wp\/v2\/pages\/16772","targetHints":{"allow":["GET"]}}],"collection":[{"href":"https:\/\/www.mmhpc.com\/pl\/wp-json\/wp\/v2\/pages"}],"about":[{"href":"https:\/\/www.mmhpc.com\/pl\/wp-json\/wp\/v2\/types\/page"}],"author":[{"embeddable":true,"href":"https:\/\/www.mmhpc.com\/pl\/wp-json\/wp\/v2\/users\/38"}],"replies":[{"embeddable":true,"href":"https:\/\/www.mmhpc.com\/pl\/wp-json\/wp\/v2\/comments?post=16772"}],"version-history":[{"count":2,"href":"https:\/\/www.mmhpc.com\/pl\/wp-json\/wp\/v2\/pages\/16772\/revisions"}],"predecessor-version":[{"id":16828,"href":"https:\/\/www.mmhpc.com\/pl\/wp-json\/wp\/v2\/pages\/16772\/revisions\/16828"}],"wp:featuredmedia":[{"embeddable":true,"href":"https:\/\/www.mmhpc.com\/pl\/wp-json\/wp\/v2\/media\/16912"}],"wp:attachment":[{"href":"https:\/\/www.mmhpc.com\/pl\/wp-json\/wp\/v2\/media?parent=16772"}],"curies":[{"name":"wp","href":"https:\/\/api.w.org\/{rel}","templated":true}]}}