{"id":16780,"date":"2025-04-23T11:04:49","date_gmt":"2025-04-23T16:04:49","guid":{"rendered":"https:\/\/www.mmhpc.com\/?page_id=16780"},"modified":"2025-04-24T01:00:53","modified_gmt":"2025-04-24T06:00:53","slug":"proces-zielonej-karty","status":"publish","type":"page","link":"https:\/\/www.mmhpc.com\/pl\/proces-zielonej-karty\/","title":{"rendered":"Proces Zielonej Karty"},"content":{"rendered":"<h1>Proces Zielonej Karty<\/h1>\n<p>W Minsky McCormick &amp; Hallagan, P.C. przekszta\u0142camy skomplikowan\u0105 podr\u00f3\u017c uzyskania zielonej karty w p\u0142ynne i prowadzone do\u015bwiadczenie. Jako do\u015bwiadczeni profesjonali\u015bci w ameryka\u0144skim prawie imigracyjnym, zobowi\u0105zujemy si\u0119 do zapewnienia niezr\u00f3wnanego wsparcia na ka\u017cdym etapie procesu sk\u0142adania wniosku o zielon\u0105 kart\u0119. Nasze podej\u015bcie opiera si\u0119 na zrozumieniu Twoich unikalnych okoliczno\u015bci i dostarczaniu dostosowanych rozwi\u0105za\u0144, kt\u00f3re zapewniaj\u0105, \u017ce Twoja sprawa zostanie potraktowana z najwy\u017csz\u0105 precyzj\u0105 i staranno\u015bci\u0105.<\/p>\n<h2 id=\"spitm1\">1. Wst\u0119pna konsultacja<\/h2>\n<p>Podr\u00f3\u017c zaczyna si\u0119 od kompleksowej konsultacji. W Minsky McCormick &amp; Hallagan, P.C. rozumiemy, \u017ce ka\u017cda sprawa jest wyj\u0105tkowa, dlatego nasi do\u015bwiadczeni prawnicy po\u015bwi\u0119caj\u0105 czas na ocen\u0119 Twojej kwalifikowalno\u015bci i om\u00f3wienie szczeg\u00f3\u0142\u00f3w Twojej sytuacji. Badamy wszystkie mo\u017cliwe \u015bcie\u017cki do uzyskania zielonej karty, zapewniaj\u0105c, \u017ce jeste\u015b w pe\u0142ni poinformowany o swoich opcjach. Ten wa\u017cny krok pozwala nam na zaplanowanie strategicznego planu, kt\u00f3ry maksymalizuje Twoje szanse na sukces.<\/p>\n<h2 id=\"spitm2\">2. Okre\u015bl kwalifikowalno\u015b\u0107<\/h2>\n<p>Po konsultacji z naszym zespo\u0142em ustalimy najbardziej odpowiedni\u0105 kategori\u0119 zielonej karty dla Twojej sprawy. Mo\u017ce to obejmowa\u0107 opcje oparte na zatrudnieniu, rodzinie lub humanitarne, mi\u0119dzy innymi.<\/p>\n<h2 id=\"spitm3\">3. Zbierz dokumentacj\u0119<\/h2>\n<p>Nasi prawnicy pomog\u0105 Ci zebra\u0107 wszystkie niezb\u0119dne dokumenty na poparcie Twojego wniosku. Rozumiemy, \u017ce mo\u017ce to by\u0107 trudne, dlatego nasz zesp\u00f3\u0142 udzieli Ci jasnych instrukcji i pomo\u017ce w uzyskaniu brakuj\u0105cej dokumentacji.<\/p>\n<h2 id=\"spitm4\">4. Z\u0142o\u017cenie petycji imigracyjnej i dostosowanie statusu lub przetwarzanie konsularne<\/h2>\n<p>Niezale\u017cnie od tego, czy sk\u0142adasz petycj\u0119 imigracyjn\u0105, dostosowujesz sw\u00f3j status, czy przechodzisz przetwarzanie konsularne, nasza firma oferuje wskaz\u00f3wki na ka\u017cdym etapie. Pomagamy w przygotowaniu i z\u0142o\u017ceniu formularza I-485 w celu dostosowania statusu lub koordynujemy procesy konsularne dla os\u00f3b sk\u0142adaj\u0105cych wnioski z zagranicy. Nasi prawnicy s\u0105 biegli w poruszaniu si\u0119 po zawi\u0142o\u015bciach tych procedur, zapewniaj\u0105c, \u017ce Tw\u00f3j wniosek jest solidny i przekonuj\u0105cy.<\/p>\n<h2 id=\"spitm5\">5. Wizyta biometryczna i przygotowanie do rozmowy kwalifikacyjnej<\/h2>\n<p>Po z\u0142o\u017ceniu petycji zostaniesz um\u00f3wiony na spotkanie biometryczne. Obejmuje to dostarczenie odcisk\u00f3w palc\u00f3w, zdj\u0119\u0107 i innych danych w celu ustalenia Twojej to\u017csamo\u015bci. Nasz zesp\u00f3\u0142 dok\u0142adnie przygotuje Ci\u0119 do tego kroku, wyja\u015bniaj\u0105c, czego si\u0119 spodziewa\u0107 i jak prezentowa\u0107 si\u0119 profesjonalnie.<\/p>\n<h2 id=\"spitm6\">6. Rozmowa kwalifikacyjna i zatwierdzenie Zielonej Karty<\/h2>\n<p>Ostatni krok w procesie ubiegania si\u0119 o zielon\u0105 kart\u0119 jest cz\u0119sto najwa\u017cniejszy \u2014 rozmowa kwalifikacyjna. Nasi wykwalifikowani prawnicy przygotuj\u0105 Ci\u0119 na to, czego si\u0119 spodziewa\u0107, i udziel\u0105 wskaz\u00f3wek, jak pewnie odpowiada\u0107 na pytania. Uczestniczymy r\u00f3wnie\u017c w rozmowie kwalifikacyjnej, upewniaj\u0105c si\u0119, \u017ce wszystkie dowody i dokumenty pomocnicze s\u0105 przedstawione jasno i przekonuj\u0105co. W przypadkach, gdy wymagane s\u0105 dodatkowe dowody lub informacje, pracujemy pilnie, aby dostarczy\u0107 je niezw\u0142ocznie.<\/p>\n<h2 id=\"spitm7\">7. Ci\u0105g\u0142a komunikacja i aktualizacje<\/h2>\n<p>Przez ca\u0142y proces ubiegania si\u0119 o zielon\u0105 kart\u0119 Minsky McCormick &amp; Hallagan, P.C. utrzymuje otwarte linie komunikacji. Zdajemy sobie spraw\u0119, \u017ce czekanie na aktualizacje mo\u017ce by\u0107 stresuj\u0105ce, dlatego zobowi\u0105zujemy si\u0119 do informowania Ci\u0119 na ka\u017cdym etapie. Nasz zesp\u00f3\u0142 jest zawsze dost\u0119pny, aby odpowiedzie\u0107 na pytania, zaj\u0105\u0107 si\u0119 problemami i zapewni\u0107 Ci pewno\u015b\u0107 siebie, zapewniaj\u0105c, \u017ce czujesz si\u0119 wspierany i poinformowany przez ca\u0142\u0105 swoj\u0105 podr\u00f3\u017c.<\/p>\n<h2 id=\"spitm8\">8. Zatwierdzenie<\/h2>\n<p>Dzi\u0119ki naszemu zespo\u0142owi mo\u017cesz mie\u0107 pewno\u015b\u0107, \u017ce ka\u017cdy aspekt Twojego wniosku o zielon\u0105 kart\u0119 zosta\u0142 obs\u0142u\u017cony z najwy\u017cszym profesjonalizmem. Po zatwierdzeniu Twojej sprawy b\u0119dziemy \u015bwi\u0119towa\u0107 z Tob\u0105 i pomo\u017cemy Ci uzyska\u0107 fizyczn\u0105 zielon\u0105 kart\u0119. Ale nasze wsparcie na tym si\u0119 nie ko\u0144czy \u2014 zapewniamy r\u00f3wnie\u017c wskaz\u00f3wki dotycz\u0105ce przygotowania si\u0119 do obywatelstwa i wszelkich innych kwestii zwi\u0105zanych z imigracj\u0105, kt\u00f3re mog\u0105 si\u0119 pojawi\u0107.<\/p>\n<h2 id=\"spitm9\">Skontaktuj si\u0119 z nami ju\u017c dzi\u015b<\/h2>\n<p>W Minsky McCormick &amp; Hallagan, P.C. jeste\u015bmy dumni z naszego spersonalizowanego podej\u015bcia i wiedzy na temat prawa imigracyjnego. Rozumiemy wyzwania, przed kt\u00f3rymi stoisz, i jeste\u015bmy oddani temu, aby uczyni\u0107 Ameryk\u0119 Twoim domem z pewno\u015bci\u0105 siebie i jasno\u015bci\u0105. Skontaktuj si\u0119 z nami ju\u017c dzi\u015b, aby rozpocz\u0105\u0107 swoj\u0105 podr\u00f3\u017c z zielon\u0105 kart\u0105 z zespo\u0142em, kt\u00f3ry dba o Twoj\u0105 przysz\u0142o\u015b\u0107.<\/p>\n","protected":false},"excerpt":{"rendered":"<p>Proces Zielonej Karty W Minsky McCormick &amp; Hallagan, P.C. przekszta\u0142camy skomplikowan\u0105 podr\u00f3\u017c uzyskania zielonej karty w p\u0142ynne i prowadzone do\u015bwiadczenie. Jako do\u015bwiadczeni profesjonali\u015bci w ameryka\u0144skim prawie imigracyjnym, zobowi\u0105zujemy si\u0119 do zapewnienia niezr\u00f3wnanego wsparcia na ka\u017cdym etapie procesu sk\u0142adania wniosku o zielon\u0105 kart\u0119. Nasze podej\u015bcie opiera si\u0119 na zrozumieniu Twoich unikalnych okoliczno\u015bci i dostarczaniu dostosowanych rozwi\u0105za\u0144, &hellip; <\/p>\n<p class=\"link-more\"><a href=\"https:\/\/www.mmhpc.com\/pl\/proces-zielonej-karty\/\" class=\"more-link\">Czytaj dalej<span class=\"screen-reader-text\"> \u201eProces Zielonej Karty\u201d<\/span><\/a><\/p>\n","protected":false},"author":38,"featured_media":16915,"parent":0,"menu_order":0,"comment_status":"closed","ping_status":"closed","template":"","meta":{"_acf_changed":false,"_oasis_is_in_workflow":0,"_oasis_original":0,"_oasis_task_priority":"","footnotes":""},"class_list":["post-16780","page","type-page","status-publish","has-post-thumbnail","hentry","entry"],"acf":[],"_links":{"self":[{"href":"https:\/\/www.mmhpc.com\/pl\/wp-json\/wp\/v2\/pages\/16780","targetHints":{"allow":["GET"]}}],"collection":[{"href":"https:\/\/www.mmhpc.com\/pl\/wp-json\/wp\/v2\/pages"}],"about":[{"href":"https:\/\/www.mmhpc.com\/pl\/wp-json\/wp\/v2\/types\/page"}],"author":[{"embeddable":true,"href":"https:\/\/www.mmhpc.com\/pl\/wp-json\/wp\/v2\/users\/38"}],"replies":[{"embeddable":true,"href":"https:\/\/www.mmhpc.com\/pl\/wp-json\/wp\/v2\/comments?post=16780"}],"version-history":[{"count":3,"href":"https:\/\/www.mmhpc.com\/pl\/wp-json\/wp\/v2\/pages\/16780\/revisions"}],"predecessor-version":[{"id":16827,"href":"https:\/\/www.mmhpc.com\/pl\/wp-json\/wp\/v2\/pages\/16780\/revisions\/16827"}],"wp:featuredmedia":[{"embeddable":true,"href":"https:\/\/www.mmhpc.com\/pl\/wp-json\/wp\/v2\/media\/16915"}],"wp:attachment":[{"href":"https:\/\/www.mmhpc.com\/pl\/wp-json\/wp\/v2\/media?parent=16780"}],"curies":[{"name":"wp","href":"https:\/\/api.w.org\/{rel}","templated":true}]}}