{"id":16784,"date":"2025-04-23T11:07:28","date_gmt":"2025-04-23T16:07:28","guid":{"rendered":"https:\/\/www.mmhpc.com\/?page_id=16784"},"modified":"2025-04-24T01:04:33","modified_gmt":"2025-04-24T06:04:33","slug":"proces-w-sadzie-imigracyjnym","status":"publish","type":"page","link":"https:\/\/www.mmhpc.com\/pl\/proces-w-sadzie-imigracyjnym\/","title":{"rendered":"Proces w s\u0105dzie imigracyjnym"},"content":{"rendered":"<h1>Proces w s\u0105dzie imigracyjnym<\/h1>\n<p>Stawianie czo\u0142a s\u0105dowi imigracyjnemu mo\u017ce by\u0107 onie\u015bmielaj\u0105ce, szczeg\u00f3lnie dla os\u00f3b, kt\u00f3rym grozi post\u0119powanie deportacyjne. W Minsky McCormick &amp; Hallagan, P.C. wnosimy dziesi\u0119ciolecia do\u015bwiadczenia i g\u0142\u0119bokie zaanga\u017cowanie w zapewnianie porad prawnych na ka\u017cdym etapie. Nasz zesp\u00f3\u0142 zapewnia, \u017ce \u200b\u200bnasi klienci rozumiej\u0105 i skutecznie poruszaj\u0105 si\u0119 po zawi\u0142o\u015bciach prawa imigracyjnego.<\/p>\n<h2 id=\"spitm1\">1. Otrzymanie zawiadomienia o stawiennictwie<\/h2>\n<p>Podr\u00f3\u017c cz\u0119sto zaczyna si\u0119 od wydania przez Departament Bezpiecze\u0144stwa Krajowego zawiadomienia o stawiennictwie (NTA), sygnalizuj\u0105cego rozpocz\u0119cie post\u0119powania deportacyjnego. W dokumencie tym przedstawiono zarzuty przeciwko Tobie.<\/p>\n<h2 id=\"spitm2\">2. Zaplanowanie konsultacji<\/h2>\n<p>Kluczowym kolejnym krokiem jest zaplanowanie konsultacji z naszymi wykwalifikowanymi prawnikami imigracyjnymi. Kompleksowo analizujemy Twoj\u0105 sytuacj\u0119, upewniaj\u0105c si\u0119, \u017ce jeste\u015b w pe\u0142ni poinformowany o swoich prawach i opcjach.<\/p>\n<h2 id=\"spitm3\">3. Strategia<\/h2>\n<p>Nasz zesp\u00f3\u0142 jest bieg\u0142y w identyfikowaniu potencjalnych obron i ulg dost\u0119pnych dla Ciebie, co pozwala Ci podejmowa\u0107 \u015bwiadome decyzje dotycz\u0105ce strategii Twojej sprawy.<\/p>\n<h2 id=\"spitm4\">4. Przygotowanie do przes\u0142ucha\u0144<\/h2>\n<p>Przygotowanie jest kluczem do skutecznej obrony. Skrupulatnie zbieramy dowody i dokumenty wspieraj\u0105ce Twoj\u0105 spraw\u0119, wykorzystuj\u0105c nasze do\u015bwiadczenie, aby przedstawi\u0107 Twoj\u0105 sytuacj\u0119 korzystnie. Nasza firma pomaga w uzyskaniu o\u015bwiadcze\u0144, zezna\u0144 ekspert\u00f3w i innych kluczowych dowod\u00f3w, kt\u00f3re s\u0105 kluczowe podczas przes\u0142ucha\u0144.<\/p>\n<h2 id=\"spitm5\">5. G\u0142\u00f3wne przes\u0142uchanie kalendarzowe<\/h2>\n<p>G\u0142\u00f3wne przes\u0142uchanie kalendarzowe to krok proceduralny, podczas kt\u00f3rego stawisz si\u0119 przed s\u0119dzi\u0105. Nasi prawnicy b\u0119d\u0105 Ci\u0119 reprezentowa\u0107, zapewniaj\u0105c spe\u0142nienie wszystkich wymog\u00f3w proceduralnych i ochron\u0119 Twoich praw. Pomagamy jasno i skutecznie okre\u015bli\u0107 Twoj\u0105 strategi\u0119 obrony, przygotowuj\u0105c grunt pod Twoje przes\u0142uchanie.<\/p>\n<h2 id=\"spitm6\">6. Przygotowanie do indywidualnego przes\u0142uchania<\/h2>\n<p>Przygotowuj\u0105c si\u0119 do indywidualnego przes\u0142uchania, nasz zesp\u00f3\u0142 dok\u0142adnie przegl\u0105da wszystkie zebrane dowody i formu\u0142uje dostosowan\u0105 strategi\u0119 obrony. Nasi prawnicy przygotowuj\u0105 Ci\u0119 do potencjalnego przes\u0142uchania i upewniaj\u0105 si\u0119, \u017ce czujesz si\u0119 komfortowo w trakcie post\u0119powania. Jeste\u015bmy dumni z tego, \u017ce zapewniamy wspieraj\u0105c\u0105 i uwa\u017cn\u0105 porad\u0119 prawn\u0105 w tej krytycznej fazie.<\/p>\n<h2 id=\"spitm7\">7. Indywidualne przes\u0142uchanie<\/h2>\n<p>Podczas indywidualnego przes\u0142uchania s\u0119dzia imigracyjny bada zasadno\u015b\u0107 Twojej sprawy. Nasi do\u015bwiadczeni prawnicy energicznie wyst\u0119puj\u0105 w Twoim imieniu, jasno przedstawiaj\u0105c Twoje dowody i argumenty. Skupiamy si\u0119 na podkre\u015blaniu mocnych stron Twojej sprawy i skutecznym rozwi\u0105zywaniu wszelkich rozbie\u017cno\u015bci.<\/p>\n<h2 id=\"spitm8\">8. Decyzja i apelacje<\/h2>\n<p>Po rozprawie s\u0119dzia wyda decyzj\u0119. Niezale\u017cnie od tego, czy wynik jest korzystny, czy nie, Minsky McCormick &amp; Hallagan pozostaje po Twojej stronie. Je\u015bli decyzja jest niekorzystna, nasz zesp\u00f3\u0142 jest przygotowany, aby pom\u00f3c w z\u0142o\u017ceniu apelacji, wykorzystuj\u0105c nasz\u0105 rozleg\u0142\u0105 wiedz\u0119 na temat prawa imigracyjnego, aby walczy\u0107 o jak najlepszy wynik.<\/p>\n<h2 id=\"spitm9\">Zaplanuj konsultacj\u0119<\/h2>\n<p>W Minsky McCormick &amp; Hallagan, P.C. naszym celem jest zapewnienie wyj\u0105tkowej reprezentacji prawnej i wsparcia w ca\u0142ym procesie s\u0105dowym dotycz\u0105cym imigracji. Rozumiemy wysokie stawki i pomagamy naszym klientom osi\u0105ga\u0107 pomy\u015blne wyniki. Maj\u0105c dziedzictwo doskona\u0142o\u015bci w prawie imigracyjnym, nasza firma jest Twoim zaufanym partnerem w radzeniu sobie z tymi trudnymi wodami prawnymi. Skontaktuj si\u0119 z nami, aby zaplanowa\u0107 konsultacj\u0119.<\/p>\n","protected":false},"excerpt":{"rendered":"<p>Proces w s\u0105dzie imigracyjnym Stawianie czo\u0142a s\u0105dowi imigracyjnemu mo\u017ce by\u0107 onie\u015bmielaj\u0105ce, szczeg\u00f3lnie dla os\u00f3b, kt\u00f3rym grozi post\u0119powanie deportacyjne. W Minsky McCormick &amp; Hallagan, P.C. wnosimy dziesi\u0119ciolecia do\u015bwiadczenia i g\u0142\u0119bokie zaanga\u017cowanie w zapewnianie porad prawnych na ka\u017cdym etapie. Nasz zesp\u00f3\u0142 zapewnia, \u017ce \u200b\u200bnasi klienci rozumiej\u0105 i skutecznie poruszaj\u0105 si\u0119 po zawi\u0142o\u015bciach prawa imigracyjnego. 1. Otrzymanie zawiadomienia &hellip; <\/p>\n<p class=\"link-more\"><a href=\"https:\/\/www.mmhpc.com\/pl\/proces-w-sadzie-imigracyjnym\/\" class=\"more-link\">Czytaj dalej<span class=\"screen-reader-text\"> \u201eProces w s\u0105dzie imigracyjnym\u201d<\/span><\/a><\/p>\n","protected":false},"author":38,"featured_media":16918,"parent":0,"menu_order":0,"comment_status":"closed","ping_status":"closed","template":"","meta":{"_acf_changed":false,"_oasis_is_in_workflow":0,"_oasis_original":0,"_oasis_task_priority":"","footnotes":""},"class_list":["post-16784","page","type-page","status-publish","has-post-thumbnail","hentry","entry"],"acf":[],"_links":{"self":[{"href":"https:\/\/www.mmhpc.com\/pl\/wp-json\/wp\/v2\/pages\/16784","targetHints":{"allow":["GET"]}}],"collection":[{"href":"https:\/\/www.mmhpc.com\/pl\/wp-json\/wp\/v2\/pages"}],"about":[{"href":"https:\/\/www.mmhpc.com\/pl\/wp-json\/wp\/v2\/types\/page"}],"author":[{"embeddable":true,"href":"https:\/\/www.mmhpc.com\/pl\/wp-json\/wp\/v2\/users\/38"}],"replies":[{"embeddable":true,"href":"https:\/\/www.mmhpc.com\/pl\/wp-json\/wp\/v2\/comments?post=16784"}],"version-history":[{"count":2,"href":"https:\/\/www.mmhpc.com\/pl\/wp-json\/wp\/v2\/pages\/16784\/revisions"}],"predecessor-version":[{"id":16829,"href":"https:\/\/www.mmhpc.com\/pl\/wp-json\/wp\/v2\/pages\/16784\/revisions\/16829"}],"wp:featuredmedia":[{"embeddable":true,"href":"https:\/\/www.mmhpc.com\/pl\/wp-json\/wp\/v2\/media\/16918"}],"wp:attachment":[{"href":"https:\/\/www.mmhpc.com\/pl\/wp-json\/wp\/v2\/media?parent=16784"}],"curies":[{"name":"wp","href":"https:\/\/api.w.org\/{rel}","templated":true}]}}