{"id":16787,"date":"2025-04-23T11:11:29","date_gmt":"2025-04-23T16:11:29","guid":{"rendered":"https:\/\/www.mmhpc.com\/?page_id=16787"},"modified":"2025-04-24T00:59:35","modified_gmt":"2025-04-24T05:59:35","slug":"proces-wizowy","status":"publish","type":"page","link":"https:\/\/www.mmhpc.com\/pl\/proces-wizowy\/","title":{"rendered":"Proces wizowy"},"content":{"rendered":"<h1>Proces wizowy<\/h1>\n<p>Proces sk\u0142adania wniosku wizowego mo\u017ce by\u0107 pe\u0142en zawi\u0142o\u015bci i wyzwa\u0144, kt\u00f3re wymagaj\u0105 starannego przewodnictwa i wiedzy prawnej. W Minsky McCormick &amp; Hallagan, P.C. jeste\u015bmy dumni z naszego dziesi\u0119cioleci do\u015bwiadczenia w prawie imigracyjnym USA. Nasz oddany zesp\u00f3\u0142 jest tutaj, aby wspiera\u0107 Ci\u0119 na ka\u017cdym kroku, zapewniaj\u0105c, \u017ce Twoja podr\u00f3\u017c do uzyskania wizy b\u0119dzie tak p\u0142ynna i skuteczna, jak to tylko mo\u017cliwe.<\/p>\n<h2 id=\"spitm1\">1. Zrozumienie Twojego wyj\u0105tkowego przypadku<\/h2>\n<p>Proces sk\u0142adania wniosku wizowego rozpoczyna si\u0119 od dok\u0142adnej konsultacji. Na tym etapie zapraszamy Ci\u0119 na spotkanie z naszymi prawnikami, kt\u00f3rzy wys\u0142uchaj\u0105 Twojej historii i zrozumiej\u0105 niuanse Twojej sytuacji. Ka\u017cda sprawa imigracyjna jest wyj\u0105tkowa, a my po\u015bwi\u0119camy czas na ocen\u0119 Twoich konkretnych potrzeb, zapewniaj\u0105c spersonalizowane podej\u015bcie dostosowane do optymalizacji Twoich szans na sukces.<\/p>\n<h2 id=\"spitm2\">2. Zatrudnij Minsky McCormick &amp; Hallagan, P.C.<\/h2>\n<p>Po dok\u0142adnym zrozumieniu Twojej sprawy przeprowadzimy Ci\u0119 przez zawi\u0142o\u015bci prawa imigracyjnego USA, wyja\u015bniaj\u0105c wszystkie dost\u0119pne opcje i udzielaj\u0105c Ci jasnych rekomendacji. Nasz zesp\u00f3\u0142 ma dziesi\u0119ciolecia do\u015bwiadczenia i dog\u0142\u0119bn\u0105 wiedz\u0119 na temat ci\u0105gle zmieniaj\u0105cego si\u0119 krajobrazu prawa imigracyjnego, co czyni nas dobrze przygotowanymi do profesjonalnego rozpatrzenia wniosku wizowego.<\/p>\n<h2 id=\"spitm3\">3. Ocena kwalifikowalno\u015bci i opracowanie strategii<\/h2>\n<p>Po dok\u0142adnym zrozumieniu Twojej sytuacji nasz zesp\u00f3\u0142 przeprowadzi kompleksow\u0105 ocen\u0119 kwalifikowalno\u015bci. Ten kluczowy krok obejmuje analiz\u0119 Twoich kwalifikacji w odniesieniu do r\u00f3\u017cnych dost\u0119pnych kategorii wiz. Niezale\u017cnie od tego, czy ubiegasz si\u0119 o wiz\u0119 ze wzgl\u0119du na rodzin\u0119, prac\u0119 czy inne powody, nasi prawnicy przedstawi\u0105 Ci Twoje opcje i pomog\u0105 Ci okre\u015bli\u0107 najlepsz\u0105 \u015bcie\u017ck\u0119 do przodu. Wsp\u00f3\u0142pracujemy z Tob\u0105, aby opracowa\u0107 solidn\u0105 strategi\u0119, stanowi\u0105c\u0105 solidne podstawy dla Twojego wniosku.<\/p>\n<h2 id=\"spitm4\">4. Skrupulatne przygotowanie dokument\u00f3w<\/h2>\n<p>Jedn\u0105 z najwa\u017cniejszych cz\u0119\u015bci procesu sk\u0142adania wniosku wizowego jest zebranie i przygotowanie niezb\u0119dnych dokument\u00f3w. Nasz zesp\u00f3\u0142 prawny pomo\u017ce Ci w skompletowaniu niezb\u0119dnych dokument\u00f3w, zapewniaj\u0105c dok\u0142adno\u015b\u0107 i kompletno\u015b\u0107 wszystkich szczeg\u00f3\u0142\u00f3w. Rozumiemy, \u017ce nawet drobne b\u0142\u0119dy mog\u0105 prowadzi\u0107 do op\u00f3\u017anie\u0144 lub odm\u00f3w, dlatego skrupulatnie przegl\u0105damy i organizujemy Twoj\u0105 dokumentacj\u0119, w tym zeznania podatkowe, rejestry to\u017csamo\u015bci i wszelkie istotne dane osobowe. Ta dba\u0142o\u015b\u0107 o szczeg\u00f3\u0142y jest znakiem rozpoznawczym naszej us\u0142ugi.<\/p>\n<h2 id=\"spitm5\">5. Z\u0142o\u017cenie wniosku<\/h2>\n<p>Po przygotowaniu wszystkich niezb\u0119dnych dokument\u00f3w nasi prawnicy sk\u0142adaj\u0105 wniosek do odpowiednich agencji rz\u0105dowych i w\u0142adz. Wszystkie wnioski s\u0105 sk\u0142adane szybko i sprawnie, zgodnie z rygorystycznymi terminami i procedurami. Zapewniamy aktualizacje w trakcie ca\u0142ego procesu, dzi\u0119ki czemu zawsze jeste\u015b informowany o statusie swojego wniosku.<\/p>\n<h2 id=\"spitm6\">6. Monitorowanie i wsparcie<\/h2>\n<p>W Minsky McCormick &amp; Hallagan, P.C. nie przestajemy pracowa\u0107 dla Ciebie po z\u0142o\u017ceniu wniosku. Nasz zesp\u00f3\u0142 nadal monitoruje Twoj\u0105 spraw\u0119 i zapewnia wszelkie wsparcie lub wskaz\u00f3wki potrzebne w tym okresie oczekiwania. Je\u015bli pojawi\u0105 si\u0119 jakiekolwiek problemy, jeste\u015bmy gotowi zaj\u0105\u0107 si\u0119 nimi szybko i skutecznie.<\/p>\n<h2 id=\"spitm7\">7. Przygotowanie do rozmowy kwalifikacyjnej i wskaz\u00f3wki<\/h2>\n<p>Je\u015bli wymagana jest rozmowa kwalifikacyjna, nasz zesp\u00f3\u0142 jest gotowy pom\u00f3c Ci si\u0119 przygotowa\u0107. Oferujemy kompleksowe doradztwo w zakresie rozm\u00f3w kwalifikacyjnych, wyposa\u017caj\u0105c Ci\u0119 w wiedz\u0119 i pewno\u015b\u0107 siebie, aby skutecznie przedstawi\u0107 swoj\u0105 spraw\u0119. Nasi prawnicy poinformuj\u0105 Ci\u0119, czego si\u0119 spodziewa\u0107, jakie rodzaje pyta\u0144 mog\u0105 zosta\u0107 zadane i jak\u0105 dokumentacj\u0119 powiniene\u015b przynie\u015b\u0107. Naszym celem jest zapewnienie Ci pewno\u015bci, \u017ce jeste\u015b dobrze przygotowany do poruszania si\u0119 po tym kluczowym etapie.<\/p>\n<h2 id=\"spitm8\">8. Sukces!<\/h2>\n<p>Ostatecznym celem naszego procesu wizowego jest osi\u0105gni\u0119cie pomy\u015blnego wyniku. Nasz zesp\u00f3\u0142 w Minsky McCormick &amp; Hallagan, P.C. ma wysoki wska\u017anik powodzenia w uzyskiwaniu wiz dla naszych klient\u00f3w. Dok\u0142adamy wszelkich stara\u0144, aby ten proces by\u0142 jak najbardziej bezstresowy i bezproblemowy, rozumiej\u0105c znacz\u0105cy wp\u0142yw, jaki mo\u017ce mie\u0107 na Twoje \u017cycie i przysz\u0142e mo\u017cliwo\u015bci.<\/p>\n<h2 id=\"spitm9\">Tw\u00f3j partner w sukcesie imigracyjnym<\/h2>\n<p>W Minsky McCormick &amp; Hallagan, P.C. jeste\u015bmy czym\u015b wi\u0119cej ni\u017c tylko doradcami prawnymi; jeste\u015bmy Twoimi partnerami w osi\u0105ganiu Twoich cel\u00f3w imigracyjnych. Nasze oddanie doskona\u0142o\u015bci i spersonalizowanej obs\u0142udze uczyni\u0142o nas zaufan\u0105 mark\u0105 w prawie imigracyjnym od 1975 roku. Z nami u boku mo\u017cesz pewnie podej\u015b\u0107 do procesu sk\u0142adania wniosku wizowego, wiedz\u0105c, \u017ce masz zaanga\u017cowany zesp\u00f3\u0142 pracuj\u0105cy nad tym, aby Tw\u00f3j ameryka\u0144ski sen sta\u0142 si\u0119 rzeczywisto\u015bci\u0105.<\/p>\n<p>Skontaktuj si\u0119 z nami ju\u017c dzi\u015b, aby zaplanowa\u0107 konsultacj\u0119. Twoja podr\u00f3\u017c do Stan\u00f3w Zjednoczonych jest naszym priorytetem i jeste\u015bmy tutaj, aby j\u0105 urzeczywistni\u0107.<\/p>\n","protected":false},"excerpt":{"rendered":"<p>Proces wizowy Proces sk\u0142adania wniosku wizowego mo\u017ce by\u0107 pe\u0142en zawi\u0142o\u015bci i wyzwa\u0144, kt\u00f3re wymagaj\u0105 starannego przewodnictwa i wiedzy prawnej. W Minsky McCormick &amp; Hallagan, P.C. jeste\u015bmy dumni z naszego dziesi\u0119cioleci do\u015bwiadczenia w prawie imigracyjnym USA. Nasz oddany zesp\u00f3\u0142 jest tutaj, aby wspiera\u0107 Ci\u0119 na ka\u017cdym kroku, zapewniaj\u0105c, \u017ce Twoja podr\u00f3\u017c do uzyskania wizy b\u0119dzie tak &hellip; <\/p>\n<p class=\"link-more\"><a href=\"https:\/\/www.mmhpc.com\/pl\/proces-wizowy\/\" class=\"more-link\">Czytaj dalej<span class=\"screen-reader-text\"> \u201eProces wizowy\u201d<\/span><\/a><\/p>\n","protected":false},"author":38,"featured_media":16936,"parent":0,"menu_order":0,"comment_status":"closed","ping_status":"closed","template":"","meta":{"_acf_changed":false,"_oasis_is_in_workflow":0,"_oasis_original":0,"_oasis_task_priority":"","footnotes":""},"class_list":["post-16787","page","type-page","status-publish","has-post-thumbnail","hentry","entry"],"acf":[],"_links":{"self":[{"href":"https:\/\/www.mmhpc.com\/pl\/wp-json\/wp\/v2\/pages\/16787","targetHints":{"allow":["GET"]}}],"collection":[{"href":"https:\/\/www.mmhpc.com\/pl\/wp-json\/wp\/v2\/pages"}],"about":[{"href":"https:\/\/www.mmhpc.com\/pl\/wp-json\/wp\/v2\/types\/page"}],"author":[{"embeddable":true,"href":"https:\/\/www.mmhpc.com\/pl\/wp-json\/wp\/v2\/users\/38"}],"replies":[{"embeddable":true,"href":"https:\/\/www.mmhpc.com\/pl\/wp-json\/wp\/v2\/comments?post=16787"}],"version-history":[{"count":2,"href":"https:\/\/www.mmhpc.com\/pl\/wp-json\/wp\/v2\/pages\/16787\/revisions"}],"predecessor-version":[{"id":16826,"href":"https:\/\/www.mmhpc.com\/pl\/wp-json\/wp\/v2\/pages\/16787\/revisions\/16826"}],"wp:featuredmedia":[{"embeddable":true,"href":"https:\/\/www.mmhpc.com\/pl\/wp-json\/wp\/v2\/media\/16936"}],"wp:attachment":[{"href":"https:\/\/www.mmhpc.com\/pl\/wp-json\/wp\/v2\/media?parent=16787"}],"curies":[{"name":"wp","href":"https:\/\/api.w.org\/{rel}","templated":true}]}}