{"id":16802,"date":"2025-04-23T11:39:43","date_gmt":"2025-04-23T16:39:43","guid":{"rendered":"https:\/\/www.mmhpc.com\/?page_id=16802"},"modified":"2025-04-23T11:39:43","modified_gmt":"2025-04-23T16:39:43","slug":"nadzwyczajne-zdolnosci-i-zrzeczenie-sie-interesu-narodowego","status":"publish","type":"page","link":"https:\/\/www.mmhpc.com\/pl\/immigration-law\/nadzwyczajne-zdolnosci-i-zrzeczenie-sie-interesu-narodowego\/","title":{"rendered":"Nadzwyczajne zdolno\u015bci i zrzeczenie si\u0119 interesu narodowego"},"content":{"rendered":"<h1>Je\u015bli jeste\u015b niezwyk\u0142y lub Twoja praca ma znaczenie krajowe dla Stan\u00f3w Zjednoczonych, nasi prawnicy ds. imigracji w Chicago mog\u0105 Ci pom\u00f3c<\/h1>\n<h2>Czym jest wiza imigracyjna dla os\u00f3b o niezwyk\u0142ych zdolno\u015bciach?<\/h2>\n<p>Wiza dla os\u00f3b o niezwyk\u0142ych zdolno\u015bciach (EB1A) jest podkategori\u0105 klasyfikacji pierwszego pierwsze\u0144stwa zatrudnienia (EB-1) w przypadku petycji imigracyjnej. Wiza EB-1A jest dost\u0119pna dla os\u00f3b o niezwyk\u0142ych zdolno\u015bciach w naukach \u015bcis\u0142ych, sztuce, edukacji, biznesie lub sporcie, wykazanych przez sta\u0142e krajowe lub mi\u0119dzynarodowe uznanie i uznanych w tej dziedzinie dzi\u0119ki obszernej dokumentacji. Ponadto osoba ta musi nie tylko mie\u0107 udokumentowane osi\u0105gni\u0119cia w zakresie niezwyk\u0142ych zdolno\u015bci, ale tak\u017ce musi przedstawi\u0107 plan pracy w Stanach Zjednoczonych w swojej dziedzinie niezwyk\u0142ych zdolno\u015bci i udowodni\u0107, \u017ce jej praca przyniesie znaczne korzy\u015bci Stanom Zjednoczonym.<\/p>\n<h2>Kto kwalifikuje si\u0119 do wizy imigracyjnej dla os\u00f3b o niezwyk\u0142ych zdolno\u015bciach?<\/h2>\n<p>Petycja imigracyjna EB-1A wymaga, aby osoba mia\u0142a niezwyk\u0142e zdolno\u015bci w dziedzinie nauk \u015bcis\u0142ych, sztuki, edukacji, biznesu lub sportu. Nadzwyczajne zdolno\u015bci oznaczaj\u0105, \u017ce dana osoba osi\u0105gn\u0119\u0142a poziom bieg\u0142o\u015bci, co pokazuje, \u017ce nale\u017cy do bardzo nielicznego odsetka os\u00f3b, kt\u00f3re osi\u0105gn\u0119\u0142y szczyt w swojej dziedzinie. Aby zakwalifikowa\u0107 si\u0119, kandydat musi otrzyma\u0107 wa\u017cn\u0105, uznawan\u0105 na arenie mi\u0119dzynarodowej nagrod\u0119 (np. Nagrod\u0119 Nobla, Nagrod\u0119 Pulitzera) lub musi spe\u0142nia\u0107 co najmniej 3 z nast\u0119puj\u0105cych kryteri\u00f3w:<\/p>\n<p>\u2022 Otrzymanie uznanych na arenie krajowej lub mi\u0119dzynarodowej nagr\u00f3d lub wyr\u00f3\u017cnie\u0144 za wybitne osi\u0105gni\u0119cia w danej dziedzinie<br \/>\n\u2022 Cz\u0142onkostwo w stowarzyszeniach w danej dziedzinie, kt\u00f3re wymagaj\u0105 wybitnych osi\u0105gni\u0119\u0107 swoich cz\u0142onk\u00f3w, ocenianych przez uznanych krajowych lub mi\u0119dzynarodowych ekspert\u00f3w w swoich dziedzinach<br \/>\n\u2022 Opublikowane materia\u0142y w profesjonalnych lub g\u0142\u00f3wnych wydawnictwach handlowych lub g\u0142\u00f3wnych mediach na temat kandydata lub jego pracy<br \/>\n\u2022 Udzia\u0142 w panelu lub indywidualnie jako s\u0119dzia prac innych os\u00f3b w danej dziedzinie<br \/>\n\u2022 Oryginalne naukowe, naukowe lub zwi\u0105zane z biznesem wk\u0142ady o du\u017cym znaczeniu w danej dziedzinie<br \/>\n\u2022 Autorstwo artyku\u0142\u00f3w naukowych w danej dziedzinie, w czasopismach profesjonalnych lub innych g\u0142\u00f3wnych mediach<br \/>\n\u2022 Dow\u00f3d, \u017ce Twoja praca zosta\u0142a zast\u0105piona na wystawach lub pokazach artystycznych<br \/>\n\u2022 Dow\u00f3d, \u017ce pe\u0142nisz wiod\u0105c\u0105 lub kluczow\u0105 rol\u0119 w organizacjach lub instytucjach o ugruntowanej reputacji<br \/>\n\u2022 Posiadanie wysokiej pensji lub innego wynagrodzenia za us\u0142ugi<br \/>\n\u2022 Dow\u00f3d Twojej dzia\u0142alno\u015bci komercyjnej sukcesy w sztukach performatywnych<\/p>\n<h2>Czym jest National Interest Waiver?<\/h2>\n<p>National Interest Waiver (NIW) jest podkategori\u0105 klasyfikacji drugiego pierwsze\u0144stwa zatrudnienia (EB-2) dla petycji imigracyjnej. Celem petycji NIW jest umo\u017cliwienie osobie uzyskania zielonej karty bez konieczno\u015bci posiadania certyfikatu pracy z Departamentu Pracy i sponsorowania przez ameryka\u0144skiego pracodawc\u0119. Poniewa\u017c NIW nie wymaga certyfikatu pracy, mo\u017cna z\u0142o\u017cy\u0107 petycj\u0119 samodzielnie i nie wymaga oferty pracy.<\/p>\n<h2>Jak mog\u0119 si\u0119 dowiedzie\u0107, czy kwalifikuj\u0119 si\u0119?<\/h2>\n<p>Najpierw musisz spe\u0142ni\u0107 jeden z nast\u0119puj\u0105cych wymog\u00f3w dla klasyfikacji drugiego pierwsze\u0144stwa zatrudnienia (EB-2) dla petycji imigracyjnej. Wymogi obejmuj\u0105:<\/p>\n<p>\u2022 Posiadanie dowodu uko\u0144czenia studi\u00f3w wy\u017cszych LUB<br \/>\n\u2022 Wykazanie, \u017ce kto\u015b ma wyj\u0105tkowe zdolno\u015bci w naukach \u015bcis\u0142ych, sztuce lub biznesie<\/p>\n<p>Nast\u0119pnie musisz wykaza\u0107, \u017ce spe\u0142niasz kryteria NIW (National Interest Waiver). Kryterium to obejmuje nast\u0119puj\u0105ce elementy:<\/p>\n<p>\u2022 Twoje proponowane przedsi\u0119wzi\u0119cie ma zar\u00f3wno znaczn\u0105 warto\u015b\u0107, jak i znaczenie krajowe;<br \/>\n\u2022 Jeste\u015b w dobrej pozycji, aby promowa\u0107 proponowane przedsi\u0119wzi\u0119cie; i<br \/>\n\u2022 Zniesienie wymogu certyfikacji pracy\/oferty pracy by\u0142oby korzystne dla Stan\u00f3w Zjednoczonych.<\/p>\n<p>Minsky, McCormick &amp; Hallagan ma dziesi\u0119ciolecia do\u015bwiadczenia w prawie imigracyjnym. Je\u015bli uwa\u017casz, \u017ce mo\u017cesz kwalifikowa\u0107 si\u0119 do petycji imigracyjnej o nadzwyczajnych zdolno\u015bciach lub zwolnienia z interesu narodowego, trafi\u0142e\u015b we w\u0142a\u015bciwe miejsce. Nasi prawnicy ds. imigracji w oparciu o zatrudnienie mog\u0105 Ci pom\u00f3c! Nie wahaj si\u0119 zadzwoni\u0107 do nas pod numer (312) 427-6163 lub skontaktowa\u0107 si\u0119 z nami online. Nasze biuro znajduje si\u0119 w centrum Chicago.<\/p>\n","protected":false},"excerpt":{"rendered":"<p>Je\u015bli jeste\u015b niezwyk\u0142y lub Twoja praca ma znaczenie krajowe dla Stan\u00f3w Zjednoczonych, nasi prawnicy ds. imigracji w Chicago mog\u0105 Ci pom\u00f3c Czym jest wiza imigracyjna dla os\u00f3b o niezwyk\u0142ych zdolno\u015bciach? Wiza dla os\u00f3b o niezwyk\u0142ych zdolno\u015bciach (EB1A) jest podkategori\u0105 klasyfikacji pierwszego pierwsze\u0144stwa zatrudnienia (EB-1) w przypadku petycji imigracyjnej. Wiza EB-1A jest dost\u0119pna dla os\u00f3b o &hellip; <\/p>\n<p class=\"link-more\"><a href=\"https:\/\/www.mmhpc.com\/pl\/immigration-law\/nadzwyczajne-zdolnosci-i-zrzeczenie-sie-interesu-narodowego\/\" class=\"more-link\">Czytaj dalej<span class=\"screen-reader-text\"> \u201eNadzwyczajne zdolno\u015bci i zrzeczenie si\u0119 interesu narodowego\u201d<\/span><\/a><\/p>\n","protected":false},"author":38,"featured_media":16957,"parent":7804,"menu_order":0,"comment_status":"closed","ping_status":"closed","template":"","meta":{"_acf_changed":false,"_oasis_is_in_workflow":0,"_oasis_original":0,"_oasis_task_priority":"","footnotes":""},"class_list":["post-16802","page","type-page","status-publish","has-post-thumbnail","hentry","entry"],"acf":[],"_links":{"self":[{"href":"https:\/\/www.mmhpc.com\/pl\/wp-json\/wp\/v2\/pages\/16802","targetHints":{"allow":["GET"]}}],"collection":[{"href":"https:\/\/www.mmhpc.com\/pl\/wp-json\/wp\/v2\/pages"}],"about":[{"href":"https:\/\/www.mmhpc.com\/pl\/wp-json\/wp\/v2\/types\/page"}],"author":[{"embeddable":true,"href":"https:\/\/www.mmhpc.com\/pl\/wp-json\/wp\/v2\/users\/38"}],"replies":[{"embeddable":true,"href":"https:\/\/www.mmhpc.com\/pl\/wp-json\/wp\/v2\/comments?post=16802"}],"version-history":[{"count":1,"href":"https:\/\/www.mmhpc.com\/pl\/wp-json\/wp\/v2\/pages\/16802\/revisions"}],"predecessor-version":[{"id":16804,"href":"https:\/\/www.mmhpc.com\/pl\/wp-json\/wp\/v2\/pages\/16802\/revisions\/16804"}],"up":[{"embeddable":true,"href":"https:\/\/www.mmhpc.com\/pl\/wp-json\/wp\/v2\/pages\/7804"}],"wp:featuredmedia":[{"embeddable":true,"href":"https:\/\/www.mmhpc.com\/pl\/wp-json\/wp\/v2\/media\/16957"}],"wp:attachment":[{"href":"https:\/\/www.mmhpc.com\/pl\/wp-json\/wp\/v2\/media?parent=16802"}],"curies":[{"name":"wp","href":"https:\/\/api.w.org\/{rel}","templated":true}]}}