{"id":7759,"date":"2012-09-14T14:24:58","date_gmt":"2012-09-14T18:24:58","guid":{"rendered":"https:\/\/www.mmhpc.com\/naturalization\/"},"modified":"2024-11-14T15:16:17","modified_gmt":"2024-11-14T21:16:17","slug":"naturalization","status":"publish","type":"page","link":"https:\/\/www.mmhpc.com\/pl\/immigration-law\/naturalization\/","title":{"rendered":"OBYWATELSTWO &#038; NATURALIZACJA"},"content":{"rendered":"<h1>NASI PRAWNICY IMIGRACYJNI W CHICAGO POMOG\u0104 CI W DRODZE DO ZDOBYCIA OBYWATELSTWA<\/h1>\n<h2>Nasi do\u015bwiadczeni adwokaci pomog\u0105 Ci w Twoim procesie przyznawania obywatelstwa<\/h2>\n<p>Naturalizacja to proces, w kt\u00f3rym legalny sta\u0142y mieszkaniec Stan\u00f3w Zjedonoczonych mo\u017ce uzyska\u0107 obywatelstwo ameryka\u0144skie. Aby si\u0119 zakwalifikowa\u0107, imigrant musi by\u0107 sta\u0142ym rezydentem przez co najmniej pi\u0119\u0107 lat i spe\u0142nia\u0107 inne kryteria kwalifikowalno\u015bci. Dla ma\u0142\u017conka obywatela USA czekanie trwa trzy lata.<\/p>\n<p><a href=\"https:\/\/www.mmhpc.com\/pl\/firm-overview\/\">Minsky, McCormick i Hallagan, P.C<\/a>. mo\u017ce pom\u00f3c Ci w drodze przyznawania obywatelstwa. S\u0142u\u017cymy potrzebn\u0105 pomoc\u0105, aby pom\u00f3c Ci w uzyskaniu obywatelstwa ameryka\u0144skiego.<\/p>\n<h2>Prawnicy od spraw naturalizacji s\u0105 tutaj, aby pom\u00f3c<\/h2>\n<p>Najcz\u0119stsz\u0105 \u015bcie\u017ck\u0105 do obywatelstwa jest uzyskanie naturalizacji przez posiadanie zielonej karty. Aby ubiega\u0107 si\u0119 o naturalizacj\u0119, nale\u017cy mie\u0107 uko\u0144czone 18 lat i posiada\u0107 zielon\u0105 kart\u0119 przez co najmniej trzy lata przed z\u0142o\u017ceniem <a href=\"http:\/\/www.uscis.gov\/portal\/site\/uscis\/menuitem.5af9bb95919f35e66f614176543f6d1a\/?vgnextoid=480ccac09aa5d010VgnVCM10000048f3d6a1RCRD&amp;vgnextchannel=db029c7755cb9010VgnVCM10000045f3d6a1RCRD\" target=\"_blank\" rel=\"noopener noreferrer\">Formularza N-400, Wnioseku o naturalizacj\u0119.<\/a><\/p>\n<p>Inne wymagania obejmuj\u0105:<\/p>\n<ul>\n<li>\u017bycie na obszarze stanu lub us\u0142ugodawstwa obywatelskiego i s\u0142u\u017cb imigracyjnych (USCIS) przez co najmniej trzy miesi\u0105ce przed z\u0142o\u017ceniem wniosku<\/li>\n<li>Posiadanie sta\u0142ego miejsca zamieszkania w Stanach Zjednoczonych jako posiadacz zielonej karty przez co najmniej pi\u0119\u0107 lat<\/li>\n<li>Bycie fizycznie obecnym w Stanach Zjednoczonych przez co najmniej 30 miesi\u0119cy przez ostatnie pi\u0119\u0107 lat<\/li>\n<li>Mieszka\u0107 bez przerw na terenie Stan\u00f3w Zjednoczonych od daty z\u0142o\u017cenia wniosku o naturalizacj\u0119 do czasu naturalizacji<\/li>\n<li>Bycie w stanie czyta\u0107, pisa\u0107 i m\u00f3wi\u0107 po angielsku oraz mie\u0107 wiedz\u0119 i zrozumienie historii USA i rz\u0105du<\/li>\n<li>Bycie osob\u0105 o dobrym moralnym charakterze i dobrze nastawion\u0105 do dobrego porz\u0105dku i szcz\u0119\u015bcia Stan\u00f3w Zjednoczonych<\/li>\n<\/ul>\n<p>Nasze us\u0142ugi imigracyjne i naturalizacyjne (INS) w Chicago reprezentuj\u0105 osoby, kt\u00f3re staraj\u0105 si\u0119 zosta\u0107 obywatelami USA poprzez naturalizacj\u0119. Mo\u017cemy pom\u00f3c w przygotowaniu i z\u0142o\u017ceniu wniosku o naturalizacj\u0119 oraz towarzyszy\u0107 wnioskodawcom w rozmowie z oficerem naturalizacyjnym z USCIS.<\/p>\n<p>Inne \u015bcie\u017cki uprawniaj\u0105ce do uzyskania obywatelstwa to:<\/p>\n<ul>\n<li>Jeste\u015b sta\u0142ym rezydentem przez co najmniej trzy lata i jeste\u015b wsp\u00f3\u0142ma\u0142\u017conkiem obywatela USA<\/li>\n<li>Masz to co zalicza si\u0119 do kwalifikacji us\u0142ug w ameryka\u0144skich si\u0142ach zbrojnych<\/li>\n<li>Twoje dziecko mo\u017ce si\u0119 kwalifikowa\u0107, je\u015bli jeste\u015b obywatelem USA, a dziecko urodzi\u0142o si\u0119 i mieszka poza Stanami Zjednoczonymi<\/li>\n<\/ul>\n<p>Nasi prawnicy od spraw naturalizacji w Chicago reprezentuj\u0105 r\u00f3\u017cnego rodzaju wnioskodawc\u00f3w, w tym osoby, kt\u00f3re mog\u0105 kwalifikowa\u0107 si\u0119 na podstawie okoliczno\u015bci takich jak ma\u0142\u017ce\u0144stwo z obywatelem USA zatrudnionym za granic\u0105 przez firm\u0119 ameryka\u0144sk\u0105. Mo\u017cemy r\u00f3wnie\u017c reprezentowa\u0107 osoby urodzone za granic\u0105, kt\u00f3re chc\u0105 zadeklarowa\u0107 obywatelstwo za po\u015brednictwem jednego lub dwojga rodzic\u00f3w lub dziadk\u00f3w obywatela USA. Ta kategoria obejmuje osoby, kt\u00f3re zosta\u0142y zaadopotowane przez obywateli USA w Stanach Zjednoczonych lub za granic\u0105.<\/p>\n<h2>Zadzwo\u0144 do naszego ameryka\u0144skiego urz\u0119du do spraw. Obywatelstwa i Imigracji (USCIS) w Chicago<\/h2>\n<p>Nasze biuro INS z Chicago mo\u017ce pom\u00f3c Ci ubiega\u0107 si\u0119 o obywatelstwo USA. Minsky, McCormick i Hallagan, P.C. sprawia, \u017ce \u200b\u200btwoja sprawa staje si\u0119 naszym celem. Skontaktuj si\u0119 z nami pod numerem (312) 427-6163 lub przez Internet. Nasze biuro znajduje si\u0119 w centrum Chicago.<\/p>\n","protected":false},"excerpt":{"rendered":"<p>NASI PRAWNICY IMIGRACYJNI W CHICAGO POMOG\u0104 CI W DRODZE DO ZDOBYCIA OBYWATELSTWA Nasi do\u015bwiadczeni adwokaci pomog\u0105 Ci w Twoim procesie przyznawania obywatelstwa Naturalizacja to proces, w kt\u00f3rym legalny sta\u0142y mieszkaniec Stan\u00f3w Zjedonoczonych mo\u017ce uzyska\u0107 obywatelstwo ameryka\u0144skie. Aby si\u0119 zakwalifikowa\u0107, imigrant musi by\u0107 sta\u0142ym rezydentem przez co najmniej pi\u0119\u0107 lat i spe\u0142nia\u0107 inne kryteria kwalifikowalno\u015bci. Dla &hellip; <\/p>\n<p class=\"link-more\"><a href=\"https:\/\/www.mmhpc.com\/pl\/immigration-law\/naturalization\/\" class=\"more-link\">Czytaj dalej<span class=\"screen-reader-text\"> \u201eOBYWATELSTWO &#038; NATURALIZACJA\u201d<\/span><\/a><\/p>\n","protected":false},"author":15,"featured_media":14845,"parent":7804,"menu_order":4700,"comment_status":"closed","ping_status":"closed","template":"","meta":{"_acf_changed":false,"_oasis_is_in_workflow":0,"_oasis_original":0,"_oasis_task_priority":"","footnotes":""},"class_list":["post-7759","page","type-page","status-publish","has-post-thumbnail","hentry","entry"],"acf":[],"_links":{"self":[{"href":"https:\/\/www.mmhpc.com\/pl\/wp-json\/wp\/v2\/pages\/7759","targetHints":{"allow":["GET"]}}],"collection":[{"href":"https:\/\/www.mmhpc.com\/pl\/wp-json\/wp\/v2\/pages"}],"about":[{"href":"https:\/\/www.mmhpc.com\/pl\/wp-json\/wp\/v2\/types\/page"}],"author":[{"embeddable":true,"href":"https:\/\/www.mmhpc.com\/pl\/wp-json\/wp\/v2\/users\/15"}],"replies":[{"embeddable":true,"href":"https:\/\/www.mmhpc.com\/pl\/wp-json\/wp\/v2\/comments?post=7759"}],"version-history":[{"count":5,"href":"https:\/\/www.mmhpc.com\/pl\/wp-json\/wp\/v2\/pages\/7759\/revisions"}],"predecessor-version":[{"id":15029,"href":"https:\/\/www.mmhpc.com\/pl\/wp-json\/wp\/v2\/pages\/7759\/revisions\/15029"}],"up":[{"embeddable":true,"href":"https:\/\/www.mmhpc.com\/pl\/wp-json\/wp\/v2\/pages\/7804"}],"wp:featuredmedia":[{"embeddable":true,"href":"https:\/\/www.mmhpc.com\/pl\/wp-json\/wp\/v2\/media\/14845"}],"wp:attachment":[{"href":"https:\/\/www.mmhpc.com\/pl\/wp-json\/wp\/v2\/media?parent=7759"}],"curies":[{"name":"wp","href":"https:\/\/api.w.org\/{rel}","templated":true}]}}