{"id":7764,"date":"2012-10-11T11:38:32","date_gmt":"2012-10-11T15:38:32","guid":{"rendered":"https:\/\/www.mmhpc.com\/consular-processing-and-adjustment-of-status\/"},"modified":"2024-11-14T15:17:48","modified_gmt":"2024-11-14T21:17:48","slug":"consular-processing-and-adjustment-of-status","status":"publish","type":"page","link":"https:\/\/www.mmhpc.com\/pl\/immigration-law\/consular-processing-and-adjustment-of-status\/","title":{"rendered":"PROCES KONSULARNY I UREGULOWANIE STATUSU"},"content":{"rendered":"<h1>PRAWNICY IMIGRACYJNI W CHICAGO MOG\u0104 POM\u00d3C W PROCESIE KONSULARNYM<\/h1>\n<p>Proces imigracyjny w Stanach Zjednoczonych mo\u017ce by\u0107 skomplikowany. Jest to szczeg\u00f3lnie wa\u017cne w przypadku os\u00f3b spoza kraju, kt\u00f3re pr\u00f3buj\u0105 przyjecha\u0107 do USA. Praca nad imigracj\u0105 i petycjiami reguluj\u0105cymi status dla os\u00f3b spoza Stan\u00f3w Zjednoczonych mo\u017ce wymaga\u0107 koordynacji mi\u0119dzy kilkoma agencjami i departamentami oraz sponsorem obywatela lub sta\u0142ego rezydenta. Przez blisko 40 lat prawnicy konsularni w Chicago, Minsky, McCormick i Hallagan, pomagali ludziom na ca\u0142ym \u015bwiecie legalnie przybywa\u0107 do Stan\u00f3w Zjednoczonych lub zosta\u0107 sta\u0142ymi mieszka\u0144cami. Rozumiemy, jak dzia\u0142a ten proces i mo\u017cemy pom\u00f3c w szybkim i sprawnym przygotowaniu petycji.<\/p>\n<h2>Nasi prawnicy imigracyjni mog\u0105 pom\u00f3c w uko\u0144czeniu lub przyspieszeniu procesu konsularnego<\/h2>\n<p>Dla os\u00f3b przebywaj\u0105cych ju\u017c w Stanach Zjednoczonych, kt\u00f3re chc\u0105 zmieni\u0107 lub przed\u0142u\u017cy\u0107 swoj\u0105 wiz\u0119 lub uregulowa\u0107 sw\u00f3j status sta\u0142ego rezydenta, g\u0142\u00f3wnym pa\u0144stwowym punktem kontaktowym jest zwykle Biuro do Spraw Obywatelstwa i Imigracji USA (USCIS) lub Departament Bezpiecze\u0144stwa Wewn\u0119trznego. Ale je\u015bli jeste\u015b poza Stanami Zjednoczonymi, proces ten jest zupe\u0142nie inny. Tam trzeba si\u0119 g\u0142\u00f3wnie kontaktowa\u0107 z konsulatem lub ambasad\u0105 USA i przej\u015b\u0107 przez proces konsularny, aby uzyska\u0107 zielon\u0105 kart\u0119 lub wiz\u0119.<\/p>\n<p>Aby skutecznie przej\u015b\u0107 przez proces konsularny, dana osoba musi kwalifikowa\u0107 si\u0119 do odpowiedniej kategorii imigracyjnej i z\u0142o\u017cy\u0107 odpowiedni\u0105 dokumentacj\u0119 dla tej kategorii. Najcz\u0119stsze petycje dotycz\u0105 imigracji rodzinnej i zatrudnienia. Uchod\u017acy, osoby ubiegaj\u0105ce si\u0119 o azyl, specjalne klasy imigrant\u00f3w i inni beneficjenci program\u00f3w humanitarnych mog\u0105 r\u00f3wnie\u017c z\u0142o\u017cy\u0107 petycj\u0119 imigracyjn\u0105. Prawnik do spraw konsularych w Chicago mo\u017ce pom\u00f3c Ci zrozumie\u0107 wymagania dotycz\u0105ce danej klasy imigrant\u00f3w i pom\u00f3c w zebraniu i wype\u0142nieniu wymaganej dokumentacji. Prawid\u0142owe podanie aplikacji po raz pierwszy mo\u017ce znacznie przyspieszy\u0107 ten proces.<\/p>\n<h2>Nasi prawnicy specjalizuj\u0105cy si\u0119 w prawie imigracyjnym mog\u0105 pom\u00f3c w koordynacji z Twoim sponsorem ze Stan\u00f3w Zjednoczonych<\/h2>\n<p>Kilka rodzaj\u00f3w procesu konsularnego &#8211; w tym imigracja rodzinna i zwi\u0105zana z zatrudnieniem &#8211; wymaga od wnioskodawcy koordynacji ze sponsorem. Zazwyczaj jest to cz\u0142onek rodziny, kt\u00f3ry jest ju\u017c obywatelem lub sta\u0142ym rezydentem lub pracodawca dzia\u0142aj\u0105cy w Stanach Zjednoczonych. Tw\u00f3j sponsor musi z\u0142o\u017cy\u0107 pewn\u0105 dokumentacj\u0119 w USCIS. W przypadku imigracji opartej na zatrudnieniu, przysz\u0142y pracodawca mo\u017ce by\u0107 r\u00f3wnie\u017c zobowi\u0105zany do z\u0142o\u017cenia dokument\u00f3w w Departamencie Pracy USA.<\/p>\n<h2>Od 1975 roku nasi prawnicy prowadz\u0105 klient\u00f3w przez proces konsularny<\/h2>\n<p>Od 1975 roku Minsky, McCormick i Hallagan, PC pomaga ludziom na ca\u0142ym \u015bwiecie w rozwi\u0105zywaniu problem\u00f3w zwi\u0105zanych z imigracj\u0105. Zadzwo\u0144 do naszego biura Chicago, IL pod numerem (312) 427-6163 lub skontaktuj si\u0119 z nami przez Internet, aby om\u00f3wi\u0107 kwesti\u0119 imigracji z do\u015bwiadczonym i oddanym prawnikiem.<\/p>\n","protected":false},"excerpt":{"rendered":"<p>PRAWNICY IMIGRACYJNI W CHICAGO MOG\u0104 POM\u00d3C W PROCESIE KONSULARNYM Proces imigracyjny w Stanach Zjednoczonych mo\u017ce by\u0107 skomplikowany. Jest to szczeg\u00f3lnie wa\u017cne w przypadku os\u00f3b spoza kraju, kt\u00f3re pr\u00f3buj\u0105 przyjecha\u0107 do USA. Praca nad imigracj\u0105 i petycjiami reguluj\u0105cymi status dla os\u00f3b spoza Stan\u00f3w Zjednoczonych mo\u017ce wymaga\u0107 koordynacji mi\u0119dzy kilkoma agencjami i departamentami oraz sponsorem obywatela lub &hellip; <\/p>\n<p class=\"link-more\"><a href=\"https:\/\/www.mmhpc.com\/pl\/immigration-law\/consular-processing-and-adjustment-of-status\/\" class=\"more-link\">Czytaj dalej<span class=\"screen-reader-text\"> \u201ePROCES KONSULARNY I UREGULOWANIE STATUSU\u201d<\/span><\/a><\/p>\n","protected":false},"author":15,"featured_media":14854,"parent":7804,"menu_order":4900,"comment_status":"closed","ping_status":"closed","template":"","meta":{"_acf_changed":false,"_oasis_is_in_workflow":0,"_oasis_original":0,"_oasis_task_priority":"","footnotes":""},"class_list":["post-7764","page","type-page","status-publish","has-post-thumbnail","hentry","entry"],"acf":[],"_links":{"self":[{"href":"https:\/\/www.mmhpc.com\/pl\/wp-json\/wp\/v2\/pages\/7764","targetHints":{"allow":["GET"]}}],"collection":[{"href":"https:\/\/www.mmhpc.com\/pl\/wp-json\/wp\/v2\/pages"}],"about":[{"href":"https:\/\/www.mmhpc.com\/pl\/wp-json\/wp\/v2\/types\/page"}],"author":[{"embeddable":true,"href":"https:\/\/www.mmhpc.com\/pl\/wp-json\/wp\/v2\/users\/15"}],"replies":[{"embeddable":true,"href":"https:\/\/www.mmhpc.com\/pl\/wp-json\/wp\/v2\/comments?post=7764"}],"version-history":[{"count":4,"href":"https:\/\/www.mmhpc.com\/pl\/wp-json\/wp\/v2\/pages\/7764\/revisions"}],"predecessor-version":[{"id":15037,"href":"https:\/\/www.mmhpc.com\/pl\/wp-json\/wp\/v2\/pages\/7764\/revisions\/15037"}],"up":[{"embeddable":true,"href":"https:\/\/www.mmhpc.com\/pl\/wp-json\/wp\/v2\/pages\/7804"}],"wp:featuredmedia":[{"embeddable":true,"href":"https:\/\/www.mmhpc.com\/pl\/wp-json\/wp\/v2\/media\/14854"}],"wp:attachment":[{"href":"https:\/\/www.mmhpc.com\/pl\/wp-json\/wp\/v2\/media?parent=7764"}],"curies":[{"name":"wp","href":"https:\/\/api.w.org\/{rel}","templated":true}]}}