{"id":7779,"date":"2012-10-11T11:41:05","date_gmt":"2012-10-11T15:41:05","guid":{"rendered":"https:\/\/www.mmhpc.com\/employment-based-immigration\/"},"modified":"2024-11-14T15:19:10","modified_gmt":"2024-11-14T21:19:10","slug":"employment-based-immigration","status":"publish","type":"page","link":"https:\/\/www.mmhpc.com\/pl\/immigration-law\/employment-based-immigration\/","title":{"rendered":"IMIGRACJA PRACOWNICZA"},"content":{"rendered":"<h1>IMIGRACJA PRACOWNICZA W CHICAGO<\/h1>\n<p>Praca w Stanach Zjednoczonych daje wiele mo\u017cliwo\u015bci utalentowanym i pracowitym ludziom z zagranicy. Imigracja pracownicza pozwala tak\u017ce firmom w Stanach Zjednoczonych czerpa\u0107 z szerszej puli talent\u00f3w, aby znale\u017a\u0107 pracownik\u00f3w najlepiej dopasowanych do ich potrzeb. Jednak imigracja pracownicza mo\u017ce by\u0107 r\u00f3wnie\u017c skomplikowana, co wymaga koordynacji pracodawcy, pracownika i kilku agencji rz\u0105dowych. Niez\u0142o\u017cenie odpowiednich formularzy, dokumentacji i op\u0142at mo\u017ce powa\u017cnie op\u00f3\u017ani\u0107 proces. W szybkim tempie takie op\u00f3\u017anienia s\u0105 cz\u0119sto po prostu niedopuszczalne. Dlatego pracodawcy i przyszli pracownicy zwracaj\u0105 si\u0119 do do\u015bwiadczonych prawnik\u00f3w imigracyjnych Minsky&#8217;ego, McCormick&#8217;a i Hallagana, kt\u00f3rzy pomagaj\u0105 im w procesie imigracji pracowniczej w Chicago.<\/p>\n<h2>Nasi prawnicy z Chicago do spraw imigracji mog\u0105 pom\u00f3c w kwestiach zwi\u0105zanych z wiz\u0105 pracownicz\u0105<\/h2>\n<p>Po otrzymaniu oferty pracy na stanowisko w Stanach Zjednoczonych, kolejnym krokiem jest uzyskanie wizy pracowniczej. Sta\u0142e wizy pracownicze w Chicago i Stanach Zjednoczonych s\u0105 podzielone na pi\u0119\u0107 kategorii preferencji. Proces uzyskiwania wizy r\u00f3\u017cni si\u0119 w zale\u017cno\u015bci od kategorii preferencji. Na przyk\u0142ad petycj\u0119 na wizy EB-1 \u2013 zarezerwowane s\u0105 dla os\u00f3b o wyj\u0105tkowych umiej\u0119tno\u015bciach i dyrektor\u00f3w z r\u00f3\u017cnych kraj\u00f3w &#8211; mog\u0105 z\u0142o\u017cy\u0107 petycj\u0119 we w\u0142asnym imieniu i nie musz\u0105 uzyska\u0107 certyfikatu pracy od Departamentu Pracy.<\/p>\n<p>Bardziej powszechne typy &#8211; od EB-2 do EB-4 &#8211; wymagaj\u0105 od potencjalnego pracodawcy z\u0142o\u017cenia petycji w imieniu pracownika. Pracodawca musi r\u00f3wnie\u017c uzyska\u0107 za\u015bwiadczenie od Departamentu Pracy, \u017ce nie ma wystarczaj\u0105cej liczby pracownik\u00f3w w Stanach Zjednoczonych zdolnych i ch\u0119tnych do obsadzenia stanowiska, i zatrudniony obcokrajowc nie wp\u0142ynie negatywnie na p\u0142ace i warunki pracy podobnie usytuowanych pracownik\u00f3w ze Stan\u00f3w Zjednoczonych. Ka\u017cdy rodzaj aplikacji musi r\u00f3wnie\u017c zawiera\u0107 dokumentacj\u0119 dotycz\u0105c\u0105 wykszta\u0142cenia i do\u015bwiadczenia wnioskodawcy, aby uzasadni\u0107 jego w\u0142\u0105czenie do tej grupy preferencji.<\/p>\n<p>Dzi\u0119ki prawie 40-letniemu do\u015bwiadczeniu w kwestiach zwi\u0105zanych z prawem imigracyjnym adwokaci Minsky&#8217;ego, McCormicka i Hallagana rozumiej\u0105, jak dzia\u0142a proces wizowy dotycz\u0105cy zatrudnienia. Wiemy, jak unika\u0107 typowych b\u0142\u0119d\u00f3w i pu\u0142apek, kt\u00f3re mog\u0105 spowolni\u0107 proces. Pomagamy pracodawcom i przysz\u0142ym pracownikom w uzyskaniu w\u0142a\u015bciwych aplikacji za pierwszym razem. Nasi kompetentni prawnicy i personel pomocniczy pomagaj\u0105 w uzyskaniu w\u0142a\u015bciwej dokumentacji i wype\u0142nieniu niezb\u0119dnych formularzy, aby umo\u017cliwi\u0107 sprawne rozpatrzenie wniosku.<\/p>\n<h2>Skontaktuj si\u0119 z nami ju\u017c dzi\u015b, je\u015bli jeste\u015b zainteresowany zatrudnieniem obcokrajowca lub je\u015bli chcesz uzyska\u0107 wiz\u0119 pracownicz\u0105 w USA.<\/h2>\n<p>Adwokaci Minsky&#8217;ego, McCormick&#8217;a i Hallagana, PC maj\u0105 do\u015bwiadczenie z r\u00f3\u017cnymi rodzajami wiz pracowniczych w Chicago. Od 1975 roku pomagamy ameryka\u0144skim pracodawcom i cudzoziemcom, kt\u00f3rzy chc\u0105 pracowa\u0107 w Stanach Zjednoczonych w tym z\u0142o\u017conym procesie. Zadzwo\u0144 do naszego biura Chicago, IL pod numerem (312) 427-6163 lub skontaktuj si\u0119 z nami przez Internet, aby om\u00f3wi\u0107 kwesti\u0119 imigracji z do\u015bwiadczonym i oddanym prawnikiem.<\/p>\n","protected":false},"excerpt":{"rendered":"<p>IMIGRACJA PRACOWNICZA W CHICAGO Praca w Stanach Zjednoczonych daje wiele mo\u017cliwo\u015bci utalentowanym i pracowitym ludziom z zagranicy. Imigracja pracownicza pozwala tak\u017ce firmom w Stanach Zjednoczonych czerpa\u0107 z szerszej puli talent\u00f3w, aby znale\u017a\u0107 pracownik\u00f3w najlepiej dopasowanych do ich potrzeb. Jednak imigracja pracownicza mo\u017ce by\u0107 r\u00f3wnie\u017c skomplikowana, co wymaga koordynacji pracodawcy, pracownika i kilku agencji rz\u0105dowych. Niez\u0142o\u017cenie &hellip; <\/p>\n<p class=\"link-more\"><a href=\"https:\/\/www.mmhpc.com\/pl\/immigration-law\/employment-based-immigration\/\" class=\"more-link\">Czytaj dalej<span class=\"screen-reader-text\"> \u201eIMIGRACJA PRACOWNICZA\u201d<\/span><\/a><\/p>\n","protected":false},"author":15,"featured_media":14864,"parent":7804,"menu_order":5100,"comment_status":"closed","ping_status":"closed","template":"","meta":{"_acf_changed":false,"_oasis_is_in_workflow":0,"_oasis_original":0,"_oasis_task_priority":"","footnotes":""},"class_list":["post-7779","page","type-page","status-publish","has-post-thumbnail","hentry","entry"],"acf":[],"_links":{"self":[{"href":"https:\/\/www.mmhpc.com\/pl\/wp-json\/wp\/v2\/pages\/7779","targetHints":{"allow":["GET"]}}],"collection":[{"href":"https:\/\/www.mmhpc.com\/pl\/wp-json\/wp\/v2\/pages"}],"about":[{"href":"https:\/\/www.mmhpc.com\/pl\/wp-json\/wp\/v2\/types\/page"}],"author":[{"embeddable":true,"href":"https:\/\/www.mmhpc.com\/pl\/wp-json\/wp\/v2\/users\/15"}],"replies":[{"embeddable":true,"href":"https:\/\/www.mmhpc.com\/pl\/wp-json\/wp\/v2\/comments?post=7779"}],"version-history":[{"count":5,"href":"https:\/\/www.mmhpc.com\/pl\/wp-json\/wp\/v2\/pages\/7779\/revisions"}],"predecessor-version":[{"id":15042,"href":"https:\/\/www.mmhpc.com\/pl\/wp-json\/wp\/v2\/pages\/7779\/revisions\/15042"}],"up":[{"embeddable":true,"href":"https:\/\/www.mmhpc.com\/pl\/wp-json\/wp\/v2\/pages\/7804"}],"wp:featuredmedia":[{"embeddable":true,"href":"https:\/\/www.mmhpc.com\/pl\/wp-json\/wp\/v2\/media\/14864"}],"wp:attachment":[{"href":"https:\/\/www.mmhpc.com\/pl\/wp-json\/wp\/v2\/media?parent=7779"}],"curies":[{"name":"wp","href":"https:\/\/api.w.org\/{rel}","templated":true}]}}