{"id":7784,"date":"2012-09-14T14:23:54","date_gmt":"2012-09-14T18:23:54","guid":{"rendered":"https:\/\/www.mmhpc.com\/family-based-immigration-and-citizenship\/"},"modified":"2025-09-08T04:16:34","modified_gmt":"2025-09-08T09:16:34","slug":"family-based-immigration-and-citizenship","status":"publish","type":"page","link":"https:\/\/www.mmhpc.com\/pl\/immigration-law\/family-based-immigration-and-citizenship\/","title":{"rendered":"IMIGRACJA RODZINNA"},"content":{"rendered":"<h1>TROSKLIWI PRAWNICY IMIGRACYJNI W CHICAGO JEDNACZ\u0104 LUDZI<\/h1>\n<h2>Nasi Chicagowscy prawnicy imigracyjni pomagaj\u0105 zjednoczy\u0107 twoj\u0105 rodzin\u0119<\/h2>\n<p><a href=\"https:\/\/www.mmhpc.com\/pl\/attorney-profiles\/\">Minsky, McCormick &amp; Hallagan, P.C.<\/a> pomaga obywatelom USA i legalnym sta\u0142ym rezydentom, kt\u00f3rzy chc\u0105, aby cz\u0142onkowie ich rodzin mieli tak\u0105 sam\u0105 mo\u017cliwo\u015b\u0107 &#8211; szans\u0119 na \u017cycie w Ameryce. Mo\u017cemy pom\u00f3c im w przyje\u017adzie do Stan\u00f3w Zjednoczonych lub pom\u00f3c im tutaj zosta\u0107. Nasi Chicagowscy prawnicy specjalizuj\u0105 si\u0119 w prawie imigracyjnym i maj\u0105 du\u017ce do\u015bwiadczenie, kt\u00f3rego potrzebujesz je\u015bli chcesz zgromadzi\u0107 swoich bliskich.<\/p>\n<h2>Nasi prawnicy specjalizuj\u0105cy si\u0119 w imigracyji rodzinnej maj\u0105 do\u015bwiadczenie, kt\u00f3rego potrzebujesz<\/h2>\n<p>Rodzinne prawo imigracyjne obejmuje \u015bwiadczenia imigracyjne dla ma\u0142\u017conk\u00f3w, dzieci, rodze\u0144stwa i rodzic\u00f3w obywateli USA lub sta\u0142ych rezydent\u00f3w. Ustawa o imigracji i obywatelstwie zapewnia nieograniczon\u0105 liczb\u0119 wiz imigracyjnych dla najbli\u017cszych krewnych, jednak pozostali krewni podlegaj\u0105 limitom krajowym i kategoriom liczby wiz dost\u0119pnych ka\u017cdego roku.<\/p>\n<p>Zgodnie z prawem najbli\u017csi krewni to:<\/p>\n<ul>\n<li style=\"font-weight: 400;\"><span style=\"font-weight: 400;\">Wsp\u00f3\u0142ma\u0142\u017conek obywatela USA<\/span><\/li>\n<li style=\"font-weight: 400;\"><span style=\"font-weight: 400;\">Niezam\u0119\u017cne dziecko obywatela USA, kt\u00f3re nie uko\u0144czy\u0142o 21 lat<\/span><\/li>\n<li style=\"font-weight: 400;\"><span style=\"font-weight: 400;\">Adoptowane dzieci obywateli USA, kt\u00f3rzy zostali adoptowani przed uko\u0144czeniem 16 roku \u017cycia<\/span><\/li>\n<li style=\"font-weight: 400;\"><span style=\"font-weight: 400;\">Rodzice obywatela USA, gdy obywatel ameryka\u0144ski ma wi\u0119cej ni\u017c 21 lat<\/span><\/li>\n<\/ul>\n<p><span style=\"font-weight: 400;\">Pierwsze\u0144stwo imigrant\u00f3w rodzinnych napotyka ograniczenia liczbowe, co oznacza, \u017ce \u200b\u200btylko kilka wiz jest dost\u0119pnych ka\u017cdego roku dla poni\u017cszych kategorii. Limity te s\u0105 ustalane w ka\u017cdym roku podatkowym.<\/span><\/p>\n<p>Imigranci preferencji rodzinnych obejmuj\u0105, w kolejno\u015bci preferencji:<\/p>\n<ol>\n<li style=\"font-weight: 400;\"><span style=\"font-weight: 400;\">Niezam\u0119\u017cni synowie i c\u00f3rki obywateli USA i ich nieletnie dzieci.<\/span><\/li>\n<li style=\"font-weight: 400;\"><span style=\"font-weight: 400;\">Ma\u0142\u017conkowie, ma\u0142oletnie dzieci oraz niezam\u0119\u017cni synowie i niezam\u0119\u017cne c\u00f3rki w wieku 21 lat lub powy\u017cej legalnie przebywaj\u0105cy na sta\u0142e. Co najmniej 75 procent trafia do ma\u0142\u017conk\u00f3w i dzieci. Reszta trafia do niezam\u0119\u017cnych syn\u00f3w i c\u00f3rek legalnych sta\u0142ych rezydent\u00f3w.<\/span><\/li>\n<li style=\"font-weight: 400;\"><span style=\"font-weight: 400;\">\u017bonaci synowie i c\u00f3rki obywateli USA oraz ich ma\u0142\u017conkowie i dzieci.<\/span><\/li>\n<li style=\"font-weight: 400;\"><span style=\"font-weight: 400;\">Bracia i siostry obywateli USA oraz ich ma\u0142\u017conkowie i nieletnie dzieci, je\u017celi obywatele USA maj\u0105 co najmniej 21 lat.<\/span><\/li>\n<\/ol>\n<p>Wed\u0142ug ameryka\u0144skiego Departamentu Stanu, je\u017celi liczba os\u00f3b kwalifikowanych jest wi\u0119szka ni\u017c liczba dost\u0119pnych wiz imigracyjnych, dost\u0119pne wizy imigracyjne wydawane s\u0105 w porz\u0105dku chronologicznym, w kolejno\u015bci z\u0142o\u017cenia wniosku. Data zg\u0142oszenia jest nazywana dat\u0105 pierwsze\u0144stwa, i wizy imigracyjne nie zostan\u0105 wydane do czasu kiedy te daty b\u0119d\u0105 dost\u0119pne.<\/p>\n<p>Ten okres oczekiwania mo\u017ce trwa\u0107 kilka lat lub d\u0142u\u017cej. Kiedy czas jest najwa\u017cniejszy, potrzebujesz pomocy od do\u015bwiadczonych prawnik\u00f3w imigracyjnych, Minsky, McCormick i Hallagan z Chicago mog\u0105 pom\u00f3c w opracowaniu strategii radzenia sobie z tymi op\u00f3\u017anieniami.<\/p>\n<h2>Zadzwo\u0144 do naszych Chicagowskich prawnik\u00f3w specjalizuj\u0105cych si\u0119 w imigracyji rodzinnej, aby uzyska\u0107 pom\u00f3c w zjednoczeniu Twojej rodziny<\/h2>\n<p>Prawo imigracyjne jest jedynym skupieniem naszych prawnik\u00f3w imigracyjnych z Chicago. Od 1975 roku, Minsky, McCormick &amp; Hallagan, P.C. \u0142\u0105czy rodziny z pomoc\u0105 naszej wiedzy i do\u015bwiadczenia w zakresie prawa imigracyjnego. Mo\u017cemy razem z Tob\u0105 opracowa\u0107 strategie, aby znale\u017a\u0107 w\u0142a\u015bciwe rozwi\u0105zania Twoich problem\u00f3w. Zadzwo\u0144 do nas pod numer (312) 427-6163 lub skontaktuj si\u0119 z nami przez Internet. Nasze biuro znajduje si\u0119 w centrum Chicago.<\/p>\n","protected":false},"excerpt":{"rendered":"<p>TROSKLIWI PRAWNICY IMIGRACYJNI W CHICAGO JEDNACZ\u0104 LUDZI Nasi Chicagowscy prawnicy imigracyjni pomagaj\u0105 zjednoczy\u0107 twoj\u0105 rodzin\u0119 Minsky, McCormick &amp; Hallagan, P.C. pomaga obywatelom USA i legalnym sta\u0142ym rezydentom, kt\u00f3rzy chc\u0105, aby cz\u0142onkowie ich rodzin mieli tak\u0105 sam\u0105 mo\u017cliwo\u015b\u0107 &#8211; szans\u0119 na \u017cycie w Ameryce. Mo\u017cemy pom\u00f3c im w przyje\u017adzie do Stan\u00f3w Zjednoczonych lub pom\u00f3c im tutaj &hellip; <\/p>\n<p class=\"link-more\"><a href=\"https:\/\/www.mmhpc.com\/pl\/immigration-law\/family-based-immigration-and-citizenship\/\" class=\"more-link\">Czytaj dalej<span class=\"screen-reader-text\"> \u201eIMIGRACJA RODZINNA\u201d<\/span><\/a><\/p>\n","protected":false},"author":15,"featured_media":14817,"parent":7804,"menu_order":4100,"comment_status":"closed","ping_status":"closed","template":"","meta":{"_acf_changed":false,"_oasis_is_in_workflow":0,"_oasis_original":0,"_oasis_task_priority":"","footnotes":""},"class_list":["post-7784","page","type-page","status-publish","has-post-thumbnail","hentry","entry"],"acf":[],"_links":{"self":[{"href":"https:\/\/www.mmhpc.com\/pl\/wp-json\/wp\/v2\/pages\/7784","targetHints":{"allow":["GET"]}}],"collection":[{"href":"https:\/\/www.mmhpc.com\/pl\/wp-json\/wp\/v2\/pages"}],"about":[{"href":"https:\/\/www.mmhpc.com\/pl\/wp-json\/wp\/v2\/types\/page"}],"author":[{"embeddable":true,"href":"https:\/\/www.mmhpc.com\/pl\/wp-json\/wp\/v2\/users\/15"}],"replies":[{"embeddable":true,"href":"https:\/\/www.mmhpc.com\/pl\/wp-json\/wp\/v2\/comments?post=7784"}],"version-history":[{"count":7,"href":"https:\/\/www.mmhpc.com\/pl\/wp-json\/wp\/v2\/pages\/7784\/revisions"}],"predecessor-version":[{"id":17262,"href":"https:\/\/www.mmhpc.com\/pl\/wp-json\/wp\/v2\/pages\/7784\/revisions\/17262"}],"up":[{"embeddable":true,"href":"https:\/\/www.mmhpc.com\/pl\/wp-json\/wp\/v2\/pages\/7804"}],"wp:featuredmedia":[{"embeddable":true,"href":"https:\/\/www.mmhpc.com\/pl\/wp-json\/wp\/v2\/media\/14817"}],"wp:attachment":[{"href":"https:\/\/www.mmhpc.com\/pl\/wp-json\/wp\/v2\/media?parent=7784"}],"curies":[{"name":"wp","href":"https:\/\/api.w.org\/{rel}","templated":true}]}}