{"id":7789,"date":"2011-05-16T17:24:39","date_gmt":"2011-05-16T21:24:39","guid":{"rendered":"https:\/\/www.mmhpc.com\/firm-overview\/"},"modified":"2024-11-14T15:08:16","modified_gmt":"2024-11-14T21:08:16","slug":"firm-overview","status":"publish","type":"page","link":"https:\/\/www.mmhpc.com\/pl\/firm-overview\/","title":{"rendered":"PRZEGL\u0104D FIRMY"},"content":{"rendered":"<h1>Pomagamy imigrantom<\/h1>\n<p>Wzmacnianie Ameryki, jeden imigrant na raz Od momentu za\u0142o\u017cenia w 1975 r. firma Minsky, McCormick &amp; Hallagan, P.C. skupi\u0142 si\u0119 wy\u0142\u0105cznie na ameryka\u0144skim prawie imigracyjnym i dotycz\u0105cym obywatelstwa. W stale zmieniaj\u0105cej si\u0119 dziedzinie <a href=\"https:\/\/www.mmhpc.com\/pl\/immigration-law\/\">prawa imigracyjnego<\/a> nasza kancelaria prawna z Chicago nieustannie pomaga zjednoczy\u0107 bliskich, a tak\u017ce reprezentuje r\u00f3\u017cnych klient\u00f3w biznesowych, od ma\u0142ych lokalnych pracodawc\u00f3w po mi\u0119dzynarodowe korporacje. Nasz\u0105 misj\u0105 jest wzmacnianie Stan\u00f3w Zjednoczonych w jednym przypadku na raz. Oznacza to traktowanie ka\u017cdego klienta z trosk\u0105 i szacunkiem, niezale\u017cnie od wielko\u015bci sprawy oraz tego, czy reprezentujemy osob\u0119 fizyczn\u0105, rodzin\u0119, ma\u0142\u0105 firm\u0119 czy firm\u0119 z listy Fortune 500. Poniewa\u017c prawo imigracyjne szybko si\u0119 zmienia w dzisiejszym klimacie politycznym, w kt\u00f3rym stawka jest wysoka, jeste\u015bmy profesjonalistami, kt\u00f3rych klienci chc\u0105 po swojej stronie.<\/p>\n<h2>Naszym jedynym celem jest prawo imigracyjne<\/h2>\n<p>W Minsky, McCormick &amp; Hallagan, P.C. skupiamy si\u0119 wy\u0142\u0105cznie na prawie imigracyjnym. Od chwili za\u0142o\u017cenia w 1975 roku zajmujemy si\u0119 wy\u0142\u0105cznie ameryka\u0144skim prawem imigracyjnym i dotycz\u0105cym obywatelstwa. Nasz zesp\u00f3\u0142 do\u015bwiadczonych prawnik\u00f3w zapewnia wysokiej jako\u015bci us\u0142ugi prawne we wszystkich obszarach prawa imigracyjnego, w tym w zakresie obywatelstwa, sta\u0142ego pobytu, wiz na prac\u0119 tymczasow\u0105, azylu i pomocy humanitarnej, obrony przed wydaleniem i przestrzegania przepis\u00f3w przez pracodawc\u0119. Jeste\u015bmy dumni z naszego g\u0142\u0119bokiego zrozumienia z\u0142o\u017cono\u015bci prawa imigracyjnego i naszej umiej\u0119tno\u015bci poruszania si\u0119 w jego stale zmieniaj\u0105cym si\u0119 krajobrazie, aby osi\u0105gn\u0105\u0107 najlepsze wyniki dla naszych klient\u00f3w. Poniewa\u017c skupiamy si\u0119 wy\u0142\u0105cznie na imigracji, jeste\u015bmy w stanie podj\u0105\u0107 si\u0119 najbardziej skomplikowanych spraw. Nasi prawnicy s\u0105 uznawani przez swoich koleg\u00f3w i bran\u017c\u0119 za lider\u00f3w w dziedzinie prawa imigracyjnego.<\/p>\n<h2>Nasi prawnicy imigracyjni to wysoko wykwalifikowani profesjonali\u015bci<\/h2>\n<p>W Minsky, McCormick &amp; Hallagan, P.C. nasi prawnicy imigracyjni to wysoko wykwalifikowani specjali\u015bci, kt\u00f3rzy wnosz\u0105 dziesi\u0105tki lat do\u015bwiadczenia do praktyki ameryka\u0144skiego prawa imigracyjnego i obywatelskiego. Jeste\u015bmy dumni z naszej umiej\u0119tno\u015bci poruszania si\u0119 po zawi\u0142o\u015bciach prawa imigracyjnego i osi\u0105gania najlepszych wynik\u00f3w dla naszych klient\u00f3w<\/p>\n<p>Nagrody i eksponowane stanowiska zajmowane przez naszych prawnik\u00f3w<\/p>\n<ul>\n<li>By\u0142y prezes krajowy Ameryka\u0144skiego Stowarzyszenia Prawnik\u00f3w Imigracyjnych (AILA)<\/li>\n<li>By\u0142y prezes Ameryka\u0144skiej Fundacji Prawa Imigracyjnego (obecnie Ameryka\u0144ska Rada Imigracyjna)<\/li>\n<li>Mi\u0119dzynarodowe zestawienie \u201eKto jest kim\u201d w\u015br\u00f3d korporacyjnych prawnik\u00f3w imigracyjnych<\/li>\n<li>Kto jest kim Liderzy my\u015bli prawnej \u2013 imigracja korporacyjna<\/li>\n<li>Najlepsi prawnicy Woodward\/White\u2019s w Ameryce w zakresie prawa imigracyjnego<\/li>\n<li>Rejestr adwokat\u00f3w Martindale-Hubbell wybitnych prawnik\u00f3w (ocena AV \u201eod bardzo wysokiej do wybitnej\u201d)<\/li>\n<li>Superprawnik stanu Illinois (5% najlepszych prawnik\u00f3w)<\/li>\n<li>Superprawnik ze stanu Illinois, wschodz\u0105ca gwiazda (2,5% najlepszych prawnik\u00f3w poni\u017cej 40. roku \u017cycia)<\/li>\n<li>Wiod\u0105cy prawnicy \u2013 \u200b\u200bImigracja pracownicza<\/li>\n<li>Wiod\u0105ce prawniczki \u2014 50 najlepszych prawnik\u00f3w zajmuj\u0105cych si\u0119 biznesem w Illinois<\/li>\n<li>Prawnik imigracyjny roku w Chicago dla najlepszych prawnik\u00f3w<\/li>\n<li>Prezes Federalnej Izby Adwokackiej, Oddzia\u0142 w Chicago<\/li>\n<li>Adiunkt prawa imigracyjnego<\/li>\n<li>Cz\u0142onek Zarz\u0105du M\u0142odego Centrum Praw Dzieci Imigrant\u00f3w<\/li>\n<li>Najlepsi prawnicy w Ameryce \u2013 prawo imigracyjne<\/li>\n<li>Biuletyn prawniczy Chicago Daily Law Bulletin dotycz\u0105cy prawnik\u00f3w 40 poni\u017cej 40 lat w Chicago<\/li>\n<li>Cz\u0142onkowie komitetu \u0142\u0105cznikowegoAILA r\u00f3\u017cnych agencji imigracyjnych, w tym USCIS, CBP, ICE, EOIR itp.<\/li>\n<\/ul>\n<h2>Minsky, McCormick &amp; Hallagan oferuje: (Umie\u015b\u0107 to w osobnym nag\u0142\u00f3wku, pogrubionym)<\/h2>\n<ul>\n<li><strong>Prawnicy, kt\u00f3rzy s\u0105 uznawani przez swoich koleg\u00f3w i bran\u017c\u0119 za lider\u00f3w w dziedzinie prawa imigracyjnego<\/strong><\/li>\n<li><strong>G\u0142\u0119boko\u015b\u0107 do\u015bwiadczenia du\u017cej firmy, ale uwaga i troska ma\u0142ej firmy<\/strong><\/li>\n<li><strong>Portal internetowy do wirtualnego zarz\u0105dzania i komunikacji z klientami z ca\u0142ego \u015bwiata<\/strong><\/li>\n<li><strong>P\u0142aska struktura op\u0142at zapewniaj\u0105ca klientom wi\u0119ksz\u0105 przewidywalno\u015b\u0107<\/strong><\/li>\n<\/ul>\n<h2>Ju\u017c dzi\u015b zasi\u0119gnij porady naszej kancelarii prawnej imigracyjnej w Chicago<\/h2>\n<p>Minsky, McCormick i Hallagan, PC czy do\u015bwiadczeni prawnicy imigracyjni s\u0105 gotowi do pomocy. Pami\u0119tamy, \u017ce imigranci uczynili ten kraj wspania\u0142ym i po\u015bwi\u0119cili\u015bmy si\u0119 tej sprawie. Obs\u0142ugujemy klient\u00f3w w Chicago, ca\u0142ych Stanach Zjednoczonych i tych na ca\u0142ym \u015bwiecie, kt\u00f3rzy marz\u0105 o przyje\u017adzie do Stan\u00f3w Zjednoczonych.<\/p>\n","protected":false},"excerpt":{"rendered":"<p>Pomagamy imigrantom Wzmacnianie Ameryki, jeden imigrant na raz Od momentu za\u0142o\u017cenia w 1975 r. firma Minsky, McCormick &amp; Hallagan, P.C. skupi\u0142 si\u0119 wy\u0142\u0105cznie na ameryka\u0144skim prawie imigracyjnym i dotycz\u0105cym obywatelstwa. W stale zmieniaj\u0105cej si\u0119 dziedzinie prawa imigracyjnego nasza kancelaria prawna z Chicago nieustannie pomaga zjednoczy\u0107 bliskich, a tak\u017ce reprezentuje r\u00f3\u017cnych klient\u00f3w biznesowych, od ma\u0142ych lokalnych &hellip; <\/p>\n<p class=\"link-more\"><a href=\"https:\/\/www.mmhpc.com\/pl\/firm-overview\/\" class=\"more-link\">Czytaj dalej<span class=\"screen-reader-text\"> \u201ePRZEGL\u0104D FIRMY\u201d<\/span><\/a><\/p>\n","protected":false},"author":15,"featured_media":14761,"parent":0,"menu_order":1,"comment_status":"closed","ping_status":"closed","template":"","meta":{"_acf_changed":false,"_oasis_is_in_workflow":0,"_oasis_original":0,"_oasis_task_priority":"","footnotes":""},"class_list":["post-7789","page","type-page","status-publish","has-post-thumbnail","hentry","entry"],"acf":[],"_links":{"self":[{"href":"https:\/\/www.mmhpc.com\/pl\/wp-json\/wp\/v2\/pages\/7789","targetHints":{"allow":["GET"]}}],"collection":[{"href":"https:\/\/www.mmhpc.com\/pl\/wp-json\/wp\/v2\/pages"}],"about":[{"href":"https:\/\/www.mmhpc.com\/pl\/wp-json\/wp\/v2\/types\/page"}],"author":[{"embeddable":true,"href":"https:\/\/www.mmhpc.com\/pl\/wp-json\/wp\/v2\/users\/15"}],"replies":[{"embeddable":true,"href":"https:\/\/www.mmhpc.com\/pl\/wp-json\/wp\/v2\/comments?post=7789"}],"version-history":[{"count":9,"href":"https:\/\/www.mmhpc.com\/pl\/wp-json\/wp\/v2\/pages\/7789\/revisions"}],"predecessor-version":[{"id":15003,"href":"https:\/\/www.mmhpc.com\/pl\/wp-json\/wp\/v2\/pages\/7789\/revisions\/15003"}],"wp:featuredmedia":[{"embeddable":true,"href":"https:\/\/www.mmhpc.com\/pl\/wp-json\/wp\/v2\/media\/14761"}],"wp:attachment":[{"href":"https:\/\/www.mmhpc.com\/pl\/wp-json\/wp\/v2\/media?parent=7789"}],"curies":[{"name":"wp","href":"https:\/\/api.w.org\/{rel}","templated":true}]}}