{"id":7794,"date":"2012-09-14T14:23:14","date_gmt":"2012-09-14T18:23:14","guid":{"rendered":"https:\/\/www.mmhpc.com\/non-immigrant-visas\/"},"modified":"2024-11-14T15:13:43","modified_gmt":"2024-11-14T21:13:43","slug":"non-immigrant-visas","status":"publish","type":"page","link":"https:\/\/www.mmhpc.com\/pl\/immigration-law\/non-immigrant-visas\/","title":{"rendered":"H-1B &#038; INNE WIZY NIEIMIGRACYJNE"},"content":{"rendered":"<h1>CO TO JEST WIZA H-1B?<\/h1>\n<p>Wiza H-1B jest wiz\u0105 nieimigracyjn\u0105, kt\u00f3ra pozwala ameryka\u0144skim pracodawcom tymczasowo zatrudnia\u0107 zagranicznych pracownik\u00f3w w specjalnym zawodzie. Podczas gdy wiza H-1B jest g\u0142\u00f3wnym \u015brodkiem, za pomoc\u0105 kt\u00f3rego pracodawcy zatrudniaj\u0105 cudzoziemc\u00f3w na stanowiskach zawodowych, nie jest to jedyna dost\u0119pna wiza do pracy tymczasowej.<\/p>\n<h2>Kto kwalifikuje si\u0119 na H-1B?<\/h2>\n<p>Aby z\u0142o\u017cy\u0107 petycj\u0119 H-1B dla obcokrajowca, pracodawca musi og\u00f3lnie przedstawi\u0107:<\/p>\n<ul>\n<li>\u017be petycja jest przeznaczona dla obcokrajowca wykonuj\u0105cego zaw\u00f3d specjalistyczny, kt\u00f3ry wymaga tytu\u0142u licencjata lub wy\u017cszego jako normalnego minimalnego wymogu wjazdu na to stanowisko; LUB<\/li>\n<li>To, \u017ce poziom edukacji jest pospolity do danej bran\u017cy lub \u017ce dany zaw\u00f3d jest tak z\u0142o\u017cony\/niepowtarzalny, \u017ce mo\u017ce by\u0107 wy\u0142\u0105cznie wykonywany przez osob\u0119 posiadaj\u0105c\u0105 stopie\u0144 naukowy; LUB<\/li>\n<li>\u017be pracodawca zwykle wymaga dyplomu lub jego odpowiednika na dane stanowisko; LUB<\/li>\n<li>\u017be charakter obowi\u0105zk\u00f3w jest tak wyspecjalizowany i z\u0142o\u017cony, \u017ce wiedza wymagana do wykonywania obowi\u0105zk\u00f3w zwykle wi\u0105\u017ce si\u0119 z uzyskaniem tytu\u0142u licencjata lub wy\u017cszego stopnia; I<\/li>\n<li>\u017be zagraniczny beneficjent krajowy uko\u0144czy\u0142 wymagany stopie\u0144 lub posiada do\u015bwiadczenie profesjonalnie ocenione jako r\u00f3wnowa\u017cne z wymaganym stopniem.<\/li>\n<\/ul>\n<h2>Co to jest Cap?<\/h2>\n<p>Kongres ograniczy\u0142 liczb\u0119 petycji H-1B, kt\u00f3re mog\u0105 by\u0107 przyjmowane ka\u017cdego roku (&#8222;pu\u0142apka H-1B&#8221;). Pisemne petycje obejmuj\u0105 nowe petycje z\u0142o\u017cone dla os\u00f3b, kt\u00f3re obecnie nie maj\u0105 statusu H-1B. Nast\u0119puj\u0105ce rodzaje petycji H-1B nie podlegaj\u0105 ograniczeniu:<\/p>\n<ol>\n<li>Petycje maj\u0105ce na celu przed\u0142u\u017cenie czasu pozostania obecnego pracownika H-1B w USA;<\/li>\n<li>Petycje zmieniaj\u0105ce warunki zatrudnienia dla obecnych pracownik\u00f3w H-1B;<\/li>\n<li>Petycje umo\u017cliwiaj\u0105ce obecnym pracownikom H-1B zmian\u0119 pracodawc\u00f3w; i<\/li>\n<li>Petycje umo\u017cliwiaj\u0105ce obecnym pracownikom H-1B jednoczesn\u0105 prac\u0119 w r\u00f3wnoleg\u0142ej pozycji H-1B.<\/li>\n<\/ol>\n<p>Ponadto, niekt\u00f3re rodzaje petycji H-1B o nowe zatrudnienie nie podlegaj\u0105 limitowi H-1B. Nale\u017c\u0105 do nich petycje z\u0142o\u017cone dla pracownik\u00f3w H-1B, kt\u00f3rzy s\u0105 zatrudnieni w instytucji szkolnictwa wy\u017cszego lub jej powi\u0105zaniach lub powi\u0105zanych organizacjach non-profit lub organizacji badawczej typu non-profit lub rz\u0105dowej organizacji badawczej.<\/p>\n<h2>Inne wizy nieimigracyjne i tymczasowe<\/h2>\n<p>W zale\u017cno\u015bci od danej sytuacji, wiza H-1B mo\u017ce nie najlepiej pasowa\u0107 do twojej sprawy. Mo\u017cemy r\u00f3wnie\u017c pom\u00f3c przy wielu innych rodzajach wiz nieimigracyjnych do pracy tymczasowej, w tym, ale nie tylko:<\/p>\n<ul>\n<li>Wizy turystyczne i biznesowe B-1\/B-2<\/li>\n<li>Wizy L-1 dla os\u00f3b przeniesionych wewn\u0105trz przedsi\u0119biorstwa<\/li>\n<li>Wizy na wymian\u0119 i szkolenia J-1<\/li>\n<li>Wizy O-1 dla os\u00f3b o niezwyk\u0142ych zdolno\u015bciach<\/li>\n<li>Wizy R-1 dla pracownik\u00f3w religijnych<\/li>\n<li>I inne&#8230;<\/li>\n<\/ul>\n<p>Minsky, McCormick i Hallagan maj\u0105 wieloletnie do\u015bwiadczenie w zakresie prawa imigracyjnego. Je\u015bli masz pytania dotycz\u0105ce rodzaju nieimigracyjnej wizy ameryka\u0144skiej, kt\u00f3ra najlepiej pasuje do Twojej sprawy, mo\u017cesz do nas zadzwoni\u0107 pod numer (312) 427-6163 lub skontaktowa\u0107 si\u0119 z nami przez Internet. Nasze biuro znajduje si\u0119 w centrum Chicago.<\/p>\n","protected":false},"excerpt":{"rendered":"<p>CO TO JEST WIZA H-1B? Wiza H-1B jest wiz\u0105 nieimigracyjn\u0105, kt\u00f3ra pozwala ameryka\u0144skim pracodawcom tymczasowo zatrudnia\u0107 zagranicznych pracownik\u00f3w w specjalnym zawodzie. Podczas gdy wiza H-1B jest g\u0142\u00f3wnym \u015brodkiem, za pomoc\u0105 kt\u00f3rego pracodawcy zatrudniaj\u0105 cudzoziemc\u00f3w na stanowiskach zawodowych, nie jest to jedyna dost\u0119pna wiza do pracy tymczasowej. Kto kwalifikuje si\u0119 na H-1B? Aby z\u0142o\u017cy\u0107 petycj\u0119 H-1B &hellip; <\/p>\n<p class=\"link-more\"><a href=\"https:\/\/www.mmhpc.com\/pl\/immigration-law\/non-immigrant-visas\/\" class=\"more-link\">Czytaj dalej<span class=\"screen-reader-text\"> \u201eH-1B &#038; INNE WIZY NIEIMIGRACYJNE\u201d<\/span><\/a><\/p>\n","protected":false},"author":15,"featured_media":14831,"parent":7804,"menu_order":4400,"comment_status":"closed","ping_status":"closed","template":"","meta":{"_acf_changed":false,"_oasis_is_in_workflow":0,"_oasis_original":0,"_oasis_task_priority":"","footnotes":""},"class_list":["post-7794","page","type-page","status-publish","has-post-thumbnail","hentry","entry"],"acf":[],"_links":{"self":[{"href":"https:\/\/www.mmhpc.com\/pl\/wp-json\/wp\/v2\/pages\/7794","targetHints":{"allow":["GET"]}}],"collection":[{"href":"https:\/\/www.mmhpc.com\/pl\/wp-json\/wp\/v2\/pages"}],"about":[{"href":"https:\/\/www.mmhpc.com\/pl\/wp-json\/wp\/v2\/types\/page"}],"author":[{"embeddable":true,"href":"https:\/\/www.mmhpc.com\/pl\/wp-json\/wp\/v2\/users\/15"}],"replies":[{"embeddable":true,"href":"https:\/\/www.mmhpc.com\/pl\/wp-json\/wp\/v2\/comments?post=7794"}],"version-history":[{"count":3,"href":"https:\/\/www.mmhpc.com\/pl\/wp-json\/wp\/v2\/pages\/7794\/revisions"}],"predecessor-version":[{"id":7798,"href":"https:\/\/www.mmhpc.com\/pl\/wp-json\/wp\/v2\/pages\/7794\/revisions\/7798"}],"up":[{"embeddable":true,"href":"https:\/\/www.mmhpc.com\/pl\/wp-json\/wp\/v2\/pages\/7804"}],"wp:featuredmedia":[{"embeddable":true,"href":"https:\/\/www.mmhpc.com\/pl\/wp-json\/wp\/v2\/media\/14831"}],"wp:attachment":[{"href":"https:\/\/www.mmhpc.com\/pl\/wp-json\/wp\/v2\/media?parent=7794"}],"curies":[{"name":"wp","href":"https:\/\/api.w.org\/{rel}","templated":true}]}}