{"id":7804,"date":"2011-05-16T17:24:51","date_gmt":"2011-05-16T21:24:51","guid":{"rendered":"https:\/\/www.mmhpc.com\/immigration-law\/"},"modified":"2019-02-08T11:12:25","modified_gmt":"2019-02-08T17:12:25","slug":"immigration-law","status":"publish","type":"page","link":"https:\/\/www.mmhpc.com\/pl\/immigration-law\/","title":{"rendered":"PRZEGL\u0104D PRAWA IMIGRACYJNEGO"},"content":{"rendered":"<h1>IMIGRACYJNI PRAWNICY Z CHICAGO POMAGAJ\u0104 CI W NAWIGACJI PROCES\u00d3W  IMIGRACYJNYCH<\/h1>\n<h2>Chicagowscy prawnicy imigracyjni sprawiaj\u0105 , \u017ce \u200b\u200bStany Zjednoczone s\u0105 silniejsze<\/h2>\n<p>Wed\u0142ug Minsky, McCormick i Hallagan, P.C. to  \u200b\u200bimigranci sprawili, \u017ce Stany Zjednoczone s\u0105 silnym narodem, jakim jest dzisiaj. Nasi rodzice, dziadkowie i inni przodkowie budowali nasze miasta i sprawlili \u017ce nasze bran\u017ce s\u0105  znane na ca\u0142ym \u015bwiecie. Jako nar\u00f3d, czy to w polityce, kulturze czy biznesie, nadal jeste\u015bmy prowadzeni przez imigrant\u00f3w, kt\u00f3rzy przyczynili si\u0119to tego czym nasz kraj jest dzisiaj.<\/p>\n<p>Wierzymy mocno, \u017ce imigracja jest dobra dla narodu. Nasi prawnicy imigracyjni w Chicago s\u0105 adwokatami w zakresie prawa imigracyjnego i pracuj\u0105 z kilkoma pokoleniami klient\u00f3w, oferuj\u0105c im najwy\u017cszy standard profesjonalnego radcy prawnego.<\/p>\n<h2>Zrozumienie  skomplikowanego systemu imigracyjnego w Stanach Zjednoczonych<\/h2>\n<p>Przepisy dotycz\u0105ce imigracji w USA pouczaj\u0105 nas w jaki spos\u00f3b dana osoba mo\u017ce  tymczasowo przebywa\u0107 w Stanach Zjednoczonych albo zosta\u0107 w Stanach Zjednoczonych jako sta\u0142y rezydent lub obywatel.<\/p>\n<p>Ka\u017cdy proces jest wyj\u0105tkowy i ma swoje w\u0142asne zestawy wymaga\u0144. Osoby prywatne, a tak\u017ce pracodawcy, musz\u0105 zrozumie\u0107 te skomplikowane prawa, kt\u00f3re nie s\u0105 \u0142atwymi zadaniami. Pozw\u00f3l naszym prawnikom imigracyjnym w Chicago wykorzysta\u0107 ich do\u015bwiadczenie i u\u0142atwi\u0107 proces.<\/p>\n<h2>Skontaktuj si\u0119 dzisiaj z prawnikiem imigracyjnym w Chicago<\/h2>\n<p>Uprawnienia do egzekwowania i ustanawiania prawa imigracyjnego nale\u017c\u0105 przede wszystkim do rz\u0105du federalnego. Kongres tworzy prawa i kontroluje narodow\u0105 polityk\u0119 imigracji.<\/p>\n<p>Zmiany dokonane po zamachach terrorystycznych z 11 wrze\u015bnia, w tym otwarcie Departamentu Bezpiecze\u0144stwa Wewn\u0119trznego, nadal powoduj\u0105 \u017ce prawo imigracyjne jest coraz bardziej skomplikowane. Klimat polityczny zwi\u0105zany z kwestiami imigracyjnymi sprawia r\u00f3wnie\u017c, \u017ce prawo wci\u0105\u017c b\u0119dzie si\u0119 zmienia\u0107.<\/p>\n<p>W takich chwilach nasi do\u015bwiadczeni adwokaci z Chicago s\u0105 tutaj po to, by Was kszta\u0142ci\u0107. Skontaktuj si\u0119 z firm\u0105 Minsky, McCormick &#038; Hallagan, P.C. pod numerem (312) 427-6163 lub skontaktuj si\u0119 z nami przez Internet, aby dowiedzie\u0107 si\u0119, w jaki spos\u00f3b mo\u017cemy Ci pom\u00f3c.<\/p>\n","protected":false},"excerpt":{"rendered":"<p>IMIGRACYJNI PRAWNICY Z CHICAGO POMAGAJ\u0104 CI W NAWIGACJI PROCES\u00d3W IMIGRACYJNYCH Chicagowscy prawnicy imigracyjni sprawiaj\u0105 , \u017ce \u200b\u200bStany Zjednoczone s\u0105 silniejsze Wed\u0142ug Minsky, McCormick i Hallagan, P.C. to \u200b\u200bimigranci sprawili, \u017ce Stany Zjednoczone s\u0105 silnym narodem, jakim jest dzisiaj. Nasi rodzice, dziadkowie i inni przodkowie budowali nasze miasta i sprawlili \u017ce nasze bran\u017ce s\u0105 znane na &hellip; <\/p>\n<p class=\"link-more\"><a href=\"https:\/\/www.mmhpc.com\/pl\/immigration-law\/\" class=\"more-link\">Czytaj dalej<span class=\"screen-reader-text\"> \u201ePRZEGL\u0104D PRAWA IMIGRACYJNEGO\u201d<\/span><\/a><\/p>\n","protected":false},"author":15,"featured_media":0,"parent":0,"menu_order":3,"comment_status":"closed","ping_status":"closed","template":"","meta":{"_acf_changed":false,"_oasis_is_in_workflow":0,"_oasis_original":0,"_oasis_task_priority":"","footnotes":""},"class_list":["post-7804","page","type-page","status-publish","hentry","entry"],"acf":[],"_links":{"self":[{"href":"https:\/\/www.mmhpc.com\/pl\/wp-json\/wp\/v2\/pages\/7804","targetHints":{"allow":["GET"]}}],"collection":[{"href":"https:\/\/www.mmhpc.com\/pl\/wp-json\/wp\/v2\/pages"}],"about":[{"href":"https:\/\/www.mmhpc.com\/pl\/wp-json\/wp\/v2\/types\/page"}],"author":[{"embeddable":true,"href":"https:\/\/www.mmhpc.com\/pl\/wp-json\/wp\/v2\/users\/15"}],"replies":[{"embeddable":true,"href":"https:\/\/www.mmhpc.com\/pl\/wp-json\/wp\/v2\/comments?post=7804"}],"version-history":[{"count":3,"href":"https:\/\/www.mmhpc.com\/pl\/wp-json\/wp\/v2\/pages\/7804\/revisions"}],"predecessor-version":[{"id":7807,"href":"https:\/\/www.mmhpc.com\/pl\/wp-json\/wp\/v2\/pages\/7804\/revisions\/7807"}],"wp:attachment":[{"href":"https:\/\/www.mmhpc.com\/pl\/wp-json\/wp\/v2\/media?parent=7804"}],"curies":[{"name":"wp","href":"https:\/\/api.w.org\/{rel}","templated":true}]}}