{"id":7813,"date":"2012-09-14T14:25:24","date_gmt":"2012-09-14T18:25:24","guid":{"rendered":"https:\/\/www.mmhpc.com\/immigration-law\/non-immigrant-immigrant-waivers\/"},"modified":"2024-11-14T15:14:24","modified_gmt":"2024-11-14T21:14:24","slug":"non-immigrant-immigrant-waivers","status":"publish","type":"page","link":"https:\/\/www.mmhpc.com\/pl\/immigration-law\/non-immigrant-immigrant-waivers\/","title":{"rendered":"WNIOSKI O UCHYLENIE NIEDOPUSZCZALNO\u015aCI"},"content":{"rendered":"<h1>NASZE BIURO IMIGRACYJNE W CHICAGO WALCZY DLA CIEBIE<\/h1>\n<h2>Nasze biuro imigracyjne w Chicago jest po Twojej stronie<\/h2>\n<p>Zdarzaj\u0105 si\u0119 sytuacje, w kt\u00f3rych Urz\u0105d Imigracyjny mo\u017ce odm\u00f3wi\u0107 wst\u0119pu imigrantom lub nieimigrantom. Zazwyczaj urz\u0119dnik konsularny informuje ich o podstawach niedopuszczalno\u015bci.<\/p>\n<p>Zar\u00f3wno imigranci, kt\u00f3rzy poszukuj\u0105 sta\u0142ego pobytu redydenta, jak i imigranci, kt\u00f3rzy chc\u0105 tymczasowo odwiedzi\u0107 Stany Zjednoczone, mog\u0105 ubiega\u0107 si\u0119 o uchylenie niedopuszczalno\u015bci. Prawdopodobie\u0144stwo wygranej zale\u017cy cz\u0119sto od konkretnych podstaw zadeklarowanych przez s\u0142u\u017cby imigracyjne. Sukces mo\u017ce polega\u0107 na wykazaniu czy dana osoba ma powi\u0105zania ze Stanami Zjednoczonymi i to, \u017ce zezwalaj\u0105c na wjazd, w jaki\u015b spos\u00f3b przyniesie korzy\u015bci narodowi.<\/p>\n<p>Minsky, McCormick &amp; Hallagan, P.C. mo\u017ce pom\u00f3c ze wszystkimi rodzajami wniosk\u00f3w, w tym wniosk\u00f3w I-601 i I-212 oraz wnioskami nieimigracyjnymi.<\/p>\n<h2>Z\u0142o\u017cenie wniosku o uchylenie niedopuszczalno\u015bci<\/h2>\n<p>Wniosek I-601 mo\u017cna z\u0142o\u017cy\u0107, gdy cudzoziemiec zostanie uznany za niezdolnego do uzyskania wizy imigracyjnej lub dostosowania statusu na podstawie niedopuszczalno\u015bci. Cudzoziemiec musi wykaza\u0107, \u017ce odmowa przyj\u0119cia b\u0119dzie skutkowa\u0142a ogromnymi trudno\u015bciami dla danego cudzoziemieca.<\/p>\n<p>Ustalenie, czy jest to skrajne utrudnienie, zale\u017cy od dokumentacji, kt\u00f3r\u0105 zapewnia wnioskodawca. Czynniki, kt\u00f3re mog\u0105 by\u0107 stosowane obejmuj\u0105:<\/p>\n<ul>\n<li>Zdrowie<\/li>\n<li>Wzgl\u0119dy finansowe<\/li>\n<li>Edukacje<\/li>\n<li>Wzgl\u0119dy osobiste<\/li>\n<li>Inne szczeg\u00f3lne okoliczno\u015bci<\/li>\n<\/ul>\n<p>W takich chwilach potrzebujesz pomocy naszego biura imigracyjnego w Chicago, IL. Pomo\u017cemy Ci skompletowa\u0107 dobrze zorganizowany i szczeg\u00f3\u0142owy pakiet dokument\u00f3w wspieraj\u0105cych Twoj\u0105 aplikacj\u0119 o uchylenie niedopuszczalno\u015bci.<\/p>\n<h2>Z\u0142o\u017cenie wniosku o ponowny wst\u0119p po deportacji lub usuni\u0119ciu<\/h2>\n<p>Wniosek I-212 jest wymagany, gdy wnioskodawca zosta\u0142 usuni\u0119ty i chce z\u0142o\u017cy\u0107 wniosek o ponowne przyj\u0119cie do Stan\u00f3w Zjednoczonych. Czynniki, kt\u00f3re mog\u0105 by\u0107 wybrane przez biuro USCIS, obejmuj\u0105 moralny charakter wnioskodawcy, jak dawno wnioskodawca by\u0142 deportowany, zapotrzebowanie na us\u0142ugi wnioskodawcy w Stanach Zjednoczonych, czas przebywania wnioskodawcy w Stanach Zjednoczonych i trudno\u015bci, jakie deportacja oznacza\u0142aby dla wnioskodawcy lub rodziny wnioskodawcy. Inne czynniki mog\u0105 obejmowa\u0107 wszelkie dowody reformacji i rehabilitacji.<\/p>\n<p>Nasi prawnicy maj\u0105 wiedz\u0119, kt\u00f3ra pomo\u017ce Ci ponownie ubiega\u0107 si\u0119 o przyjazd do Stan\u00f3w Zjednoczonych. Pod tak\u0105 presj\u0105, chcesz, aby\u015bmy pomogli Ci z twoim wnioskiem imigracyjnym lub nieimigracyjnym.<\/p>\n<h2>Zadzwo\u0144 do naszego Biura Imigracyjnego w Chicago, aby uzyska\u0107 pomoc<\/h2>\n<p>Przygotowywanie imigrcyjnego lub nieimigracyjnego wniosku o niedopuszczalno\u015b\u0107 mo\u017ce by\u0107 jednym z najtrudniejszych aspekt\u00f3w prawa imigracyjnego. Dlatego potrzebujesz naszego wieloletniego do\u015bwiadczenia z prawem, kiedy tak wiele mo\u017ce zale\u017ce\u0107 od jednej aplikacji. Zadzwo\u0144 do Minsky, McCormick &amp; Hallagan, P.C. na (312) 427-6163 lub skontaktuj si\u0119 z nami przez Internet. Nasze biuro imigracyjne znajduje si\u0119 w centrum Chicago.<\/p>\n","protected":false},"excerpt":{"rendered":"<p>NASZE BIURO IMIGRACYJNE W CHICAGO WALCZY DLA CIEBIE Nasze biuro imigracyjne w Chicago jest po Twojej stronie Zdarzaj\u0105 si\u0119 sytuacje, w kt\u00f3rych Urz\u0105d Imigracyjny mo\u017ce odm\u00f3wi\u0107 wst\u0119pu imigrantom lub nieimigrantom. Zazwyczaj urz\u0119dnik konsularny informuje ich o podstawach niedopuszczalno\u015bci. Zar\u00f3wno imigranci, kt\u00f3rzy poszukuj\u0105 sta\u0142ego pobytu redydenta, jak i imigranci, kt\u00f3rzy chc\u0105 tymczasowo odwiedzi\u0107 Stany Zjednoczone, mog\u0105 &hellip; <\/p>\n<p class=\"link-more\"><a href=\"https:\/\/www.mmhpc.com\/pl\/immigration-law\/non-immigrant-immigrant-waivers\/\" class=\"more-link\">Czytaj dalej<span class=\"screen-reader-text\"> \u201eWNIOSKI O UCHYLENIE NIEDOPUSZCZALNO\u015aCI\u201d<\/span><\/a><\/p>\n","protected":false},"author":15,"featured_media":14836,"parent":7804,"menu_order":4500,"comment_status":"closed","ping_status":"closed","template":"","meta":{"_acf_changed":false,"_oasis_is_in_workflow":0,"_oasis_original":0,"_oasis_task_priority":"","footnotes":""},"class_list":["post-7813","page","type-page","status-publish","has-post-thumbnail","hentry","entry"],"acf":[],"_links":{"self":[{"href":"https:\/\/www.mmhpc.com\/pl\/wp-json\/wp\/v2\/pages\/7813","targetHints":{"allow":["GET"]}}],"collection":[{"href":"https:\/\/www.mmhpc.com\/pl\/wp-json\/wp\/v2\/pages"}],"about":[{"href":"https:\/\/www.mmhpc.com\/pl\/wp-json\/wp\/v2\/types\/page"}],"author":[{"embeddable":true,"href":"https:\/\/www.mmhpc.com\/pl\/wp-json\/wp\/v2\/users\/15"}],"replies":[{"embeddable":true,"href":"https:\/\/www.mmhpc.com\/pl\/wp-json\/wp\/v2\/comments?post=7813"}],"version-history":[{"count":5,"href":"https:\/\/www.mmhpc.com\/pl\/wp-json\/wp\/v2\/pages\/7813\/revisions"}],"predecessor-version":[{"id":15025,"href":"https:\/\/www.mmhpc.com\/pl\/wp-json\/wp\/v2\/pages\/7813\/revisions\/15025"}],"up":[{"embeddable":true,"href":"https:\/\/www.mmhpc.com\/pl\/wp-json\/wp\/v2\/pages\/7804"}],"wp:featuredmedia":[{"embeddable":true,"href":"https:\/\/www.mmhpc.com\/pl\/wp-json\/wp\/v2\/media\/14836"}],"wp:attachment":[{"href":"https:\/\/www.mmhpc.com\/pl\/wp-json\/wp\/v2\/media?parent=7813"}],"curies":[{"name":"wp","href":"https:\/\/api.w.org\/{rel}","templated":true}]}}