{"id":7820,"date":"2013-04-29T02:07:31","date_gmt":"2013-04-29T06:07:31","guid":{"rendered":"https:\/\/www.mmhpc.com\/payment\/"},"modified":"2025-04-01T11:12:11","modified_gmt":"2025-04-01T16:12:11","slug":"payment","status":"publish","type":"page","link":"https:\/\/www.mmhpc.com\/pl\/payment\/","title":{"rendered":"DOKONYWANIE P\u0141ATNO\u015aCI"},"content":{"rendered":"<h1>JAK MOG\u0118 DOKONA\u0106 P\u0141ATNO\u015aCI?<\/h1>\n<p>Je\u015bli masz pytania dotycz\u0105ce dokonywania p\u0142atno\u015bci, skontaktuj si\u0119 z naszym biurem pod numerem (312) 427-6163.<\/p>\n<p><strong>Wybierz metod\u0119 p\u0142atno\u015bci:<\/strong><\/p>\n<div class=\"pm-blks\">\n<div class=\"pm_icon pm_icon1\">\n<p><a href=\"https:\/\/form.jotform.com\/81514751417152\" target=\"_blank\" rel=\"noopener noreferrer\">Karta Kredytowa<\/a><\/p>\n<div class=\"hvr\"><a href=\"https:\/\/form.jotform.com\/81514751417152\" target=\"_blank\" rel=\"noopener\">Karta Kredytowa<\/a><\/div>\n<\/div>\n<div class=\"pm_icon pm_icon2\">\n<p><a href=\"https:\/\/form.jotform.com\/81514453917156\" target=\"_blank\" rel=\"noopener noreferrer\">ACH Bezpo\u015brednia Wp\u0142ata<\/a><\/p>\n<div class=\"hvr\"><a href=\"https:\/\/form.jotform.com\/81514751417152\" target=\"_blank\" rel=\"noopener\">ACH Bezpo\u015brednia Wp\u0142ata<\/a><\/div>\n<\/div>\n<div class=\"pm_icon pm_icon3\">\n<p><a href=\"#mail\">Wy\u015blij Czek lub Zr\u00f3b Przekaz Pieni\u0119\u017cny<\/a><\/p>\n<div class=\"hvr\"><a href=\"#mail\">Wy\u015blij Czek lub Zr\u00f3b Przekaz Pieni\u0119\u017cny<\/a><\/div>\n<\/div>\n<div class=\"pm_icon pm_icon4\">\n<p><a href=\"#office\">W Naszym Biurze<\/a><\/p>\n<div class=\"hvr\"><a href=\"#office\">W Naszym Biurze<\/a><\/div>\n<\/div>\n<\/div>\n<div class=\"pm-row credit\">\n<h2><a href=\"https:\/\/form.jotform.com\/81514751417152\" target=\"_blank\" rel=\"noopener noreferrer\">Karta kredytowa lub debetowa<\/a><\/h2>\n<p>Visa, MasterCard, American Express, Discover, Diners Club, JCB<\/p>\n<\/div>\n<div class=\"pm-row ach\">\n<h2><a href=\"https:\/\/form.jotform.com\/81514453917156\" target=\"_blank\" rel=\"noopener noreferrer\">ACH Bezpo\u015brednia Wp\u0142ata<\/a><\/h2>\n<p>Aby dokona\u0107 p\u0142atno\u015bci bezpo\u015bredniej wp\u0142aty ACH, przeka\u017c nam sw\u00f3j numer konta. Prze\u015blij te informacje poni\u017cej lub zadzwo\u0144 do naszego biura.<\/p>\n<\/div>\n<div id=\"mail\" class=\"pm-row mo\">\n<h2>Wy\u015blij Czek lub Zr\u00f3b Przekaz Pieni\u0119\u017cny<\/h2>\n<p>Wy\u015blij czek lub zr\u00f3b przekaz pieni\u0119\u017cny do:<\/p>\n<p>Minsky, McCormick &amp; Hallagan, P.C.<br \/>\n104 S. Michigan\u00a0Ave., Suite\u00a0800,<br \/>\nChicago, IL 60603<\/p>\n<p><strong>Nie wysy\u0142aj got\u00f3wki poczt\u0105.<\/strong><\/p>\n<p>Dokonaj czek\u00f3w zaadresowanych do: Minsky, McCormick &amp; Hallagan, P.C.<br \/>\nWpisz swoje konto MMHPC i numer faktury na czeku.<\/p>\n<\/div>\n<div id=\"office\" class=\"pm-row ofic\">\n<h2>W Naszym Biurze<\/h2>\n<p>Akceptujemy p\u0142atno\u015b\u0107 got\u00f3wk\u0105, czekiem, przekazem pieni\u0119\u017cnym lub kart\u0105 kredytow\u0105 w naszym biurze.<\/p>\n<\/div>\n","protected":false},"excerpt":{"rendered":"<p>JAK MOG\u0118 DOKONA\u0106 P\u0141ATNO\u015aCI? Je\u015bli masz pytania dotycz\u0105ce dokonywania p\u0142atno\u015bci, skontaktuj si\u0119 z naszym biurem pod numerem (312) 427-6163. Wybierz metod\u0119 p\u0142atno\u015bci: Karta Kredytowa Karta Kredytowa ACH Bezpo\u015brednia Wp\u0142ata ACH Bezpo\u015brednia Wp\u0142ata Wy\u015blij Czek lub Zr\u00f3b Przekaz Pieni\u0119\u017cny Wy\u015blij Czek lub Zr\u00f3b Przekaz Pieni\u0119\u017cny W Naszym Biurze W Naszym Biurze Karta kredytowa lub debetowa Visa, &hellip; <\/p>\n<p class=\"link-more\"><a href=\"https:\/\/www.mmhpc.com\/pl\/payment\/\" class=\"more-link\">Czytaj dalej<span class=\"screen-reader-text\"> \u201eDOKONYWANIE P\u0141ATNO\u015aCI\u201d<\/span><\/a><\/p>\n","protected":false},"author":15,"featured_media":14740,"parent":0,"menu_order":0,"comment_status":"closed","ping_status":"closed","template":"","meta":{"_acf_changed":false,"_oasis_is_in_workflow":0,"_oasis_original":0,"_oasis_task_priority":"","footnotes":""},"class_list":["post-7820","page","type-page","status-publish","has-post-thumbnail","hentry","entry"],"acf":[],"_links":{"self":[{"href":"https:\/\/www.mmhpc.com\/pl\/wp-json\/wp\/v2\/pages\/7820","targetHints":{"allow":["GET"]}}],"collection":[{"href":"https:\/\/www.mmhpc.com\/pl\/wp-json\/wp\/v2\/pages"}],"about":[{"href":"https:\/\/www.mmhpc.com\/pl\/wp-json\/wp\/v2\/types\/page"}],"author":[{"embeddable":true,"href":"https:\/\/www.mmhpc.com\/pl\/wp-json\/wp\/v2\/users\/15"}],"replies":[{"embeddable":true,"href":"https:\/\/www.mmhpc.com\/pl\/wp-json\/wp\/v2\/comments?post=7820"}],"version-history":[{"count":6,"href":"https:\/\/www.mmhpc.com\/pl\/wp-json\/wp\/v2\/pages\/7820\/revisions"}],"predecessor-version":[{"id":16591,"href":"https:\/\/www.mmhpc.com\/pl\/wp-json\/wp\/v2\/pages\/7820\/revisions\/16591"}],"wp:featuredmedia":[{"embeddable":true,"href":"https:\/\/www.mmhpc.com\/pl\/wp-json\/wp\/v2\/media\/14740"}],"wp:attachment":[{"href":"https:\/\/www.mmhpc.com\/pl\/wp-json\/wp\/v2\/media?parent=7820"}],"curies":[{"name":"wp","href":"https:\/\/api.w.org\/{rel}","templated":true}]}}