{"id":7824,"date":"2012-09-14T14:25:54","date_gmt":"2012-09-14T18:25:54","guid":{"rendered":"https:\/\/www.mmhpc.com\/immigration-law\/labor-certification-perm\/"},"modified":"2024-11-14T15:12:06","modified_gmt":"2024-11-14T21:12:06","slug":"labor-certification-perm","status":"publish","type":"page","link":"https:\/\/www.mmhpc.com\/pl\/immigration-law\/labor-certification-perm\/","title":{"rendered":"PERM (PROCES CERTYFIKACJI PRACY)"},"content":{"rendered":"<h1>NASZE BIURO IMIGRACYJNE W CHICAGO, IL POMAGA W PROCESIE CERTYFIKACJI PRACY<\/h1>\n<h2>Znajd\u017a prawnika imigracyjnego w Chicago z wiedz\u0105 o procesie PERM, kt\u00f3rej potrzebujesz<\/h2>\n<p>Pracodawcy staraj\u0105cy si\u0119 o sponsorowanie cudzoziemca na pobyt sta\u0142y w Stanach Zjednoczonych musz\u0105 przestrzega\u0107 okre\u015blone wymagania przed tym \u017ceby dany cudzoziemiec uzyska\u0142 status sta\u0142ego rezydenta. Spo\u015br\u00f3d tych wymaga\u0144 jest testowanie rynku pracy, aby upewni\u0107 si\u0119, \u017ce nie ma wykwalifikowanych pracownik\u00f3w ze Stan\u00f3w Zjednoczonych dost\u0119pnych na stanowisko obcokrajowca. Pracodawca mo\u017ce nast\u0119pnie z\u0142o\u017cy\u0107 wniosek o certyfikat wydany przez Departament Pracy USA.<\/p>\n<p>Prawnik Chicagowski z Minsky&#8217;ego, McCormick i Hallagana, P.C . specjalizuj\u0105cy si\u0119 w procesie certifikacji pracy mo\u017ce Ci pom\u00f3c w tym procesie.<\/p>\n<h2>Prawnik specjalizuj\u0105cy si\u0119 w procesie PERM jest gotowy, aby pom\u00f3c pracodawcom<\/h2>\n<p>Certyfikacja, jak wspomniana przez Ameryka\u0144skie Biuro Do Spraw Obywatelstskich i Us\u0142ug Imigracyjnych, weryfikuje \u017ce:<\/p>\n<ul>\n<li>Nie ma wystarczaj\u0105co dost\u0119pnych, wykwalifikowanych i ch\u0119tnych pracownik\u00f3w USA do obsadzenia stanowiska oferowanego kt\u00f3re jest oferowane za obecne panuj\u0105ce wynagrodzenie<\/li>\n<li>Zatrudnienie pracownika zagranicznego nie wp\u0142ynie negatywnie na p\u0142ace i warunki pracy podobnie zatrudnionych pracownik\u00f3w ze Stan\u00f3w Zjednoczonych<\/li>\n<\/ul>\n<p>Do pracodawcy nale\u017cy udowodnienie Departamentowi Pracy USA, \u017ce dany pracodawca nie zatrudni\u0142 pracownik\u00f3w o mniejszym do\u015bwiadczeniu lub szkoleniu na to samo stanowisko. Pracodawca musi co najmniej zap\u0142aci\u0107 tak\u0105 stawk\u0119 jaka obowi\u0105zuj\u0105ce w danym obszarze zatrudnienia. Kwalifikacje zawodowe musz\u0105 odpowiada\u0107 temu, co zwykle jest wymagane do danego zawodu, chyba \u017ce pracodawca mo\u017ce udowodni\u0107, \u017ce istnieje jaka\u015b konieczno\u015b\u0107, kt\u00f3ra wymaga bardziej restrykcyjnych wymaga\u0144 zawodowych.<\/p>\n<p>Pierwszych pi\u0119\u0107 zawod\u00f3w kt\u00f3re otrzyma\u0142y certyfikacj\u0119 w okresie od 1 pa\u017adziernika 2011 r. do 8 lipca 2012 r. to:<\/p>\n<ul>\n<li>Komputery\/Matematyka<\/li>\n<li>Architektura\/In\u017cynieria<\/li>\n<li>Zarz\u0105dzanie<\/li>\n<li>Biznes\/Finanse<\/li>\n<li>Pracownicy s\u0142u\u017cby zdrowia i zawody techniczne<\/li>\n<\/ul>\n<p>Pi\u0119\u0107 najwa\u017cniejszych bran\u017c, w kt\u00f3rych certyfikacja zosta\u0142a przyznana w tym samym okresie, to:<\/p>\n<ul>\n<li>Zwi\u0105zane z IT<\/li>\n<li>Produkcja<\/li>\n<li>Informacje, media, telekomunikacja<\/li>\n<li>Edukacja<\/li>\n<li>Finanse i ubezpieczenia<\/li>\n<\/ul>\n<p>Aby ubiega\u0107 si\u0119 o certyfikat, pracodawca musi wype\u0142ni\u0107 wniosek o przyznanie sta\u0142ego zatrudnienia lub <a href=\"http:\/\/www.foreignlaborcert.doleta.gov\/pdf\/9089form.pdf\" target=\"_blank\" rel=\"noopener\">formularz ETA 9089<\/a>.<\/p>\n<p>Nasi prawnicy z Chicago specjalizuj\u0105cy si\u0119 w procesie PERM wsp\u00f3\u0142pracuj\u0105 z pracodawc\u0105 nad stworzeniem odpowiedniego opisu stanowiska i spe\u0142nienia z\u0142o\u017conych wymaga\u0144 rekrutacyjnych. Mo\u017cemy r\u00f3wnie\u017c odpowiada\u0107 na audyty lub aplikacje wydane przez Departament Pracy. Wykorzystaj wiedz\u0119 naszych prawnik\u00f3w z Chicago specjalizuj\u0105cych si\u0119 w procesie PERM, aby pracowali dla Ciebie.<\/p>\n<h2>Zadzwo\u0144 dzi\u015b do prawnika z Chicago specjalizuj\u0105cego si\u0119 w procesie PERM<\/h2>\n<p>Firma Minsky, McCormick i Hallagan uwa\u017ca, \u017ce imigracja wzmacnia Ameryk\u0119. Pracowici imigranci zbudowali nasz nar\u00f3d, i nasze biuro imigracyjne w Chicago, IL, jest oddane wspieraniu nowych przybysz\u00f3w do naszego kraju.<\/p>\n<p>Nasi prawnicy imigracyjni w Chicago maj\u0105 wiedz\u0119, aby poprowadzi\u0107 Ci\u0119 przez ten z\u0142o\u017cony proces. Jeste\u015bmy uznanymi liderami w dziedzinie prawa imigracyjnego. Zadzwo\u0144 do nas pod numer (312) 427-6163 lub skontaktuj si\u0119 z nami przez Internet. Nasze biuro znajduje si\u0119 w centrum Chicago.<\/p>\n","protected":false},"excerpt":{"rendered":"<p>NASZE BIURO IMIGRACYJNE W CHICAGO, IL POMAGA W PROCESIE CERTYFIKACJI PRACY Znajd\u017a prawnika imigracyjnego w Chicago z wiedz\u0105 o procesie PERM, kt\u00f3rej potrzebujesz Pracodawcy staraj\u0105cy si\u0119 o sponsorowanie cudzoziemca na pobyt sta\u0142y w Stanach Zjednoczonych musz\u0105 przestrzega\u0107 okre\u015blone wymagania przed tym \u017ceby dany cudzoziemiec uzyska\u0142 status sta\u0142ego rezydenta. Spo\u015br\u00f3d tych wymaga\u0144 jest testowanie rynku pracy, &hellip; <\/p>\n<p class=\"link-more\"><a href=\"https:\/\/www.mmhpc.com\/pl\/immigration-law\/labor-certification-perm\/\" class=\"more-link\">Czytaj dalej<span class=\"screen-reader-text\"> \u201ePERM (PROCES CERTYFIKACJI PRACY)\u201d<\/span><\/a><\/p>\n","protected":false},"author":15,"featured_media":14822,"parent":7804,"menu_order":4200,"comment_status":"closed","ping_status":"closed","template":"","meta":{"_acf_changed":false,"_oasis_is_in_workflow":0,"_oasis_original":0,"_oasis_task_priority":"","footnotes":""},"class_list":["post-7824","page","type-page","status-publish","has-post-thumbnail","hentry","entry"],"acf":[],"_links":{"self":[{"href":"https:\/\/www.mmhpc.com\/pl\/wp-json\/wp\/v2\/pages\/7824","targetHints":{"allow":["GET"]}}],"collection":[{"href":"https:\/\/www.mmhpc.com\/pl\/wp-json\/wp\/v2\/pages"}],"about":[{"href":"https:\/\/www.mmhpc.com\/pl\/wp-json\/wp\/v2\/types\/page"}],"author":[{"embeddable":true,"href":"https:\/\/www.mmhpc.com\/pl\/wp-json\/wp\/v2\/users\/15"}],"replies":[{"embeddable":true,"href":"https:\/\/www.mmhpc.com\/pl\/wp-json\/wp\/v2\/comments?post=7824"}],"version-history":[{"count":4,"href":"https:\/\/www.mmhpc.com\/pl\/wp-json\/wp\/v2\/pages\/7824\/revisions"}],"predecessor-version":[{"id":15017,"href":"https:\/\/www.mmhpc.com\/pl\/wp-json\/wp\/v2\/pages\/7824\/revisions\/15017"}],"up":[{"embeddable":true,"href":"https:\/\/www.mmhpc.com\/pl\/wp-json\/wp\/v2\/pages\/7804"}],"wp:featuredmedia":[{"embeddable":true,"href":"https:\/\/www.mmhpc.com\/pl\/wp-json\/wp\/v2\/media\/14822"}],"wp:attachment":[{"href":"https:\/\/www.mmhpc.com\/pl\/wp-json\/wp\/v2\/media?parent=7824"}],"curies":[{"name":"wp","href":"https:\/\/api.w.org\/{rel}","templated":true}]}}