{"id":7863,"date":"2018-07-20T08:57:32","date_gmt":"2018-07-20T13:57:32","guid":{"rendered":"https:\/\/www.mmhpc.com\/attorney-profiles\/anna-buskila\/"},"modified":"2024-12-03T07:09:43","modified_gmt":"2024-12-03T13:09:43","slug":"anna-buskila","status":"publish","type":"page","link":"https:\/\/www.mmhpc.com\/pl\/attorney-profiles\/anna-buskila\/","title":{"rendered":"Anna Buskila"},"content":{"rendered":"<p>Anna jest starszym prawnikiem z bogatym do\u015bwiadczeniem w imigracji opartej na zatrudnieniu i imigracji opartej na rodzinie, ze szczeg\u00f3lnym uwzgl\u0119dnieniem spraw dotycz\u0105cych zielonej karty w ramach procesu certyfikacji pracy PERM. Zajmuje si\u0119 r\u00f3wnie\u017c r\u00f3\u017cnymi tymczasowymi wizami pracowniczymi, w tym wizami H-1B, L-1A, L-1B, TN i O-1. Klienci Anny pochodz\u0105 z r\u00f3\u017cnych bran\u017c, w tym z bran\u017cy ubezpieczeniowej, informatycznej, programistycznej, przetwarzania danych, finansowej, handlowej, architektonicznej, biznesowej, produkcyjnej, motoryzacyjnej, budowlanej, transportowej, opieki domowej i innych.<\/p>\n<p>Opr\u00f3cz pracy nad sprawami opartymi na zatrudnieniu Anna pasjonuje si\u0119 imigracj\u0105 opart\u0105 na rodzinie, pomagaj\u0105c klientom w dostosowaniu statusu poprzez sponsorowanie rodzinne i wizy narzecze\u0144skie. Jest oddan\u0105 obro\u0144czyni\u0105 swoich klient\u00f3w, wnosz\u0105c do ka\u017cdej sprawy g\u0142\u0119bokie zrozumienie z\u0142o\u017cono\u015bci prawa imigracyjnego USA. Anna, kt\u00f3ra wyemigrowa\u0142a z Bia\u0142orusi w wieku 21 lat, dzi\u0119ki swojej osobistej podr\u00f3\u017cy zyska\u0142a wyj\u0105tkow\u0105 wiedz\u0119 i empati\u0119, co pozwala jej prowadzi\u0107 klient\u00f3w przez ich w\u0142asne procesy imigracyjne z trosk\u0105 i zrozumieniem. Anna biegle pos\u0142uguje si\u0119 j\u0119zykiem rosyjskim i dobrze pos\u0142uguje si\u0119 j\u0119zykiem ukrai\u0144skim i polskim.<\/p>\n<p>Wybrana do udzia\u0142u w <a href=\"https:\/\/profiles.superlawyers.com\/illinois\/chicago\/lawyer\/anna-buskila\/dbfab987-bfb6-4401-b233-9a1c01e30f97.html?_gl=1*1kqdrc3*_gcl_au*MTEwNTQ3MjExMC4xNzI4MzI2NjY1\" target=\"_blank\" rel=\"noopener\">Illinois Super Lawyers\u00ae &#8211; Rising Stars Edition<\/a> na lata 2023\/2024\/2025 (imigracja), Anna zyska\u0142a uznanie za swoje zaanga\u017cowanie w d\u0105\u017ceniu do doskona\u0142o\u015bci w tej dziedzinie. Jest aktywn\u0105 cz\u0142onkini\u0105 oddzia\u0142u Chicago American Immigration Lawyers Association (AILA), gdzie zasiada w Illinois Secretary of State Committee.<\/p>\n<p>Niezale\u017cnie od tego, czy reprezentuje osoby fizyczne, czy firmy, Anna z pasj\u0105 pomaga swoim klientom w osi\u0105ganiu cel\u00f3w imigracyjnych i zabezpieczaniu ich przysz\u0142o\u015bci w Stanach Zjednoczonych.<\/p>\n","protected":false},"excerpt":{"rendered":"<p>Anna jest starszym prawnikiem z bogatym do\u015bwiadczeniem w imigracji opartej na zatrudnieniu i imigracji opartej na rodzinie, ze szczeg\u00f3lnym uwzgl\u0119dnieniem spraw dotycz\u0105cych zielonej karty w ramach procesu certyfikacji pracy PERM. Zajmuje si\u0119 r\u00f3wnie\u017c r\u00f3\u017cnymi tymczasowymi wizami pracowniczymi, w tym wizami H-1B, L-1A, L-1B, TN i O-1. Klienci Anny pochodz\u0105 z r\u00f3\u017cnych bran\u017c, w tym z &hellip; <\/p>\n<p class=\"link-more\"><a href=\"https:\/\/www.mmhpc.com\/pl\/attorney-profiles\/anna-buskila\/\" class=\"more-link\">Czytaj dalej<span class=\"screen-reader-text\"> \u201eAnna Buskila\u201d<\/span><\/a><\/p>\n","protected":false},"author":15,"featured_media":14403,"parent":7745,"menu_order":7,"comment_status":"closed","ping_status":"closed","template":"template-parts\/single-profile-page.php","meta":{"_acf_changed":false,"_oasis_is_in_workflow":0,"_oasis_original":0,"_oasis_task_priority":"","footnotes":""},"class_list":["post-7863","page","type-page","status-publish","has-post-thumbnail","hentry","entry"],"acf":[],"_links":{"self":[{"href":"https:\/\/www.mmhpc.com\/pl\/wp-json\/wp\/v2\/pages\/7863","targetHints":{"allow":["GET"]}}],"collection":[{"href":"https:\/\/www.mmhpc.com\/pl\/wp-json\/wp\/v2\/pages"}],"about":[{"href":"https:\/\/www.mmhpc.com\/pl\/wp-json\/wp\/v2\/types\/page"}],"author":[{"embeddable":true,"href":"https:\/\/www.mmhpc.com\/pl\/wp-json\/wp\/v2\/users\/15"}],"replies":[{"embeddable":true,"href":"https:\/\/www.mmhpc.com\/pl\/wp-json\/wp\/v2\/comments?post=7863"}],"version-history":[{"count":29,"href":"https:\/\/www.mmhpc.com\/pl\/wp-json\/wp\/v2\/pages\/7863\/revisions"}],"predecessor-version":[{"id":16489,"href":"https:\/\/www.mmhpc.com\/pl\/wp-json\/wp\/v2\/pages\/7863\/revisions\/16489"}],"up":[{"embeddable":true,"href":"https:\/\/www.mmhpc.com\/pl\/wp-json\/wp\/v2\/pages\/7745"}],"wp:featuredmedia":[{"embeddable":true,"href":"https:\/\/www.mmhpc.com\/pl\/wp-json\/wp\/v2\/media\/14403"}],"wp:attachment":[{"href":"https:\/\/www.mmhpc.com\/pl\/wp-json\/wp\/v2\/media?parent=7863"}],"curies":[{"name":"wp","href":"https:\/\/api.w.org\/{rel}","templated":true}]}}