{"id":7866,"date":"2018-07-20T09:05:13","date_gmt":"2018-07-20T14:05:13","guid":{"rendered":"https:\/\/www.mmhpc.com\/attorney-profiles\/chandni-shah\/"},"modified":"2024-12-03T07:10:22","modified_gmt":"2024-12-03T13:10:22","slug":"chandni-shah","status":"publish","type":"page","link":"https:\/\/www.mmhpc.com\/pl\/attorney-profiles\/chandni-shah\/","title":{"rendered":"Chandni Shah"},"content":{"rendered":"<p>Chandni Shah jest adwokatem pomocniczym Minsky, McCormick i Hallagan, P.C. od 2018 roku. Jej praktyka koncentruje si\u0119 g\u0142\u00f3wnie na <a href=\"https:\/\/www.mmhpc.com\/pl\/immigration-law\/employment-based-immigration\/\">imigracji opartej na zatrudnieniu<\/a>, ze szczeg\u00f3lnym uwzgl\u0119dnieniem wiz nieimigracyjnych i procesu zielonej karty opartego na zatrudnieniu. Przed do\u0142\u0105czeniem do naszej firmy Chandni pracowa\u0142a jako prawnik kontraktowy w firmie zajmuj\u0105cej si\u0119 cyfrow\u0105 opiek\u0105 zdrowotn\u0105. Chandni jest wolontariuszk\u0105 jako rzecznik praw dziecka w Young Center for Immigrant Children\u2019s Rights. Chandni by\u0142a r\u00f3wnie\u017c wolontariuszk\u0105 w Indo-American Center w ich bezp\u0142atnej klinice prawnej, gdzie doradza\u0142a cz\u0142onkom spo\u0142eczno\u015bci w r\u00f3\u017cnych sprawach, w tym <a href=\"https:\/\/www.mmhpc.com\/pl\/immigration-law\/\">imigracji<\/a>. Podczas studi\u00f3w prawniczych Chandni pe\u0142ni\u0142a funkcj\u0119 wiceprezes Immigrants\u2019 Rights Coalition, a tak\u017ce by\u0142a wolontariuszk\u0105 w South Asian American Research and Policy Institute (SAAPRI), gdzie zajmowa\u0142a si\u0119 r\u00f3\u017cnymi problemami stoj\u0105cymi przed imigrantami z Azji Po\u0142udniowej w obszarze metropolitalnym Chicago.<\/p>\n<p>Chandni uko\u0144czy\u0142a Loyola University w Chicago w 2016 r., gdzie by\u0142a cz\u0142onkiem ABA Moot Court Team. Historia imigracyjna jej w\u0142asnej rodziny zainspirowa\u0142a j\u0105 do pomagania innym.<\/p>\n","protected":false},"excerpt":{"rendered":"<p>Chandni Shah jest adwokatem pomocniczym Minsky, McCormick i Hallagan, P.C. od 2018 roku. Jej praktyka koncentruje si\u0119 g\u0142\u00f3wnie na imigracji opartej na zatrudnieniu, ze szczeg\u00f3lnym uwzgl\u0119dnieniem wiz nieimigracyjnych i procesu zielonej karty opartego na zatrudnieniu. Przed do\u0142\u0105czeniem do naszej firmy Chandni pracowa\u0142a jako prawnik kontraktowy w firmie zajmuj\u0105cej si\u0119 cyfrow\u0105 opiek\u0105 zdrowotn\u0105. Chandni jest wolontariuszk\u0105 &hellip; <\/p>\n<p class=\"link-more\"><a href=\"https:\/\/www.mmhpc.com\/pl\/attorney-profiles\/chandni-shah\/\" class=\"more-link\">Czytaj dalej<span class=\"screen-reader-text\"> \u201eChandni Shah\u201d<\/span><\/a><\/p>\n","protected":false},"author":15,"featured_media":14403,"parent":7745,"menu_order":9,"comment_status":"closed","ping_status":"closed","template":"template-parts\/single-profile-page.php","meta":{"_acf_changed":false,"_oasis_is_in_workflow":0,"_oasis_original":0,"_oasis_task_priority":"","footnotes":""},"class_list":["post-7866","page","type-page","status-publish","has-post-thumbnail","hentry","entry"],"acf":[],"_links":{"self":[{"href":"https:\/\/www.mmhpc.com\/pl\/wp-json\/wp\/v2\/pages\/7866","targetHints":{"allow":["GET"]}}],"collection":[{"href":"https:\/\/www.mmhpc.com\/pl\/wp-json\/wp\/v2\/pages"}],"about":[{"href":"https:\/\/www.mmhpc.com\/pl\/wp-json\/wp\/v2\/types\/page"}],"author":[{"embeddable":true,"href":"https:\/\/www.mmhpc.com\/pl\/wp-json\/wp\/v2\/users\/15"}],"replies":[{"embeddable":true,"href":"https:\/\/www.mmhpc.com\/pl\/wp-json\/wp\/v2\/comments?post=7866"}],"version-history":[{"count":21,"href":"https:\/\/www.mmhpc.com\/pl\/wp-json\/wp\/v2\/pages\/7866\/revisions"}],"predecessor-version":[{"id":16491,"href":"https:\/\/www.mmhpc.com\/pl\/wp-json\/wp\/v2\/pages\/7866\/revisions\/16491"}],"up":[{"embeddable":true,"href":"https:\/\/www.mmhpc.com\/pl\/wp-json\/wp\/v2\/pages\/7745"}],"wp:featuredmedia":[{"embeddable":true,"href":"https:\/\/www.mmhpc.com\/pl\/wp-json\/wp\/v2\/media\/14403"}],"wp:attachment":[{"href":"https:\/\/www.mmhpc.com\/pl\/wp-json\/wp\/v2\/media?parent=7866"}],"curies":[{"name":"wp","href":"https:\/\/api.w.org\/{rel}","templated":true}]}}