{"id":7876,"date":"2012-09-26T15:06:33","date_gmt":"2012-09-26T19:06:33","guid":{"rendered":"https:\/\/www.mmhpc.com\/attorney-profiles\/margaret-h-mccormick\/"},"modified":"2025-06-26T15:26:56","modified_gmt":"2025-06-26T20:26:56","slug":"margaret-h-mccormick","status":"publish","type":"page","link":"https:\/\/www.mmhpc.com\/pl\/attorney-profiles\/margaret-h-mccormick\/","title":{"rendered":"Margaret H. (Peggy) McCormick"},"content":{"rendered":"<p>Margaret H. \u201ePeggy\u201d McCormick jest dyrektorem w kancelarii prawa imigracyjnego Minsky, McCormick &amp; Hallagan, P.C. w Chicago. Peggy od 1978 roku zajmuje si\u0119 wy\u0142\u0105cznie prawem imigracyjnym i obywatelskim. Jej obszary zainteresowa\u0144 obejmuj\u0105 <a href=\"https:\/\/www.mmhpc.com\/pl\/immigration-law\/employment-based-immigration\/\">imigracj\u0119 opart\u0105 na zatrudnieniu<\/a>, przedsi\u0119biorc\u00f3w i inwestor\u00f3w, kwestie obywatelstwa globalnego, egzekwowanie przepis\u00f3w w miejscu pracy, <a href=\"https:\/\/www.mmhpc.com\/pl\/immigration-law\/employer-compliance\/\">audyty I-9<\/a> i zgodno\u015b\u0107 pracodawc\u00f3w z przepisami imigracyjnymi.<\/p>\n<p>Peggy zosta\u0142a oceniona na najwy\u017cszym poziomie przez wiele presti\u017cowych publikacji, kt\u00f3re oceniaj\u0105 profesjonalist\u00f3w, w tym: Woodward\/White\u2019s Best Lawyers in America w kategorii prawa imigracyjnego od 1992 r.; International Who\u2019s Who of Professionals od 1995 r.; International Who\u2019s Who of Corporate Immigration Lawyers od 1997 r.; i <a href=\"https:\/\/www.martindale.com\/chicago\/illinois\/margaret-hallagan-mccormick-930151-a\/\" target=\"_blank\" rel=\"noopener\">Martindale-Hubbell Bar Register of Preeminent Lawyers (ocena AV \u201eVery High to Preeminent\u201d od 1988 r.)<\/a>. Co roku od 2005 r. jest nazywana Illinois SuperLawyer (najlepsze 5% prawnik\u00f3w) i jest cz\u0142onkiem Rady Doradczej Leading Lawyers Network of Illinois w sekcjach zatrudnienia i imigracji indywidualnej (najlepszy 1% prawnik\u00f3w). Leading Lawyers uzna\u0142o j\u0105 za jedn\u0105 z 50 najlepszych prawnik\u00f3w biznesowych w Illinois.<\/p>\n<p>W 2014 roku zosta\u0142a mianowana honorow\u0105 absolwentk\u0105 2014 roku przez College of Law na DePaul University za wybitne zas\u0142ugi dla zawodu. Peggy zosta\u0142a r\u00f3wnie\u017c uznana przez Best Lawyers za prawnika imigracyjnego roku 2013 w Chicago.<\/p>\n<p>Peggy sk\u0142ada\u0142a zeznania w Kongresie Stan\u00f3w Zjednoczonych i wyst\u0119powa\u0142a jako bieg\u0142y \u015bwiadek w post\u0119powaniach s\u0105dowych dotycz\u0105cych r\u00f3\u017cnych kwestii zwi\u0105zanych z imigracj\u0105.<\/p>\n","protected":false},"excerpt":{"rendered":"<p>Margaret H. \u201ePeggy\u201d McCormick jest dyrektorem w kancelarii prawa imigracyjnego Minsky, McCormick &amp; Hallagan, P.C. w Chicago. Peggy od 1978 roku zajmuje si\u0119 wy\u0142\u0105cznie prawem imigracyjnym i obywatelskim. Jej obszary zainteresowa\u0144 obejmuj\u0105 imigracj\u0119 opart\u0105 na zatrudnieniu, przedsi\u0119biorc\u00f3w i inwestor\u00f3w, kwestie obywatelstwa globalnego, egzekwowanie przepis\u00f3w w miejscu pracy, audyty I-9 i zgodno\u015b\u0107 pracodawc\u00f3w z przepisami imigracyjnymi. &hellip; <\/p>\n<p class=\"link-more\"><a href=\"https:\/\/www.mmhpc.com\/pl\/attorney-profiles\/margaret-h-mccormick\/\" class=\"more-link\">Czytaj dalej<span class=\"screen-reader-text\"> \u201eMargaret H. (Peggy) McCormick\u201d<\/span><\/a><\/p>\n","protected":false},"author":15,"featured_media":14403,"parent":7745,"menu_order":3,"comment_status":"closed","ping_status":"closed","template":"template-parts\/single-profile-page.php","meta":{"_acf_changed":false,"_oasis_is_in_workflow":0,"_oasis_original":0,"_oasis_task_priority":"","footnotes":""},"class_list":["post-7876","page","type-page","status-publish","has-post-thumbnail","hentry","entry"],"acf":[],"_links":{"self":[{"href":"https:\/\/www.mmhpc.com\/pl\/wp-json\/wp\/v2\/pages\/7876","targetHints":{"allow":["GET"]}}],"collection":[{"href":"https:\/\/www.mmhpc.com\/pl\/wp-json\/wp\/v2\/pages"}],"about":[{"href":"https:\/\/www.mmhpc.com\/pl\/wp-json\/wp\/v2\/types\/page"}],"author":[{"embeddable":true,"href":"https:\/\/www.mmhpc.com\/pl\/wp-json\/wp\/v2\/users\/15"}],"replies":[{"embeddable":true,"href":"https:\/\/www.mmhpc.com\/pl\/wp-json\/wp\/v2\/comments?post=7876"}],"version-history":[{"count":28,"href":"https:\/\/www.mmhpc.com\/pl\/wp-json\/wp\/v2\/pages\/7876\/revisions"}],"predecessor-version":[{"id":17123,"href":"https:\/\/www.mmhpc.com\/pl\/wp-json\/wp\/v2\/pages\/7876\/revisions\/17123"}],"up":[{"embeddable":true,"href":"https:\/\/www.mmhpc.com\/pl\/wp-json\/wp\/v2\/pages\/7745"}],"wp:featuredmedia":[{"embeddable":true,"href":"https:\/\/www.mmhpc.com\/pl\/wp-json\/wp\/v2\/media\/14403"}],"wp:attachment":[{"href":"https:\/\/www.mmhpc.com\/pl\/wp-json\/wp\/v2\/media?parent=7876"}],"curies":[{"name":"wp","href":"https:\/\/api.w.org\/{rel}","templated":true}]}}